{"id":1065,"date":"2021-10-08T03:20:41","date_gmt":"2021-10-08T03:20:41","guid":{"rendered":"https:\/\/misije.hbk.hr\/?page_id=1065"},"modified":"2021-10-23T02:44:15","modified_gmt":"2021-10-23T02:44:15","slug":"pjevaci-betlehemske-zvijezde","status":"publish","type":"page","link":"https:\/\/misije.hr\/en\/pjevaci-betlehemske-zvijezde\/","title":{"rendered":"PJEVA\u010cI BETLEHEMSKE ZVIJEZDE"},"content":{"rendered":"<p>Nakon \u0161to je kr\u0161\u0107anska tradicija u mudracima s Istoka prepoznala trojicu svetih kraljeva, blagdan Bogojavljenja dobio je poseban zna\u010daj. Djelo sv. Djetinjstva, osobito u germanskim zemljama, pokrenulo je akciju u kojoj djeca u bo\u017ei\u0107no vrijeme, obu\u010dena kao kraljevi, po troje, i pjevaju\u0107i bo\u017ei\u0107ne pjesme, nose znak betlehemske zvijezde od ku\u0107e do ku\u0107e, navije\u0161taju\u0107i tako bo\u017ei\u0107nu blagovijest. Darovi koji se tom akcijom prikupe slijevaju se u centralni fond Djela sv. Djetinjstva, te se odatle dijele najpotrebnijoj djeci po svim kontinentima, a dio sredstava se namjenjuje velikim pothvatima za djecu u misijskim zemljama. &#8220;Na taj na\u010din&#8221;, re\u010de blagopokojni papa Ivan Pavao II., &#8220;maleni navije\u0161taju radosnu vijest odraslima i ujedno poma\u017eu svojim najugro\u017eenijim vr\u0161njacima.&#8221; Taj lijepi obi\u010daj &#8216;pjeva\u010da betlehemske zvijezde&#8217; u bo\u017ei\u0107no vrijeme pro\u0161irio se po mnogim zemljama Europe i obiju Amerika. Mnoga djeca \u010diji su \u017eivoti spa\u0161eni, zahvaljuju\u0107i aktivnostima malih misionara, odazvala su se kasnije Bo\u017ejem pozivu i postala navjestitelji evan\u0111elja \u2013 bilo kao sve\u0107enici, bilo kao u\u010ditelji, vjerou\u010ditelji, lije\u010dnici i sl. Iz godine u godinu ta akcija postaje poznata i sve vi\u0161e raste i u Hrvatskoj te tako povezuje na\u0161u djecu s malim misionarima diljem Europe i svijeta.<\/p>\n\n\n\n<p><strong>Mali misionari<\/strong><br>Prije svega cilj akcije je objaviti radosnu vijest Bo\u017ei\u0107a svijetu u kojem je ovaj blagdan izgubio dio svoga religijskog smisla. Mala tri kralja koja u bo\u017ei\u0107no vrijeme kucaju na vrata ne upu\u0107uju samo na podrijetlo, nego nadasve na posada\u0161njenje ovoga kr\u0161\u0107anskog blagdana. Ako je Bo\u017ei\u0107 blagdan darivanja, prvo slavimo Bo\u017eji dar \u010dovje\u010danstvu: utjelovljenje njegova sina Isusa Krista. Ako je Bo\u017ei\u0107 blagdan mira, mo\u017ee li biti bolje poruke mira od poruke djece koja dolaze u domove govore\u0107i: \u201cMir ku\u0107i ovoj.\u201d<br>Tijekom cjelokupnoga bo\u017ei\u0107nog vremena mala tri kralja podsje\u0107aju da je radosna vijest namijenjena svim narodima u svoj njihovoj kulturnoj, socijalnoj i religijskoj razli\u010ditosti.<\/p>\n\n\n\n<p><strong>Kako provesti akciju<\/strong><br>U akciju se mogu uklju\u010diti sva djeca u \u017eupi, koja to \u017eele, a posebno one vjeronau\u010dne skupine kojima su misije osobito pri srcu. Prije same akcije potrebno je osigurati vrijeme pripreme kada se:<br>\u00b7 izra\u0111uju zvijezde, kostimi, kutije za priloge<br>\u00b7 govori o projektu koji \u0107e poduprijeti Djelo sv. Djetinjstva<br>\u00b7 uvje\u017ebavaju bo\u017ei\u0107ne pjesme.<\/p>\n\n\n\n<p>U dogovoru sa \u017eupnikom odredi se jedna odrasla osoba, najbolje vjerou\u010ditelj(ica) ili neki drugi \u017eupljanin \u2013 voditelj misijske skupine. Ta \u0107e osoba raditi s djecom, kako tijekom pripreme tako i pri samom pohodu obiteljima. Dva do tri susreta omogu\u0107it \u0107e djeci upoznavanje dr\u017eave zadane u projektu, njezine kulture, \u017eivota Crkve u njoj, na\u010dina \u017eivota djece itd. Vrijeme odr\u017eavanja kateheza predstavlja mogu\u0107nost za zaklju\u010divanje vremena do\u0161a\u0161\u0107a. Akciju svakako treba oglasiti i to ogla\u0161avanjem u crkvi i putem \u017eupnih novina, oglasima na oglasnoj plo\u010di, u pismu roditeljima pomo\u0107u letka koji se ubaci u po\u0161tanski sandu\u010di\u0107, s pomo\u0107u lokalnih novina i tome sli\u010dno.<br>Na temelju iskustava iz drugih zemalja treba obratiti pozornost na to da postoji mogu\u0107nost i da djeca u vlastitom anga\u017emanu idu od ku\u0107e do ku\u0107e prikupljaju\u0107i novac za vlastite potrebe. Zato u pratnji malih misionara ide odre\u0111ena odrasla osoba koja sa sobom nosi potvrdu ovjerenu potpisom iz \u017eupnog ureda.<\/p>\n\n\n\n<p><strong>Dan D<\/strong><br>Na dan pohoda na\u010dine se male skupine djece (troje u kraljevskoj odje\u0107i, a ostali kao pastiri i an\u0111eli) koje idu uvijek u pratnji odrasle osobe od povjerenja. Djeca idu od ku\u0107e do ku\u0107e objavljuju\u0107i radosnu vijest Bo\u017ei\u0107a pjesmom. Oni daju karticu sa slikom i molitvom, zvijezdom ili nekom stvari koju su sami na\u010dinili, mo\u017eda u suradnji s projektom u organizaciji Djela sv. Djetinjstva, te na kraju nude kutiju za priloge ljudima koje posje\u0107uju.<\/p>\n\n\n\n<p><strong>Nakon akcije<\/strong><br>Svakako je potrebno nakon akcije podijeliti rezultate akcije sa \u017eupljanima: svjedo\u010denjima za vrijeme nedjeljne mise, tekstovima na oglasnoj plo\u010di ili u \u017eupnim listi\u0107ima i sl. Novac prikupljen u akciji, a po mogu\u0107nosti i neko prikladno svjedo\u010denje u pisanom obliku, \u0161alje se Nacionalnom misijskom uredu.<\/p>\n\n\n\n<p><strong>Druge aktivnosti<\/strong><br>Osim gore navedenoga djeca se mogu potaknuti s pomo\u0107u uspje\u0161no primijenjenih alternativnih aktivnosti, npr. na dje\u010djim sv. misama u bo\u017ei\u0107no vrijeme mo\u017ee se pred jaslicama u crkvi ili pred oltarom postaviti ko\u0161arica za darove i pozvati djecu da, nakon \u0161to su i sama bila darivana, prilo\u017ee ne\u0161to za svoju ugro\u017eenu bra\u0107u i sestre u domovini i drugim zemljama. Zatim, ministranti odnosno djeca mali misionari mogu dijeliti letke odraslima na izlasku iz crkve nakon bo\u017ei\u0107nih sv. misa itd.<br>Ve\u0107 smo popularizirali misijske kutijice u koje djeca npr. tijekom do\u0161a\u0161\u0107a skupljaju svoje priloge za djecu u misijama. Prikupljeni darovi u kutijicama odre\u0111eni su samo za Fond dje\u010dje solidarnosti u sklopu Djela svetoga djetinjstva.<br>Zasigurno postoji \u010ditav niz na\u010dina na koje se djeca mogu uklju\u010diti i tako postati aktivni sudionici proslave Dana sv. djetinjstva \u0161to nam je i zajedni\u010dki cilj.<\/p>","protected":false},"excerpt":{"rendered":"<p>Nakon \u0161to je kr\u0161\u0107anska tradicija u mudracima s Istoka prepoznala trojicu svetih kraljeva, blagdan Bogojavljenja dobio je poseban zna\u010daj. Djelo sv. Djetinjstva, osobito u germanskim zemljama, pokrenulo je akciju u kojoj djeca u bo\u017ei\u0107no vrijeme, obu\u010dena kao kraljevi, po troje, i pjevaju\u0107i bo\u017ei\u0107ne pjesme, nose znak betlehemske zvijezde od ku\u0107e do ku\u0107e, navije\u0161taju\u0107i tako bo\u017ei\u0107nu blagovijest. Darovi koji se tom&hellip;<\/p>","protected":false},"author":1,"featured_media":0,"parent":0,"menu_order":0,"comment_status":"closed","ping_status":"closed","template":"","meta":{"_acf_changed":false,"footnotes":""},"class_list":["post-1065","page","type-page","status-publish","hentry"],"acf":[],"yoast_head":"<!-- This site is optimized with the Yoast SEO plugin v27.3 - https:\/\/yoast.com\/product\/yoast-seo-wordpress\/ -->\n<title>PJEVA\u010cI BETLEHEMSKE ZVIJEZDE - Misije<\/title>\n<meta name=\"description\" content=\"PJEVA\u010cI BETLEHEMSKE ZVIJEZDE\" \/>\n<meta name=\"robots\" content=\"index, follow, max-snippet:-1, max-image-preview:large, max-video-preview:-1\" \/>\n<link rel=\"canonical\" href=\"https:\/\/misije.hr\/en\/pjevaci-betlehemske-zvijezde\/\" \/>\n<meta property=\"og:locale\" content=\"en_US\" \/>\n<meta property=\"og:type\" content=\"article\" \/>\n<meta property=\"og:title\" content=\"PJEVA\u010cI BETLEHEMSKE ZVIJEZDE - Misije\" \/>\n<meta property=\"og:description\" content=\"PJEVA\u010cI BETLEHEMSKE ZVIJEZDE\" \/>\n<meta property=\"og:url\" content=\"https:\/\/misije.hr\/en\/pjevaci-betlehemske-zvijezde\/\" \/>\n<meta property=\"og:site_name\" content=\"Misije\" \/>\n<meta property=\"article:publisher\" content=\"https:\/\/www.facebook.com\/missioHR\" \/>\n<meta property=\"article:modified_time\" content=\"2021-10-23T02:44:15+00:00\" \/>\n<meta name=\"twitter:card\" content=\"summary_large_image\" \/>\n<meta name=\"twitter:label1\" content=\"Est. reading time\" \/>\n\t<meta name=\"twitter:data1\" content=\"4 minutes\" \/>\n<script type=\"application\/ld+json\" class=\"yoast-schema-graph\">{\"@context\":\"https:\\\/\\\/schema.org\",\"@graph\":[{\"@type\":\"WebPage\",\"@id\":\"https:\\\/\\\/misije.hr\\\/pjevaci-betlehemske-zvijezde\\\/\",\"url\":\"https:\\\/\\\/misije.hr\\\/pjevaci-betlehemske-zvijezde\\\/\",\"name\":\"PJEVA\u010cI BETLEHEMSKE ZVIJEZDE - Misije\",\"isPartOf\":{\"@id\":\"https:\\\/\\\/misije.hr\\\/#website\"},\"datePublished\":\"2021-10-08T03:20:41+00:00\",\"dateModified\":\"2021-10-23T02:44:15+00:00\",\"description\":\"PJEVA\u010cI BETLEHEMSKE ZVIJEZDE\",\"breadcrumb\":{\"@id\":\"https:\\\/\\\/misije.hr\\\/pjevaci-betlehemske-zvijezde\\\/#breadcrumb\"},\"inLanguage\":\"en-US\",\"potentialAction\":[{\"@type\":\"ReadAction\",\"target\":[\"https:\\\/\\\/misije.hr\\\/pjevaci-betlehemske-zvijezde\\\/\"]}]},{\"@type\":\"BreadcrumbList\",\"@id\":\"https:\\\/\\\/misije.hr\\\/pjevaci-betlehemske-zvijezde\\\/#breadcrumb\",\"itemListElement\":[{\"@type\":\"ListItem\",\"position\":1,\"name\":\"Naslovnica\",\"item\":\"https:\\\/\\\/misije.hr\\\/\"},{\"@type\":\"ListItem\",\"position\":2,\"name\":\"PJEVA\u010cI BETLEHEMSKE ZVIJEZDE\"}]},{\"@type\":\"WebSite\",\"@id\":\"https:\\\/\\\/misije.hr\\\/#website\",\"url\":\"https:\\\/\\\/misije.hr\\\/\",\"name\":\"Misije\",\"description\":\"misije\",\"publisher\":{\"@id\":\"https:\\\/\\\/misije.hr\\\/#organization\"},\"potentialAction\":[{\"@type\":\"SearchAction\",\"target\":{\"@type\":\"EntryPoint\",\"urlTemplate\":\"https:\\\/\\\/misije.hr\\\/?s={search_term_string}\"},\"query-input\":{\"@type\":\"PropertyValueSpecification\",\"valueRequired\":true,\"valueName\":\"search_term_string\"}}],\"inLanguage\":\"en-US\"},{\"@type\":\"Organization\",\"@id\":\"https:\\\/\\\/misije.hr\\\/#organization\",\"name\":\"Papinska misijska djela u Republici Hrvatskoj\",\"url\":\"https:\\\/\\\/misije.hr\\\/\",\"logo\":{\"@type\":\"ImageObject\",\"inLanguage\":\"en-US\",\"@id\":\"https:\\\/\\\/misije.hr\\\/#\\\/schema\\\/logo\\\/image\\\/\",\"url\":\"https:\\\/\\\/misije.hr\\\/wp-content\\\/uploads\\\/2021\\\/10\\\/Logo_transparent_compressed-1.png\",\"contentUrl\":\"https:\\\/\\\/misije.hr\\\/wp-content\\\/uploads\\\/2021\\\/10\\\/Logo_transparent_compressed-1.png\",\"width\":871,\"height\":876,\"caption\":\"Papinska misijska djela u Republici Hrvatskoj\"},\"image\":{\"@id\":\"https:\\\/\\\/misije.hr\\\/#\\\/schema\\\/logo\\\/image\\\/\"},\"sameAs\":[\"https:\\\/\\\/www.facebook.com\\\/missioHR\"]}]}<\/script>\n<!-- \/ Yoast SEO plugin. -->","yoast_head_json":{"title":"PJEVA\u010cI BETLEHEMSKE ZVIJEZDE - Misije","description":"PJEVA\u010cI BETLEHEMSKE ZVIJEZDE","robots":{"index":"index","follow":"follow","max-snippet":"max-snippet:-1","max-image-preview":"max-image-preview:large","max-video-preview":"max-video-preview:-1"},"canonical":"https:\/\/misije.hr\/en\/pjevaci-betlehemske-zvijezde\/","og_locale":"en_US","og_type":"article","og_title":"PJEVA\u010cI BETLEHEMSKE ZVIJEZDE - Misije","og_description":"PJEVA\u010cI BETLEHEMSKE ZVIJEZDE","og_url":"https:\/\/misije.hr\/en\/pjevaci-betlehemske-zvijezde\/","og_site_name":"Misije","article_publisher":"https:\/\/www.facebook.com\/missioHR","article_modified_time":"2021-10-23T02:44:15+00:00","twitter_card":"summary_large_image","twitter_misc":{"Est. reading time":"4 minutes"},"schema":{"@context":"https:\/\/schema.org","@graph":[{"@type":"WebPage","@id":"https:\/\/misije.hr\/pjevaci-betlehemske-zvijezde\/","url":"https:\/\/misije.hr\/pjevaci-betlehemske-zvijezde\/","name":"PJEVA\u010cI BETLEHEMSKE ZVIJEZDE - Misije","isPartOf":{"@id":"https:\/\/misije.hr\/#website"},"datePublished":"2021-10-08T03:20:41+00:00","dateModified":"2021-10-23T02:44:15+00:00","description":"PJEVA\u010cI BETLEHEMSKE ZVIJEZDE","breadcrumb":{"@id":"https:\/\/misije.hr\/pjevaci-betlehemske-zvijezde\/#breadcrumb"},"inLanguage":"en-US","potentialAction":[{"@type":"ReadAction","target":["https:\/\/misije.hr\/pjevaci-betlehemske-zvijezde\/"]}]},{"@type":"BreadcrumbList","@id":"https:\/\/misije.hr\/pjevaci-betlehemske-zvijezde\/#breadcrumb","itemListElement":[{"@type":"ListItem","position":1,"name":"Naslovnica","item":"https:\/\/misije.hr\/"},{"@type":"ListItem","position":2,"name":"PJEVA\u010cI BETLEHEMSKE ZVIJEZDE"}]},{"@type":"WebSite","@id":"https:\/\/misije.hr\/#website","url":"https:\/\/misije.hr\/","name":"Missions","description":"misije","publisher":{"@id":"https:\/\/misije.hr\/#organization"},"potentialAction":[{"@type":"SearchAction","target":{"@type":"EntryPoint","urlTemplate":"https:\/\/misije.hr\/?s={search_term_string}"},"query-input":{"@type":"PropertyValueSpecification","valueRequired":true,"valueName":"search_term_string"}}],"inLanguage":"en-US"},{"@type":"Organization","@id":"https:\/\/misije.hr\/#organization","name":"Papinska misijska djela u Republici Hrvatskoj","url":"https:\/\/misije.hr\/","logo":{"@type":"ImageObject","inLanguage":"en-US","@id":"https:\/\/misije.hr\/#\/schema\/logo\/image\/","url":"https:\/\/misije.hr\/wp-content\/uploads\/2021\/10\/Logo_transparent_compressed-1.png","contentUrl":"https:\/\/misije.hr\/wp-content\/uploads\/2021\/10\/Logo_transparent_compressed-1.png","width":871,"height":876,"caption":"Papinska misijska djela u Republici Hrvatskoj"},"image":{"@id":"https:\/\/misije.hr\/#\/schema\/logo\/image\/"},"sameAs":["https:\/\/www.facebook.com\/missioHR"]}]}},"_links":{"self":[{"href":"https:\/\/misije.hr\/en\/wp-json\/wp\/v2\/pages\/1065","targetHints":{"allow":["GET"]}}],"collection":[{"href":"https:\/\/misije.hr\/en\/wp-json\/wp\/v2\/pages"}],"about":[{"href":"https:\/\/misije.hr\/en\/wp-json\/wp\/v2\/types\/page"}],"author":[{"embeddable":true,"href":"https:\/\/misije.hr\/en\/wp-json\/wp\/v2\/users\/1"}],"replies":[{"embeddable":true,"href":"https:\/\/misije.hr\/en\/wp-json\/wp\/v2\/comments?post=1065"}],"version-history":[{"count":3,"href":"https:\/\/misije.hr\/en\/wp-json\/wp\/v2\/pages\/1065\/revisions"}],"predecessor-version":[{"id":1647,"href":"https:\/\/misije.hr\/en\/wp-json\/wp\/v2\/pages\/1065\/revisions\/1647"}],"wp:attachment":[{"href":"https:\/\/misije.hr\/en\/wp-json\/wp\/v2\/media?parent=1065"}],"curies":[{"name":"wp","href":"https:\/\/api.w.org\/{rel}","templated":true}]}}