{"id":1069,"date":"2021-10-08T03:21:04","date_gmt":"2021-10-08T03:21:04","guid":{"rendered":"https:\/\/misije.hbk.hr\/?page_id=1069"},"modified":"2021-10-23T02:34:14","modified_gmt":"2021-10-23T02:34:14","slug":"misijska-kutijica","status":"publish","type":"page","link":"https:\/\/misije.hr\/en\/misijska-kutijica\/","title":{"rendered":"MISIJSKA KUTIJICA"},"content":{"rendered":"<p>Misijske kutijice su u svijetu i u Hrvatskoj popularne ve\u0107 desetlje\u0107ima. Sve\u0107enici i vjerou\u010ditelji predla\u017eu djeci, okupljenoj na vjeronau\u010dnim susretima i liturgijskim slavljima, da ih ponesu u svoje obitelji te da zajedno s uku\u0107anima: roditeljima, bra\u0107om i sestrama, djedovima i bakama, budu najprije zahvalni za dar blagostanja i da daruju druge onime \u0161to su i sami primili od dragog Boga i dobrih ljudi.<br>Na neki na\u010din je vrhunac dje\u010djeg prinosa i misijske suradnje kad za vrijeme svete mise kao prigodni prikazni dar donose svoje misijske kutijice i stavljaju ih pred oltar. To se prakticira prigodom Svjetskog dana misija \u2013 Misijske nedjelje, u listopadu, zatim na svetkovinu Bogojavljenja \u2013 Sveta Tri kralja, kad se obilje\u017eava Dan svetog djetinjstva, na zavr\u0161etku korizmenog vremena, koje je posebno obilje\u017eeno odricanjem i solidarno\u0161\u0107u. Tako djeca pokazuju i svjedo\u010de kako su porasla u duhovnoj zrelosti i evan\u0111eoskim vrjednotama. Osobito se preporu\u010duje prvopri\u010desnicima i krizmanicima da u duhovnoj pripremi za primanje sakramenata budu otvoreni djelima solidarnosti, pa i misijskoj suradnji, koja se mo\u017ee ostvarivati prinosom misijskih kutijica.<\/p>","protected":false},"excerpt":{"rendered":"<p>Misijske kutijice su u svijetu i u Hrvatskoj popularne ve\u0107 desetlje\u0107ima. Sve\u0107enici i vjerou\u010ditelji predla\u017eu djeci, okupljenoj na vjeronau\u010dnim susretima i liturgijskim slavljima, da ih ponesu u svoje obitelji te da zajedno s uku\u0107anima: roditeljima, bra\u0107om i sestrama, djedovima i bakama, budu najprije zahvalni za dar blagostanja i da daruju druge onime \u0161to su i sami primili od dragog Boga&hellip;<\/p>","protected":false},"author":1,"featured_media":0,"parent":0,"menu_order":0,"comment_status":"closed","ping_status":"closed","template":"","meta":{"_acf_changed":false,"footnotes":""},"class_list":["post-1069","page","type-page","status-publish","hentry"],"acf":[],"yoast_head":"<!-- This site is optimized with the Yoast SEO plugin v27.3 - https:\/\/yoast.com\/product\/yoast-seo-wordpress\/ -->\n<title>MISIJSKA KUTIJICA - Misije<\/title>\n<meta name=\"description\" content=\"MISIJSKA KUTIJICA\" \/>\n<meta name=\"robots\" content=\"index, follow, max-snippet:-1, max-image-preview:large, max-video-preview:-1\" \/>\n<link rel=\"canonical\" href=\"https:\/\/misije.hr\/en\/misijska-kutijica\/\" \/>\n<meta property=\"og:locale\" content=\"en_US\" \/>\n<meta property=\"og:type\" content=\"article\" \/>\n<meta property=\"og:title\" content=\"MISIJSKA KUTIJICA - Misije\" \/>\n<meta property=\"og:description\" content=\"MISIJSKA KUTIJICA\" \/>\n<meta property=\"og:url\" content=\"https:\/\/misije.hr\/en\/misijska-kutijica\/\" \/>\n<meta property=\"og:site_name\" content=\"Misije\" \/>\n<meta property=\"article:publisher\" content=\"https:\/\/www.facebook.com\/missioHR\" \/>\n<meta property=\"article:modified_time\" content=\"2021-10-23T02:34:14+00:00\" \/>\n<meta name=\"twitter:card\" content=\"summary_large_image\" \/>\n<meta name=\"twitter:label1\" content=\"Est. reading time\" \/>\n\t<meta name=\"twitter:data1\" content=\"1 minute\" \/>\n<script type=\"application\/ld+json\" class=\"yoast-schema-graph\">{\"@context\":\"https:\\\/\\\/schema.org\",\"@graph\":[{\"@type\":\"WebPage\",\"@id\":\"https:\\\/\\\/misije.hr\\\/misijska-kutijica\\\/\",\"url\":\"https:\\\/\\\/misije.hr\\\/misijska-kutijica\\\/\",\"name\":\"MISIJSKA KUTIJICA - Misije\",\"isPartOf\":{\"@id\":\"https:\\\/\\\/misije.hr\\\/#website\"},\"datePublished\":\"2021-10-08T03:21:04+00:00\",\"dateModified\":\"2021-10-23T02:34:14+00:00\",\"description\":\"MISIJSKA KUTIJICA\",\"breadcrumb\":{\"@id\":\"https:\\\/\\\/misije.hr\\\/misijska-kutijica\\\/#breadcrumb\"},\"inLanguage\":\"en-US\",\"potentialAction\":[{\"@type\":\"ReadAction\",\"target\":[\"https:\\\/\\\/misije.hr\\\/misijska-kutijica\\\/\"]}]},{\"@type\":\"BreadcrumbList\",\"@id\":\"https:\\\/\\\/misije.hr\\\/misijska-kutijica\\\/#breadcrumb\",\"itemListElement\":[{\"@type\":\"ListItem\",\"position\":1,\"name\":\"Naslovnica\",\"item\":\"https:\\\/\\\/misije.hr\\\/\"},{\"@type\":\"ListItem\",\"position\":2,\"name\":\"MISIJSKA KUTIJICA\"}]},{\"@type\":\"WebSite\",\"@id\":\"https:\\\/\\\/misije.hr\\\/#website\",\"url\":\"https:\\\/\\\/misije.hr\\\/\",\"name\":\"Misije\",\"description\":\"misije\",\"publisher\":{\"@id\":\"https:\\\/\\\/misije.hr\\\/#organization\"},\"potentialAction\":[{\"@type\":\"SearchAction\",\"target\":{\"@type\":\"EntryPoint\",\"urlTemplate\":\"https:\\\/\\\/misije.hr\\\/?s={search_term_string}\"},\"query-input\":{\"@type\":\"PropertyValueSpecification\",\"valueRequired\":true,\"valueName\":\"search_term_string\"}}],\"inLanguage\":\"en-US\"},{\"@type\":\"Organization\",\"@id\":\"https:\\\/\\\/misije.hr\\\/#organization\",\"name\":\"Papinska misijska djela u Republici Hrvatskoj\",\"url\":\"https:\\\/\\\/misije.hr\\\/\",\"logo\":{\"@type\":\"ImageObject\",\"inLanguage\":\"en-US\",\"@id\":\"https:\\\/\\\/misije.hr\\\/#\\\/schema\\\/logo\\\/image\\\/\",\"url\":\"https:\\\/\\\/misije.hr\\\/wp-content\\\/uploads\\\/2021\\\/10\\\/Logo_transparent_compressed-1.png\",\"contentUrl\":\"https:\\\/\\\/misije.hr\\\/wp-content\\\/uploads\\\/2021\\\/10\\\/Logo_transparent_compressed-1.png\",\"width\":871,\"height\":876,\"caption\":\"Papinska misijska djela u Republici Hrvatskoj\"},\"image\":{\"@id\":\"https:\\\/\\\/misije.hr\\\/#\\\/schema\\\/logo\\\/image\\\/\"},\"sameAs\":[\"https:\\\/\\\/www.facebook.com\\\/missioHR\"]}]}<\/script>\n<!-- \/ Yoast SEO plugin. -->","yoast_head_json":{"title":"MISIJSKA KUTIJICA - Misije","description":"MISIJSKA KUTIJICA","robots":{"index":"index","follow":"follow","max-snippet":"max-snippet:-1","max-image-preview":"max-image-preview:large","max-video-preview":"max-video-preview:-1"},"canonical":"https:\/\/misije.hr\/en\/misijska-kutijica\/","og_locale":"en_US","og_type":"article","og_title":"MISIJSKA KUTIJICA - Misije","og_description":"MISIJSKA KUTIJICA","og_url":"https:\/\/misije.hr\/en\/misijska-kutijica\/","og_site_name":"Misije","article_publisher":"https:\/\/www.facebook.com\/missioHR","article_modified_time":"2021-10-23T02:34:14+00:00","twitter_card":"summary_large_image","twitter_misc":{"Est. reading time":"1 minute"},"schema":{"@context":"https:\/\/schema.org","@graph":[{"@type":"WebPage","@id":"https:\/\/misije.hr\/misijska-kutijica\/","url":"https:\/\/misije.hr\/misijska-kutijica\/","name":"MISIJSKA KUTIJICA - Misije","isPartOf":{"@id":"https:\/\/misije.hr\/#website"},"datePublished":"2021-10-08T03:21:04+00:00","dateModified":"2021-10-23T02:34:14+00:00","description":"MISIJSKA KUTIJICA","breadcrumb":{"@id":"https:\/\/misije.hr\/misijska-kutijica\/#breadcrumb"},"inLanguage":"en-US","potentialAction":[{"@type":"ReadAction","target":["https:\/\/misije.hr\/misijska-kutijica\/"]}]},{"@type":"BreadcrumbList","@id":"https:\/\/misije.hr\/misijska-kutijica\/#breadcrumb","itemListElement":[{"@type":"ListItem","position":1,"name":"Naslovnica","item":"https:\/\/misije.hr\/"},{"@type":"ListItem","position":2,"name":"MISIJSKA KUTIJICA"}]},{"@type":"WebSite","@id":"https:\/\/misije.hr\/#website","url":"https:\/\/misije.hr\/","name":"Missions","description":"misije","publisher":{"@id":"https:\/\/misije.hr\/#organization"},"potentialAction":[{"@type":"SearchAction","target":{"@type":"EntryPoint","urlTemplate":"https:\/\/misije.hr\/?s={search_term_string}"},"query-input":{"@type":"PropertyValueSpecification","valueRequired":true,"valueName":"search_term_string"}}],"inLanguage":"en-US"},{"@type":"Organization","@id":"https:\/\/misije.hr\/#organization","name":"Papinska misijska djela u Republici Hrvatskoj","url":"https:\/\/misije.hr\/","logo":{"@type":"ImageObject","inLanguage":"en-US","@id":"https:\/\/misije.hr\/#\/schema\/logo\/image\/","url":"https:\/\/misije.hr\/wp-content\/uploads\/2021\/10\/Logo_transparent_compressed-1.png","contentUrl":"https:\/\/misije.hr\/wp-content\/uploads\/2021\/10\/Logo_transparent_compressed-1.png","width":871,"height":876,"caption":"Papinska misijska djela u Republici Hrvatskoj"},"image":{"@id":"https:\/\/misije.hr\/#\/schema\/logo\/image\/"},"sameAs":["https:\/\/www.facebook.com\/missioHR"]}]}},"_links":{"self":[{"href":"https:\/\/misije.hr\/en\/wp-json\/wp\/v2\/pages\/1069","targetHints":{"allow":["GET"]}}],"collection":[{"href":"https:\/\/misije.hr\/en\/wp-json\/wp\/v2\/pages"}],"about":[{"href":"https:\/\/misije.hr\/en\/wp-json\/wp\/v2\/types\/page"}],"author":[{"embeddable":true,"href":"https:\/\/misije.hr\/en\/wp-json\/wp\/v2\/users\/1"}],"replies":[{"embeddable":true,"href":"https:\/\/misije.hr\/en\/wp-json\/wp\/v2\/comments?post=1069"}],"version-history":[{"count":2,"href":"https:\/\/misije.hr\/en\/wp-json\/wp\/v2\/pages\/1069\/revisions"}],"predecessor-version":[{"id":1648,"href":"https:\/\/misije.hr\/en\/wp-json\/wp\/v2\/pages\/1069\/revisions\/1648"}],"wp:attachment":[{"href":"https:\/\/misije.hr\/en\/wp-json\/wp\/v2\/media?parent=1069"}],"curies":[{"name":"wp","href":"https:\/\/api.w.org\/{rel}","templated":true}]}}