{"id":11,"date":"2021-09-27T01:20:18","date_gmt":"2021-09-27T01:20:18","guid":{"rendered":"https:\/\/misije.hbk.hr\/?page_id=11"},"modified":"2024-03-11T10:30:33","modified_gmt":"2024-03-11T10:30:33","slug":"popis-hrvatskih-misionara","status":"publish","type":"page","link":"https:\/\/misije.hr\/en\/popis-hrvatskih-misionara\/","title":{"rendered":"NA\u0160I MISIONARI"},"content":{"rendered":"<div class=\"vc_row wpb_row vc_row-fluid\"><div class=\"wpb_column vc_column_container vc_col-sm-12 sc_layouts_column_icons_position_left\"><div class=\"vc_column-inner\"><div class=\"wpb_wrapper\">\n\t<div class=\"wpb_text_column wpb_content_element  vc_custom_1710153030870\" >\n\t\t<div class=\"wpb_wrapper\">\n\t\t\t<div class=\"vc_row wpb_row vc_row-fluid\">\n<div class=\"wpb_column vc_column_container vc_col-sm-12 sc_layouts_column_icons_position_left\">\n<div class=\"vc_column-inner\">\n<div class=\"wpb_wrapper\">\n<div id=\"sc_title_470701293\" class=\"sc_title sc_title_default\">\n<h2 class=\"sc_item_title sc_title_title sc_align_default sc_item_title_style_default\">HRVATSKI MISIONARI I MISIONARKE<\/h2>\n<p>&nbsp;<\/p>\n<\/div>\n<\/div>\n<\/div>\n<\/div>\n<\/div>\n<div class=\"vc_row wpb_row vc_row-fluid vc_custom_1633282981316\">\n<div class=\"wpb_column vc_column_container vc_col-sm-12 sc_layouts_column_icons_position_left\">\n<div class=\"vc_column-inner\">\n<div class=\"wpb_wrapper\">\n<div class=\"wpb_text_column wpb_content_element\">\n<div class=\"wpb_wrapper\">Misionari i misionarke djeluju u Africi, Latinskoj Americi, Oceaniji i misijskim podru\u010djima Europe. \u00a0Sebe su potpuno predali Bogu i ljudima te pokazuju da u \u017eivotu nisu bitni ni \u010dast niti uspjeh, ve\u0107 samo ljubav i slu\u017eenje drugima. Oni su stavili evan\u0111elje na prvo mjesto u svojem \u017eivotu. Uz navije\u0161tanje Radosne vijesti spasenja, na\u0161i misionari i misionarke poma\u017eu razvijati lokalne zajednice te osnivaju \u0161kole, educiraju u\u010denike, ali i odrasle raznim zanatima, pru\u017eaju zdravstvenu za\u0161titu i hrane gladne.<br \/>\nKartu sa zemljama u kojima djeluju na\u0161i misionari mo\u017eete pogledati <a href=\"\/en\/karta-misionara\/\" rel=\"noopener\">ovdje<\/a><\/div>\n<\/div>\n<\/div>\n<\/div>\n<\/div>\n<\/div>\n\n\t\t<\/div>\n\t<\/div>\n<\/div><\/div><\/div><\/div><div class=\"vc_row wpb_row vc_row-fluid\"><div class=\"wpb_column vc_column_container vc_col-sm-12 sc_layouts_column_icons_position_left\"><div class=\"vc_column-inner\"><div class=\"wpb_wrapper\">\n<div class=\"vc_grid-container-wrapper vc_clearfix\">\n\t<div class=\"vc_grid-container vc_clearfix wpb_content_element vc_basic_grid\" data-initial-loading-animation=\"fadeIn\" data-vc-grid-settings=\"{&quot;page_id&quot;:11,&quot;style&quot;:&quot;pagination&quot;,&quot;action&quot;:&quot;vc_get_vc_grid_data&quot;,&quot;shortcode_id&quot;:&quot;1710153019804-2f1767f7-8182-9&quot;,&quot;items_per_page&quot;:&quot;9&quot;,&quot;auto_play&quot;:false,&quot;gap&quot;:35,&quot;speed&quot;:-1000,&quot;loop&quot;:&quot;&quot;,&quot;animation_in&quot;:&quot;&quot;,&quot;animation_out&quot;:&quot;&quot;,&quot;arrows_design&quot;:&quot;vc_arrow-icon-arrow_08_left&quot;,&quot;arrows_color&quot;:&quot;juicy_pink&quot;,&quot;arrows_position&quot;:&quot;inside&quot;,&quot;paging_design&quot;:&quot;pagination_default_dark&quot;,&quot;paging_color&quot;:&quot;grey&quot;,&quot;tag&quot;:&quot;vc_basic_grid&quot;}\" data-vc-request=\"https:\/\/misije.hr\/wp-admin\/admin-ajax.php\" data-vc-post-id=\"11\" data-vc-public-nonce=\"d5272d9d7e\">\n\t\t\n\t<\/div>\n<\/div><\/div><\/div><\/div><\/div>","protected":false},"excerpt":{"rendered":"HRVATSKI MISIONARI I MISIONARKE &nbsp; Misionari i misionarke djeluju u Africi, Latinskoj Americi, Oceaniji i misijskim podru\u010djima Europe. \u00a0Sebe su potpuno predali Bogu i ljudima te pokazuju da u \u017eivotu nisu bitni ni \u010dast niti uspjeh, ve\u0107 samo ljubav i slu\u017eenje drugima. Oni su stavili evan\u0111elje na prvo mjesto u svojem \u017eivotu. Uz navije\u0161tanje Radosne vijesti spasenja, na\u0161i misionari i&hellip;","protected":false},"author":1,"featured_media":0,"parent":0,"menu_order":0,"comment_status":"closed","ping_status":"closed","template":"","meta":{"_acf_changed":false,"footnotes":""},"class_list":["post-11","page","type-page","status-publish","hentry"],"acf":[],"yoast_head":"<!-- This site is optimized with the Yoast SEO plugin v27.3 - https:\/\/yoast.com\/product\/yoast-seo-wordpress\/ -->\n<title>NA\u0160I MISIONARI - Misije<\/title>\n<meta name=\"description\" content=\"POPIS HRVATSKIH MISIONARA - pogledajte imena svih hrvatskih misionara i njihove lokacije\" \/>\n<meta name=\"robots\" content=\"index, follow, max-snippet:-1, max-image-preview:large, max-video-preview:-1\" \/>\n<link rel=\"canonical\" href=\"https:\/\/misije.hr\/en\/popis-hrvatskih-misionara\/\" \/>\n<meta property=\"og:locale\" content=\"en_US\" \/>\n<meta property=\"og:type\" content=\"article\" \/>\n<meta property=\"og:title\" content=\"NA\u0160I MISIONARI - Misije\" \/>\n<meta property=\"og:description\" content=\"POPIS HRVATSKIH MISIONARA - pogledajte imena svih hrvatskih misionara i njihove lokacije\" \/>\n<meta property=\"og:url\" content=\"https:\/\/misije.hr\/en\/popis-hrvatskih-misionara\/\" \/>\n<meta property=\"og:site_name\" content=\"Misije\" \/>\n<meta property=\"article:publisher\" content=\"https:\/\/www.facebook.com\/missioHR\" \/>\n<meta property=\"article:modified_time\" content=\"2024-03-11T10:30:33+00:00\" \/>\n<meta name=\"twitter:card\" content=\"summary_large_image\" \/>\n<meta name=\"twitter:label1\" content=\"Est. reading time\" \/>\n\t<meta name=\"twitter:data1\" content=\"1 minute\" \/>\n<script type=\"application\/ld+json\" class=\"yoast-schema-graph\">{\"@context\":\"https:\\\/\\\/schema.org\",\"@graph\":[{\"@type\":[\"WebPage\",\"CollectionPage\"],\"@id\":\"https:\\\/\\\/misije.hr\\\/popis-hrvatskih-misionara\\\/\",\"url\":\"https:\\\/\\\/misije.hr\\\/popis-hrvatskih-misionara\\\/\",\"name\":\"NA\u0160I MISIONARI - Misije\",\"isPartOf\":{\"@id\":\"https:\\\/\\\/misije.hr\\\/#website\"},\"datePublished\":\"2021-09-27T01:20:18+00:00\",\"dateModified\":\"2024-03-11T10:30:33+00:00\",\"description\":\"POPIS HRVATSKIH MISIONARA - pogledajte imena svih hrvatskih misionara i njihove lokacije\",\"breadcrumb\":{\"@id\":\"https:\\\/\\\/misije.hr\\\/popis-hrvatskih-misionara\\\/#breadcrumb\"},\"inLanguage\":\"en-US\"},{\"@type\":\"BreadcrumbList\",\"@id\":\"https:\\\/\\\/misije.hr\\\/popis-hrvatskih-misionara\\\/#breadcrumb\",\"itemListElement\":[{\"@type\":\"ListItem\",\"position\":1,\"name\":\"Naslovnica\",\"item\":\"https:\\\/\\\/misije.hr\\\/\"},{\"@type\":\"ListItem\",\"position\":2,\"name\":\"NA\u0160I MISIONARI\"}]},{\"@type\":\"WebSite\",\"@id\":\"https:\\\/\\\/misije.hr\\\/#website\",\"url\":\"https:\\\/\\\/misije.hr\\\/\",\"name\":\"Misije\",\"description\":\"misije\",\"publisher\":{\"@id\":\"https:\\\/\\\/misije.hr\\\/#organization\"},\"potentialAction\":[{\"@type\":\"SearchAction\",\"target\":{\"@type\":\"EntryPoint\",\"urlTemplate\":\"https:\\\/\\\/misije.hr\\\/?s={search_term_string}\"},\"query-input\":{\"@type\":\"PropertyValueSpecification\",\"valueRequired\":true,\"valueName\":\"search_term_string\"}}],\"inLanguage\":\"en-US\"},{\"@type\":\"Organization\",\"@id\":\"https:\\\/\\\/misije.hr\\\/#organization\",\"name\":\"Papinska misijska djela u Republici Hrvatskoj\",\"url\":\"https:\\\/\\\/misije.hr\\\/\",\"logo\":{\"@type\":\"ImageObject\",\"inLanguage\":\"en-US\",\"@id\":\"https:\\\/\\\/misije.hr\\\/#\\\/schema\\\/logo\\\/image\\\/\",\"url\":\"https:\\\/\\\/misije.hr\\\/wp-content\\\/uploads\\\/2021\\\/10\\\/Logo_transparent_compressed-1.png\",\"contentUrl\":\"https:\\\/\\\/misije.hr\\\/wp-content\\\/uploads\\\/2021\\\/10\\\/Logo_transparent_compressed-1.png\",\"width\":871,\"height\":876,\"caption\":\"Papinska misijska djela u Republici Hrvatskoj\"},\"image\":{\"@id\":\"https:\\\/\\\/misije.hr\\\/#\\\/schema\\\/logo\\\/image\\\/\"},\"sameAs\":[\"https:\\\/\\\/www.facebook.com\\\/missioHR\"]}]}<\/script>\n<!-- \/ Yoast SEO plugin. -->","yoast_head_json":{"title":"NA\u0160I MISIONARI - Misije","description":"POPIS HRVATSKIH MISIONARA - pogledajte imena svih hrvatskih misionara i njihove lokacije","robots":{"index":"index","follow":"follow","max-snippet":"max-snippet:-1","max-image-preview":"max-image-preview:large","max-video-preview":"max-video-preview:-1"},"canonical":"https:\/\/misije.hr\/en\/popis-hrvatskih-misionara\/","og_locale":"en_US","og_type":"article","og_title":"NA\u0160I MISIONARI - Misije","og_description":"POPIS HRVATSKIH MISIONARA - pogledajte imena svih hrvatskih misionara i njihove lokacije","og_url":"https:\/\/misije.hr\/en\/popis-hrvatskih-misionara\/","og_site_name":"Misije","article_publisher":"https:\/\/www.facebook.com\/missioHR","article_modified_time":"2024-03-11T10:30:33+00:00","twitter_card":"summary_large_image","twitter_misc":{"Est. reading time":"1 minute"},"schema":{"@context":"https:\/\/schema.org","@graph":[{"@type":["WebPage","CollectionPage"],"@id":"https:\/\/misije.hr\/popis-hrvatskih-misionara\/","url":"https:\/\/misije.hr\/popis-hrvatskih-misionara\/","name":"NA\u0160I MISIONARI - Misije","isPartOf":{"@id":"https:\/\/misije.hr\/#website"},"datePublished":"2021-09-27T01:20:18+00:00","dateModified":"2024-03-11T10:30:33+00:00","description":"POPIS HRVATSKIH MISIONARA - pogledajte imena svih hrvatskih misionara i njihove lokacije","breadcrumb":{"@id":"https:\/\/misije.hr\/popis-hrvatskih-misionara\/#breadcrumb"},"inLanguage":"en-US"},{"@type":"BreadcrumbList","@id":"https:\/\/misije.hr\/popis-hrvatskih-misionara\/#breadcrumb","itemListElement":[{"@type":"ListItem","position":1,"name":"Naslovnica","item":"https:\/\/misije.hr\/"},{"@type":"ListItem","position":2,"name":"NA\u0160I MISIONARI"}]},{"@type":"WebSite","@id":"https:\/\/misije.hr\/#website","url":"https:\/\/misije.hr\/","name":"Missions","description":"misije","publisher":{"@id":"https:\/\/misije.hr\/#organization"},"potentialAction":[{"@type":"SearchAction","target":{"@type":"EntryPoint","urlTemplate":"https:\/\/misije.hr\/?s={search_term_string}"},"query-input":{"@type":"PropertyValueSpecification","valueRequired":true,"valueName":"search_term_string"}}],"inLanguage":"en-US"},{"@type":"Organization","@id":"https:\/\/misije.hr\/#organization","name":"Papinska misijska djela u Republici Hrvatskoj","url":"https:\/\/misije.hr\/","logo":{"@type":"ImageObject","inLanguage":"en-US","@id":"https:\/\/misije.hr\/#\/schema\/logo\/image\/","url":"https:\/\/misije.hr\/wp-content\/uploads\/2021\/10\/Logo_transparent_compressed-1.png","contentUrl":"https:\/\/misije.hr\/wp-content\/uploads\/2021\/10\/Logo_transparent_compressed-1.png","width":871,"height":876,"caption":"Papinska misijska djela u Republici Hrvatskoj"},"image":{"@id":"https:\/\/misije.hr\/#\/schema\/logo\/image\/"},"sameAs":["https:\/\/www.facebook.com\/missioHR"]}]}},"_links":{"self":[{"href":"https:\/\/misije.hr\/en\/wp-json\/wp\/v2\/pages\/11","targetHints":{"allow":["GET"]}}],"collection":[{"href":"https:\/\/misije.hr\/en\/wp-json\/wp\/v2\/pages"}],"about":[{"href":"https:\/\/misije.hr\/en\/wp-json\/wp\/v2\/types\/page"}],"author":[{"embeddable":true,"href":"https:\/\/misije.hr\/en\/wp-json\/wp\/v2\/users\/1"}],"replies":[{"embeddable":true,"href":"https:\/\/misije.hr\/en\/wp-json\/wp\/v2\/comments?post=11"}],"version-history":[{"count":13,"href":"https:\/\/misije.hr\/en\/wp-json\/wp\/v2\/pages\/11\/revisions"}],"predecessor-version":[{"id":2264,"href":"https:\/\/misije.hr\/en\/wp-json\/wp\/v2\/pages\/11\/revisions\/2264"}],"wp:attachment":[{"href":"https:\/\/misije.hr\/en\/wp-json\/wp\/v2\/media?parent=11"}],"curies":[{"name":"wp","href":"https:\/\/api.w.org\/{rel}","templated":true}]}}