{"id":15,"date":"2021-09-27T01:21:01","date_gmt":"2021-09-27T01:21:01","guid":{"rendered":"https:\/\/misije.hbk.hr\/?page_id=15"},"modified":"2021-10-23T02:29:28","modified_gmt":"2021-10-23T02:29:28","slug":"djelo-za-sirenje-vjere","status":"publish","type":"page","link":"https:\/\/misije.hr\/en\/djelo-za-sirenje-vjere\/","title":{"rendered":"PROPAGATION OF FAITH"},"content":{"rendered":"<section class=\"vc_section\"><div class=\"vc_row wpb_row vc_row-fluid\"><div class=\"wpb_column vc_column_container vc_col-sm-12 sc_layouts_column_icons_position_left\"><div class=\"vc_column-inner\"><div class=\"wpb_wrapper\"><div class=\"vc_separator wpb_content_element vc_separator_align_center vc_sep_width_100 vc_sep_pos_align_center vc_separator_no_text vc_sep_color_grey vc_custom_1634858858773  vc_custom_1634858858773\" ><span class=\"vc_sep_holder vc_sep_holder_l\"><span  class=\"vc_sep_line\"><\/span><\/span><span class=\"vc_sep_holder vc_sep_holder_r\"><span  class=\"vc_sep_line\"><\/span><\/span>\n<\/div><\/div><\/div><\/div><\/div><div class=\"vc_row wpb_row vc_row-fluid\"><div class=\"wpb_column vc_column_container vc_col-sm-12 sc_layouts_column_icons_position_left\"><div class=\"vc_column-inner\"><div class=\"wpb_wrapper\"><div  class=\"vc_wp_custommenu wpb_content_element wpCustomMenuDesign\"><div class=\"widget widget_nav_menu\"><div class=\"menu-djelo-za-sirenje-vjere-container\"><ul id=\"menu-djelo-za-sirenje-vjere\" class=\"menu\"><li id=\"menu-item-2424\" class=\"menu-item menu-item-type-post_type menu-item-object-page menu-item-2424\"><a href=\"https:\/\/misije.hr\/en\/djelo-za-sirenje-vjere\/svjetski-dan-misija-2025\/\" data-ps2id-api=\"true\">SVJETSKI DAN MISIJA 2025.<\/a><\/li>\n<li id=\"menu-item-2315\" class=\"menu-item menu-item-type-post_type menu-item-object-page menu-item-2315\"><a href=\"https:\/\/misije.hr\/en\/djelo-za-sirenje-vjere\/svjetski-dan-misija-2024\/\" data-ps2id-api=\"true\">SVJETSKI DAN MISIJA 2024.<\/a><\/li>\n<li id=\"menu-item-2070\" class=\"menu-item menu-item-type-post_type menu-item-object-page menu-item-2070\"><a href=\"https:\/\/misije.hr\/en\/djelo-za-sirenje-vjere\/svjetski-dan-misija-2023\/\" data-ps2id-api=\"true\">SVJETSKI DAN MISIJA 2023.<\/a><\/li>\n<li id=\"menu-item-2193\" class=\"menu-item menu-item-type-post_type menu-item-object-page menu-item-2193\"><a href=\"https:\/\/misije.hr\/en\/djelo-za-sirenje-vjere\/svjetski-dan-misija-2022\/\" data-ps2id-api=\"true\">SVJETSKI DAN MISIJA 2022.<\/a><\/li>\n<li id=\"menu-item-1689\" class=\"menu-item menu-item-type-post_type menu-item-object-page menu-item-1689\"><a href=\"https:\/\/misije.hr\/en\/svjetski-dan-misija-2021\/\" data-ps2id-api=\"true\">SVJETSKI DAN MISIJA 2021.<\/a><\/li>\n<li id=\"menu-item-2016\" class=\"menu-item menu-item-type-post_type menu-item-object-page menu-item-2016\"><a href=\"https:\/\/misije.hr\/en\/djelo-za-sirenje-vjere\/nova-blazenica-pauline-jaricot\/\" data-ps2id-api=\"true\">NOVA BLA\u017dENICA PAULINE JARICOT<\/a><\/li>\n<\/ul><\/div><\/div><\/div><\/div><\/div><\/div><\/div><div class=\"vc_row wpb_row vc_row-fluid\"><div class=\"wpb_column vc_column_container vc_col-sm-12 sc_layouts_column_icons_position_left\"><div class=\"vc_column-inner\"><div class=\"wpb_wrapper\"><div class=\"vc_separator wpb_content_element vc_separator_align_center vc_sep_width_100 vc_sep_pos_align_center vc_separator_no_text vc_sep_color_grey vc_custom_1634858866270  vc_custom_1634858866270\" ><span class=\"vc_sep_holder vc_sep_holder_l\"><span  class=\"vc_sep_line\"><\/span><\/span><span class=\"vc_sep_holder vc_sep_holder_r\"><span  class=\"vc_sep_line\"><\/span><\/span>\n<\/div><\/div><\/div><\/div><\/div><\/section><section class=\"vc_section\"><div class=\"vc_row wpb_row vc_row-fluid\"><div class=\"wpb_column vc_column_container vc_col-sm-12 sc_layouts_column_icons_position_left\"><div class=\"vc_column-inner\"><div class=\"wpb_wrapper\"><div class=\"vc_row wpb_row vc_inner vc_row-fluid\"><div class=\"wpb_column vc_column_container vc_col-sm-12 sc_layouts_column_icons_position_left\"><div class=\"vc_column-inner\"><div class=\"wpb_wrapper\"><div id=\"sc_title_865050752\"\n\t\tclass=\"sc_title sc_title_default  vc_custom_1634673895908\"><h2 class=\"sc_item_title sc_title_title sc_align_default sc_item_title_style_default\">POVIJEST<\/h2><\/div><!-- \/.sc_title --><\/div><\/div><\/div><\/div><div class=\"vc_row wpb_row vc_inner vc_row-fluid vc_custom_1633571522820\"><div class=\"wpb_column vc_column_container vc_col-sm-12 sc_layouts_column_icons_position_left\"><div class=\"vc_column-inner\"><div class=\"wpb_wrapper\">\n\t<div class=\"wpb_text_column wpb_content_element\" >\n\t\t<div class=\"wpb_wrapper\">\n\t\t\t<p><img loading=\"lazy\" decoding=\"async\" class=\"osjencanaSlika alignleft wp-image-1027\" src=\"https:\/\/misije.hr\/wp-content\/uploads\/2021\/10\/paulinejaricot-1.jpg\" alt=\"DJELO ZA \u0160IRENJE VJERE\" width=\"190\" height=\"253\" srcset=\"https:\/\/misije.hr\/wp-content\/uploads\/2021\/10\/paulinejaricot-1.jpg 150w, https:\/\/misije.hr\/wp-content\/uploads\/2021\/10\/paulinejaricot-1-9x12.jpg 9w\" sizes=\"auto, (max-width: 190px) 100vw, 190px\" \/>Po\u010detkom 18. stolje\u0107a Crkva u Francuskoj pro\u017eivljavala je te\u0161ke trenutke zbog progona povezanih s Francuskom revolucijom, a i za vrijeme Napoleonove vladavine (1804.- 1815.) Crkva je jo\u0161 uvijek bila ugnjetavana od dr\u017eavnih vlasti. To je uzrokovalo da je slavni Institut za vanjske misije iz Pariza koji je u 18. stolje\u0107u poslao na tisu\u0107e misionara u misijske krajeve, u to je vrijeme poslao samo dvojicu misionara na Daleki istok. U tim okolnostima sedamnaestogodi\u0161nja djevojka <strong>Paulina Jaricot<\/strong>, ro\u0111ena 22. srpnja 1799. u bogatoj obitelji industrijalca u Lionu, slu\u0161ala je propovijed svog \u017eupnika koja je na nju u\u010dinila sna\u017ean dojam. Uvidjela je nestalnost i prolaznost ljudskog postojanja te ispraznost svojih ovozemaljskih te\u017enji koje su do tada bile usmjerene na modu, ljepotu i afirmaciju u imu\u0107nim i utjecajnim dru\u0161tvenim krugovima. Odlu\u010dila je napustiti takav povr\u0161an na\u010din \u017eivota te je u bo\u017ei\u0107noj no\u0107i 1816. u\u010dinila zavjet \u010disto\u0107e i posebno se posvetila pobo\u017enosti prema Presvetom Oltarskom Sakramentu.<\/p>\n<p>Paulina je po\u010dela okupljati skupinu djevojaka koje su radile u tvornici njezinog oca te su osnovale duhovnu udrugu koja je imala cilj davati zadovolj\u0161tinu za uvrede nanesene Presv. Srcu Isusovu u nedavnoj Revoluciji. Godine 1818. djevojke su nadahnute poticajima knji\u017eice Instituta za vanjske misije iz Pariza po\u010dele moliti i animirati za misije te jednim nov\u010di\u0107em (stoti dio franka) tjedno doprinositi \u0161irenju Evan\u0111elja. Paulina se cijelim svojim bi\u0107em i svim svojim snagama okrenula i posvetila misijama. Tome je doprinio i njezin brat Fileas koji je odlu\u010dio postati misionar i koji joj je pru\u017eao podr\u0161ku. Paulina je izvrsno povezivala duhovno i molitveno usmjerenje s konkretnim odricanjima, doprinosima i akcijama za potrebe misija. Vodila ju je misao da je najjednostavniji i naju\u010dinkovitiji na\u010din pomaganja misija u spajanju zajedni\u010dke molitve i zajedni\u010dkog djelovanja.<\/p>\n<p>Zapo\u010dela je s formiranjem skupina od deset osoba, od kojih se svatko obvezao da \u0107e prona\u0107i jo\u0161 deset drugih osoba koje \u0107e moliti za misije i davati jedan nov\u010di\u0107 tjedno za tu svrhu. Ta ideja je unosila \u017ear u mnoga srca i pokret se vrlo brzo \u0161irio. U listopadu 1820. bilo je ve\u0107 vi\u0161e od 500 \u010dlanova upisanih u pokret koji \u0107e se kasnije nazvati Udruga za \u0161irenje vjere koja je slu\u017ebeno ustanovljeno 3. svibnja 1822. u Lionu. Udruga se 1826. po\u010dela \u0161iriti u druge europske zemlje te izdavati svoje Godi\u0161njake u kojima su se objavljivala pisma misionara. Udruga je od samih po\u010detaka odr\u017eavala bliske odnose s Kongregacijom za evangelizaciju naroda. Kako bi potvrdio ispravni misijski duh i slu\u017ebu sveop\u0107oj Crkvi Papa Pio XI. je 3. svibnja 1922. pobudnicom Pontificum Romanorum Udrugu za \u0161irenje vjere proglasio Papinskom. Na hrvatskom jeziku odtada se ustalio naziv Papinsko misijsko djelo za \u0161irenje vjere.<\/p>\n<p><strong>Papinsko misijsko djelo za \u0161irenje vjere ima za ciljeve:<\/strong><br \/>\nPodr\u017eavati u Crkvi duh Pedesetnice koji je apostole otvorio za odlazak u daleke krajeve cijelog svijeta i u\u010dinio ih misionarima (poslanicima). To je katoli\u010dki ili univerzalni duh koji pripada samoj naravi Crkve.<br \/>\n\u017divjeti univerzalnu misiju Otkupljenja u zajedni\u0161tvu s Kristom u njegovoj Crkvi kao temelj zajedni\u010dke apostolske odgovornosti: &#8220;Kao \u0161to je mene poslao Otac i ja \u0161aljem vas&#8221; (Iv 20,21).<br \/>\nSudjelovati u navije\u0161tanju Evan\u0111elja primjerom vlastitog \u017eivota i doprinosom vlastitih profesionalnih sposobnosti, \u0161to se pokazuje i u nov\u010danim darovima. Prepoznato i priznato od Crkve za slu\u017ebu misijama Papinsko misijsko djelo za \u0161irenje vjere ima naziv papinsko, ali je ono i biskupsko. Ono je dio sveop\u0107e Crkve koji koordinira misijske aktivnosti u cijelom svijetu, ali ono je tako\u0111er dio mjesne Crkve (biskupije) koja ima pravo i du\u017enost &#8220;u\u010diniti u\u010denicima sve narode&#8221; (usp. Mt 28,19). Duboka je istina da su zapravo sva \u010detiri Papinska misijska djela &#8220;iako Papina djela, tako\u0111er i djela svih biskupa i cijelog Bo\u017ejeg naroda&#8221; (Papa Pavao VI., Poruka za Svjetski dan misija 1968.)<\/p>\n<p><strong>Duhovna potpora<\/strong><br \/>\nOsobnim i zajedni\u010dkim razmatranjem Bo\u017eje rije\u010di i zajedni\u010dkom molitvom prepoznaje se i do\u017eivljava Bo\u017eji milosrdni plan spasenja ljudskog roda. U meditaciji i molitvi zahvaljuje se dragom Bogu jer &#8220;Bog je tako ljubio svijet te je dao svoga Sina Jedinoro\u0111enca da nijedan koji u njega vjeruje ne propadne; nego da ima \u017eivot vje\u010dni&#8221; (Iv 3,16).<br \/>\n\u010cestim klanjanjem pred Presvetim Oltarskim Sakramentom kako bi se ponovno \u017eivjela s Kristom njegova apostolska tjeskoba, njegovi misijski napori i njegovi trenuci patnje. &#8220;Ho\u0107e li tko za mnom, neka se odrekne samoga sebe, neka uzme svoj kri\u017e i neka ide za mnom&#8221; (Mt 16,24).<br \/>\nMisijska krunica koja nas, u pobo\u017enosti prema Majci Isusovoj i na\u0161oj Majci, bojama svojih zrnaca podsje\u0107a na razli\u010dite kontinente te duhovne i materijalne potreba njihovih naroda.<\/p>\n<p><strong>Materijalna potpora<\/strong><br \/>\nPrilozima za &#8220;Univerzalni fond solidarnosti&#8221; za evangelizaciju svijeta. Preporu\u010duju se redoviti mjese\u010dni darovi, a posebno darivanje na Svjetski dan misija (Misijska nedjelja).<br \/>\nSudjelovanjem u \u0161irenju Crkve u svijetu nov\u010danim pomaganjem vjerskih, karitativnih i obrazovnih projekata Crkve u misijskim zemljama. Osobito je va\u017ena podr\u0161ka u formiranju kateheta i voditelja novih misijskih zajednica.<br \/>\nSolidarno\u0161\u0107u sa siroma\u0161nima i zapostavljenima svih rasa i naroda kako bi se zajendno s njima radilo na smanjivanju gladi, bolesti i nasilja te kako bi ih se podupiralo u njihovim te\u0161kim \u017eivotnim uvjetima. &#8220;Doista, ka\u017eem vam, \u0161to god u\u010diniste jednomu od ove moje najmanje bra\u0107e, meni u\u010diniste&#8221; (Mt 25,40).<br \/>\nPromicanjem op\u0107eg bratstva, iskazivanjem brige za potla\u010dene, izbjeglice, iseljenike i sudjelovanjem u crkvenim i gra\u0111anskim aktivnostima koje promi\u010du pravdu i mir u svijetu te solidarni razvoj.<\/p>\n\n\t\t<\/div>\n\t<\/div>\n<\/div><\/div><\/div><\/div><\/div><\/div><\/div><\/div><\/section>","protected":false},"excerpt":{"rendered":"SVJETSKI DAN MISIJA 2025. SVJETSKI DAN MISIJA 2024. SVJETSKI DAN MISIJA 2023. SVJETSKI DAN MISIJA 2022. SVJETSKI DAN MISIJA 2021. NOVA BLA\u017dENICA PAULINE JARICOT POVIJEST Po\u010detkom 18. stolje\u0107a Crkva u Francuskoj pro\u017eivljavala je te\u0161ke trenutke zbog progona povezanih s Francuskom revolucijom, a i za vrijeme Napoleonove vladavine (1804.- 1815.) Crkva je jo\u0161 uvijek bila ugnjetavana od dr\u017eavnih vlasti. To je&hellip;","protected":false},"author":1,"featured_media":0,"parent":0,"menu_order":0,"comment_status":"closed","ping_status":"closed","template":"","meta":{"_acf_changed":false,"footnotes":""},"class_list":["post-15","page","type-page","status-publish","hentry"],"acf":[],"yoast_head":"<!-- This site is optimized with the Yoast SEO plugin v27.3 - https:\/\/yoast.com\/product\/yoast-seo-wordpress\/ -->\n<title>DJELO ZA \u0160IRENJE VJERE - Misije<\/title>\n<meta name=\"description\" content=\"DJELO ZA \u0160IRENJE VJERE\" \/>\n<meta name=\"robots\" content=\"index, follow, max-snippet:-1, max-image-preview:large, max-video-preview:-1\" \/>\n<link rel=\"canonical\" href=\"https:\/\/misije.hr\/en\/djelo-za-sirenje-vjere\/\" \/>\n<meta property=\"og:locale\" content=\"en_US\" \/>\n<meta property=\"og:type\" content=\"article\" \/>\n<meta property=\"og:title\" content=\"DJELO ZA \u0160IRENJE VJERE - Misije\" \/>\n<meta property=\"og:description\" content=\"DJELO ZA \u0160IRENJE VJERE\" \/>\n<meta property=\"og:url\" content=\"https:\/\/misije.hr\/en\/djelo-za-sirenje-vjere\/\" \/>\n<meta property=\"og:site_name\" content=\"Misije\" \/>\n<meta property=\"article:publisher\" content=\"https:\/\/www.facebook.com\/missioHR\" \/>\n<meta property=\"article:modified_time\" content=\"2021-10-23T02:29:28+00:00\" \/>\n<meta property=\"og:image\" content=\"https:\/\/misije.hr\/wp-content\/uploads\/2021\/10\/paulinejaricot-1.jpg\" \/>\n<meta name=\"twitter:card\" content=\"summary_large_image\" \/>\n<meta name=\"twitter:label1\" content=\"Est. reading time\" \/>\n\t<meta name=\"twitter:data1\" content=\"5 minutes\" \/>\n<script type=\"application\/ld+json\" class=\"yoast-schema-graph\">{\"@context\":\"https:\\\/\\\/schema.org\",\"@graph\":[{\"@type\":\"WebPage\",\"@id\":\"https:\\\/\\\/misije.hr\\\/djelo-za-sirenje-vjere\\\/\",\"url\":\"https:\\\/\\\/misije.hr\\\/djelo-za-sirenje-vjere\\\/\",\"name\":\"DJELO ZA \u0160IRENJE VJERE - Misije\",\"isPartOf\":{\"@id\":\"https:\\\/\\\/misije.hr\\\/#website\"},\"primaryImageOfPage\":{\"@id\":\"https:\\\/\\\/misije.hr\\\/djelo-za-sirenje-vjere\\\/#primaryimage\"},\"image\":{\"@id\":\"https:\\\/\\\/misije.hr\\\/djelo-za-sirenje-vjere\\\/#primaryimage\"},\"thumbnailUrl\":\"https:\\\/\\\/misije.hr\\\/wp-content\\\/uploads\\\/2021\\\/10\\\/paulinejaricot-1.jpg\",\"datePublished\":\"2021-09-27T01:21:01+00:00\",\"dateModified\":\"2021-10-23T02:29:28+00:00\",\"description\":\"DJELO ZA \u0160IRENJE VJERE\",\"breadcrumb\":{\"@id\":\"https:\\\/\\\/misije.hr\\\/djelo-za-sirenje-vjere\\\/#breadcrumb\"},\"inLanguage\":\"en-US\",\"potentialAction\":[{\"@type\":\"ReadAction\",\"target\":[\"https:\\\/\\\/misije.hr\\\/djelo-za-sirenje-vjere\\\/\"]}]},{\"@type\":\"ImageObject\",\"inLanguage\":\"en-US\",\"@id\":\"https:\\\/\\\/misije.hr\\\/djelo-za-sirenje-vjere\\\/#primaryimage\",\"url\":\"https:\\\/\\\/misije.hr\\\/wp-content\\\/uploads\\\/2021\\\/10\\\/paulinejaricot-1.jpg\",\"contentUrl\":\"https:\\\/\\\/misije.hr\\\/wp-content\\\/uploads\\\/2021\\\/10\\\/paulinejaricot-1.jpg\"},{\"@type\":\"BreadcrumbList\",\"@id\":\"https:\\\/\\\/misije.hr\\\/djelo-za-sirenje-vjere\\\/#breadcrumb\",\"itemListElement\":[{\"@type\":\"ListItem\",\"position\":1,\"name\":\"Naslovnica\",\"item\":\"https:\\\/\\\/misije.hr\\\/\"},{\"@type\":\"ListItem\",\"position\":2,\"name\":\"DJELO ZA \u0160IRENJE VJERE\"}]},{\"@type\":\"WebSite\",\"@id\":\"https:\\\/\\\/misije.hr\\\/#website\",\"url\":\"https:\\\/\\\/misije.hr\\\/\",\"name\":\"Misije\",\"description\":\"misije\",\"publisher\":{\"@id\":\"https:\\\/\\\/misije.hr\\\/#organization\"},\"potentialAction\":[{\"@type\":\"SearchAction\",\"target\":{\"@type\":\"EntryPoint\",\"urlTemplate\":\"https:\\\/\\\/misije.hr\\\/?s={search_term_string}\"},\"query-input\":{\"@type\":\"PropertyValueSpecification\",\"valueRequired\":true,\"valueName\":\"search_term_string\"}}],\"inLanguage\":\"en-US\"},{\"@type\":\"Organization\",\"@id\":\"https:\\\/\\\/misije.hr\\\/#organization\",\"name\":\"Papinska misijska djela u Republici Hrvatskoj\",\"url\":\"https:\\\/\\\/misije.hr\\\/\",\"logo\":{\"@type\":\"ImageObject\",\"inLanguage\":\"en-US\",\"@id\":\"https:\\\/\\\/misije.hr\\\/#\\\/schema\\\/logo\\\/image\\\/\",\"url\":\"https:\\\/\\\/misije.hr\\\/wp-content\\\/uploads\\\/2021\\\/10\\\/Logo_transparent_compressed-1.png\",\"contentUrl\":\"https:\\\/\\\/misije.hr\\\/wp-content\\\/uploads\\\/2021\\\/10\\\/Logo_transparent_compressed-1.png\",\"width\":871,\"height\":876,\"caption\":\"Papinska misijska djela u Republici Hrvatskoj\"},\"image\":{\"@id\":\"https:\\\/\\\/misije.hr\\\/#\\\/schema\\\/logo\\\/image\\\/\"},\"sameAs\":[\"https:\\\/\\\/www.facebook.com\\\/missioHR\"]}]}<\/script>\n<!-- \/ Yoast SEO plugin. -->","yoast_head_json":{"title":"DJELO ZA \u0160IRENJE VJERE - Misije","description":"PROPAGATION OF FAITH","robots":{"index":"index","follow":"follow","max-snippet":"max-snippet:-1","max-image-preview":"max-image-preview:large","max-video-preview":"max-video-preview:-1"},"canonical":"https:\/\/misije.hr\/en\/djelo-za-sirenje-vjere\/","og_locale":"en_US","og_type":"article","og_title":"DJELO ZA \u0160IRENJE VJERE - Misije","og_description":"DJELO ZA \u0160IRENJE VJERE","og_url":"https:\/\/misije.hr\/en\/djelo-za-sirenje-vjere\/","og_site_name":"Misije","article_publisher":"https:\/\/www.facebook.com\/missioHR","article_modified_time":"2021-10-23T02:29:28+00:00","og_image":[{"url":"https:\/\/misije.hr\/wp-content\/uploads\/2021\/10\/paulinejaricot-1.jpg","type":"","width":"","height":""}],"twitter_card":"summary_large_image","twitter_misc":{"Est. reading time":"5 minutes"},"schema":{"@context":"https:\/\/schema.org","@graph":[{"@type":"WebPage","@id":"https:\/\/misije.hr\/djelo-za-sirenje-vjere\/","url":"https:\/\/misije.hr\/djelo-za-sirenje-vjere\/","name":"DJELO ZA \u0160IRENJE VJERE - Misije","isPartOf":{"@id":"https:\/\/misije.hr\/#website"},"primaryImageOfPage":{"@id":"https:\/\/misije.hr\/djelo-za-sirenje-vjere\/#primaryimage"},"image":{"@id":"https:\/\/misije.hr\/djelo-za-sirenje-vjere\/#primaryimage"},"thumbnailUrl":"https:\/\/misije.hr\/wp-content\/uploads\/2021\/10\/paulinejaricot-1.jpg","datePublished":"2021-09-27T01:21:01+00:00","dateModified":"2021-10-23T02:29:28+00:00","description":"PROPAGATION OF FAITH","breadcrumb":{"@id":"https:\/\/misije.hr\/djelo-za-sirenje-vjere\/#breadcrumb"},"inLanguage":"en-US","potentialAction":[{"@type":"ReadAction","target":["https:\/\/misije.hr\/djelo-za-sirenje-vjere\/"]}]},{"@type":"ImageObject","inLanguage":"en-US","@id":"https:\/\/misije.hr\/djelo-za-sirenje-vjere\/#primaryimage","url":"https:\/\/misije.hr\/wp-content\/uploads\/2021\/10\/paulinejaricot-1.jpg","contentUrl":"https:\/\/misije.hr\/wp-content\/uploads\/2021\/10\/paulinejaricot-1.jpg"},{"@type":"BreadcrumbList","@id":"https:\/\/misije.hr\/djelo-za-sirenje-vjere\/#breadcrumb","itemListElement":[{"@type":"ListItem","position":1,"name":"Naslovnica","item":"https:\/\/misije.hr\/"},{"@type":"ListItem","position":2,"name":"DJELO ZA \u0160IRENJE VJERE"}]},{"@type":"WebSite","@id":"https:\/\/misije.hr\/#website","url":"https:\/\/misije.hr\/","name":"Missions","description":"misije","publisher":{"@id":"https:\/\/misije.hr\/#organization"},"potentialAction":[{"@type":"SearchAction","target":{"@type":"EntryPoint","urlTemplate":"https:\/\/misije.hr\/?s={search_term_string}"},"query-input":{"@type":"PropertyValueSpecification","valueRequired":true,"valueName":"search_term_string"}}],"inLanguage":"en-US"},{"@type":"Organization","@id":"https:\/\/misije.hr\/#organization","name":"Papinska misijska djela u Republici Hrvatskoj","url":"https:\/\/misije.hr\/","logo":{"@type":"ImageObject","inLanguage":"en-US","@id":"https:\/\/misije.hr\/#\/schema\/logo\/image\/","url":"https:\/\/misije.hr\/wp-content\/uploads\/2021\/10\/Logo_transparent_compressed-1.png","contentUrl":"https:\/\/misije.hr\/wp-content\/uploads\/2021\/10\/Logo_transparent_compressed-1.png","width":871,"height":876,"caption":"Papinska misijska djela u Republici Hrvatskoj"},"image":{"@id":"https:\/\/misije.hr\/#\/schema\/logo\/image\/"},"sameAs":["https:\/\/www.facebook.com\/missioHR"]}]}},"_links":{"self":[{"href":"https:\/\/misije.hr\/en\/wp-json\/wp\/v2\/pages\/15","targetHints":{"allow":["GET"]}}],"collection":[{"href":"https:\/\/misije.hr\/en\/wp-json\/wp\/v2\/pages"}],"about":[{"href":"https:\/\/misije.hr\/en\/wp-json\/wp\/v2\/types\/page"}],"author":[{"embeddable":true,"href":"https:\/\/misije.hr\/en\/wp-json\/wp\/v2\/users\/1"}],"replies":[{"embeddable":true,"href":"https:\/\/misije.hr\/en\/wp-json\/wp\/v2\/comments?post=15"}],"version-history":[{"count":10,"href":"https:\/\/misije.hr\/en\/wp-json\/wp\/v2\/pages\/15\/revisions"}],"predecessor-version":[{"id":1860,"href":"https:\/\/misije.hr\/en\/wp-json\/wp\/v2\/pages\/15\/revisions\/1860"}],"wp:attachment":[{"href":"https:\/\/misije.hr\/en\/wp-json\/wp\/v2\/media?parent=15"}],"curies":[{"name":"wp","href":"https:\/\/api.w.org\/{rel}","templated":true}]}}