{"id":1639,"date":"2021-10-14T00:17:44","date_gmt":"2021-10-14T00:17:44","guid":{"rendered":"https:\/\/misije.hbk.hr\/?page_id=1639"},"modified":"2021-10-23T02:13:05","modified_gmt":"2021-10-23T02:13:05","slug":"miva","status":"publish","type":"page","link":"https:\/\/misije.hr\/en\/miva\/","title":{"rendered":"AKCIJA MIVA"},"content":{"rendered":"<section class=\"vc_section\"><div class=\"vc_row wpb_row vc_row-fluid\"><div class=\"wpb_column vc_column_container vc_col-sm-12 sc_layouts_column_icons_position_left\"><div class=\"vc_column-inner\"><div class=\"wpb_wrapper\"><div class=\"vc_separator wpb_content_element vc_separator_align_center vc_sep_width_100 vc_sep_pos_align_center vc_separator_no_text vc_sep_color_grey vc_custom_1634858991783  vc_custom_1634858991783\" ><span class=\"vc_sep_holder vc_sep_holder_l\"><span  class=\"vc_sep_line\"><\/span><\/span><span class=\"vc_sep_holder vc_sep_holder_r\"><span  class=\"vc_sep_line\"><\/span><\/span>\n<\/div><\/div><\/div><\/div><\/div><div class=\"vc_row wpb_row vc_row-fluid\"><div class=\"wpb_column vc_column_container vc_col-sm-12 sc_layouts_column_icons_position_left\"><div class=\"vc_column-inner\"><div class=\"wpb_wrapper\"><div  class=\"vc_wp_custommenu wpb_content_element wpCustomMenuDesign\"><div class=\"widget widget_nav_menu\"><div class=\"menu-miva-menu-container\"><ul id=\"menu-miva-menu\" class=\"menu\"><li id=\"menu-item-1669\" class=\"menu-item menu-item-type-post_type menu-item-object-page menu-item-1669\"><a href=\"https:\/\/misije.hr\/en\/miva-sveti-kristofor\/\" data-ps2id-api=\"true\">SVETI KRISTOFOR<\/a><\/li>\n<li id=\"menu-item-2011\" class=\"menu-item menu-item-type-post_type menu-item-object-page menu-item-2011\"><a href=\"https:\/\/misije.hr\/en\/miva\/veseli-kilometri\/\" data-ps2id-api=\"true\">VESELI KILOMETRI<\/a><\/li>\n<\/ul><\/div><\/div><\/div><\/div><\/div><\/div><\/div><div class=\"vc_row wpb_row vc_row-fluid\"><div class=\"wpb_column vc_column_container vc_col-sm-12 sc_layouts_column_icons_position_left\"><div class=\"vc_column-inner\"><div class=\"wpb_wrapper\"><div class=\"vc_separator wpb_content_element vc_separator_align_center vc_sep_width_100 vc_sep_pos_align_center vc_separator_no_text vc_sep_color_grey vc_custom_1634858998531  vc_custom_1634858998531\" ><span class=\"vc_sep_holder vc_sep_holder_l\"><span  class=\"vc_sep_line\"><\/span><\/span><span class=\"vc_sep_holder vc_sep_holder_r\"><span  class=\"vc_sep_line\"><\/span><\/span>\n<\/div><\/div><\/div><\/div><\/div><\/section><section class=\"vc_section\"><div class=\"vc_row wpb_row vc_row-fluid\"><div class=\"wpb_column vc_column_container vc_col-sm-12 sc_layouts_column_icons_position_left\"><div class=\"vc_column-inner vc_custom_1634861271275\"><div class=\"wpb_wrapper\"><div id=\"sc_title_1395391347\"\n\t\tclass=\"sc_title sc_title_default  vc_custom_1634860959654\"><h2 class=\"sc_item_title sc_title_title sc_align_default sc_item_title_style_default\">POVIJEST<\/h2><\/div><!-- \/.sc_title --><\/div><\/div><\/div><\/div><div class=\"vc_row wpb_row vc_row-fluid\"><div class=\"wpb_column vc_column_container vc_col-sm-12 sc_layouts_column_icons_position_left\"><div class=\"vc_column-inner\"><div class=\"wpb_wrapper\">\n\t<div class=\"wpb_text_column wpb_content_element\" >\n\t\t<div class=\"wpb_wrapper\">\n\t\t\t<p>Akcija MIVA je tu\u017ena pri\u010da o gubitku prijatelja, ali istovremeno prekrasna pri\u010da kako nas \u017eivotne pote\u0161ko\u0107e mogu potaknuti na velika djela. MIVA je nastala je 22. o\u017eujka 1927. godine u K\u00f6lnu, a ideju za nju je dao p. Paul Schulte nakon \u0161to je njegov najbolji prijatelj p. Otto Fuhrmann, koji je oti\u0161ao u misije, umro je od malarije u Namibiji. P. Fuhrmanna cijeli su tjedan su vozili i nosili na ramenima do bolnice, no do\u0161ao je prekasno i sljede\u0107i dan je umro. To, da misionari nemaju niti osnovno prijevozno sredstvo za pomo\u0107i sebi i drugima, je p. Paula Schultea jako pogodilo te je po Europi po\u010deo tra\u017eiti darovatelje za kupnju misijskih vozila. Danas ova akcija ima dugu tradiciju u Njema\u010dkoj, \u0160vicarskoj, Austriji, Nizozemskoj, Velikoj Britaniji, Ju\u017enoj Koreji, Australiji, Poljskoj, Slova\u010dkoj i Sloveniji.<\/p>\n<p>Na na\u0161im prostorima MIVA se po\u010dela javljati ve\u0107 osamdesetih godina pro\u0161log stolje\u0107a kada je kupljeno prvo misijsko vozilo. U novonastalim politi\u010dkim i crkvenim okolnostima, akcija MIVA u Hrvatskoj je ozbiljnije pokrenuta 2010., a u Bosni i Hercegovini 2011. Posljednjih su se godina u akciju uklju\u010dile brojne \u017eupe i pojedinci iz cijele Hrvatske te Bosne i Hercegovine.<\/p>\n<p>Da bi misionari lak\u0161e radili na svom poslanju nu\u017ena su im prijevozna sredstva jer ve\u0107inom djeluju u krajevima koji su jako udaljeni od gradskih sredi\u0161ta. Osim toga u mnogim dijelovima su prometnice lo\u0161e razvijene, a na\u0161i misionari \u010desto idu i u dijelove gdje rijetko tko dolazi. Prijevozno sredstvo koristi se za prijevoz hrane, gra\u0111evnog materijala, bolesnika do bolnica i tako poma\u017eu, ali i spa\u0161avaju \u017eivote.<\/p>\n<p>MIVA je me\u0111unarodna akcija koja traje cijelu godinu jer tom akcijom spa\u0161avaju se \u017eivoti, vra\u0107a se zdravlje bolesnima, umanjuje se siroma\u0161tvo, glad i \u017ee\u0111, omogu\u0107uje se pristup obrazovanju\u2026<\/p>\n<p>Me\u0111utim, akcija MIVA vezana je uz spomendan sv. Kristofora koji je za\u0161titnik putnika, voza\u010da i pomoraca te se slavi 25. srpnja kada se organiziraju aktivnosti prikupljanja sredstava na ovu nakanu. Taj dan je i zahvala Bogu svih voza\u010da i drugih sudionika prometa za sretno prije\u0111ene kilometre te se u \u017eupama organizira blagoslov vozila. Ipak, osim voza\u010da, sv. Kristofora su za za\u0161titnika uzeli po\u0161tari, atleti\u010dari, nosa\u010di, radnici istovariva\u010di tereta, op\u0107enito svi oni koji obavljaju te\u0161ke i opasne poslove. Ubraja se me\u0111u 14 svetaca pomaga\u010da u nevoljama.<\/p>\n<p>Prikupljena sredstva namijenjena su misionarima za kupnju prijeko potrebnih vozila. Tim \u0107e se darom nekome spasiti \u017eivot ili mu vratiti zdravlje, omogu\u0107iti mu put u \u0161kolu i jo\u0161 puno dobra.<\/p>\n<p>&nbsp;<\/p>\n<p style=\"text-align: center;\"><span class=\"trx_addons_accent_bg\">\u017delite li pomo\u0107i misionarima za kupnju misijskih vozila, svoj prilog mo\u017eete uplatiti prema dolje navedenim podacima:<\/span><\/p>\n<ul style=\"margin-top: -20px; list-style-type: none;\">\n<li style=\"text-align: center;\"><strong>Nacionalna uprava Papinskih misijskih djela u RH<\/strong><\/li>\n<li style=\"text-align: center;\"><strong>Ksaverska cesta 12a, 10000 ZAGREB<\/strong><\/li>\n<li style=\"text-align: center;\"><strong>\u017diro ra\u010dun: HR6323600001101542876<br \/><\/strong><\/li>\n<li style=\"text-align: center;\"><strong>Svrha: akcija MIVA<\/strong><\/li>\n<li style=\"text-align: center;\"><strong>Poziv na broj: 00 303013<\/strong><\/li>\n<\/ul>\n\n\t\t<\/div>\n\t<\/div>\n<\/div><\/div><\/div><\/div><\/section>","protected":false},"excerpt":{"rendered":"SVETI KRISTOFOR VESELI KILOMETRI POVIJEST Akcija MIVA je tu\u017ena pri\u010da o gubitku prijatelja, ali istovremeno prekrasna pri\u010da kako nas \u017eivotne pote\u0161ko\u0107e mogu potaknuti na velika djela. MIVA je nastala je 22. o\u017eujka 1927. godine u K\u00f6lnu, a ideju za nju je dao p. Paul Schulte nakon \u0161to je njegov najbolji prijatelj p. Otto Fuhrmann, koji je oti\u0161ao u misije, umro&hellip;","protected":false},"author":1,"featured_media":0,"parent":0,"menu_order":0,"comment_status":"closed","ping_status":"closed","template":"","meta":{"_acf_changed":false,"footnotes":""},"class_list":["post-1639","page","type-page","status-publish","hentry"],"acf":[],"yoast_head":"<!-- This site is optimized with the Yoast SEO plugin v27.3 - https:\/\/yoast.com\/product\/yoast-seo-wordpress\/ -->\n<title>AKCIJA MIVA - Misije<\/title>\n<meta name=\"description\" content=\"MIVA je me\u0111unarodna akcija koja traje cijelu godinu jer tom akcijom spa\u0161avaju se \u017eivoti, vra\u0107a se zdravlje bolesnima, umanjuje se siroma\u0161tvo, glad i \u017ee\u0111, omogu\u0107uje se pristup obrazovanju\u2026\" \/>\n<meta name=\"robots\" content=\"index, follow, max-snippet:-1, max-image-preview:large, max-video-preview:-1\" \/>\n<link rel=\"canonical\" href=\"https:\/\/misije.hr\/en\/miva\/\" \/>\n<meta property=\"og:locale\" content=\"en_US\" \/>\n<meta property=\"og:type\" content=\"article\" \/>\n<meta property=\"og:title\" content=\"AKCIJA MIVA - Misije\" \/>\n<meta property=\"og:description\" content=\"MIVA je me\u0111unarodna akcija koja traje cijelu godinu jer tom akcijom spa\u0161avaju se \u017eivoti, vra\u0107a se zdravlje bolesnima, umanjuje se siroma\u0161tvo, glad i \u017ee\u0111, omogu\u0107uje se pristup obrazovanju\u2026\" \/>\n<meta property=\"og:url\" content=\"https:\/\/misije.hr\/en\/miva\/\" \/>\n<meta property=\"og:site_name\" content=\"Misije\" \/>\n<meta property=\"article:publisher\" content=\"https:\/\/www.facebook.com\/missioHR\" \/>\n<meta property=\"article:modified_time\" content=\"2021-10-23T02:13:05+00:00\" \/>\n<meta name=\"twitter:card\" content=\"summary_large_image\" \/>\n<meta name=\"twitter:label1\" content=\"Est. reading time\" \/>\n\t<meta name=\"twitter:data1\" content=\"3 minutes\" \/>\n<script type=\"application\/ld+json\" class=\"yoast-schema-graph\">{\"@context\":\"https:\\\/\\\/schema.org\",\"@graph\":[{\"@type\":\"WebPage\",\"@id\":\"https:\\\/\\\/misije.hr\\\/miva\\\/\",\"url\":\"https:\\\/\\\/misije.hr\\\/miva\\\/\",\"name\":\"AKCIJA MIVA - Misije\",\"isPartOf\":{\"@id\":\"https:\\\/\\\/misije.hr\\\/#website\"},\"datePublished\":\"2021-10-14T00:17:44+00:00\",\"dateModified\":\"2021-10-23T02:13:05+00:00\",\"description\":\"MIVA je me\u0111unarodna akcija koja traje cijelu godinu jer tom akcijom spa\u0161avaju se \u017eivoti, vra\u0107a se zdravlje bolesnima, umanjuje se siroma\u0161tvo, glad i \u017ee\u0111, omogu\u0107uje se pristup obrazovanju\u2026\",\"breadcrumb\":{\"@id\":\"https:\\\/\\\/misije.hr\\\/miva\\\/#breadcrumb\"},\"inLanguage\":\"en-US\",\"potentialAction\":[{\"@type\":\"ReadAction\",\"target\":[\"https:\\\/\\\/misije.hr\\\/miva\\\/\"]}]},{\"@type\":\"BreadcrumbList\",\"@id\":\"https:\\\/\\\/misije.hr\\\/miva\\\/#breadcrumb\",\"itemListElement\":[{\"@type\":\"ListItem\",\"position\":1,\"name\":\"Naslovnica\",\"item\":\"https:\\\/\\\/misije.hr\\\/\"},{\"@type\":\"ListItem\",\"position\":2,\"name\":\"AKCIJA MIVA\"}]},{\"@type\":\"WebSite\",\"@id\":\"https:\\\/\\\/misije.hr\\\/#website\",\"url\":\"https:\\\/\\\/misije.hr\\\/\",\"name\":\"Misije\",\"description\":\"misije\",\"publisher\":{\"@id\":\"https:\\\/\\\/misije.hr\\\/#organization\"},\"potentialAction\":[{\"@type\":\"SearchAction\",\"target\":{\"@type\":\"EntryPoint\",\"urlTemplate\":\"https:\\\/\\\/misije.hr\\\/?s={search_term_string}\"},\"query-input\":{\"@type\":\"PropertyValueSpecification\",\"valueRequired\":true,\"valueName\":\"search_term_string\"}}],\"inLanguage\":\"en-US\"},{\"@type\":\"Organization\",\"@id\":\"https:\\\/\\\/misije.hr\\\/#organization\",\"name\":\"Papinska misijska djela u Republici Hrvatskoj\",\"url\":\"https:\\\/\\\/misije.hr\\\/\",\"logo\":{\"@type\":\"ImageObject\",\"inLanguage\":\"en-US\",\"@id\":\"https:\\\/\\\/misije.hr\\\/#\\\/schema\\\/logo\\\/image\\\/\",\"url\":\"https:\\\/\\\/misije.hr\\\/wp-content\\\/uploads\\\/2021\\\/10\\\/Logo_transparent_compressed-1.png\",\"contentUrl\":\"https:\\\/\\\/misije.hr\\\/wp-content\\\/uploads\\\/2021\\\/10\\\/Logo_transparent_compressed-1.png\",\"width\":871,\"height\":876,\"caption\":\"Papinska misijska djela u Republici Hrvatskoj\"},\"image\":{\"@id\":\"https:\\\/\\\/misije.hr\\\/#\\\/schema\\\/logo\\\/image\\\/\"},\"sameAs\":[\"https:\\\/\\\/www.facebook.com\\\/missioHR\"]}]}<\/script>\n<!-- \/ Yoast SEO plugin. -->","yoast_head_json":{"title":"AKCIJA MIVA - Misije","description":"MIVA je me\u0111unarodna akcija koja traje cijelu godinu jer tom akcijom spa\u0161avaju se \u017eivoti, vra\u0107a se zdravlje bolesnima, umanjuje se siroma\u0161tvo, glad i \u017ee\u0111, omogu\u0107uje se pristup obrazovanju\u2026","robots":{"index":"index","follow":"follow","max-snippet":"max-snippet:-1","max-image-preview":"max-image-preview:large","max-video-preview":"max-video-preview:-1"},"canonical":"https:\/\/misije.hr\/en\/miva\/","og_locale":"en_US","og_type":"article","og_title":"AKCIJA MIVA - Misije","og_description":"MIVA je me\u0111unarodna akcija koja traje cijelu godinu jer tom akcijom spa\u0161avaju se \u017eivoti, vra\u0107a se zdravlje bolesnima, umanjuje se siroma\u0161tvo, glad i \u017ee\u0111, omogu\u0107uje se pristup obrazovanju\u2026","og_url":"https:\/\/misije.hr\/en\/miva\/","og_site_name":"Misije","article_publisher":"https:\/\/www.facebook.com\/missioHR","article_modified_time":"2021-10-23T02:13:05+00:00","twitter_card":"summary_large_image","twitter_misc":{"Est. reading time":"3 minutes"},"schema":{"@context":"https:\/\/schema.org","@graph":[{"@type":"WebPage","@id":"https:\/\/misije.hr\/miva\/","url":"https:\/\/misije.hr\/miva\/","name":"AKCIJA MIVA - Misije","isPartOf":{"@id":"https:\/\/misije.hr\/#website"},"datePublished":"2021-10-14T00:17:44+00:00","dateModified":"2021-10-23T02:13:05+00:00","description":"MIVA je me\u0111unarodna akcija koja traje cijelu godinu jer tom akcijom spa\u0161avaju se \u017eivoti, vra\u0107a se zdravlje bolesnima, umanjuje se siroma\u0161tvo, glad i \u017ee\u0111, omogu\u0107uje se pristup obrazovanju\u2026","breadcrumb":{"@id":"https:\/\/misije.hr\/miva\/#breadcrumb"},"inLanguage":"en-US","potentialAction":[{"@type":"ReadAction","target":["https:\/\/misije.hr\/miva\/"]}]},{"@type":"BreadcrumbList","@id":"https:\/\/misije.hr\/miva\/#breadcrumb","itemListElement":[{"@type":"ListItem","position":1,"name":"Naslovnica","item":"https:\/\/misije.hr\/"},{"@type":"ListItem","position":2,"name":"AKCIJA MIVA"}]},{"@type":"WebSite","@id":"https:\/\/misije.hr\/#website","url":"https:\/\/misije.hr\/","name":"Missions","description":"misije","publisher":{"@id":"https:\/\/misije.hr\/#organization"},"potentialAction":[{"@type":"SearchAction","target":{"@type":"EntryPoint","urlTemplate":"https:\/\/misije.hr\/?s={search_term_string}"},"query-input":{"@type":"PropertyValueSpecification","valueRequired":true,"valueName":"search_term_string"}}],"inLanguage":"en-US"},{"@type":"Organization","@id":"https:\/\/misije.hr\/#organization","name":"Papinska misijska djela u Republici Hrvatskoj","url":"https:\/\/misije.hr\/","logo":{"@type":"ImageObject","inLanguage":"en-US","@id":"https:\/\/misije.hr\/#\/schema\/logo\/image\/","url":"https:\/\/misije.hr\/wp-content\/uploads\/2021\/10\/Logo_transparent_compressed-1.png","contentUrl":"https:\/\/misije.hr\/wp-content\/uploads\/2021\/10\/Logo_transparent_compressed-1.png","width":871,"height":876,"caption":"Papinska misijska djela u Republici Hrvatskoj"},"image":{"@id":"https:\/\/misije.hr\/#\/schema\/logo\/image\/"},"sameAs":["https:\/\/www.facebook.com\/missioHR"]}]}},"_links":{"self":[{"href":"https:\/\/misije.hr\/en\/wp-json\/wp\/v2\/pages\/1639","targetHints":{"allow":["GET"]}}],"collection":[{"href":"https:\/\/misije.hr\/en\/wp-json\/wp\/v2\/pages"}],"about":[{"href":"https:\/\/misije.hr\/en\/wp-json\/wp\/v2\/types\/page"}],"author":[{"embeddable":true,"href":"https:\/\/misije.hr\/en\/wp-json\/wp\/v2\/users\/1"}],"replies":[{"embeddable":true,"href":"https:\/\/misije.hr\/en\/wp-json\/wp\/v2\/comments?post=1639"}],"version-history":[{"count":17,"href":"https:\/\/misije.hr\/en\/wp-json\/wp\/v2\/pages\/1639\/revisions"}],"predecessor-version":[{"id":1790,"href":"https:\/\/misije.hr\/en\/wp-json\/wp\/v2\/pages\/1639\/revisions\/1790"}],"wp:attachment":[{"href":"https:\/\/misije.hr\/en\/wp-json\/wp\/v2\/media?parent=1639"}],"curies":[{"name":"wp","href":"https:\/\/api.w.org\/{rel}","templated":true}]}}