{"id":1666,"date":"2021-10-14T13:19:30","date_gmt":"2021-10-14T13:19:30","guid":{"rendered":"https:\/\/misije.hbk.hr\/?page_id=1666"},"modified":"2021-10-23T02:49:02","modified_gmt":"2021-10-23T02:49:02","slug":"miva-sveti-kristofor","status":"publish","type":"page","link":"https:\/\/misije.hr\/en\/miva-sveti-kristofor\/","title":{"rendered":"SVETI KRISTOFOR"},"content":{"rendered":"<div class=\"vc_row wpb_row vc_row-fluid\"><div class=\"wpb_column vc_column_container vc_col-sm-12 sc_layouts_column_icons_position_left\"><div class=\"vc_column-inner\"><div class=\"wpb_wrapper\">\n\t<div class=\"wpb_text_column wpb_content_element\" >\n\t\t<div class=\"wpb_wrapper\">\n\t\t\t<p><strong>Znamo li tko je sveti Kristofor &#8211; za\u0161titnik voza\u010da?<\/strong><\/p>\n<p><img loading=\"lazy\" decoding=\"async\" class=\"alignleft wp-image-1791\" src=\"https:\/\/misije.hr\/wp-content\/uploads\/2021\/10\/SvetiKristofor_Naljepnica-300x300.png\" alt=\"SVETI KRISTOFOR - Naljepnica\" width=\"223\" height=\"223\" srcset=\"https:\/\/misije.hr\/wp-content\/uploads\/2021\/10\/SvetiKristofor_Naljepnica-300x300.png 300w, https:\/\/misije.hr\/wp-content\/uploads\/2021\/10\/SvetiKristofor_Naljepnica-150x150.png 150w, https:\/\/misije.hr\/wp-content\/uploads\/2021\/10\/SvetiKristofor_Naljepnica-12x12.png 12w, https:\/\/misije.hr\/wp-content\/uploads\/2021\/10\/SvetiKristofor_Naljepnica-370x370.png 370w, https:\/\/misije.hr\/wp-content\/uploads\/2021\/10\/SvetiKristofor_Naljepnica-90x90.png 90w, https:\/\/misije.hr\/wp-content\/uploads\/2021\/10\/SvetiKristofor_Naljepnica.png 440w\" sizes=\"auto, (max-width: 223px) 100vw, 223px\" \/>Sv. Kristofor bio je jedan od najpopularnijih svetaca u srednjem vijeku. Njemu u \u010dast gradili su, kako na Istoku tako i na Zapadu, brojne crkve i samostane. Njegovi kipovi rese mnoga sakralna zdanja. O detaljima njegovog \u017eivota ne zna se mnogo. Postoji jedna legenda koja govori da je Kristofor bio mladi div koji je \u017eelio slu\u017eiti najmo\u0107nijem gospodaru. Zbog toga se stavio u slu\u017ebu najprije kralja, pa onda cara i napokon \u0111avla. No, kad je u pratnji \u0111avla na jednom putovanju vidio kako se \u0111avao pla\u0161i raspela kraj puta, stupio je u slu\u017ebu Krista, koji je ja\u010di od svih drugih. Tako se u njemu rodila i \u017eelja za obra\u0107enjem. Neki ga je pobo\u017eni pustinjak pou\u010dio zapovijedima ljubavi. \u017dele\u0107i se vje\u017ebati u toj kreposti i na taj na\u010din spremiti na kr\u0161tenje, izabrao si je obitavali\u0161te kraj jedne rijeke kako bi pomagao putnicima koji su morali preko nje prelaziti. Jedne no\u0107i probudio ga je neki dje\u010da\u010di\u0107 te ga zamolio da ga prenese preko rijeke. Div ga je s lako\u0107om stavio na ramena, ali kad je po\u010deo kora\u010dati prema drugoj obali, teret je bivao sve te\u017ei tako da ga je, opiru\u0107i se o svoj debeli \u0161tap, jedva prenio. Taj dje\u010da\u010di\u0107 bio je Krist. Kako je ta divna legenda nastala, za u\u010denjake je jo\u0161 i danas veliko pitanje. Neki misle da je njezinu nastanku moglo dati povoda sve\u010devo ime Kristofor, \u0161to zna\u010di &#8220;nositelj Krista&#8221;. Zna se da je primiv\u0161i kr\u0161tenje, Kristofor po\u0161ao u Liciju gdje je podnio mu\u010deni\u0161tvo. I ba\u0161 tog sv. Kristofora \u2013 onoga koji je &#8220;nositelj Krista&#8221; mi slavimo, ali na malo druga\u010diji na\u010din. Na\u0161i misionari su pravi nositelji Krista i njegove rije\u010di onima koji ju nikada nisu imali mogu\u0107nost \u010duti.<\/p>\n<p>Spomendan mu je 25. srpnja. Ubraja se me\u0111u 14 svetih pomo\u0107nika, koje vjerni\u010dki puk zaziva u pomo\u0107 prigodom raznih prirodnih katastrofa i bolesti. On je za\u0161titnik putnika, voza\u010da i pomoraca. Jedan je od za\u0161titnika misija.<\/p>\n<p><strong>Molitva svetom Kristoforu<\/strong><\/p>\n<p>Sveti Kristofore, kada si nosio ljude preko nabujaloga potoka, ti si ustvari nosio Dijete Isusa na svome ramenu i zato si zaslu\u017eio prekrasno ime: \u00abKristov nositelj\u00bb! Nau\u010di me da i ja budem istinski nositelj Krista Gospodina onima koji ga jo\u0161 nisu upoznali.<\/p>\n<p>Po zagovoru sv. Kristofora udijeli mi, Gospodine, \u010dvrstu ruku i jasan pogled da budem dobar sudionik u prometu. Daj da ni jedan od mojih postupaka ne oduzme ili ne nagrdi \u017eivot bilo kome.<\/p>\n<p>Vje\u010dni i svemo\u0107ni Bo\u017ee, udostoji se izliti svoga Duha Svetoga na sve voza\u010de. Daj da njihova srca, poput svetog Kristofora, budu ispunjena ljubavlju prema Tebi i bra\u0107i ljudima. Za\u0161titi ih od svake nesre\u0107e, nau\u010di ih stavljati svoja vozila u slu\u017ebu drugih i daj im milost da sretno stignu svome cilju. Amen.<\/p>\n<p>&nbsp;<\/p>\n\n\t\t<\/div>\n\t<\/div>\n<\/div><\/div><\/div><\/div>","protected":false},"excerpt":{"rendered":"Znamo li tko je sveti Kristofor - za\u0161titnik voza\u010da? Sv. Kristofor bio je jedan od najpopularnijih svetaca u srednjem vijeku. Njemu u \u010dast gradili su, kako na Istoku tako i na Zapadu, brojne crkve i samostane. Njegovi kipovi rese mnoga sakralna zdanja. O detaljima njegovog \u017eivota ne zna se mnogo. Postoji jedna legenda koja govori da je Kristofor bio mladi&hellip;","protected":false},"author":1,"featured_media":0,"parent":0,"menu_order":0,"comment_status":"closed","ping_status":"closed","template":"","meta":{"_acf_changed":false,"footnotes":""},"class_list":["post-1666","page","type-page","status-publish","hentry"],"acf":[],"yoast_head":"<!-- This site is optimized with the Yoast SEO plugin v26.7 - https:\/\/yoast.com\/wordpress\/plugins\/seo\/ -->\n<title>SVETI KRISTOFOR - Misije<\/title>\n<meta name=\"description\" content=\"SVETI KRISTOFOR\" \/>\n<meta name=\"robots\" content=\"index, follow, max-snippet:-1, max-image-preview:large, max-video-preview:-1\" \/>\n<link rel=\"canonical\" href=\"https:\/\/misije.hr\/en\/miva-sveti-kristofor\/\" \/>\n<meta property=\"og:locale\" content=\"en_US\" \/>\n<meta property=\"og:type\" content=\"article\" \/>\n<meta property=\"og:title\" content=\"SVETI KRISTOFOR - Misije\" \/>\n<meta property=\"og:description\" content=\"SVETI KRISTOFOR\" \/>\n<meta property=\"og:url\" content=\"https:\/\/misije.hr\/en\/miva-sveti-kristofor\/\" \/>\n<meta property=\"og:site_name\" content=\"Misije\" \/>\n<meta property=\"article:publisher\" content=\"https:\/\/www.facebook.com\/missioHR\" \/>\n<meta property=\"article:modified_time\" content=\"2021-10-23T02:49:02+00:00\" \/>\n<meta property=\"og:image\" content=\"https:\/\/misije.hr\/wp-content\/uploads\/2021\/10\/SvetiKristofor_Naljepnica-300x300.png\" \/>\n<meta name=\"twitter:card\" content=\"summary_large_image\" \/>\n<meta name=\"twitter:label1\" content=\"Est. reading time\" \/>\n\t<meta name=\"twitter:data1\" content=\"3 minutes\" \/>\n<script type=\"application\/ld+json\" class=\"yoast-schema-graph\">{\"@context\":\"https:\/\/schema.org\",\"@graph\":[{\"@type\":\"WebPage\",\"@id\":\"https:\/\/misije.hr\/miva-sveti-kristofor\/\",\"url\":\"https:\/\/misije.hr\/miva-sveti-kristofor\/\",\"name\":\"SVETI KRISTOFOR - Misije\",\"isPartOf\":{\"@id\":\"https:\/\/misije.hr\/#website\"},\"primaryImageOfPage\":{\"@id\":\"https:\/\/misije.hr\/miva-sveti-kristofor\/#primaryimage\"},\"image\":{\"@id\":\"https:\/\/misije.hr\/miva-sveti-kristofor\/#primaryimage\"},\"thumbnailUrl\":\"https:\/\/misije.hr\/wp-content\/uploads\/2021\/10\/SvetiKristofor_Naljepnica-300x300.png\",\"datePublished\":\"2021-10-14T13:19:30+00:00\",\"dateModified\":\"2021-10-23T02:49:02+00:00\",\"description\":\"SVETI KRISTOFOR\",\"breadcrumb\":{\"@id\":\"https:\/\/misije.hr\/miva-sveti-kristofor\/#breadcrumb\"},\"inLanguage\":\"en-US\",\"potentialAction\":[{\"@type\":\"ReadAction\",\"target\":[\"https:\/\/misije.hr\/miva-sveti-kristofor\/\"]}]},{\"@type\":\"ImageObject\",\"inLanguage\":\"en-US\",\"@id\":\"https:\/\/misije.hr\/miva-sveti-kristofor\/#primaryimage\",\"url\":\"https:\/\/misije.hr\/wp-content\/uploads\/2021\/10\/SvetiKristofor_Naljepnica-300x300.png\",\"contentUrl\":\"https:\/\/misije.hr\/wp-content\/uploads\/2021\/10\/SvetiKristofor_Naljepnica-300x300.png\"},{\"@type\":\"BreadcrumbList\",\"@id\":\"https:\/\/misije.hr\/miva-sveti-kristofor\/#breadcrumb\",\"itemListElement\":[{\"@type\":\"ListItem\",\"position\":1,\"name\":\"Naslovnica\",\"item\":\"https:\/\/misije.hr\/\"},{\"@type\":\"ListItem\",\"position\":2,\"name\":\"SVETI KRISTOFOR\"}]},{\"@type\":\"WebSite\",\"@id\":\"https:\/\/misije.hr\/#website\",\"url\":\"https:\/\/misije.hr\/\",\"name\":\"Misije\",\"description\":\"misije\",\"publisher\":{\"@id\":\"https:\/\/misije.hr\/#organization\"},\"potentialAction\":[{\"@type\":\"SearchAction\",\"target\":{\"@type\":\"EntryPoint\",\"urlTemplate\":\"https:\/\/misije.hr\/?s={search_term_string}\"},\"query-input\":{\"@type\":\"PropertyValueSpecification\",\"valueRequired\":true,\"valueName\":\"search_term_string\"}}],\"inLanguage\":\"en-US\"},{\"@type\":\"Organization\",\"@id\":\"https:\/\/misije.hr\/#organization\",\"name\":\"Papinska misijska djela u Republici Hrvatskoj\",\"url\":\"https:\/\/misije.hr\/\",\"logo\":{\"@type\":\"ImageObject\",\"inLanguage\":\"en-US\",\"@id\":\"https:\/\/misije.hr\/#\/schema\/logo\/image\/\",\"url\":\"https:\/\/misije.hr\/wp-content\/uploads\/2021\/10\/Logo_transparent_compressed-1.png\",\"contentUrl\":\"https:\/\/misije.hr\/wp-content\/uploads\/2021\/10\/Logo_transparent_compressed-1.png\",\"width\":871,\"height\":876,\"caption\":\"Papinska misijska djela u Republici Hrvatskoj\"},\"image\":{\"@id\":\"https:\/\/misije.hr\/#\/schema\/logo\/image\/\"},\"sameAs\":[\"https:\/\/www.facebook.com\/missioHR\"]}]}<\/script>\n<!-- \/ Yoast SEO plugin. -->","yoast_head_json":{"title":"SVETI KRISTOFOR - Misije","description":"SVETI KRISTOFOR","robots":{"index":"index","follow":"follow","max-snippet":"max-snippet:-1","max-image-preview":"max-image-preview:large","max-video-preview":"max-video-preview:-1"},"canonical":"https:\/\/misije.hr\/en\/miva-sveti-kristofor\/","og_locale":"en_US","og_type":"article","og_title":"SVETI KRISTOFOR - Misije","og_description":"SVETI KRISTOFOR","og_url":"https:\/\/misije.hr\/en\/miva-sveti-kristofor\/","og_site_name":"Misije","article_publisher":"https:\/\/www.facebook.com\/missioHR","article_modified_time":"2021-10-23T02:49:02+00:00","og_image":[{"url":"https:\/\/misije.hr\/wp-content\/uploads\/2021\/10\/SvetiKristofor_Naljepnica-300x300.png","type":"","width":"","height":""}],"twitter_card":"summary_large_image","twitter_misc":{"Est. reading time":"3 minutes"},"schema":{"@context":"https:\/\/schema.org","@graph":[{"@type":"WebPage","@id":"https:\/\/misije.hr\/miva-sveti-kristofor\/","url":"https:\/\/misije.hr\/miva-sveti-kristofor\/","name":"SVETI KRISTOFOR - Misije","isPartOf":{"@id":"https:\/\/misije.hr\/#website"},"primaryImageOfPage":{"@id":"https:\/\/misije.hr\/miva-sveti-kristofor\/#primaryimage"},"image":{"@id":"https:\/\/misije.hr\/miva-sveti-kristofor\/#primaryimage"},"thumbnailUrl":"https:\/\/misije.hr\/wp-content\/uploads\/2021\/10\/SvetiKristofor_Naljepnica-300x300.png","datePublished":"2021-10-14T13:19:30+00:00","dateModified":"2021-10-23T02:49:02+00:00","description":"SVETI KRISTOFOR","breadcrumb":{"@id":"https:\/\/misije.hr\/miva-sveti-kristofor\/#breadcrumb"},"inLanguage":"en-US","potentialAction":[{"@type":"ReadAction","target":["https:\/\/misije.hr\/miva-sveti-kristofor\/"]}]},{"@type":"ImageObject","inLanguage":"en-US","@id":"https:\/\/misije.hr\/miva-sveti-kristofor\/#primaryimage","url":"https:\/\/misije.hr\/wp-content\/uploads\/2021\/10\/SvetiKristofor_Naljepnica-300x300.png","contentUrl":"https:\/\/misije.hr\/wp-content\/uploads\/2021\/10\/SvetiKristofor_Naljepnica-300x300.png"},{"@type":"BreadcrumbList","@id":"https:\/\/misije.hr\/miva-sveti-kristofor\/#breadcrumb","itemListElement":[{"@type":"ListItem","position":1,"name":"Naslovnica","item":"https:\/\/misije.hr\/"},{"@type":"ListItem","position":2,"name":"SVETI KRISTOFOR"}]},{"@type":"WebSite","@id":"https:\/\/misije.hr\/#website","url":"https:\/\/misije.hr\/","name":"Missions","description":"misije","publisher":{"@id":"https:\/\/misije.hr\/#organization"},"potentialAction":[{"@type":"SearchAction","target":{"@type":"EntryPoint","urlTemplate":"https:\/\/misije.hr\/?s={search_term_string}"},"query-input":{"@type":"PropertyValueSpecification","valueRequired":true,"valueName":"search_term_string"}}],"inLanguage":"en-US"},{"@type":"Organization","@id":"https:\/\/misije.hr\/#organization","name":"Papinska misijska djela u Republici Hrvatskoj","url":"https:\/\/misije.hr\/","logo":{"@type":"ImageObject","inLanguage":"en-US","@id":"https:\/\/misije.hr\/#\/schema\/logo\/image\/","url":"https:\/\/misije.hr\/wp-content\/uploads\/2021\/10\/Logo_transparent_compressed-1.png","contentUrl":"https:\/\/misije.hr\/wp-content\/uploads\/2021\/10\/Logo_transparent_compressed-1.png","width":871,"height":876,"caption":"Papinska misijska djela u Republici Hrvatskoj"},"image":{"@id":"https:\/\/misije.hr\/#\/schema\/logo\/image\/"},"sameAs":["https:\/\/www.facebook.com\/missioHR"]}]}},"_links":{"self":[{"href":"https:\/\/misije.hr\/en\/wp-json\/wp\/v2\/pages\/1666","targetHints":{"allow":["GET"]}}],"collection":[{"href":"https:\/\/misije.hr\/en\/wp-json\/wp\/v2\/pages"}],"about":[{"href":"https:\/\/misije.hr\/en\/wp-json\/wp\/v2\/types\/page"}],"author":[{"embeddable":true,"href":"https:\/\/misije.hr\/en\/wp-json\/wp\/v2\/users\/1"}],"replies":[{"embeddable":true,"href":"https:\/\/misije.hr\/en\/wp-json\/wp\/v2\/comments?post=1666"}],"version-history":[{"count":3,"href":"https:\/\/misije.hr\/en\/wp-json\/wp\/v2\/pages\/1666\/revisions"}],"predecessor-version":[{"id":1874,"href":"https:\/\/misije.hr\/en\/wp-json\/wp\/v2\/pages\/1666\/revisions\/1874"}],"wp:attachment":[{"href":"https:\/\/misije.hr\/en\/wp-json\/wp\/v2\/media?parent=1666"}],"curies":[{"name":"wp","href":"https:\/\/api.w.org\/{rel}","templated":true}]}}