{"id":1686,"date":"2021-10-14T17:14:16","date_gmt":"2021-10-14T17:14:16","guid":{"rendered":"https:\/\/misije.hbk.hr\/?page_id=1686"},"modified":"2021-10-23T02:50:39","modified_gmt":"2021-10-23T02:50:39","slug":"svjetski-dan-misija-2021","status":"publish","type":"page","link":"https:\/\/misije.hr\/en\/svjetski-dan-misija-2021\/","title":{"rendered":"SVJETSKI DAN MISIJA 2021."},"content":{"rendered":"<div class=\"vc_row wpb_row vc_row-fluid\"><div class=\"wpb_column vc_column_container vc_col-sm-12 sc_layouts_column_icons_position_left\"><div class=\"vc_column-inner\"><div class=\"wpb_wrapper\">\n\t<div class=\"wpb_text_column wpb_content_element\" id=\"tekstParagrafId\">\n\t\t<div class=\"wpb_wrapper\">\n\t\t\t<p><strong><img loading=\"lazy\" decoding=\"async\" class=\"osjencanaSlika alignnone wp-image-1690\" src=\"https:\/\/misije.hr\/wp-content\/uploads\/2021\/10\/Plakat.jpg\" alt=\"SVJETSKI DAN MISIJA 2021. - Plakat\" width=\"480\" height=\"675\" srcset=\"https:\/\/misije.hr\/wp-content\/uploads\/2021\/10\/Plakat.jpg 683w, https:\/\/misije.hr\/wp-content\/uploads\/2021\/10\/Plakat-213x300.jpg 213w, https:\/\/misije.hr\/wp-content\/uploads\/2021\/10\/Plakat-9x12.jpg 9w, https:\/\/misije.hr\/wp-content\/uploads\/2021\/10\/Plakat-370x520.jpg 370w\" sizes=\"auto, (max-width: 480px) 100vw, 480px\" \/><\/strong><\/p>\n<p><strong>\u201eNe mo\u017eemo ne govoriti o onome \u0161to vidjesmo i \u010dusmo\u201c (Dj 4, 20) geslo je ovogodi\u0161njega Svjetskog dana misija, koji se slavi 24. listopada.<\/strong> Papa Franjo nas porukom poslanom pod tim geslom poziva na odu\u0161evljeno svjedo\u010denje susreta sa \u017eivim Bogom, koji doti\u010de i obnavlja \u017eivote.<\/p>\n<p>Zajedno s Kristovom Crkvom pozvani smo pru\u017eiti molitvenu i materijalnu podr\u0161ku najugro\u017eenijima u misijskim zemljama. Da bismo u sebi i u na\u0161im \u017eupnim zajednicama budili svjedo\u010dki i misionarski duh, i ove vam godine nudimo bro\u0161uru, nastalu u zajedni\u0161tvu s Nacionalnom upravom Papinskih misijskih djela Bosne i Hercegovine, koja obiluje poticajnim sadr\u017eajima. Kao primjer aktivna i djelatna svjedo\u010denja Bo\u017eje ljubavi pred nama je ponovno <strong>lik slu\u017ebenice Bo\u017eje Pauline Marie Jaricot, utemeljiteljice Djela za \u0161irenje vjere<\/strong>, \u010diji je plod Svjetski dan misija, a \u010diji nam \u017eivot govori upravo o odu\u0161evljenu zauzimanju i tra\u017eenju na\u010dina za pomo\u0107 onima koji su najpotrebitiji, bilo duhovno bilo materijalno.<\/p>\n<p><strong>Svjetski dan misija spaja sve katolike svijeta u jednu zajednicu vjere. Na misi te Misijske nedjelje obvezujemo se na\u0161em zajedni\u010dkom pozivu da kroz kr\u0161tenje budemo misionari molitvom, sudjelovanjem u sv. misi i velikodu\u0161nim darivanjem priloga za Papinsko misijsko djelo za \u0161irenje vjere.<\/strong><\/p>\n<p>Materijali koji se nude za osmi\u0161ljavanje Dana misija odnose se na liturgiju i animaciju. U liturgijskom dijelu donosimo meditacije na\u0161ih misionara na dnevna liturgijska \u010ditanja u tjednu prije Misijske nedjelje, meditaciju za sam Svjetski dan misija, pripadaju\u0107u molitvu vjernika te predlo\u017eak za euharistijsko klanjanje. Animacijski dio nudi jednu katehezu za ni\u017ee i jednu za vi\u0161e razrede osnovne \u0161kole, kao i razmatranja slavnih otajstava Misijske krunice.<\/p>\n<p>Vjerujemo da \u0107e u anga\u017emanu za pripravu Misijske nedjelje biti poticajne rije\u010di Papine i biskupove poruke, koje se nalaze na samom po\u010detku bro\u0161ure, kao i nakane apostolata molitve, koje nam omogu\u0107uju da svi u molitvi budemo \u201ejedno srce i jedna du\u0161a\u201c (usp. Dj 4, 32).<\/p>\n<p><strong>I ove godine, papa Franjo nas poti\u010de da na Svjetski dan misija, ali i svakoga dana budemo misionari tako \u0161to \u0107emo \u017eivjeti svoj \u201epoziv da izi\u0111emo iz sebe samih iz ljubavi prema Bogu i bli\u017enjemu \u0161to se pokazuje kao prilika za solidarnost, slu\u017eenje, posredovanje\u201c. <\/strong><\/p>\n<p><strong>\u017delimo stoga da ovaj Svjetski dan misija svima bude prigoda za svjedo\u010danstvo Bo\u017eje ljubavi prema svakom \u010dovjeku, ali i za svjedo\u010danstvo na\u0161e me\u0111usobne ljubavi, koja ne ostaje samo na rije\u010dima, ve\u0107 se pokazuje i uzajamnim pomaganjem i konkretnim djelima.<\/strong><\/p>\n<p><img loading=\"lazy\" decoding=\"async\" class=\"osjencanaSlika aligncenter wp-image-1691 size-translogic-thumb-big\" src=\"https:\/\/misije.hr\/wp-content\/uploads\/2021\/10\/prikaz-animacijski-materijali_Svjetski-dan-misija-740x524.jpg\" alt=\"SVJETSKI DAN MISIJA 2021. - prikaz animacijski materijali\" width=\"740\" height=\"524\" \/><\/p>\n<p>Misijski materijali pomo\u0107i \u0107e oblikovanju misijske duhovnosti vjernika, a za sve dodatne informacije stojimo na raspolaganju i rado \u0107emo pomo\u0107i: <a href=\"mailto:missio.croatia@misije.hr\">missio.croatia@misije.hr<\/a><\/p>\n\n\t\t<\/div>\n\t<\/div>\n<div class=\"vc_row wpb_row vc_inner vc_row-fluid vc_custom_1634494403035\"><div class=\"wpb_column vc_column_container vc_col-sm-3 sc_layouts_column_icons_position_left\"><div class=\"vc_column-inner\"><div class=\"wpb_wrapper\"><div class=\"vc_btn3-container vc_btn3-center\" ><a class=\"vc_general vc_btn3 vc_btn3-size-md vc_btn3-shape-rounded vc_btn3-style-flat vc_btn3-block vc_btn3-color-sandy-brown\" href=\"\/wp-content\/uploads\/2021\/10\/Animacijski-materijal_compressed.pdf\" title=\"ANIMACIJSKI MATERIJAL\" target=\"_blank\">ANIMACIJSKI MATERIJAL<\/a><\/div><\/div><\/div><\/div><div class=\"wpb_column vc_column_container vc_col-sm-9 sc_layouts_column_icons_position_left\"><div class=\"vc_column-inner\"><div class=\"wpb_wrapper\"><\/div><\/div><\/div><\/div><div class=\"vc_row wpb_row vc_inner vc_row-fluid vc_custom_1634494410548\"><div class=\"wpb_column vc_column_container vc_col-sm-3 sc_layouts_column_icons_position_left\"><div class=\"vc_column-inner\"><div class=\"wpb_wrapper\"><div class=\"vc_btn3-container vc_btn3-center\" ><a class=\"vc_general vc_btn3 vc_btn3-size-md vc_btn3-shape-rounded vc_btn3-style-flat vc_btn3-block vc_btn3-color-sandy-brown\" href=\"\/wp-content\/uploads\/2021\/10\/Letak_compressed.pdf\" title=\"LETAK\" target=\"_blank\">LETAK<\/a><\/div><\/div><\/div><\/div><div class=\"wpb_column vc_column_container vc_col-sm-9 sc_layouts_column_icons_position_left\"><div class=\"vc_column-inner\"><div class=\"wpb_wrapper\"><\/div><\/div><\/div><\/div><\/div><\/div><\/div><\/div><div class=\"vc_row wpb_row vc_row-fluid\"><div class=\"wpb_column vc_column_container vc_col-sm-12 sc_layouts_column_icons_position_left\"><div class=\"vc_column-inner\"><div class=\"wpb_wrapper\">\n\t<div class=\"wpb_text_column wpb_content_element\" >\n\t\t<div class=\"wpb_wrapper\">\n\t\t\t<p>Ne zaboravimo da Bog sve mo\u017ee, ali \u017eeli na\u0161u suradnju!<\/p>\n\n\t\t<\/div>\n\t<\/div>\n<\/div><\/div><\/div><\/div>","protected":false},"excerpt":{"rendered":"\u201eNe mo\u017eemo ne govoriti o onome \u0161to vidjesmo i \u010dusmo\u201c (Dj 4, 20) geslo je ovogodi\u0161njega Svjetskog dana misija, koji se slavi 24. listopada. Papa Franjo nas porukom poslanom pod tim geslom poziva na odu\u0161evljeno svjedo\u010denje susreta sa \u017eivim Bogom, koji doti\u010de i obnavlja \u017eivote. Zajedno s Kristovom Crkvom pozvani smo pru\u017eiti molitvenu i materijalnu podr\u0161ku najugro\u017eenijima u misijskim zemljama.&hellip;","protected":false},"author":1,"featured_media":0,"parent":0,"menu_order":0,"comment_status":"closed","ping_status":"closed","template":"","meta":{"_acf_changed":false,"footnotes":""},"class_list":["post-1686","page","type-page","status-publish","hentry"],"acf":[],"yoast_head":"<!-- This site is optimized with the Yoast SEO plugin v27.3 - https:\/\/yoast.com\/product\/yoast-seo-wordpress\/ -->\n<title>SVJETSKI DAN MISIJA 2021. - Misije<\/title>\n<meta name=\"description\" content=\"SVJETSKI DAN MISIJA 2021.\" \/>\n<meta name=\"robots\" content=\"index, follow, max-snippet:-1, max-image-preview:large, max-video-preview:-1\" \/>\n<link rel=\"canonical\" href=\"https:\/\/misije.hr\/en\/svjetski-dan-misija-2021\/\" \/>\n<meta property=\"og:locale\" content=\"en_US\" \/>\n<meta property=\"og:type\" content=\"article\" \/>\n<meta property=\"og:title\" content=\"SVJETSKI DAN MISIJA 2021. - Misije\" \/>\n<meta property=\"og:description\" content=\"SVJETSKI DAN MISIJA 2021.\" \/>\n<meta property=\"og:url\" content=\"https:\/\/misije.hr\/en\/svjetski-dan-misija-2021\/\" \/>\n<meta property=\"og:site_name\" content=\"Misije\" \/>\n<meta property=\"article:publisher\" content=\"https:\/\/www.facebook.com\/missioHR\" \/>\n<meta property=\"article:modified_time\" content=\"2021-10-23T02:50:39+00:00\" \/>\n<meta property=\"og:image\" content=\"https:\/\/misije.hr\/wp-content\/uploads\/2021\/10\/Plakat.jpg\" \/>\n<meta name=\"twitter:card\" content=\"summary_large_image\" \/>\n<meta name=\"twitter:label1\" content=\"Est. reading time\" \/>\n\t<meta name=\"twitter:data1\" content=\"3 minutes\" \/>\n<script type=\"application\/ld+json\" class=\"yoast-schema-graph\">{\"@context\":\"https:\\\/\\\/schema.org\",\"@graph\":[{\"@type\":\"WebPage\",\"@id\":\"https:\\\/\\\/misije.hr\\\/svjetski-dan-misija-2021\\\/\",\"url\":\"https:\\\/\\\/misije.hr\\\/svjetski-dan-misija-2021\\\/\",\"name\":\"SVJETSKI DAN MISIJA 2021. - Misije\",\"isPartOf\":{\"@id\":\"https:\\\/\\\/misije.hr\\\/#website\"},\"primaryImageOfPage\":{\"@id\":\"https:\\\/\\\/misije.hr\\\/svjetski-dan-misija-2021\\\/#primaryimage\"},\"image\":{\"@id\":\"https:\\\/\\\/misije.hr\\\/svjetski-dan-misija-2021\\\/#primaryimage\"},\"thumbnailUrl\":\"https:\\\/\\\/misije.hr\\\/wp-content\\\/uploads\\\/2021\\\/10\\\/Plakat.jpg\",\"datePublished\":\"2021-10-14T17:14:16+00:00\",\"dateModified\":\"2021-10-23T02:50:39+00:00\",\"description\":\"SVJETSKI DAN MISIJA 2021.\",\"breadcrumb\":{\"@id\":\"https:\\\/\\\/misije.hr\\\/svjetski-dan-misija-2021\\\/#breadcrumb\"},\"inLanguage\":\"en-US\",\"potentialAction\":[{\"@type\":\"ReadAction\",\"target\":[\"https:\\\/\\\/misije.hr\\\/svjetski-dan-misija-2021\\\/\"]}]},{\"@type\":\"ImageObject\",\"inLanguage\":\"en-US\",\"@id\":\"https:\\\/\\\/misije.hr\\\/svjetski-dan-misija-2021\\\/#primaryimage\",\"url\":\"https:\\\/\\\/misije.hr\\\/wp-content\\\/uploads\\\/2021\\\/10\\\/Plakat.jpg\",\"contentUrl\":\"https:\\\/\\\/misije.hr\\\/wp-content\\\/uploads\\\/2021\\\/10\\\/Plakat.jpg\"},{\"@type\":\"BreadcrumbList\",\"@id\":\"https:\\\/\\\/misije.hr\\\/svjetski-dan-misija-2021\\\/#breadcrumb\",\"itemListElement\":[{\"@type\":\"ListItem\",\"position\":1,\"name\":\"Naslovnica\",\"item\":\"https:\\\/\\\/misije.hr\\\/\"},{\"@type\":\"ListItem\",\"position\":2,\"name\":\"SVJETSKI DAN MISIJA 2021.\"}]},{\"@type\":\"WebSite\",\"@id\":\"https:\\\/\\\/misije.hr\\\/#website\",\"url\":\"https:\\\/\\\/misije.hr\\\/\",\"name\":\"Misije\",\"description\":\"misije\",\"publisher\":{\"@id\":\"https:\\\/\\\/misije.hr\\\/#organization\"},\"potentialAction\":[{\"@type\":\"SearchAction\",\"target\":{\"@type\":\"EntryPoint\",\"urlTemplate\":\"https:\\\/\\\/misije.hr\\\/?s={search_term_string}\"},\"query-input\":{\"@type\":\"PropertyValueSpecification\",\"valueRequired\":true,\"valueName\":\"search_term_string\"}}],\"inLanguage\":\"en-US\"},{\"@type\":\"Organization\",\"@id\":\"https:\\\/\\\/misije.hr\\\/#organization\",\"name\":\"Papinska misijska djela u Republici Hrvatskoj\",\"url\":\"https:\\\/\\\/misije.hr\\\/\",\"logo\":{\"@type\":\"ImageObject\",\"inLanguage\":\"en-US\",\"@id\":\"https:\\\/\\\/misije.hr\\\/#\\\/schema\\\/logo\\\/image\\\/\",\"url\":\"https:\\\/\\\/misije.hr\\\/wp-content\\\/uploads\\\/2021\\\/10\\\/Logo_transparent_compressed-1.png\",\"contentUrl\":\"https:\\\/\\\/misije.hr\\\/wp-content\\\/uploads\\\/2021\\\/10\\\/Logo_transparent_compressed-1.png\",\"width\":871,\"height\":876,\"caption\":\"Papinska misijska djela u Republici Hrvatskoj\"},\"image\":{\"@id\":\"https:\\\/\\\/misije.hr\\\/#\\\/schema\\\/logo\\\/image\\\/\"},\"sameAs\":[\"https:\\\/\\\/www.facebook.com\\\/missioHR\"]}]}<\/script>\n<!-- \/ Yoast SEO plugin. -->","yoast_head_json":{"title":"SVJETSKI DAN MISIJA 2021. - Misije","description":"SVJETSKI DAN MISIJA 2021.","robots":{"index":"index","follow":"follow","max-snippet":"max-snippet:-1","max-image-preview":"max-image-preview:large","max-video-preview":"max-video-preview:-1"},"canonical":"https:\/\/misije.hr\/en\/svjetski-dan-misija-2021\/","og_locale":"en_US","og_type":"article","og_title":"SVJETSKI DAN MISIJA 2021. - Misije","og_description":"SVJETSKI DAN MISIJA 2021.","og_url":"https:\/\/misije.hr\/en\/svjetski-dan-misija-2021\/","og_site_name":"Misije","article_publisher":"https:\/\/www.facebook.com\/missioHR","article_modified_time":"2021-10-23T02:50:39+00:00","og_image":[{"url":"https:\/\/misije.hr\/wp-content\/uploads\/2021\/10\/Plakat.jpg","type":"","width":"","height":""}],"twitter_card":"summary_large_image","twitter_misc":{"Est. reading time":"3 minutes"},"schema":{"@context":"https:\/\/schema.org","@graph":[{"@type":"WebPage","@id":"https:\/\/misije.hr\/svjetski-dan-misija-2021\/","url":"https:\/\/misije.hr\/svjetski-dan-misija-2021\/","name":"SVJETSKI DAN MISIJA 2021. - Misije","isPartOf":{"@id":"https:\/\/misije.hr\/#website"},"primaryImageOfPage":{"@id":"https:\/\/misije.hr\/svjetski-dan-misija-2021\/#primaryimage"},"image":{"@id":"https:\/\/misije.hr\/svjetski-dan-misija-2021\/#primaryimage"},"thumbnailUrl":"https:\/\/misije.hr\/wp-content\/uploads\/2021\/10\/Plakat.jpg","datePublished":"2021-10-14T17:14:16+00:00","dateModified":"2021-10-23T02:50:39+00:00","description":"SVJETSKI DAN MISIJA 2021.","breadcrumb":{"@id":"https:\/\/misije.hr\/svjetski-dan-misija-2021\/#breadcrumb"},"inLanguage":"en-US","potentialAction":[{"@type":"ReadAction","target":["https:\/\/misije.hr\/svjetski-dan-misija-2021\/"]}]},{"@type":"ImageObject","inLanguage":"en-US","@id":"https:\/\/misije.hr\/svjetski-dan-misija-2021\/#primaryimage","url":"https:\/\/misije.hr\/wp-content\/uploads\/2021\/10\/Plakat.jpg","contentUrl":"https:\/\/misije.hr\/wp-content\/uploads\/2021\/10\/Plakat.jpg"},{"@type":"BreadcrumbList","@id":"https:\/\/misije.hr\/svjetski-dan-misija-2021\/#breadcrumb","itemListElement":[{"@type":"ListItem","position":1,"name":"Naslovnica","item":"https:\/\/misije.hr\/"},{"@type":"ListItem","position":2,"name":"SVJETSKI DAN MISIJA 2021."}]},{"@type":"WebSite","@id":"https:\/\/misije.hr\/#website","url":"https:\/\/misije.hr\/","name":"Missions","description":"misije","publisher":{"@id":"https:\/\/misije.hr\/#organization"},"potentialAction":[{"@type":"SearchAction","target":{"@type":"EntryPoint","urlTemplate":"https:\/\/misije.hr\/?s={search_term_string}"},"query-input":{"@type":"PropertyValueSpecification","valueRequired":true,"valueName":"search_term_string"}}],"inLanguage":"en-US"},{"@type":"Organization","@id":"https:\/\/misije.hr\/#organization","name":"Papinska misijska djela u Republici Hrvatskoj","url":"https:\/\/misije.hr\/","logo":{"@type":"ImageObject","inLanguage":"en-US","@id":"https:\/\/misije.hr\/#\/schema\/logo\/image\/","url":"https:\/\/misije.hr\/wp-content\/uploads\/2021\/10\/Logo_transparent_compressed-1.png","contentUrl":"https:\/\/misije.hr\/wp-content\/uploads\/2021\/10\/Logo_transparent_compressed-1.png","width":871,"height":876,"caption":"Papinska misijska djela u Republici Hrvatskoj"},"image":{"@id":"https:\/\/misije.hr\/#\/schema\/logo\/image\/"},"sameAs":["https:\/\/www.facebook.com\/missioHR"]}]}},"_links":{"self":[{"href":"https:\/\/misije.hr\/en\/wp-json\/wp\/v2\/pages\/1686","targetHints":{"allow":["GET"]}}],"collection":[{"href":"https:\/\/misije.hr\/en\/wp-json\/wp\/v2\/pages"}],"about":[{"href":"https:\/\/misije.hr\/en\/wp-json\/wp\/v2\/types\/page"}],"author":[{"embeddable":true,"href":"https:\/\/misije.hr\/en\/wp-json\/wp\/v2\/users\/1"}],"replies":[{"embeddable":true,"href":"https:\/\/misije.hr\/en\/wp-json\/wp\/v2\/comments?post=1686"}],"version-history":[{"count":13,"href":"https:\/\/misije.hr\/en\/wp-json\/wp\/v2\/pages\/1686\/revisions"}],"predecessor-version":[{"id":1732,"href":"https:\/\/misije.hr\/en\/wp-json\/wp\/v2\/pages\/1686\/revisions\/1732"}],"wp:attachment":[{"href":"https:\/\/misije.hr\/en\/wp-json\/wp\/v2\/media?parent=1686"}],"curies":[{"name":"wp","href":"https:\/\/api.w.org\/{rel}","templated":true}]}}