{"id":17,"date":"2021-09-27T01:21:16","date_gmt":"2021-09-27T01:21:16","guid":{"rendered":"https:\/\/misije.hbk.hr\/?page_id=17"},"modified":"2021-10-23T02:27:10","modified_gmt":"2021-10-23T02:27:10","slug":"djelo-svetog-djetinjstva","status":"publish","type":"page","link":"https:\/\/misije.hr\/en\/djelo-svetog-djetinjstva\/","title":{"rendered":"HOLY CHILDHOOD"},"content":{"rendered":"<section class=\"vc_section\"><div class=\"vc_row wpb_row vc_row-fluid\"><div class=\"wpb_column vc_column_container vc_col-sm-12 sc_layouts_column_icons_position_left\"><div class=\"vc_column-inner\"><div class=\"wpb_wrapper\"><div class=\"vc_separator wpb_content_element vc_separator_align_center vc_sep_width_100 vc_sep_pos_align_center vc_separator_no_text vc_sep_color_grey vc_custom_1634858888744  vc_custom_1634858888744\" ><span class=\"vc_sep_holder vc_sep_holder_l\"><span  class=\"vc_sep_line\"><\/span><\/span><span class=\"vc_sep_holder vc_sep_holder_r\"><span  class=\"vc_sep_line\"><\/span><\/span>\n<\/div><\/div><\/div><\/div><\/div><div class=\"vc_row wpb_row vc_row-fluid\"><div class=\"wpb_column vc_column_container vc_col-sm-12 sc_layouts_column_icons_position_left\"><div class=\"vc_column-inner\"><div class=\"wpb_wrapper\"><div  class=\"vc_wp_custommenu wpb_content_element wpCustomMenuDesign\"><div class=\"widget widget_nav_menu\"><div class=\"menu-djelo-sv-djetinjstva-container\"><ul id=\"menu-djelo-sv-djetinjstva\" class=\"menu\"><li id=\"menu-item-2156\" class=\"menu-item menu-item-type-post_type menu-item-object-page menu-item-2156\"><a href=\"https:\/\/misije.hr\/en\/djelo-svetog-djetinjstva\/sarena-zbirka\/\" data-ps2id-api=\"true\">\u0160ARENA ZBIRKA<\/a><\/li>\n<li id=\"menu-item-2447\" class=\"menu-item menu-item-type-post_type menu-item-object-page menu-item-2447\"><a href=\"https:\/\/misije.hr\/en\/djelo-svetog-djetinjstva\/djelo-sv-djetinjstva-2025-2026\/\" data-ps2id-api=\"true\">DJELO SV. DJETINJSTVA 2025\/2026.<\/a><\/li>\n<li id=\"menu-item-2349\" class=\"menu-item menu-item-type-post_type menu-item-object-page menu-item-2349\"><a href=\"https:\/\/misije.hr\/en\/djelo-svetog-djetinjstva\/djelo-sv-djetinjstva-2024-2025\/\" data-ps2id-api=\"true\">DJELO SV. DJETINJSTVA 2024\/2025.<\/a><\/li>\n<li id=\"menu-item-2233\" class=\"menu-item menu-item-type-post_type menu-item-object-page menu-item-2233\"><a href=\"https:\/\/misije.hr\/en\/djelo-svetog-djetinjstva\/djelo-sv-djetinjstva-2023\/\" data-ps2id-api=\"true\">DJELO SV. DJETINJSTVA 2023<\/a><\/li>\n<li id=\"menu-item-2099\" class=\"menu-item menu-item-type-post_type menu-item-object-page menu-item-2099\"><a href=\"https:\/\/misije.hr\/en\/djelo-svetog-djetinjstva\/djelo-sv-djetinjstva-2022\/\" data-ps2id-api=\"true\">DJELO SV. DJETINJSTVA 2022<\/a><\/li>\n<li id=\"menu-item-1922\" class=\"menu-item menu-item-type-post_type menu-item-object-page menu-item-1922\"><a href=\"https:\/\/misije.hr\/en\/djelo-sv-djetinjstva-2021\/\" data-ps2id-api=\"true\">DJELO SV. DJETINJSTVA 2021<\/a><\/li>\n<li id=\"menu-item-1067\" class=\"menu-item menu-item-type-post_type menu-item-object-page menu-item-1067\"><a href=\"https:\/\/misije.hr\/en\/pjevaci-betlehemske-zvijezde\/\" data-ps2id-api=\"true\">PJEVA\u010cI BETLEHEMSKE ZVIJEZDE<\/a><\/li>\n<li id=\"menu-item-1071\" class=\"menu-item menu-item-type-post_type menu-item-object-page menu-item-1071\"><a href=\"https:\/\/misije.hr\/en\/misijska-kutijica\/\" data-ps2id-api=\"true\">MISIJSKA KUTIJICA<\/a><\/li>\n<\/ul><\/div><\/div><\/div><\/div><\/div><\/div><\/div><div class=\"vc_row wpb_row vc_row-fluid\"><div class=\"wpb_column vc_column_container vc_col-sm-12 sc_layouts_column_icons_position_left\"><div class=\"vc_column-inner\"><div class=\"wpb_wrapper\"><div class=\"vc_separator wpb_content_element vc_separator_align_center vc_sep_width_100 vc_sep_pos_align_center vc_separator_no_text vc_sep_color_grey vc_custom_1634858895785  vc_custom_1634858895785\" ><span class=\"vc_sep_holder vc_sep_holder_l\"><span  class=\"vc_sep_line\"><\/span><\/span><span class=\"vc_sep_holder vc_sep_holder_r\"><span  class=\"vc_sep_line\"><\/span><\/span>\n<\/div><\/div><\/div><\/div><\/div><\/section><section class=\"vc_section\"><div class=\"vc_row wpb_row vc_row-fluid vc_custom_1634674120549\"><div class=\"wpb_column vc_column_container vc_col-sm-12 sc_layouts_column_icons_position_left\"><div class=\"vc_column-inner\"><div class=\"wpb_wrapper\"><div class=\"vc_row wpb_row vc_inner vc_row-fluid\"><div class=\"wpb_column vc_column_container vc_col-sm-12 sc_layouts_column_icons_position_left\"><div class=\"vc_column-inner\"><div class=\"wpb_wrapper\"><div id=\"sc_title_2088963968\"\n\t\tclass=\"sc_title sc_title_default\"><h2 class=\"sc_item_title sc_title_title sc_align_default sc_item_title_style_default\">POVIJEST<\/h2><\/div><!-- \/.sc_title --><\/div><\/div><\/div><\/div><div class=\"vc_row wpb_row vc_inner vc_row-fluid vc_custom_1633571522820\"><div class=\"wpb_column vc_column_container vc_col-sm-12 sc_layouts_column_icons_position_left\"><div class=\"vc_column-inner\"><div class=\"wpb_wrapper\">\n\t<div class=\"wpb_text_column wpb_content_element\" >\n\t\t<div class=\"wpb_wrapper\">\n\t\t\t<p><img loading=\"lazy\" decoding=\"async\" class=\"osjencanaSlika alignleft wp-image-1082 size-full\" src=\"https:\/\/misije.hr\/wp-content\/uploads\/2021\/10\/charlesdeforbinjanson.jpg\" alt=\"DJELO SVETOG DJETINJSTVA\" width=\"150\" height=\"185\" srcset=\"https:\/\/misije.hr\/wp-content\/uploads\/2021\/10\/charlesdeforbinjanson.jpg 150w, https:\/\/misije.hr\/wp-content\/uploads\/2021\/10\/charlesdeforbinjanson-10x12.jpg 10w\" sizes=\"auto, (max-width: 150px) 100vw, 150px\" \/>Djelo svetog Djetinjstva nastalo je u Francuskoj u svibnju 1843. godine. Osniva\u010d Charles de Forbin-Janson, biskup Nancya, pitao se kako spasiti kinesku djecu, koja su zbog siroma\u0161tva i neznanja svojih roditelja bila prepu\u0161tana umiranju od gladi i to bez sakramenta kr\u0161tenja.<br \/>\n\u017delja biskupa Forbin-Jansona bila je oti\u0107i u Kinu, ali ga je papa Pio VII. zamolio da ostane u svojoj domovini, jer je i njoj bila potrebna evangelizacija. On se posve\u0107uje toj zada\u0107i. Kroz to vrijeme odr\u017eavao je prijateljske veze s misionarima u Kini i od njih primao alarmantne vijesti o beznadnom stanju djece. Novoro\u0111ena djeca bila su ostavljana da umru od gladi, jer ih roditelji nisu imali \u010dime prehraniti. Biskup je bio potresen tim vijestima o sudbini kineske djece i razmi\u0161ljao je kako im pomo\u0107i.<br \/>\nU Lyonu susre\u0107e Paulinu Jaricot (utemeljiteljicu &#8220;Djela za \u0161irenje vjere&#8221;), koja je upoznata sa zastra\u0161uju\u0107om sudbinom kineske djece. Zajedno s njom razmi\u0161lja: &#8220;Kako tu djecu mo\u017eemo spasiti?&#8221; I ubrzo nalazi odgovor: &#8220;Probudimo interes na\u0161e djece da oni pomognu spa\u0161avanje svoje male bra\u0107e u Kini&#8221;. Smi\u0161ljeno, u\u010dinjeno! Dana 9. svibnja 1843. poziva djecu Pariza i predla\u017ee im &#8220;plan spa\u0161avanja&#8221;: svaki dan za djecu u Kini izmoliti jednu Zdravomariju, da po kr\u0161tenju postanu djeca Bo\u017eja, i svakog mjeseca darovati jedan nov\u010di\u0107 za njihove potrebe. Djeca to prihva\u0107aju s odu\u0161evljenjem, i eto, tako je nastalo misijsko &#8220;Dru\u0161tvo Svetog Djetinjstva&#8221;. Dru\u0161tvo se ubrzo pro\u0161irilo u Francuskoj, po zemljama Europe, te u Kanadi i Sjedinjenim Dr\u017eavama. Pape su svesrdno preporu\u010divali i podupirali &#8220;Dru\u0161tvo Svetog Djetinjstva&#8221; te ono u svibnju 1922. dobiva naslov Papinsko misijsko djelo sv. Djetinjstva.<br \/>\nInicijativom biskupa Forbin-Jansona rodio se novi stil misijskog djelovanja koje u sredi\u0161te stavlja milost kr\u0161tenja i poma\u017ee djeci da iz svog kr\u0161\u0107anskog poziva preuzimaju odgovornost djelotvornog svjedo\u010denja Evan\u0111elja. Od po\u010detka se Dru\u0161tvo sv. Djetinjstva pokazalo kao izvrsni put vjere koji je, dovode\u0107i misiju u dje\u010dja srca, omogu\u0107avao djeci otkri\u0107e radosti slu\u017eenja njihovoj bra\u0107i i sestrama. U\u010dinak je bio tim ve\u0107i \u0161to su na molitve, \u017ertve i odu\u0161evljenje europske djece odgovorila kineska djeca, kao i djeca iz drugih misijskih podru\u010dja, isto tako odu\u0161evljenim molitvama i \u017ertvama. Slogan &#8220;djeca poma\u017eu djeci&#8221; pokrenuo je kopernikansku revoluciju u misijskom poslanju Crkve. Po prvi puta maleni su djelovali u Crkvi kao protagonisti pastoralnog rada i pokazali se kao ponizni, jednostavni, ali kreativni i hrabri akteri.<\/p>\n<p><strong>Protagonisti Kraljevstva<\/strong><br \/>\nPrva polovica 19. stolje\u0107a mo\u017ee se nazvati misionarskim prolje\u0107em za europsku Crkvu. Sa Starog kontinenta su na tisu\u0107e vjesnika Radosne vijesti oti\u0161li u daleke zemlje. Francuski misionari su se isticali brojem i hrabro\u0161\u0107u. Njihovo djelovanje je u domovini pratio Bo\u017eji narod molitvom i financijskom potporom te se tako aktivno uklju\u010dio u evangelizaciju naroda. Misijski anga\u017eman djece bio je bez sumnje ne\u0161to novo i jedinstveno u povijesti Crkve. Do tada su djeca smatrana objektom misija i primateljima Poruke. Iznenada oni postaju uvjereni i odlu\u010dni suradnici u misijskom poslanju Crkve.<\/p>\n<p><strong>Djelo svetog Djetinjstva danas<\/strong><br \/>\nDanas je, nakon 170 godina, Djelo svetog Djetinjstva ra\u0161ireno po cijelome svijetu, u preko 120 zemalja. I dandanas su djeca u mnogim krajevima svijeta bez osnovnih uvjeta za \u017eivot, prisiljavana na te\u0161ki fizi\u010dki rad, prepu\u0161tena ulici u predgra\u0111ima velegradova, izlo\u017eena kriminalu ili su prisiljavana da sudjeluju u ratnim operacijama (osobito u afri\u010dkim zemljama). Lista Generalnog tajni\u0161tva ovog Djela o dodjeli pomo\u0107i svake godine je sve du\u017ea. U ovoj velikoj knjizi solidarnosti ima mjesta za sve koji u ime Evan\u0111elja rade i koji po\u0161tuju ljudska prava.<br \/>\nS kakvim je samo odu\u0161evljenjem i s kojim je rije\u010dima papa Ivan Pavao II. 14. lipnja 2003. godine pozdravio preko 6.000 malih misionara koji su do\u0161li iz cijele Italije kako bi zajedno sa Svetim Ocem proslavili 160. ro\u0111endan ovoga Djela. Papa je tada rekao kako je s &#8220;malim sjemenjem koje su djeca posijala izraslo veli\u010danstveno djelo&#8221;: &#8220;Na jugu na\u0161e planete \u010duje se pla\u010d djece koja su osu\u0111ena na glad i bolesti, koja su bijedom povezana. I taj vapaj postaje sve glasniji i ti\u010de se svih nas\u2026 Draga djeco Djela svetog Djetinjstva vi ste prvi koji su odgovorili na taj vapaj. Vi ste lanac solidarnosti preko pet kontinenata i dajete mogu\u0107nost bogatima da ne\u0161to daju siroma\u0161nima. Budite trajni nositelji uzajamnog darivanja koje neprestano doprinosi kako bi se stvorila bolja budu\u0107nost za sve.&#8221; Ovaj duh misijske aktivnosti Djela svetog Djetinjstva pokazuje se u tisu\u0107u inicijativa i projekata i razli\u010dit je od jedne zemlje do druge. Ako se samo malo prelistaju izvje\u0161\u0107a o potpori koju je ovo Djelo dalo u brojnim projektima za izgradnju \u0161kola, raznih ustanova za izobrazbu, zanatskih \u0161kola i \u0161kola za vjeronauk mo\u017eemo vidjeti velike u\u010dinke ovog misijskog djelovanja.<\/p>\n<p>Biskup de Forbin-Janson bio je uvjeren da je Isus pro\u017eeo misijskim \u017earom krhkost djetinjih du\u0161a te je tako postao izvorom milosti za svakoga, osobito za djecu i sve one koji postati nevini poput njih. Misija Djela sv. Djetinjstva ostvaruje se u malim djelima: mislima o miru, bratskim osje\u0107ajima, solidarno\u0161\u0107u, igrom, radom, molitvom. Djeca poma\u017eu djeci i zajedno hodaju s Isusom u susret Ocu.<\/p>\n<p><strong>Papinsko misijsko Djelo svetog Djetinjstva ima za ciljeve:<\/strong><br \/>\nPapinsko misijsko djelo svetog Djetinjstva obra\u0107a se djeci i adolescentima kako bi ih osvijestilo i dalo im podr\u0161ku kvalificiranom i jasnom pedagogijom, dalo im otvorenost za milosr\u0111e i kr\u0161\u0107ansku solidarnost. \u201eSlavim te, O\u010de, Gospodaru neba i zemlje, jer si ovo sakrio od mudrih i umnih, a objavio malenima.\u201c (Lk 10,21) 2. Poznaju\u0107i i iskusiv\u0161i u \u201eIsusovoj \u0161koli\u201c dokaze radosnog \u017eivota s Isusom svojim bratom, oni mole za svu djecu diljem svijeta i poku\u0161avaju pomo\u0107i im da ga upoznaju i zavole.<br \/>\nPustite dje\u010dicu k meni; Nemojte im prije\u010diti (\u2026) Zaista ka\u017eem vam, tko ne primi kraljevstva Bo\u017ejega kao malo dijete, taj sigurno ne\u0107e u\u0107i u nj. (Mk 10,14-15) &#8211; Djeca vole djecu -. 3. Putem pedago\u0161ko-katehetskog programa, su \u017eupe, \u0161kole i obitelji anga\u017eirani u formaciji svoje djece i djeluju \u00a0kao aktivni subjekti u njihovom odgoju. Vode ih tako da postupno otvaraju svoj razum prema svjetskim dimenzijama i otvaraju svoja srca davanju onoga \u010dega imaju u izobilju djeci koja su u nevolji. \u2013 Djeca poma\u017eu djeci -. 4. PDZSD predla\u017ee da iz ljubavi prema Isusu i da bi ga opona\u0161ali, djeca trebaju postaviti ideal svoga \u017eivota poziv u misije, koje spa\u0161avaju djecu tako da ih u\u010dine djecom Bo\u017ejom kako bi postali cjelovite osobe. \u2013 Djeca postaju misionari i \u010dine drugu djecu misionarima.<\/p>\n<p><strong>Duhovna potpora<\/strong><br \/>\n1. Posebna pobo\u017enost prema Djetetu Isusu, bratu sve djece u svijetu.<br \/>\n2. \u010ce\u0161\u0107e primanje svetih sakramenata kako bi bili u iskrenoj zajednici s Isusom i sa svom djecom u svijetu.<br \/>\n3. Svaki dan Zdravo Marijo majci Isusovoj za svu djecu koja pate i kojima je potrebna pomo\u0107.<br \/>\n4. U\u010dlanjenje u Zajednicu Djela sv. Djetinjstva da bi donijeli Evan\u0111elje drugima.<br \/>\n5. Priprema molitvom i pjesmom da se najavi ro\u0111enje Djeteta Isusa kao \u201ePjeva\u010di Betlehemske zvijezde\u201c.<br \/>\n6. Slavljenje Dana Djela sv.\u00a0Djetinjstva: (6. sije\u010dnja).<\/p>\n<p><strong>Materijalna potpora<\/strong><br \/>\n1. Specijalni program za pripremu vo\u0111a i animatora Djela svetog Djetinjstva i sklonost biskupa 110 nacija gdje je Djelo prisutno.<br \/>\n2. Davanje nov\u010di\u0107a tjedno ili vlastite u\u0161te\u0111evine za siroma\u0161nu djecu svijeta.<br \/>\n3. Sudjelovanje u aktivnostima i pomaganje djeci kako bi im se omogu\u0107ilo da budu ro\u0111eni i da se sprije\u010di da ih se iskori\u0161tava u ekonomske ili seksualne svrhe te da ljudi budu potpuno otvoreni na prihva\u0107anje emigranata ili djece u izbjegli\u0161tvu.<br \/>\n4. Prikupljanje i raspodjela fondova stvorenih za odgoj i dru\u0161tvene projekte Djela svetog Djetinjstva po cijelom svijetu.<br \/>\n5. Sudjelovanje u tradicionalnim manifestacijama kao \u201ePjeva\u010di Betlehemske zvijezde\u201c ili planiranje raznih skupina kako bi skupili fondove za tro\u0161kove \u017eivota i odgoj siroma\u0161ne djece.<\/p>\n\n\t\t<\/div>\n\t<\/div>\n<\/div><\/div><\/div><\/div><\/div><\/div><\/div><\/div><\/section>","protected":false},"excerpt":{"rendered":"\u0160ARENA ZBIRKA DJELO SV. DJETINJSTVA 2025\/2026. DJELO SV. DJETINJSTVA 2024\/2025. DJELO SV. DJETINJSTVA 2023 DJELO SV. DJETINJSTVA 2022 DJELO SV. DJETINJSTVA 2021 PJEVA\u010cI BETLEHEMSKE ZVIJEZDE MISIJSKA KUTIJICA POVIJEST Djelo svetog Djetinjstva nastalo je u Francuskoj u svibnju 1843. godine. Osniva\u010d Charles de Forbin-Janson, biskup Nancya, pitao se kako spasiti kinesku djecu, koja su zbog siroma\u0161tva i neznanja svojih roditelja bila&hellip;","protected":false},"author":1,"featured_media":0,"parent":0,"menu_order":0,"comment_status":"closed","ping_status":"closed","template":"","meta":{"_acf_changed":false,"footnotes":""},"class_list":["post-17","page","type-page","status-publish","hentry"],"acf":[],"yoast_head":"<!-- This site is optimized with the Yoast SEO plugin v27.3 - https:\/\/yoast.com\/product\/yoast-seo-wordpress\/ -->\n<title>DJELO SVETOG DJETINJSTVA - Misije<\/title>\n<meta name=\"description\" content=\"DJELO SVETOG DJETINJSTVA\" \/>\n<meta name=\"robots\" content=\"index, follow, max-snippet:-1, max-image-preview:large, max-video-preview:-1\" \/>\n<link rel=\"canonical\" href=\"https:\/\/misije.hr\/en\/djelo-svetog-djetinjstva\/\" \/>\n<meta property=\"og:locale\" content=\"en_US\" \/>\n<meta property=\"og:type\" content=\"article\" \/>\n<meta property=\"og:title\" content=\"DJELO SVETOG DJETINJSTVA - Misije\" \/>\n<meta property=\"og:description\" content=\"DJELO SVETOG DJETINJSTVA\" \/>\n<meta property=\"og:url\" content=\"https:\/\/misije.hr\/en\/djelo-svetog-djetinjstva\/\" \/>\n<meta property=\"og:site_name\" content=\"Misije\" \/>\n<meta property=\"article:publisher\" content=\"https:\/\/www.facebook.com\/missioHR\" \/>\n<meta property=\"article:modified_time\" content=\"2021-10-23T02:27:10+00:00\" \/>\n<meta property=\"og:image\" content=\"https:\/\/misije.hr\/wp-content\/uploads\/2021\/10\/charlesdeforbinjanson.jpg\" \/>\n<meta name=\"twitter:card\" content=\"summary_large_image\" \/>\n<meta name=\"twitter:label1\" content=\"Est. reading time\" \/>\n\t<meta name=\"twitter:data1\" content=\"7 minutes\" \/>\n<script type=\"application\/ld+json\" class=\"yoast-schema-graph\">{\"@context\":\"https:\\\/\\\/schema.org\",\"@graph\":[{\"@type\":\"WebPage\",\"@id\":\"https:\\\/\\\/misije.hr\\\/djelo-svetog-djetinjstva\\\/\",\"url\":\"https:\\\/\\\/misije.hr\\\/djelo-svetog-djetinjstva\\\/\",\"name\":\"DJELO SVETOG DJETINJSTVA - Misije\",\"isPartOf\":{\"@id\":\"https:\\\/\\\/misije.hr\\\/#website\"},\"primaryImageOfPage\":{\"@id\":\"https:\\\/\\\/misije.hr\\\/djelo-svetog-djetinjstva\\\/#primaryimage\"},\"image\":{\"@id\":\"https:\\\/\\\/misije.hr\\\/djelo-svetog-djetinjstva\\\/#primaryimage\"},\"thumbnailUrl\":\"https:\\\/\\\/misije.hr\\\/wp-content\\\/uploads\\\/2021\\\/10\\\/charlesdeforbinjanson.jpg\",\"datePublished\":\"2021-09-27T01:21:16+00:00\",\"dateModified\":\"2021-10-23T02:27:10+00:00\",\"description\":\"DJELO SVETOG DJETINJSTVA\",\"breadcrumb\":{\"@id\":\"https:\\\/\\\/misije.hr\\\/djelo-svetog-djetinjstva\\\/#breadcrumb\"},\"inLanguage\":\"en-US\",\"potentialAction\":[{\"@type\":\"ReadAction\",\"target\":[\"https:\\\/\\\/misije.hr\\\/djelo-svetog-djetinjstva\\\/\"]}]},{\"@type\":\"ImageObject\",\"inLanguage\":\"en-US\",\"@id\":\"https:\\\/\\\/misije.hr\\\/djelo-svetog-djetinjstva\\\/#primaryimage\",\"url\":\"https:\\\/\\\/misije.hr\\\/wp-content\\\/uploads\\\/2021\\\/10\\\/charlesdeforbinjanson.jpg\",\"contentUrl\":\"https:\\\/\\\/misije.hr\\\/wp-content\\\/uploads\\\/2021\\\/10\\\/charlesdeforbinjanson.jpg\"},{\"@type\":\"BreadcrumbList\",\"@id\":\"https:\\\/\\\/misije.hr\\\/djelo-svetog-djetinjstva\\\/#breadcrumb\",\"itemListElement\":[{\"@type\":\"ListItem\",\"position\":1,\"name\":\"Naslovnica\",\"item\":\"https:\\\/\\\/misije.hr\\\/\"},{\"@type\":\"ListItem\",\"position\":2,\"name\":\"DJELO SVETOG DJETINJSTVA\"}]},{\"@type\":\"WebSite\",\"@id\":\"https:\\\/\\\/misije.hr\\\/#website\",\"url\":\"https:\\\/\\\/misije.hr\\\/\",\"name\":\"Misije\",\"description\":\"misije\",\"publisher\":{\"@id\":\"https:\\\/\\\/misije.hr\\\/#organization\"},\"potentialAction\":[{\"@type\":\"SearchAction\",\"target\":{\"@type\":\"EntryPoint\",\"urlTemplate\":\"https:\\\/\\\/misije.hr\\\/?s={search_term_string}\"},\"query-input\":{\"@type\":\"PropertyValueSpecification\",\"valueRequired\":true,\"valueName\":\"search_term_string\"}}],\"inLanguage\":\"en-US\"},{\"@type\":\"Organization\",\"@id\":\"https:\\\/\\\/misije.hr\\\/#organization\",\"name\":\"Papinska misijska djela u Republici Hrvatskoj\",\"url\":\"https:\\\/\\\/misije.hr\\\/\",\"logo\":{\"@type\":\"ImageObject\",\"inLanguage\":\"en-US\",\"@id\":\"https:\\\/\\\/misije.hr\\\/#\\\/schema\\\/logo\\\/image\\\/\",\"url\":\"https:\\\/\\\/misije.hr\\\/wp-content\\\/uploads\\\/2021\\\/10\\\/Logo_transparent_compressed-1.png\",\"contentUrl\":\"https:\\\/\\\/misije.hr\\\/wp-content\\\/uploads\\\/2021\\\/10\\\/Logo_transparent_compressed-1.png\",\"width\":871,\"height\":876,\"caption\":\"Papinska misijska djela u Republici Hrvatskoj\"},\"image\":{\"@id\":\"https:\\\/\\\/misije.hr\\\/#\\\/schema\\\/logo\\\/image\\\/\"},\"sameAs\":[\"https:\\\/\\\/www.facebook.com\\\/missioHR\"]}]}<\/script>\n<!-- \/ Yoast SEO plugin. -->","yoast_head_json":{"title":"DJELO SVETOG DJETINJSTVA - Misije","description":"HOLY CHILDHOOD","robots":{"index":"index","follow":"follow","max-snippet":"max-snippet:-1","max-image-preview":"max-image-preview:large","max-video-preview":"max-video-preview:-1"},"canonical":"https:\/\/misije.hr\/en\/djelo-svetog-djetinjstva\/","og_locale":"en_US","og_type":"article","og_title":"DJELO SVETOG DJETINJSTVA - Misije","og_description":"DJELO SVETOG DJETINJSTVA","og_url":"https:\/\/misije.hr\/en\/djelo-svetog-djetinjstva\/","og_site_name":"Misije","article_publisher":"https:\/\/www.facebook.com\/missioHR","article_modified_time":"2021-10-23T02:27:10+00:00","og_image":[{"url":"https:\/\/misije.hr\/wp-content\/uploads\/2021\/10\/charlesdeforbinjanson.jpg","type":"","width":"","height":""}],"twitter_card":"summary_large_image","twitter_misc":{"Est. reading time":"7 minutes"},"schema":{"@context":"https:\/\/schema.org","@graph":[{"@type":"WebPage","@id":"https:\/\/misije.hr\/djelo-svetog-djetinjstva\/","url":"https:\/\/misije.hr\/djelo-svetog-djetinjstva\/","name":"DJELO SVETOG DJETINJSTVA - Misije","isPartOf":{"@id":"https:\/\/misije.hr\/#website"},"primaryImageOfPage":{"@id":"https:\/\/misije.hr\/djelo-svetog-djetinjstva\/#primaryimage"},"image":{"@id":"https:\/\/misije.hr\/djelo-svetog-djetinjstva\/#primaryimage"},"thumbnailUrl":"https:\/\/misije.hr\/wp-content\/uploads\/2021\/10\/charlesdeforbinjanson.jpg","datePublished":"2021-09-27T01:21:16+00:00","dateModified":"2021-10-23T02:27:10+00:00","description":"HOLY CHILDHOOD","breadcrumb":{"@id":"https:\/\/misije.hr\/djelo-svetog-djetinjstva\/#breadcrumb"},"inLanguage":"en-US","potentialAction":[{"@type":"ReadAction","target":["https:\/\/misije.hr\/djelo-svetog-djetinjstva\/"]}]},{"@type":"ImageObject","inLanguage":"en-US","@id":"https:\/\/misije.hr\/djelo-svetog-djetinjstva\/#primaryimage","url":"https:\/\/misije.hr\/wp-content\/uploads\/2021\/10\/charlesdeforbinjanson.jpg","contentUrl":"https:\/\/misije.hr\/wp-content\/uploads\/2021\/10\/charlesdeforbinjanson.jpg"},{"@type":"BreadcrumbList","@id":"https:\/\/misije.hr\/djelo-svetog-djetinjstva\/#breadcrumb","itemListElement":[{"@type":"ListItem","position":1,"name":"Naslovnica","item":"https:\/\/misije.hr\/"},{"@type":"ListItem","position":2,"name":"DJELO SVETOG DJETINJSTVA"}]},{"@type":"WebSite","@id":"https:\/\/misije.hr\/#website","url":"https:\/\/misije.hr\/","name":"Missions","description":"misije","publisher":{"@id":"https:\/\/misije.hr\/#organization"},"potentialAction":[{"@type":"SearchAction","target":{"@type":"EntryPoint","urlTemplate":"https:\/\/misije.hr\/?s={search_term_string}"},"query-input":{"@type":"PropertyValueSpecification","valueRequired":true,"valueName":"search_term_string"}}],"inLanguage":"en-US"},{"@type":"Organization","@id":"https:\/\/misije.hr\/#organization","name":"Papinska misijska djela u Republici Hrvatskoj","url":"https:\/\/misije.hr\/","logo":{"@type":"ImageObject","inLanguage":"en-US","@id":"https:\/\/misije.hr\/#\/schema\/logo\/image\/","url":"https:\/\/misije.hr\/wp-content\/uploads\/2021\/10\/Logo_transparent_compressed-1.png","contentUrl":"https:\/\/misije.hr\/wp-content\/uploads\/2021\/10\/Logo_transparent_compressed-1.png","width":871,"height":876,"caption":"Papinska misijska djela u Republici Hrvatskoj"},"image":{"@id":"https:\/\/misije.hr\/#\/schema\/logo\/image\/"},"sameAs":["https:\/\/www.facebook.com\/missioHR"]}]}},"_links":{"self":[{"href":"https:\/\/misije.hr\/en\/wp-json\/wp\/v2\/pages\/17","targetHints":{"allow":["GET"]}}],"collection":[{"href":"https:\/\/misije.hr\/en\/wp-json\/wp\/v2\/pages"}],"about":[{"href":"https:\/\/misije.hr\/en\/wp-json\/wp\/v2\/types\/page"}],"author":[{"embeddable":true,"href":"https:\/\/misije.hr\/en\/wp-json\/wp\/v2\/users\/1"}],"replies":[{"embeddable":true,"href":"https:\/\/misije.hr\/en\/wp-json\/wp\/v2\/comments?post=17"}],"version-history":[{"count":10,"href":"https:\/\/misije.hr\/en\/wp-json\/wp\/v2\/pages\/17\/revisions"}],"predecessor-version":[{"id":1859,"href":"https:\/\/misije.hr\/en\/wp-json\/wp\/v2\/pages\/17\/revisions\/1859"}],"wp:attachment":[{"href":"https:\/\/misije.hr\/en\/wp-json\/wp\/v2\/media?parent=17"}],"curies":[{"name":"wp","href":"https:\/\/api.w.org\/{rel}","templated":true}]}}