{"id":1814,"date":"2021-10-22T20:38:33","date_gmt":"2021-10-22T20:38:33","guid":{"rendered":"https:\/\/misije.hr\/?page_id=1814"},"modified":"2021-10-23T02:31:12","modified_gmt":"2021-10-23T02:31:12","slug":"gradimo-bunare-u-misijskim-zemljama","status":"publish","type":"page","link":"https:\/\/misije.hr\/en\/gradimo-bunare-u-misijskim-zemljama\/","title":{"rendered":"GRADIMO BUNARE U MISIJSKIM ZEMLJAMA"},"content":{"rendered":"<div class=\"vc_row wpb_row vc_row-fluid vc_custom_1634934669097\"><div class=\"wpb_column vc_column_container vc_col-sm-12 sc_layouts_column_icons_position_left\"><div class=\"vc_column-inner\"><div class=\"wpb_wrapper\">\n\t<div class=\"wpb_text_column wpb_content_element\" >\n\t\t<div class=\"wpb_wrapper\">\n\t\t\t<p>Svjetski dan vode se slavi 22. o\u017eujka svake godine te se na taj dan, diljem svijeta, posebno skre\u0107e pozornost na va\u017enost vode i kako mo\u017eemo koristiti prirodu za pobolj\u0161anje kvalitete vode. U prosincu 2016., Op\u0107a skup\u0161tina Ujedinjenih naroda jednoglasno je usvojila rezoluciju &#8220;Me\u0111unarodno desetlje\u0107e (2018-2028) za akciju &#8211; Voda za odr\u017eivi razvoj&#8221;\u00a0 kako bi se stavio ve\u0107i fokus na vode tijekom deset godina.<\/p>\n<p>Tek 2,5% od ukupne koli\u010dine vode na Zemlji \u010dini pitka voda te je taj postotak jednak ve\u0107 milijunima godina. No, ljudska populacija nije ostala jednaka \u2013 ona se neprestano pove\u0107ava \u2013 \u0161to zna\u010di da je svake godine sve manje dostupne pitke vode. Brojke koje nadolaze prilikom spomena potro\u0161nje vode svake godine iznova \u0161okiraju: svakog dana prosje\u010dno ku\u0107anstvo potro\u0161i oko 50 litara vode na ispiranje wc-a, jedan od deset ljudi nema dnevnih 20-50 litara osigurane svje\u017ee vode, a svakodnevno od posljedica nedostatka vode umire 900 djece. Prema procjenama \u010dak 663 milijuna ljudi nema pristup pitkoj vodi, a 2,1 milijarde \u017eivi bez osnovnih sanitarnih uvjeta.<\/p>\n<p>\u017dene i djevojke, tro\u0161e bezbrojne sate naporno putuju\u0107i do udaljenih izvora: Udaljena putovanja do vode pak imaju socijalne posljedice \u2013 vrijeme koje potro\u0161e na njih (procjenjuje se da svake godine samo u Africi iznosi 40 milijardi sati) ulazi u ono vrijeme koje mogu provesti brinu\u0107i za obitelj ili \u0161koluju\u0107i se, a u nesigurnim podru\u010djima ta ih putovanja tako\u0111er ih stavljaju u rizik od nasilja i napada.<\/p>\n<p>I dok se Hrvatska se ubraja u skupinu vodom relativno bogatih zemalja, u kojoj problemi s vodom i oko vode nisu zao\u0161treni i vodni resursi zasad nisu ograni\u010davaju\u0107i \u010dimbenik razvoja, diljem svijeta voda je klju\u010d opstanka. Posebice u predjelima gdje se izmjenjuju ki\u0161na i suha razdoblja, gdje ne postoji nikakva infrastruktura koja regulira uop\u0107e pristup vodi, a tako ni njezinu ispravnost, ona upravlja \u017eivotom brojnih ljudi.<\/p>\n<p>Papinska misijska djela u RH ustanova je Katoli\u010dke Crkve koja se bavi evangelizacijom te molitvenom i materijalnom pomaganjem misionarima u misijskim krajevima svijeta koji \u017eive zajedno s narodom u izuzetno te\u0161kim uvjetima. Hrabri pojedinci koji su iz blagostanja zapadnog svijeta do\u0161li u surovu oskudicu jedina su pomo\u0107 i skrb tisu\u0107ama siroma\u0161nih, gladnih i \u017eednih. Jedini su koji imaju znanja, iskustva i, uz pomo\u0107 darovatelja, resursa, kako bi \u0161kolovali lokalno stanovni\u0161tvo, nahranili ih te doveli pitku vodu u desetine izoliranih sela koje obuhva\u0107a njihova misija.<\/p>\n<p>Dragi prijatelji misija i svi ljudi dobre volje, ako je ikako mogu\u0107e pomognimo ovim siroma\u0161nim i ugro\u017eenim ljudima da do\u0111u osnovne ljudske potrebe \u2013 do vode!<\/p>\n<p>Akcija \u201eGradimo bunare\u201c zapo\u010dela je u travnju 2017. te je do sada pomo\u0107 poslana u Ruandu, DR Kongo, Tanzaniju i Ganu, a cilj je osigurati stanovni\u0161tvu pristup pitkoj vodi kako ljudi ne bi morali pje\u0161a\u010diti kilometrima kroz nesigurna podru\u010dja do izvora i rijeka.<\/p>\n<p><strong>\u00a0<\/strong><\/p>\n<p style=\"text-align: center;\"><span class=\"trx_addons_accent_bg\">\u017delite li pomo\u0107i, svoj prilog mo\u017eete uplatiti prema dolje navedenim podacima:<\/span><\/p>\n<ul style=\"margin-top: -15px; list-style-type: none;\">\n<li style=\"text-align: center;\"><strong>Nacionalna uprava Papinskih misijskih djela u RH<\/strong><\/li>\n<li style=\"text-align: center;\"><strong>Ksaverska cesta 12a, 10000 ZAGREB<\/strong><\/li>\n<li style=\"text-align: center;\"><strong>IBAN: HR8323600001500109114<br \/>\n<\/strong><\/li>\n<li style=\"text-align: center;\"><strong>SWIFT: ZABAHR2XX<\/strong><\/li>\n<li style=\"text-align: center;\"><strong>Svrha: gradimo bunare<br \/>\n<\/strong><\/li>\n<li style=\"text-align: center;\"><strong>Poziv na broj: 00 303006<br \/>\n<\/strong><\/li>\n<\/ul>\n\n\t\t<\/div>\n\t<\/div>\n<\/div><\/div><\/div><\/div>","protected":false},"excerpt":{"rendered":"Svjetski dan vode se slavi 22. o\u017eujka svake godine te se na taj dan, diljem svijeta, posebno skre\u0107e pozornost na va\u017enost vode i kako mo\u017eemo koristiti prirodu za pobolj\u0161anje kvalitete vode. U prosincu 2016., Op\u0107a skup\u0161tina Ujedinjenih naroda jednoglasno je usvojila rezoluciju \"Me\u0111unarodno desetlje\u0107e (2018-2028) za akciju - Voda za odr\u017eivi razvoj\"\u00a0 kako bi se stavio ve\u0107i fokus na vode&hellip;","protected":false},"author":1,"featured_media":0,"parent":0,"menu_order":0,"comment_status":"closed","ping_status":"closed","template":"","meta":{"_acf_changed":false,"footnotes":""},"class_list":["post-1814","page","type-page","status-publish","hentry"],"acf":[],"yoast_head":"<!-- This site is optimized with the Yoast SEO plugin v27.3 - https:\/\/yoast.com\/product\/yoast-seo-wordpress\/ -->\n<title>GRADIMO BUNARE U MISIJSKIM ZEMLJAMA - Misije<\/title>\n<meta name=\"description\" content=\"GRADIMO BUNARE U MISIJSKIM ZEMLJAMA\" \/>\n<meta name=\"robots\" content=\"index, follow, max-snippet:-1, max-image-preview:large, max-video-preview:-1\" \/>\n<link rel=\"canonical\" href=\"https:\/\/misije.hr\/en\/gradimo-bunare-u-misijskim-zemljama\/\" \/>\n<meta property=\"og:locale\" content=\"en_US\" \/>\n<meta property=\"og:type\" content=\"article\" \/>\n<meta property=\"og:title\" content=\"GRADIMO BUNARE U MISIJSKIM ZEMLJAMA - Misije\" \/>\n<meta property=\"og:description\" content=\"GRADIMO BUNARE U MISIJSKIM ZEMLJAMA\" \/>\n<meta property=\"og:url\" content=\"https:\/\/misije.hr\/en\/gradimo-bunare-u-misijskim-zemljama\/\" \/>\n<meta property=\"og:site_name\" content=\"Misije\" \/>\n<meta property=\"article:publisher\" content=\"https:\/\/www.facebook.com\/missioHR\" \/>\n<meta property=\"article:modified_time\" content=\"2021-10-23T02:31:12+00:00\" \/>\n<meta name=\"twitter:card\" content=\"summary_large_image\" \/>\n<meta name=\"twitter:label1\" content=\"Est. reading time\" \/>\n\t<meta name=\"twitter:data1\" content=\"3 minutes\" \/>\n<script type=\"application\/ld+json\" class=\"yoast-schema-graph\">{\"@context\":\"https:\\\/\\\/schema.org\",\"@graph\":[{\"@type\":\"WebPage\",\"@id\":\"https:\\\/\\\/misije.hr\\\/gradimo-bunare-u-misijskim-zemljama\\\/\",\"url\":\"https:\\\/\\\/misije.hr\\\/gradimo-bunare-u-misijskim-zemljama\\\/\",\"name\":\"GRADIMO BUNARE U MISIJSKIM ZEMLJAMA - Misije\",\"isPartOf\":{\"@id\":\"https:\\\/\\\/misije.hr\\\/#website\"},\"datePublished\":\"2021-10-22T20:38:33+00:00\",\"dateModified\":\"2021-10-23T02:31:12+00:00\",\"description\":\"GRADIMO BUNARE U MISIJSKIM ZEMLJAMA\",\"breadcrumb\":{\"@id\":\"https:\\\/\\\/misije.hr\\\/gradimo-bunare-u-misijskim-zemljama\\\/#breadcrumb\"},\"inLanguage\":\"en-US\",\"potentialAction\":[{\"@type\":\"ReadAction\",\"target\":[\"https:\\\/\\\/misije.hr\\\/gradimo-bunare-u-misijskim-zemljama\\\/\"]}]},{\"@type\":\"BreadcrumbList\",\"@id\":\"https:\\\/\\\/misije.hr\\\/gradimo-bunare-u-misijskim-zemljama\\\/#breadcrumb\",\"itemListElement\":[{\"@type\":\"ListItem\",\"position\":1,\"name\":\"Naslovnica\",\"item\":\"https:\\\/\\\/misije.hr\\\/\"},{\"@type\":\"ListItem\",\"position\":2,\"name\":\"GRADIMO BUNARE U MISIJSKIM ZEMLJAMA\"}]},{\"@type\":\"WebSite\",\"@id\":\"https:\\\/\\\/misije.hr\\\/#website\",\"url\":\"https:\\\/\\\/misije.hr\\\/\",\"name\":\"Misije\",\"description\":\"misije\",\"publisher\":{\"@id\":\"https:\\\/\\\/misije.hr\\\/#organization\"},\"potentialAction\":[{\"@type\":\"SearchAction\",\"target\":{\"@type\":\"EntryPoint\",\"urlTemplate\":\"https:\\\/\\\/misije.hr\\\/?s={search_term_string}\"},\"query-input\":{\"@type\":\"PropertyValueSpecification\",\"valueRequired\":true,\"valueName\":\"search_term_string\"}}],\"inLanguage\":\"en-US\"},{\"@type\":\"Organization\",\"@id\":\"https:\\\/\\\/misije.hr\\\/#organization\",\"name\":\"Papinska misijska djela u Republici Hrvatskoj\",\"url\":\"https:\\\/\\\/misije.hr\\\/\",\"logo\":{\"@type\":\"ImageObject\",\"inLanguage\":\"en-US\",\"@id\":\"https:\\\/\\\/misije.hr\\\/#\\\/schema\\\/logo\\\/image\\\/\",\"url\":\"https:\\\/\\\/misije.hr\\\/wp-content\\\/uploads\\\/2021\\\/10\\\/Logo_transparent_compressed-1.png\",\"contentUrl\":\"https:\\\/\\\/misije.hr\\\/wp-content\\\/uploads\\\/2021\\\/10\\\/Logo_transparent_compressed-1.png\",\"width\":871,\"height\":876,\"caption\":\"Papinska misijska djela u Republici Hrvatskoj\"},\"image\":{\"@id\":\"https:\\\/\\\/misije.hr\\\/#\\\/schema\\\/logo\\\/image\\\/\"},\"sameAs\":[\"https:\\\/\\\/www.facebook.com\\\/missioHR\"]}]}<\/script>\n<!-- \/ Yoast SEO plugin. -->","yoast_head_json":{"title":"GRADIMO BUNARE U MISIJSKIM ZEMLJAMA - Misije","description":"GRADIMO BUNARE U MISIJSKIM ZEMLJAMA","robots":{"index":"index","follow":"follow","max-snippet":"max-snippet:-1","max-image-preview":"max-image-preview:large","max-video-preview":"max-video-preview:-1"},"canonical":"https:\/\/misije.hr\/en\/gradimo-bunare-u-misijskim-zemljama\/","og_locale":"en_US","og_type":"article","og_title":"GRADIMO BUNARE U MISIJSKIM ZEMLJAMA - Misije","og_description":"GRADIMO BUNARE U MISIJSKIM ZEMLJAMA","og_url":"https:\/\/misije.hr\/en\/gradimo-bunare-u-misijskim-zemljama\/","og_site_name":"Misije","article_publisher":"https:\/\/www.facebook.com\/missioHR","article_modified_time":"2021-10-23T02:31:12+00:00","twitter_card":"summary_large_image","twitter_misc":{"Est. reading time":"3 minutes"},"schema":{"@context":"https:\/\/schema.org","@graph":[{"@type":"WebPage","@id":"https:\/\/misije.hr\/gradimo-bunare-u-misijskim-zemljama\/","url":"https:\/\/misije.hr\/gradimo-bunare-u-misijskim-zemljama\/","name":"GRADIMO BUNARE U MISIJSKIM ZEMLJAMA - Misije","isPartOf":{"@id":"https:\/\/misije.hr\/#website"},"datePublished":"2021-10-22T20:38:33+00:00","dateModified":"2021-10-23T02:31:12+00:00","description":"GRADIMO BUNARE U MISIJSKIM ZEMLJAMA","breadcrumb":{"@id":"https:\/\/misije.hr\/gradimo-bunare-u-misijskim-zemljama\/#breadcrumb"},"inLanguage":"en-US","potentialAction":[{"@type":"ReadAction","target":["https:\/\/misije.hr\/gradimo-bunare-u-misijskim-zemljama\/"]}]},{"@type":"BreadcrumbList","@id":"https:\/\/misije.hr\/gradimo-bunare-u-misijskim-zemljama\/#breadcrumb","itemListElement":[{"@type":"ListItem","position":1,"name":"Naslovnica","item":"https:\/\/misije.hr\/"},{"@type":"ListItem","position":2,"name":"GRADIMO BUNARE U MISIJSKIM ZEMLJAMA"}]},{"@type":"WebSite","@id":"https:\/\/misije.hr\/#website","url":"https:\/\/misije.hr\/","name":"Missions","description":"misije","publisher":{"@id":"https:\/\/misije.hr\/#organization"},"potentialAction":[{"@type":"SearchAction","target":{"@type":"EntryPoint","urlTemplate":"https:\/\/misije.hr\/?s={search_term_string}"},"query-input":{"@type":"PropertyValueSpecification","valueRequired":true,"valueName":"search_term_string"}}],"inLanguage":"en-US"},{"@type":"Organization","@id":"https:\/\/misije.hr\/#organization","name":"Papinska misijska djela u Republici Hrvatskoj","url":"https:\/\/misije.hr\/","logo":{"@type":"ImageObject","inLanguage":"en-US","@id":"https:\/\/misije.hr\/#\/schema\/logo\/image\/","url":"https:\/\/misije.hr\/wp-content\/uploads\/2021\/10\/Logo_transparent_compressed-1.png","contentUrl":"https:\/\/misije.hr\/wp-content\/uploads\/2021\/10\/Logo_transparent_compressed-1.png","width":871,"height":876,"caption":"Papinska misijska djela u Republici Hrvatskoj"},"image":{"@id":"https:\/\/misije.hr\/#\/schema\/logo\/image\/"},"sameAs":["https:\/\/www.facebook.com\/missioHR"]}]}},"_links":{"self":[{"href":"https:\/\/misije.hr\/en\/wp-json\/wp\/v2\/pages\/1814","targetHints":{"allow":["GET"]}}],"collection":[{"href":"https:\/\/misije.hr\/en\/wp-json\/wp\/v2\/pages"}],"about":[{"href":"https:\/\/misije.hr\/en\/wp-json\/wp\/v2\/types\/page"}],"author":[{"embeddable":true,"href":"https:\/\/misije.hr\/en\/wp-json\/wp\/v2\/users\/1"}],"replies":[{"embeddable":true,"href":"https:\/\/misije.hr\/en\/wp-json\/wp\/v2\/comments?post=1814"}],"version-history":[{"count":3,"href":"https:\/\/misije.hr\/en\/wp-json\/wp\/v2\/pages\/1814\/revisions"}],"predecessor-version":[{"id":1836,"href":"https:\/\/misije.hr\/en\/wp-json\/wp\/v2\/pages\/1814\/revisions\/1836"}],"wp:attachment":[{"href":"https:\/\/misije.hr\/en\/wp-json\/wp\/v2\/media?parent=1814"}],"curies":[{"name":"wp","href":"https:\/\/api.w.org\/{rel}","templated":true}]}}