{"id":1817,"date":"2021-10-22T20:39:17","date_gmt":"2021-10-22T20:39:17","guid":{"rendered":"https:\/\/misije.hr\/?page_id=1817"},"modified":"2021-10-23T05:19:23","modified_gmt":"2021-10-23T05:19:23","slug":"pomoc-za-skolovanje-djece-u-misijama","status":"publish","type":"page","link":"https:\/\/misije.hr\/en\/pomoc-za-skolovanje-djece-u-misijama\/","title":{"rendered":"POMO\u0106 ZA \u0160KOLOVANJE DJECE U MISIJAMA"},"content":{"rendered":"<div class=\"vc_row wpb_row vc_row-fluid vc_custom_1634934669097\"><div class=\"wpb_column vc_column_container vc_col-sm-12 sc_layouts_column_icons_position_left\"><div class=\"vc_column-inner\"><div class=\"wpb_wrapper\">\n\t<div class=\"wpb_text_column wpb_content_element\" >\n\t\t<div class=\"wpb_wrapper\">\n\t\t\t<p>Kada u dana\u0161nje vrijeme misionari do\u0111u u nove krajeve u skladu sa mjesnim prilikama i svojim mogu\u0107nostima redovito uz crkve osnivaju i \u0161kole, osnovne, zanatske i srednje.<\/p>\n<p>Gotovo sva misijska podru\u010dja su vrlo siroma\u0161na i nerazvijena. Ni dr\u017eave u tim podru\u010djima nisu u mogu\u0107nosti puno u\u010diniti za razvoj \u0161kolstva. Tako se na primjer u mnogim dr\u017eavama sredi\u0161nje Afrike financiranje \u0161kolstva velikim dijelom bazira na sustavu \u0161kolarina i dijete ne mo\u017ee poha\u0111ati \u0161kolu ako roditelji ili netko drugi ne uplati \u0161kolarinu. Ako pak ne postoji \u0161kolarina, onda su uvedena neka druga davanja za poha\u0111anje \u0161kole (doprinos za \u0161kolske klupe ili sli\u010dno). Uz \u0161kolarinu treba kupiti obaveznu \u0161kolsku uniformu i obu\u0107u (u Africi djeca trebaju u \u0161koli biti uniformirana, jer njihova svakodnevna odje\u0107a je tako tro\u0161na da nije prikladna za \u0161kolu), \u0161kolske knjige i drugi pribor, a po\u017eeljno je da se djetetu omogu\u0107i i neki prilog za hranu dok je u \u0161koli. Prosje\u010dni tro\u0161kovi \u0161kolovanja u osnovnoj \u0161koli u srednjoafri\u010dkim zemljama iznose oko 100 eura godi\u0161nje.<\/p>\n<p>Blagodati prosvje\u0107ivanja i \u0161kolovanja<\/p>\n<p>Siroma\u0161ne afri\u010dke obitelji imaju dnevni prihod od 1-2 eura. Budu\u0107i da prosje\u010dna obitelj ima od 5 \u2013 10 djece, gotovo sve tro\u0161i za hranu, ne ostaje im gotovo ni\u0161ta za \u0161kolovanje djece i druge potrebe. \u010clanovi prosje\u010dne obitelji u srednjoj Africi imaju obi\u010dno dnevno jedan obrok, i to kukuruzne \u017egance s umakom od povr\u0107a ili ka\u0161u od biljke manioke. Zbog toga samo neka djeca iz pojedine obitelji mogu i\u0107i u \u0161kolu.<\/p>\n<p>Druga nevolja \u0161to se ti\u010de \u0161kolovanja je nedostatak \u0161kola u mnogim podru\u010djima te \u0161kole treba tek izgraditi i opremiti. Ponekad u razredima bude i preko 100 u\u010denika, a \u0161kole nemaju niti \u0161kolsku plo\u010du te u\u010ditelji pi\u0161u slova i rije\u010di po tlu.<\/p>\n<p>Dragi dobro\u010dinitelji i prijatelji misija, i Vi se mo\u017eete uklju\u010diti u velika djela na\u0161ih misionara i misionarki te im pomo\u0107i svojim prilozima kako biste omogu\u0107ili sretnije odrastanje nekom afri\u010dkom djetetu i tako usre\u0107ili cijelu njegovu obitelj. Va\u0161 dar za \u0161kolovanje djece u misijskih podru\u010djima Afrike, Latinske Amerike i Oceanije mo\u017eete poslati prema prilo\u017eenoj uplatnici (nalogu za pla\u0107anje) ili donijeti u na\u0161 ured.<\/p>\n<p><strong>\u00a0<\/strong><\/p>\n<p style=\"text-align: center;\"><span class=\"trx_addons_accent_bg\">\u017delite li pomo\u0107i, svoj prilog mo\u017eete uplatiti prema dolje navedenim podacima:<\/span><\/p>\n<ul style=\"margin-top: -15px; list-style-type: none;\">\n<li style=\"text-align: center;\"><strong>Nacionalna uprava Papinskih misijskih djela u RH<\/strong><\/li>\n<li style=\"text-align: center;\"><strong>Ksaverska cesta 12a, 10000 ZAGREB<\/strong><\/li>\n<li style=\"text-align: center;\"><strong>IBAN: HR6323600001101542876<\/strong><\/li>\n<li style=\"text-align: center;\"><strong>SWIFT: ZABAHR2XX<\/strong><\/li>\n<li style=\"text-align: center;\"><strong>Svrha: pomo\u0107 za \u0161kolovanje djece u misijama<br \/>\n<\/strong><\/li>\n<li style=\"text-align: center;\"><strong>Poziv na broj: 00 303111<br \/>\n<\/strong><\/li>\n<\/ul>\n\n\t\t<\/div>\n\t<\/div>\n<\/div><\/div><\/div><\/div>","protected":false},"excerpt":{"rendered":"Kada u dana\u0161nje vrijeme misionari do\u0111u u nove krajeve u skladu sa mjesnim prilikama i svojim mogu\u0107nostima redovito uz crkve osnivaju i \u0161kole, osnovne, zanatske i srednje. Gotovo sva misijska podru\u010dja su vrlo siroma\u0161na i nerazvijena. Ni dr\u017eave u tim podru\u010djima nisu u mogu\u0107nosti puno u\u010diniti za razvoj \u0161kolstva. Tako se na primjer u mnogim dr\u017eavama sredi\u0161nje Afrike financiranje \u0161kolstva&hellip;","protected":false},"author":1,"featured_media":0,"parent":0,"menu_order":0,"comment_status":"closed","ping_status":"closed","template":"","meta":{"_acf_changed":false,"footnotes":""},"class_list":["post-1817","page","type-page","status-publish","hentry"],"acf":[],"yoast_head":"<!-- This site is optimized with the Yoast SEO plugin v26.7 - https:\/\/yoast.com\/wordpress\/plugins\/seo\/ -->\n<title>POMO\u0106 ZA \u0160KOLOVANJE DJECE U MISIJAMA - Misije<\/title>\n<meta name=\"description\" content=\"POMO\u0106 ZA \u0160KOLOVANJE DJECE U MISIJAMA - donacije za \u0161kolovanje djece koja \u017eive u razli\u010ditim zemljama misija\" \/>\n<meta name=\"robots\" content=\"index, follow, max-snippet:-1, max-image-preview:large, max-video-preview:-1\" \/>\n<link rel=\"canonical\" href=\"https:\/\/misije.hr\/en\/pomoc-za-skolovanje-djece-u-misijama\/\" \/>\n<meta property=\"og:locale\" content=\"en_US\" \/>\n<meta property=\"og:type\" content=\"article\" \/>\n<meta property=\"og:title\" content=\"POMO\u0106 ZA \u0160KOLOVANJE DJECE U MISIJAMA - Misije\" \/>\n<meta property=\"og:description\" content=\"POMO\u0106 ZA \u0160KOLOVANJE DJECE U MISIJAMA - donacije za \u0161kolovanje djece koja \u017eive u razli\u010ditim zemljama misija\" \/>\n<meta property=\"og:url\" content=\"https:\/\/misije.hr\/en\/pomoc-za-skolovanje-djece-u-misijama\/\" \/>\n<meta property=\"og:site_name\" content=\"Misije\" \/>\n<meta property=\"article:publisher\" content=\"https:\/\/www.facebook.com\/missioHR\" \/>\n<meta property=\"article:modified_time\" content=\"2021-10-23T05:19:23+00:00\" \/>\n<meta name=\"twitter:card\" content=\"summary_large_image\" \/>\n<meta name=\"twitter:label1\" content=\"Est. reading time\" \/>\n\t<meta name=\"twitter:data1\" content=\"2 minutes\" \/>\n<script type=\"application\/ld+json\" class=\"yoast-schema-graph\">{\"@context\":\"https:\/\/schema.org\",\"@graph\":[{\"@type\":\"WebPage\",\"@id\":\"https:\/\/misije.hr\/pomoc-za-skolovanje-djece-u-misijama\/\",\"url\":\"https:\/\/misije.hr\/pomoc-za-skolovanje-djece-u-misijama\/\",\"name\":\"POMO\u0106 ZA \u0160KOLOVANJE DJECE U MISIJAMA - Misije\",\"isPartOf\":{\"@id\":\"https:\/\/misije.hr\/#website\"},\"datePublished\":\"2021-10-22T20:39:17+00:00\",\"dateModified\":\"2021-10-23T05:19:23+00:00\",\"description\":\"POMO\u0106 ZA \u0160KOLOVANJE DJECE U MISIJAMA - donacije za \u0161kolovanje djece koja \u017eive u razli\u010ditim zemljama misija\",\"breadcrumb\":{\"@id\":\"https:\/\/misije.hr\/pomoc-za-skolovanje-djece-u-misijama\/#breadcrumb\"},\"inLanguage\":\"en-US\",\"potentialAction\":[{\"@type\":\"ReadAction\",\"target\":[\"https:\/\/misije.hr\/pomoc-za-skolovanje-djece-u-misijama\/\"]}]},{\"@type\":\"BreadcrumbList\",\"@id\":\"https:\/\/misije.hr\/pomoc-za-skolovanje-djece-u-misijama\/#breadcrumb\",\"itemListElement\":[{\"@type\":\"ListItem\",\"position\":1,\"name\":\"Naslovnica\",\"item\":\"https:\/\/misije.hr\/\"},{\"@type\":\"ListItem\",\"position\":2,\"name\":\"POMO\u0106 ZA \u0160KOLOVANJE DJECE U MISIJAMA\"}]},{\"@type\":\"WebSite\",\"@id\":\"https:\/\/misije.hr\/#website\",\"url\":\"https:\/\/misije.hr\/\",\"name\":\"Misije\",\"description\":\"misije\",\"publisher\":{\"@id\":\"https:\/\/misije.hr\/#organization\"},\"potentialAction\":[{\"@type\":\"SearchAction\",\"target\":{\"@type\":\"EntryPoint\",\"urlTemplate\":\"https:\/\/misije.hr\/?s={search_term_string}\"},\"query-input\":{\"@type\":\"PropertyValueSpecification\",\"valueRequired\":true,\"valueName\":\"search_term_string\"}}],\"inLanguage\":\"en-US\"},{\"@type\":\"Organization\",\"@id\":\"https:\/\/misije.hr\/#organization\",\"name\":\"Papinska misijska djela u Republici Hrvatskoj\",\"url\":\"https:\/\/misije.hr\/\",\"logo\":{\"@type\":\"ImageObject\",\"inLanguage\":\"en-US\",\"@id\":\"https:\/\/misije.hr\/#\/schema\/logo\/image\/\",\"url\":\"https:\/\/misije.hr\/wp-content\/uploads\/2021\/10\/Logo_transparent_compressed-1.png\",\"contentUrl\":\"https:\/\/misije.hr\/wp-content\/uploads\/2021\/10\/Logo_transparent_compressed-1.png\",\"width\":871,\"height\":876,\"caption\":\"Papinska misijska djela u Republici Hrvatskoj\"},\"image\":{\"@id\":\"https:\/\/misije.hr\/#\/schema\/logo\/image\/\"},\"sameAs\":[\"https:\/\/www.facebook.com\/missioHR\"]}]}<\/script>\n<!-- \/ Yoast SEO plugin. -->","yoast_head_json":{"title":"POMO\u0106 ZA \u0160KOLOVANJE DJECE U MISIJAMA - Misije","description":"POMO\u0106 ZA \u0160KOLOVANJE DJECE U MISIJAMA - donacije za \u0161kolovanje djece koja \u017eive u razli\u010ditim zemljama misija","robots":{"index":"index","follow":"follow","max-snippet":"max-snippet:-1","max-image-preview":"max-image-preview:large","max-video-preview":"max-video-preview:-1"},"canonical":"https:\/\/misije.hr\/en\/pomoc-za-skolovanje-djece-u-misijama\/","og_locale":"en_US","og_type":"article","og_title":"POMO\u0106 ZA \u0160KOLOVANJE DJECE U MISIJAMA - Misije","og_description":"POMO\u0106 ZA \u0160KOLOVANJE DJECE U MISIJAMA - donacije za \u0161kolovanje djece koja \u017eive u razli\u010ditim zemljama misija","og_url":"https:\/\/misije.hr\/en\/pomoc-za-skolovanje-djece-u-misijama\/","og_site_name":"Misije","article_publisher":"https:\/\/www.facebook.com\/missioHR","article_modified_time":"2021-10-23T05:19:23+00:00","twitter_card":"summary_large_image","twitter_misc":{"Est. reading time":"2 minutes"},"schema":{"@context":"https:\/\/schema.org","@graph":[{"@type":"WebPage","@id":"https:\/\/misije.hr\/pomoc-za-skolovanje-djece-u-misijama\/","url":"https:\/\/misije.hr\/pomoc-za-skolovanje-djece-u-misijama\/","name":"POMO\u0106 ZA \u0160KOLOVANJE DJECE U MISIJAMA - Misije","isPartOf":{"@id":"https:\/\/misije.hr\/#website"},"datePublished":"2021-10-22T20:39:17+00:00","dateModified":"2021-10-23T05:19:23+00:00","description":"POMO\u0106 ZA \u0160KOLOVANJE DJECE U MISIJAMA - donacije za \u0161kolovanje djece koja \u017eive u razli\u010ditim zemljama misija","breadcrumb":{"@id":"https:\/\/misije.hr\/pomoc-za-skolovanje-djece-u-misijama\/#breadcrumb"},"inLanguage":"en-US","potentialAction":[{"@type":"ReadAction","target":["https:\/\/misije.hr\/pomoc-za-skolovanje-djece-u-misijama\/"]}]},{"@type":"BreadcrumbList","@id":"https:\/\/misije.hr\/pomoc-za-skolovanje-djece-u-misijama\/#breadcrumb","itemListElement":[{"@type":"ListItem","position":1,"name":"Naslovnica","item":"https:\/\/misije.hr\/"},{"@type":"ListItem","position":2,"name":"POMO\u0106 ZA \u0160KOLOVANJE DJECE U MISIJAMA"}]},{"@type":"WebSite","@id":"https:\/\/misije.hr\/#website","url":"https:\/\/misije.hr\/","name":"Missions","description":"misije","publisher":{"@id":"https:\/\/misije.hr\/#organization"},"potentialAction":[{"@type":"SearchAction","target":{"@type":"EntryPoint","urlTemplate":"https:\/\/misije.hr\/?s={search_term_string}"},"query-input":{"@type":"PropertyValueSpecification","valueRequired":true,"valueName":"search_term_string"}}],"inLanguage":"en-US"},{"@type":"Organization","@id":"https:\/\/misije.hr\/#organization","name":"Papinska misijska djela u Republici Hrvatskoj","url":"https:\/\/misije.hr\/","logo":{"@type":"ImageObject","inLanguage":"en-US","@id":"https:\/\/misije.hr\/#\/schema\/logo\/image\/","url":"https:\/\/misije.hr\/wp-content\/uploads\/2021\/10\/Logo_transparent_compressed-1.png","contentUrl":"https:\/\/misije.hr\/wp-content\/uploads\/2021\/10\/Logo_transparent_compressed-1.png","width":871,"height":876,"caption":"Papinska misijska djela u Republici Hrvatskoj"},"image":{"@id":"https:\/\/misije.hr\/#\/schema\/logo\/image\/"},"sameAs":["https:\/\/www.facebook.com\/missioHR"]}]}},"_links":{"self":[{"href":"https:\/\/misije.hr\/en\/wp-json\/wp\/v2\/pages\/1817","targetHints":{"allow":["GET"]}}],"collection":[{"href":"https:\/\/misije.hr\/en\/wp-json\/wp\/v2\/pages"}],"about":[{"href":"https:\/\/misije.hr\/en\/wp-json\/wp\/v2\/types\/page"}],"author":[{"embeddable":true,"href":"https:\/\/misije.hr\/en\/wp-json\/wp\/v2\/users\/1"}],"replies":[{"embeddable":true,"href":"https:\/\/misije.hr\/en\/wp-json\/wp\/v2\/comments?post=1817"}],"version-history":[{"count":5,"href":"https:\/\/misije.hr\/en\/wp-json\/wp\/v2\/pages\/1817\/revisions"}],"predecessor-version":[{"id":1890,"href":"https:\/\/misije.hr\/en\/wp-json\/wp\/v2\/pages\/1817\/revisions\/1890"}],"wp:attachment":[{"href":"https:\/\/misije.hr\/en\/wp-json\/wp\/v2\/media?parent=1817"}],"curies":[{"name":"wp","href":"https:\/\/api.w.org\/{rel}","templated":true}]}}