{"id":1820,"date":"2021-10-22T20:40:01","date_gmt":"2021-10-22T20:40:01","guid":{"rendered":"https:\/\/misije.hr\/?page_id=1820"},"modified":"2021-10-23T05:18:21","modified_gmt":"2021-10-23T05:18:21","slug":"dar-za-gladne-bolesne-i-najpotrebnije","status":"publish","type":"page","link":"https:\/\/misije.hr\/en\/dar-za-gladne-bolesne-i-najpotrebnije\/","title":{"rendered":"DAR ZA GLADNE, BOLESNE I NAJPOTREBNIJE"},"content":{"rendered":"<div class=\"vc_row wpb_row vc_row-fluid vc_custom_1634934669097\"><div class=\"wpb_column vc_column_container vc_col-sm-12 sc_layouts_column_icons_position_left\"><div class=\"vc_column-inner\"><div class=\"wpb_wrapper\">\n\t<div class=\"wpb_text_column wpb_content_element\" >\n\t\t<div class=\"wpb_wrapper\">\n\t\t\t<p>Misionari i misionarke iz siroma\u0161nih i nerazvijenih zemalja Afrike, Latinske Amerike, Azije i Oceanije u pismima i prigodom posjeta na\u0161oj Ustanovi govore nam o vrednotama i radostima doma\u0107ih ljudi: njihovom prihva\u0107anju Isusa koji ih osloba\u0111a od straha i koji ih preko misionara uvodi u novi Bo\u017eji svijet, zatim o njihovom prijateljstvu i otvorenosti, me\u0111usobnoj solidarnosti i odanosti, prihva\u0107anju dara \u017eivota\u2026, ali i o velikoj oskudici i nevoljama kojima su izlo\u017eeni: nedostatku hrane, razli\u010ditim bolestima, lo\u0161im stambenim uvjetima, slaboj dostupnosti zdravstvenih ustanova, nemogu\u0107nosti \u0161kolovanja. Misionari ne mogu ostati spokojni i nijemi suo\u010deni sa stvarno\u0161\u0107u \u017eivota u misijskim krajevima te postaju glas zaboravljenih stradalnika.<\/p>\n<p>Nama koji \u017eivimo u stanovitom blagostanju na\u0161e svakodnevne brige i poslovi ne smiju nam zastrti pogled prema ljudima i cijelim narodima koji pate. Na jugu na\u0161e planete \u010duje se pla\u010d djece i odraslih koji pla\u010du zbog gladi i bolesti. I taj vapaj postaje sve glasniji i preko misionara koji nam svjedo\u010de o njihovim patnjama dopire do nas i ti\u010de se svih nas.<\/p>\n<p>Prenosimo Vam zapis jednog od na\u0161ih hrvatskih misionara koji duboko pro\u017eivljava patnju i bijedu ljudi u svojoj misiji te promi\u0161lja kako im pomo\u0107i. Poslu\u0161ajmo njegov apel:<\/p>\n<p>Misionari ne mogu rije\u0161iti sve probleme, ali ako im plemeniti ljudi pomognu, mogu stvarati \u017eari\u0161ta koja pokazuju izlaz iz bijede i put prema sretnijoj budu\u0107nosti. Uklju\u010dimo se u djelo misionara te pomozimo gladne, bolesne i najpotrebnije u misijama.<\/p>\n<p>Va\u0161e nov\u010dane darove mo\u017eete poslati prema prilo\u017eenoj uplatnici (nalogu za pla\u0107anje) ili donijeti u na\u0161 ured.<\/p>\n<p><strong>\u00a0<\/strong><\/p>\n<p style=\"text-align: center;\"><span class=\"trx_addons_accent_bg\">\u017delite li pomo\u0107i, svoj prilog mo\u017eete uplatiti prema dolje navedenim podacima:<\/span><\/p>\n<ul style=\"margin-top: -15px; list-style-type: none;\">\n<li style=\"text-align: center;\"><strong>Nacionalna uprava Papinskih misijskih djela u RH<\/strong><\/li>\n<li style=\"text-align: center;\"><strong>Ksaverska cesta 12a, 10000 ZAGREB<\/strong><\/li>\n<li style=\"text-align: center;\"><strong>IBAN: HR6323600001101542876<\/strong><\/li>\n<li style=\"text-align: center;\"><strong>SWIFT: ZABAHR2XX<\/strong><\/li>\n<li style=\"text-align: center;\"><strong>Svrha: pomo\u0107 za gladne, bolesne, najpotrebnije<br \/>\n<\/strong><\/li>\n<li style=\"text-align: center;\"><strong>Poziv na broj: 00 303002<br \/>\n<\/strong><\/li>\n<\/ul>\n\n\t\t<\/div>\n\t<\/div>\n<\/div><\/div><\/div><\/div>","protected":false},"excerpt":{"rendered":"Misionari i misionarke iz siroma\u0161nih i nerazvijenih zemalja Afrike, Latinske Amerike, Azije i Oceanije u pismima i prigodom posjeta na\u0161oj Ustanovi govore nam o vrednotama i radostima doma\u0107ih ljudi: njihovom prihva\u0107anju Isusa koji ih osloba\u0111a od straha i koji ih preko misionara uvodi u novi Bo\u017eji svijet, zatim o njihovom prijateljstvu i otvorenosti, me\u0111usobnoj solidarnosti i odanosti, prihva\u0107anju dara \u017eivota\u2026,&hellip;","protected":false},"author":1,"featured_media":0,"parent":0,"menu_order":0,"comment_status":"closed","ping_status":"closed","template":"","meta":{"_acf_changed":false,"footnotes":""},"class_list":["post-1820","page","type-page","status-publish","hentry"],"acf":[],"yoast_head":"<!-- This site is optimized with the Yoast SEO plugin v27.3 - https:\/\/yoast.com\/product\/yoast-seo-wordpress\/ -->\n<title>DAR ZA GLADNE, BOLESNE I NAJPOTREBNIJE - Misije<\/title>\n<meta name=\"description\" content=\"DAR ZA GLADNE, BOLESNE I NAJPOTREBNIJE\" \/>\n<meta name=\"robots\" content=\"index, follow, max-snippet:-1, max-image-preview:large, max-video-preview:-1\" \/>\n<link rel=\"canonical\" href=\"https:\/\/misije.hr\/en\/dar-za-gladne-bolesne-i-najpotrebnije\/\" \/>\n<meta property=\"og:locale\" content=\"en_US\" \/>\n<meta property=\"og:type\" content=\"article\" \/>\n<meta property=\"og:title\" content=\"DAR ZA GLADNE, BOLESNE I NAJPOTREBNIJE - Misije\" \/>\n<meta property=\"og:description\" content=\"DAR ZA GLADNE, BOLESNE I NAJPOTREBNIJE\" \/>\n<meta property=\"og:url\" content=\"https:\/\/misije.hr\/en\/dar-za-gladne-bolesne-i-najpotrebnije\/\" \/>\n<meta property=\"og:site_name\" content=\"Misije\" \/>\n<meta property=\"article:publisher\" content=\"https:\/\/www.facebook.com\/missioHR\" \/>\n<meta property=\"article:modified_time\" content=\"2021-10-23T05:18:21+00:00\" \/>\n<meta name=\"twitter:card\" content=\"summary_large_image\" \/>\n<meta name=\"twitter:label1\" content=\"Est. reading time\" \/>\n\t<meta name=\"twitter:data1\" content=\"2 minutes\" \/>\n<script type=\"application\/ld+json\" class=\"yoast-schema-graph\">{\"@context\":\"https:\\\/\\\/schema.org\",\"@graph\":[{\"@type\":\"WebPage\",\"@id\":\"https:\\\/\\\/misije.hr\\\/dar-za-gladne-bolesne-i-najpotrebnije\\\/\",\"url\":\"https:\\\/\\\/misije.hr\\\/dar-za-gladne-bolesne-i-najpotrebnije\\\/\",\"name\":\"DAR ZA GLADNE, BOLESNE I NAJPOTREBNIJE - Misije\",\"isPartOf\":{\"@id\":\"https:\\\/\\\/misije.hr\\\/#website\"},\"datePublished\":\"2021-10-22T20:40:01+00:00\",\"dateModified\":\"2021-10-23T05:18:21+00:00\",\"description\":\"DAR ZA GLADNE, BOLESNE I NAJPOTREBNIJE\",\"breadcrumb\":{\"@id\":\"https:\\\/\\\/misije.hr\\\/dar-za-gladne-bolesne-i-najpotrebnije\\\/#breadcrumb\"},\"inLanguage\":\"en-US\",\"potentialAction\":[{\"@type\":\"ReadAction\",\"target\":[\"https:\\\/\\\/misije.hr\\\/dar-za-gladne-bolesne-i-najpotrebnije\\\/\"]}]},{\"@type\":\"BreadcrumbList\",\"@id\":\"https:\\\/\\\/misije.hr\\\/dar-za-gladne-bolesne-i-najpotrebnije\\\/#breadcrumb\",\"itemListElement\":[{\"@type\":\"ListItem\",\"position\":1,\"name\":\"Naslovnica\",\"item\":\"https:\\\/\\\/misije.hr\\\/\"},{\"@type\":\"ListItem\",\"position\":2,\"name\":\"DAR ZA GLADNE, BOLESNE I NAJPOTREBNIJE\"}]},{\"@type\":\"WebSite\",\"@id\":\"https:\\\/\\\/misije.hr\\\/#website\",\"url\":\"https:\\\/\\\/misije.hr\\\/\",\"name\":\"Misije\",\"description\":\"misije\",\"publisher\":{\"@id\":\"https:\\\/\\\/misije.hr\\\/#organization\"},\"potentialAction\":[{\"@type\":\"SearchAction\",\"target\":{\"@type\":\"EntryPoint\",\"urlTemplate\":\"https:\\\/\\\/misije.hr\\\/?s={search_term_string}\"},\"query-input\":{\"@type\":\"PropertyValueSpecification\",\"valueRequired\":true,\"valueName\":\"search_term_string\"}}],\"inLanguage\":\"en-US\"},{\"@type\":\"Organization\",\"@id\":\"https:\\\/\\\/misije.hr\\\/#organization\",\"name\":\"Papinska misijska djela u Republici Hrvatskoj\",\"url\":\"https:\\\/\\\/misije.hr\\\/\",\"logo\":{\"@type\":\"ImageObject\",\"inLanguage\":\"en-US\",\"@id\":\"https:\\\/\\\/misije.hr\\\/#\\\/schema\\\/logo\\\/image\\\/\",\"url\":\"https:\\\/\\\/misije.hr\\\/wp-content\\\/uploads\\\/2021\\\/10\\\/Logo_transparent_compressed-1.png\",\"contentUrl\":\"https:\\\/\\\/misije.hr\\\/wp-content\\\/uploads\\\/2021\\\/10\\\/Logo_transparent_compressed-1.png\",\"width\":871,\"height\":876,\"caption\":\"Papinska misijska djela u Republici Hrvatskoj\"},\"image\":{\"@id\":\"https:\\\/\\\/misije.hr\\\/#\\\/schema\\\/logo\\\/image\\\/\"},\"sameAs\":[\"https:\\\/\\\/www.facebook.com\\\/missioHR\"]}]}<\/script>\n<!-- \/ Yoast SEO plugin. -->","yoast_head_json":{"title":"DAR ZA GLADNE, BOLESNE I NAJPOTREBNIJE - Misije","description":"DAR ZA GLADNE, BOLESNE I NAJPOTREBNIJE","robots":{"index":"index","follow":"follow","max-snippet":"max-snippet:-1","max-image-preview":"max-image-preview:large","max-video-preview":"max-video-preview:-1"},"canonical":"https:\/\/misije.hr\/en\/dar-za-gladne-bolesne-i-najpotrebnije\/","og_locale":"en_US","og_type":"article","og_title":"DAR ZA GLADNE, BOLESNE I NAJPOTREBNIJE - Misije","og_description":"DAR ZA GLADNE, BOLESNE I NAJPOTREBNIJE","og_url":"https:\/\/misije.hr\/en\/dar-za-gladne-bolesne-i-najpotrebnije\/","og_site_name":"Misije","article_publisher":"https:\/\/www.facebook.com\/missioHR","article_modified_time":"2021-10-23T05:18:21+00:00","twitter_card":"summary_large_image","twitter_misc":{"Est. reading time":"2 minutes"},"schema":{"@context":"https:\/\/schema.org","@graph":[{"@type":"WebPage","@id":"https:\/\/misije.hr\/dar-za-gladne-bolesne-i-najpotrebnije\/","url":"https:\/\/misije.hr\/dar-za-gladne-bolesne-i-najpotrebnije\/","name":"DAR ZA GLADNE, BOLESNE I NAJPOTREBNIJE - Misije","isPartOf":{"@id":"https:\/\/misije.hr\/#website"},"datePublished":"2021-10-22T20:40:01+00:00","dateModified":"2021-10-23T05:18:21+00:00","description":"DAR ZA GLADNE, BOLESNE I NAJPOTREBNIJE","breadcrumb":{"@id":"https:\/\/misije.hr\/dar-za-gladne-bolesne-i-najpotrebnije\/#breadcrumb"},"inLanguage":"en-US","potentialAction":[{"@type":"ReadAction","target":["https:\/\/misije.hr\/dar-za-gladne-bolesne-i-najpotrebnije\/"]}]},{"@type":"BreadcrumbList","@id":"https:\/\/misije.hr\/dar-za-gladne-bolesne-i-najpotrebnije\/#breadcrumb","itemListElement":[{"@type":"ListItem","position":1,"name":"Naslovnica","item":"https:\/\/misije.hr\/"},{"@type":"ListItem","position":2,"name":"DAR ZA GLADNE, BOLESNE I NAJPOTREBNIJE"}]},{"@type":"WebSite","@id":"https:\/\/misije.hr\/#website","url":"https:\/\/misije.hr\/","name":"Missions","description":"misije","publisher":{"@id":"https:\/\/misije.hr\/#organization"},"potentialAction":[{"@type":"SearchAction","target":{"@type":"EntryPoint","urlTemplate":"https:\/\/misije.hr\/?s={search_term_string}"},"query-input":{"@type":"PropertyValueSpecification","valueRequired":true,"valueName":"search_term_string"}}],"inLanguage":"en-US"},{"@type":"Organization","@id":"https:\/\/misije.hr\/#organization","name":"Papinska misijska djela u Republici Hrvatskoj","url":"https:\/\/misije.hr\/","logo":{"@type":"ImageObject","inLanguage":"en-US","@id":"https:\/\/misije.hr\/#\/schema\/logo\/image\/","url":"https:\/\/misije.hr\/wp-content\/uploads\/2021\/10\/Logo_transparent_compressed-1.png","contentUrl":"https:\/\/misije.hr\/wp-content\/uploads\/2021\/10\/Logo_transparent_compressed-1.png","width":871,"height":876,"caption":"Papinska misijska djela u Republici Hrvatskoj"},"image":{"@id":"https:\/\/misije.hr\/#\/schema\/logo\/image\/"},"sameAs":["https:\/\/www.facebook.com\/missioHR"]}]}},"_links":{"self":[{"href":"https:\/\/misije.hr\/en\/wp-json\/wp\/v2\/pages\/1820","targetHints":{"allow":["GET"]}}],"collection":[{"href":"https:\/\/misije.hr\/en\/wp-json\/wp\/v2\/pages"}],"about":[{"href":"https:\/\/misije.hr\/en\/wp-json\/wp\/v2\/types\/page"}],"author":[{"embeddable":true,"href":"https:\/\/misije.hr\/en\/wp-json\/wp\/v2\/users\/1"}],"replies":[{"embeddable":true,"href":"https:\/\/misije.hr\/en\/wp-json\/wp\/v2\/comments?post=1820"}],"version-history":[{"count":5,"href":"https:\/\/misije.hr\/en\/wp-json\/wp\/v2\/pages\/1820\/revisions"}],"predecessor-version":[{"id":2074,"href":"https:\/\/misije.hr\/en\/wp-json\/wp\/v2\/pages\/1820\/revisions\/2074"}],"wp:attachment":[{"href":"https:\/\/misije.hr\/en\/wp-json\/wp\/v2\/media?parent=1820"}],"curies":[{"name":"wp","href":"https:\/\/api.w.org\/{rel}","templated":true}]}}