{"id":1823,"date":"2021-10-22T20:40:50","date_gmt":"2021-10-22T20:40:50","guid":{"rendered":"https:\/\/misije.hr\/?page_id=1823"},"modified":"2021-10-23T05:20:30","modified_gmt":"2021-10-23T05:20:30","slug":"misijska-kasica","status":"publish","type":"page","link":"https:\/\/misije.hr\/en\/misijska-kasica\/","title":{"rendered":"MISIJSKA KUTIJICA \u2013 KASICA"},"content":{"rendered":"<div class=\"vc_row wpb_row vc_row-fluid vc_custom_1634934669097\"><div class=\"wpb_column vc_column_container vc_col-sm-12 sc_layouts_column_icons_position_left\"><div class=\"vc_column-inner\"><div class=\"wpb_wrapper\">\n\t<div class=\"wpb_text_column wpb_content_element\" >\n\t\t<div class=\"wpb_wrapper\">\n\t\t\t<p>Na\u0161a misijska kutijica izgleda kao ku\u0107a \u2013 dom. Okru\u017eena je djecom iz svih dijelova svijeta. Svima nam je to poziv da izgra\u0111ujemo Crkvu kao zajedni\u010dki duhovni dom, u kojem uvijek ima mjesta za svaku osobu i u kojoj ima srca i razumijevanja za potrebe svakoga njezinog \u010dlana.<\/p>\n<p>Djeca u\u017eivaju u pri\u010dama i duboko ih do\u017eivljavaju. I nikad im nije dosta zanimljivih pripovijedanja koja im poma\u017eu da stvore svoj novi svijet. Zato je za djecu pun pogodak kad su u prigodi slu\u0161ati prave \u017eivotne pri\u010de, a misionari koji dolaze iz drugih i dalekih kontinenata, &#8220;tamo gdje palme cvatu&#8221;, imaju prepune torbe pri\u010da i dogodov\u0161tina. Djeca upijaju svaku njihovu rije\u010d, imaju mogu\u0107nost iz prve ruke upoznati ono o \u010demu su \u010ditali u knjigama i \u010dasopisima ili gledali na televiziji. Naravno da je djeci najzanimljivije slu\u0161ati kako \u017eive njihovi vr\u0161njaci u misijskim zemljama. A pritom se mo\u017ee mnogo toga doznati i usporediti: \u017eivot u obitelji, susjedstvu i mjestu, \u0161kolovanje, provo\u0111enje izvan\u0161kolskog i slobodnog vremena, njihove i na\u0161e ku\u0107e, hrana, odje\u0107a&#8230;<\/p>\n<p><strong>Najve\u0107a i istinska radost unato\u010d najve\u0107e neima\u0161tine i oskudice<\/strong><\/p>\n<p>Tako se doznaje da djeca u dalekim misijskim zemljama Afrike, Azije, Ju\u017ene Amerike i Oceanije provode vrlo jednostavan \u017eivot, u materijalnom pogledu vrlo siroma\u0161an, ali im je malo potrebno za \u017eivotnu radost. Misionari pripovijedaju da se nitko tako radosno i istinski ne smije kao Afrikanci, premda se nigdje na svijetu ne pronalazi ve\u0107a neima\u0161tina i oskudica. Afri\u010dka djeca su sretna ako se mogu nasititi obi\u010dnom ka\u0161om od kukuruznog bra\u0161na ili doma\u0107e biljke manioke. Ali kao i djeca u bogatijim dijelovima svijeta, imaju svoje \u010de\u017enje, planove i nadanja te su im potrebni povoljni uvjeti za odrastanje.<\/p>\n<p>Slu\u0161aju\u0107i o svojim vr\u0161njacima i njihovim \u017eivotnim prilikama kod djece u bogatijim zemljama razvija se bliskost, solidarnost, zajedni\u0161tvo, \u017eelja da im pomognu, pa i da jednom, kad odrastu, odu u njihove zemlje i da tako dadu svoj prinos pobolj\u0161anju \u017eivotnih uvjeta i napretku.<\/p>\n<p><strong>Djeca u misijskom zajedni\u0161tvu i solidarnosti<\/strong><\/p>\n<p>Sposobnost djece da budu sudionici misijskog zajedni\u0161tva i solidarnosti otkrio je biskup Charles de Forbin Janson u Francuskoj kad je 1843. pozvao djecu Pariza da molitvama i malim prinosima pomognu svojim vr\u0161njacima u Kini koji su bili pogo\u0111eni krajnjom oskudicom i nedostatkom hrane. Otada postoji i Djelo svetog Djetinjstva, koje okuplja djecu cijelog svijeta u molitvenom zajedni\u0161tvu i materijalnoj solidarnosti, pod geslom &#8220;Djeca poma\u017eu djeci&#8221;.<\/p>\n<p>Ima prelijepih iskustava djece koja na razli\u010dite na\u010dine pridonose pobolj\u0161anju \u017eivotnih uvjeta svojih siroma\u0161nih vr\u0161njaka u misijskim zemljama. Djeca se odri\u010du slatki\u0161a, koje igra\u010dke ili razonode, na razli\u010dite na\u010dine \u0161tede da bi sa\u010duvani nov\u010di\u0107 mogla ubaciti u misijsku kutijicu \u2013 kasicu. Tako skupljeni prilozi namijenjeni su za pobolj\u0161anje \u017eivotnih uvjeta najpotrebitije djece u misijskim krajevima; katehetsku pouku i katekizme, \u0161kolovanje te potrebne knjige i pribor, odje\u0107u i uniforme za \u0161kolu, programe prehrane \u2013 posebno za neishranjene, zdravstveno zbrinjavanje, brigu za siro\u010dad, invalidnu i hendikepiranu djecu.<\/p>\n<p>&nbsp;<\/p>\n<p><strong>Darivanje darovanog<\/strong><\/p>\n<p>Misijske kutijice su u svijetu i u Hrvatskoj popularne ve\u0107 desetlje\u0107ima. Sve\u0107enici i vjerou\u010ditelji predla\u017eu djeci, okupljenoj na vjeronau\u010dnim susretima i liturgijskim slavljima, da ih ponesu u svoje obitelji te da zajedno s uku\u0107anima: roditeljima, bra\u0107om i sestrama, djedovima i bakama, budu najprije zahvalni za dar blagostanja i da daruju druge onime \u0161to su i sami primili od dragog Boga i dobrih ljudi.<\/p>\n<p>Na neki na\u010din je vrhunac dje\u010djeg prinosa i misijske suradnje kad za vrijeme svete mise kao prigodni prikazni dar donose svoje misijske kutijice i stavljaju ih pred oltar. To se prakticira prigodom Svjetskog dana misija \u2013 Misijske nedjelje, u listopadu, zatim na svetkovinu Bogojavljenja \u2013 Sveta Tri kralja, kad se obilje\u017eava Dan svetog djetinjstva, na zavr\u0161etku korizmenog vremena, koje je posebno obilje\u017eeno odricanjem i solidarno\u0161\u0107u. Tako djeca pokazuju i svjedo\u010de kako su porasla u duhovnoj zrelosti i evan\u0111eoskim vrjednotama. Osobito se preporu\u010duje prvopri\u010desnicima i krizmanicima da u duhovnoj pripremi za primanje sakramenata budu otvoreni djelima solidarnosti, pa i misijskoj suradnji, koja se mo\u017ee ostvarivati prinosom misijskih kutijica.<\/p>\n<p><strong>Misijske kutijice mogu se naru\u010diti na na\u0161oj adresi. Sakupljeni nov\u010dani prilozi mogu se poslati prema prilo\u017eenoj uplatnici (nalogu za pla\u0107anje) ili donijeti u na\u0161 ured.<\/strong><\/p>\n<p><strong>\u00a0<\/strong><\/p>\n<p style=\"text-align: center;\"><span class=\"trx_addons_accent_bg\">\u017delite li pomo\u0107i misionarima, svoj prilog mo\u017eete uplatiti prema dolje navedenim podacima:<\/span><\/p>\n<ul style=\"margin-top: -15px; list-style-type: none;\">\n<li style=\"text-align: center;\"><strong>Nacionalna uprava Papinskih misijskih djela u RH<\/strong><\/li>\n<li style=\"text-align: center;\"><strong>Ksaverska cesta 12a, 10000 ZAGREB<\/strong><\/li>\n<li style=\"text-align: center;\"><strong>IBAN: HR6323600001101542876<\/strong><\/li>\n<li style=\"text-align: center;\"><strong>SWIFT: ZABAHR2XX<\/strong><\/li>\n<li style=\"text-align: center;\"><strong>Svrha: prilozi iz misijskih kutijica<br \/>\n<\/strong><\/li>\n<li style=\"text-align: center;\"><strong>Poziv na broj: 00 303121<br \/>\n<\/strong><\/li>\n<\/ul>\n\n\t\t<\/div>\n\t<\/div>\n<\/div><\/div><\/div><\/div>","protected":false},"excerpt":{"rendered":"Na\u0161a misijska kutijica izgleda kao ku\u0107a \u2013 dom. Okru\u017eena je djecom iz svih dijelova svijeta. Svima nam je to poziv da izgra\u0111ujemo Crkvu kao zajedni\u010dki duhovni dom, u kojem uvijek ima mjesta za svaku osobu i u kojoj ima srca i razumijevanja za potrebe svakoga njezinog \u010dlana. Djeca u\u017eivaju u pri\u010dama i duboko ih do\u017eivljavaju. I nikad im nije dosta&hellip;","protected":false},"author":1,"featured_media":0,"parent":0,"menu_order":0,"comment_status":"closed","ping_status":"closed","template":"","meta":{"_acf_changed":false,"footnotes":""},"class_list":["post-1823","page","type-page","status-publish","hentry"],"acf":[],"yoast_head":"<!-- This site is optimized with the Yoast SEO plugin v27.3 - https:\/\/yoast.com\/product\/yoast-seo-wordpress\/ -->\n<title>MISIJSKA KUTIJICA \u2013 KASICA - Misije<\/title>\n<meta name=\"description\" content=\"MISIJSKA KUTIJICA \u2013 KASICA\" \/>\n<meta name=\"robots\" content=\"index, follow, max-snippet:-1, max-image-preview:large, max-video-preview:-1\" \/>\n<link rel=\"canonical\" href=\"https:\/\/misije.hr\/en\/misijska-kasica\/\" \/>\n<meta property=\"og:locale\" content=\"en_US\" \/>\n<meta property=\"og:type\" content=\"article\" \/>\n<meta property=\"og:title\" content=\"MISIJSKA KUTIJICA \u2013 KASICA - Misije\" \/>\n<meta property=\"og:description\" content=\"MISIJSKA KUTIJICA \u2013 KASICA\" \/>\n<meta property=\"og:url\" content=\"https:\/\/misije.hr\/en\/misijska-kasica\/\" \/>\n<meta property=\"og:site_name\" content=\"Misije\" \/>\n<meta property=\"article:publisher\" content=\"https:\/\/www.facebook.com\/missioHR\" \/>\n<meta property=\"article:modified_time\" content=\"2021-10-23T05:20:30+00:00\" \/>\n<meta name=\"twitter:card\" content=\"summary_large_image\" \/>\n<meta name=\"twitter:label1\" content=\"Est. reading time\" \/>\n\t<meta name=\"twitter:data1\" content=\"4 minutes\" \/>\n<script type=\"application\/ld+json\" class=\"yoast-schema-graph\">{\"@context\":\"https:\\\/\\\/schema.org\",\"@graph\":[{\"@type\":\"WebPage\",\"@id\":\"https:\\\/\\\/misije.hr\\\/misijska-kasica\\\/\",\"url\":\"https:\\\/\\\/misije.hr\\\/misijska-kasica\\\/\",\"name\":\"MISIJSKA KUTIJICA \u2013 KASICA - Misije\",\"isPartOf\":{\"@id\":\"https:\\\/\\\/misije.hr\\\/#website\"},\"datePublished\":\"2021-10-22T20:40:50+00:00\",\"dateModified\":\"2021-10-23T05:20:30+00:00\",\"description\":\"MISIJSKA KUTIJICA \u2013 KASICA\",\"breadcrumb\":{\"@id\":\"https:\\\/\\\/misije.hr\\\/misijska-kasica\\\/#breadcrumb\"},\"inLanguage\":\"en-US\",\"potentialAction\":[{\"@type\":\"ReadAction\",\"target\":[\"https:\\\/\\\/misije.hr\\\/misijska-kasica\\\/\"]}]},{\"@type\":\"BreadcrumbList\",\"@id\":\"https:\\\/\\\/misije.hr\\\/misijska-kasica\\\/#breadcrumb\",\"itemListElement\":[{\"@type\":\"ListItem\",\"position\":1,\"name\":\"Naslovnica\",\"item\":\"https:\\\/\\\/misije.hr\\\/\"},{\"@type\":\"ListItem\",\"position\":2,\"name\":\"MISIJSKA KUTIJICA \u2013 KASICA\"}]},{\"@type\":\"WebSite\",\"@id\":\"https:\\\/\\\/misije.hr\\\/#website\",\"url\":\"https:\\\/\\\/misije.hr\\\/\",\"name\":\"Misije\",\"description\":\"misije\",\"publisher\":{\"@id\":\"https:\\\/\\\/misije.hr\\\/#organization\"},\"potentialAction\":[{\"@type\":\"SearchAction\",\"target\":{\"@type\":\"EntryPoint\",\"urlTemplate\":\"https:\\\/\\\/misije.hr\\\/?s={search_term_string}\"},\"query-input\":{\"@type\":\"PropertyValueSpecification\",\"valueRequired\":true,\"valueName\":\"search_term_string\"}}],\"inLanguage\":\"en-US\"},{\"@type\":\"Organization\",\"@id\":\"https:\\\/\\\/misije.hr\\\/#organization\",\"name\":\"Papinska misijska djela u Republici Hrvatskoj\",\"url\":\"https:\\\/\\\/misije.hr\\\/\",\"logo\":{\"@type\":\"ImageObject\",\"inLanguage\":\"en-US\",\"@id\":\"https:\\\/\\\/misije.hr\\\/#\\\/schema\\\/logo\\\/image\\\/\",\"url\":\"https:\\\/\\\/misije.hr\\\/wp-content\\\/uploads\\\/2021\\\/10\\\/Logo_transparent_compressed-1.png\",\"contentUrl\":\"https:\\\/\\\/misije.hr\\\/wp-content\\\/uploads\\\/2021\\\/10\\\/Logo_transparent_compressed-1.png\",\"width\":871,\"height\":876,\"caption\":\"Papinska misijska djela u Republici Hrvatskoj\"},\"image\":{\"@id\":\"https:\\\/\\\/misije.hr\\\/#\\\/schema\\\/logo\\\/image\\\/\"},\"sameAs\":[\"https:\\\/\\\/www.facebook.com\\\/missioHR\"]}]}<\/script>\n<!-- \/ Yoast SEO plugin. -->","yoast_head_json":{"title":"MISIJSKA KUTIJICA \u2013 KASICA - Misije","description":"MISIJSKA KUTIJICA \u2013 KASICA","robots":{"index":"index","follow":"follow","max-snippet":"max-snippet:-1","max-image-preview":"max-image-preview:large","max-video-preview":"max-video-preview:-1"},"canonical":"https:\/\/misije.hr\/en\/misijska-kasica\/","og_locale":"en_US","og_type":"article","og_title":"MISIJSKA KUTIJICA \u2013 KASICA - Misije","og_description":"MISIJSKA KUTIJICA \u2013 KASICA","og_url":"https:\/\/misije.hr\/en\/misijska-kasica\/","og_site_name":"Misije","article_publisher":"https:\/\/www.facebook.com\/missioHR","article_modified_time":"2021-10-23T05:20:30+00:00","twitter_card":"summary_large_image","twitter_misc":{"Est. reading time":"4 minutes"},"schema":{"@context":"https:\/\/schema.org","@graph":[{"@type":"WebPage","@id":"https:\/\/misije.hr\/misijska-kasica\/","url":"https:\/\/misije.hr\/misijska-kasica\/","name":"MISIJSKA KUTIJICA \u2013 KASICA - Misije","isPartOf":{"@id":"https:\/\/misije.hr\/#website"},"datePublished":"2021-10-22T20:40:50+00:00","dateModified":"2021-10-23T05:20:30+00:00","description":"MISIJSKA KUTIJICA \u2013 KASICA","breadcrumb":{"@id":"https:\/\/misije.hr\/misijska-kasica\/#breadcrumb"},"inLanguage":"en-US","potentialAction":[{"@type":"ReadAction","target":["https:\/\/misije.hr\/misijska-kasica\/"]}]},{"@type":"BreadcrumbList","@id":"https:\/\/misije.hr\/misijska-kasica\/#breadcrumb","itemListElement":[{"@type":"ListItem","position":1,"name":"Naslovnica","item":"https:\/\/misije.hr\/"},{"@type":"ListItem","position":2,"name":"MISIJSKA KUTIJICA \u2013 KASICA"}]},{"@type":"WebSite","@id":"https:\/\/misije.hr\/#website","url":"https:\/\/misije.hr\/","name":"Missions","description":"misije","publisher":{"@id":"https:\/\/misije.hr\/#organization"},"potentialAction":[{"@type":"SearchAction","target":{"@type":"EntryPoint","urlTemplate":"https:\/\/misije.hr\/?s={search_term_string}"},"query-input":{"@type":"PropertyValueSpecification","valueRequired":true,"valueName":"search_term_string"}}],"inLanguage":"en-US"},{"@type":"Organization","@id":"https:\/\/misije.hr\/#organization","name":"Papinska misijska djela u Republici Hrvatskoj","url":"https:\/\/misije.hr\/","logo":{"@type":"ImageObject","inLanguage":"en-US","@id":"https:\/\/misije.hr\/#\/schema\/logo\/image\/","url":"https:\/\/misije.hr\/wp-content\/uploads\/2021\/10\/Logo_transparent_compressed-1.png","contentUrl":"https:\/\/misije.hr\/wp-content\/uploads\/2021\/10\/Logo_transparent_compressed-1.png","width":871,"height":876,"caption":"Papinska misijska djela u Republici Hrvatskoj"},"image":{"@id":"https:\/\/misije.hr\/#\/schema\/logo\/image\/"},"sameAs":["https:\/\/www.facebook.com\/missioHR"]}]}},"_links":{"self":[{"href":"https:\/\/misije.hr\/en\/wp-json\/wp\/v2\/pages\/1823","targetHints":{"allow":["GET"]}}],"collection":[{"href":"https:\/\/misije.hr\/en\/wp-json\/wp\/v2\/pages"}],"about":[{"href":"https:\/\/misije.hr\/en\/wp-json\/wp\/v2\/types\/page"}],"author":[{"embeddable":true,"href":"https:\/\/misije.hr\/en\/wp-json\/wp\/v2\/users\/1"}],"replies":[{"embeddable":true,"href":"https:\/\/misije.hr\/en\/wp-json\/wp\/v2\/comments?post=1823"}],"version-history":[{"count":5,"href":"https:\/\/misije.hr\/en\/wp-json\/wp\/v2\/pages\/1823\/revisions"}],"predecessor-version":[{"id":1891,"href":"https:\/\/misije.hr\/en\/wp-json\/wp\/v2\/pages\/1823\/revisions\/1891"}],"wp:attachment":[{"href":"https:\/\/misije.hr\/en\/wp-json\/wp\/v2\/media?parent=1823"}],"curies":[{"name":"wp","href":"https:\/\/api.w.org\/{rel}","templated":true}]}}