{"id":1826,"date":"2021-10-22T20:41:24","date_gmt":"2021-10-22T20:41:24","guid":{"rendered":"https:\/\/misije.hr\/?page_id=1826"},"modified":"2023-02-06T11:06:45","modified_gmt":"2023-02-06T11:06:45","slug":"akcija-miva-hrvatska","status":"publish","type":"page","link":"https:\/\/misije.hr\/en\/akcija-miva-hrvatska\/","title":{"rendered":"AKCIJA MIVA HRVATSKA"},"content":{"rendered":"<div class=\"vc_row wpb_row vc_row-fluid vc_custom_1634934669097\"><div class=\"wpb_column vc_column_container vc_col-sm-12 sc_layouts_column_icons_position_left\"><div class=\"vc_column-inner\"><div class=\"wpb_wrapper\">\n\t<div class=\"wpb_text_column wpb_content_element\" >\n\t\t<div class=\"wpb_wrapper\">\n\t\t\t<p><strong>&#8220;Moj dar slavi Boga za sve prije\u0111ene kilometre&#8221;<\/strong><\/p>\n<p>Desetak tisu\u0107a prijevoznih sredstava, me\u0111u njima automobili, kamioni, traktori, pa i konji i magarci \u2013 sve to su plodovi akcije MIVA Hrvatska u kojoj se vi\u0161e od 90 godina prikupljaju sredstva za kupnju vozila za misionare diljem svijeta.<\/p>\n<p>&nbsp;<\/p>\n<p><strong>Na svakom putu<\/strong><\/p>\n<p>Da bi misionari lak\u0161e radili na svom poslanju potrebna su im prijevozna sredstva jer ve\u0107inom djeluju u krajevima koji su jako udaljeni od sredi\u0161ta. Osim toga u mnogim djelovima su prometnice lo\u0161e razvijene, a na\u0161i misionari \u010desto idu i u dijelove gdje rijetko tko dolazi. Prijevozno sredstvo koristi se i za prijevoz hrane, gra\u0111evnog materijala, bolesnika do bolnica i tako poma\u017eu, ali i spa\u0161avaju \u017eivote.<\/p>\n<p>Ako ste zainteresirani da se kod Vas u \u017eupi organizira ova akcija javite se na na\u0161u adresu. Va\u0161u donaciju za nabavu vozila za na\u0161e misionare mo\u017eete poslati prema prilo\u017eenoj uplatnici (nalogu za pla\u0107anje) ili donijeti u na\u0161 ured.<\/p>\n<p>&nbsp;<\/p>\n<p><strong><img loading=\"lazy\" decoding=\"async\" class=\"osjencanaSlika aligncenter wp-image-2114 size-full\" src=\"https:\/\/misije.hr\/wp-content\/uploads\/2023\/02\/NOVO-Uplatnica-MIVA-.jpg\" alt=\"\" width=\"600\" height=\"404\" srcset=\"https:\/\/misije.hr\/wp-content\/uploads\/2023\/02\/NOVO-Uplatnica-MIVA-.jpg 600w, https:\/\/misije.hr\/wp-content\/uploads\/2023\/02\/NOVO-Uplatnica-MIVA--300x202.jpg 300w, https:\/\/misije.hr\/wp-content\/uploads\/2023\/02\/NOVO-Uplatnica-MIVA--18x12.jpg 18w, https:\/\/misije.hr\/wp-content\/uploads\/2023\/02\/NOVO-Uplatnica-MIVA--370x249.jpg 370w\" sizes=\"auto, (max-width: 600px) 100vw, 600px\" \/>\u00a0<\/strong><\/p>\n<p style=\"text-align: center;\"><span class=\"trx_addons_accent_bg\">\u017delite li pomo\u0107i, svoj prilog mo\u017eete uplatiti prema dolje navedenim podacima:<\/span><\/p>\n<ul style=\"margin-top: -15px; list-style-type: none;\">\n<li style=\"text-align: center;\"><strong>Nacionalna uprava Papinskih misijskih djela u RH<\/strong><\/li>\n<li style=\"text-align: center;\"><strong>Ksaverska cesta 12a, 10000 ZAGREB<\/strong><\/li>\n<li style=\"text-align: center;\"><strong>\u017diro ra\u010dun: HR6323600001101542876<\/strong><\/li>\n<li style=\"text-align: center;\"><strong>Svrha: akcija MIVA<br \/>\n<\/strong><\/li>\n<li style=\"text-align: center;\"><strong>Poziv na broj: 00 303013<br \/>\n<\/strong><\/li>\n<\/ul>\n\n\t\t<\/div>\n\t<\/div>\n<\/div><\/div><\/div><\/div>","protected":false},"excerpt":{"rendered":"\"Moj dar slavi Boga za sve prije\u0111ene kilometre\" Desetak tisu\u0107a prijevoznih sredstava, me\u0111u njima automobili, kamioni, traktori, pa i konji i magarci \u2013 sve to su plodovi akcije MIVA Hrvatska u kojoj se vi\u0161e od 90 godina prikupljaju sredstva za kupnju vozila za misionare diljem svijeta. &nbsp; Na svakom putu Da bi misionari lak\u0161e radili na svom poslanju potrebna su&hellip;","protected":false},"author":1,"featured_media":0,"parent":0,"menu_order":0,"comment_status":"closed","ping_status":"closed","template":"","meta":{"_acf_changed":false,"footnotes":""},"class_list":["post-1826","page","type-page","status-publish","hentry"],"acf":[],"yoast_head":"<!-- This site is optimized with the Yoast SEO plugin v27.3 - https:\/\/yoast.com\/product\/yoast-seo-wordpress\/ -->\n<title>AKCIJA MIVA HRVATSKA - Misije<\/title>\n<meta name=\"description\" content=\"Akcija MIVA Hrvatska - da bi misionari lak\u0161e radili na svom poslanju potrebna su im prijevozna sredstva jer ve\u0107inom djeluju u krajevima koji su jako udaljeni od sredi\u0161ta. Osim toga u mnogim djelovima su prometnice lo\u0161e razvijene, a na\u0161i misionari \u010desto idu i u dijelove gdje rijetko tko dolazi.\" \/>\n<meta name=\"robots\" content=\"index, follow, max-snippet:-1, max-image-preview:large, max-video-preview:-1\" \/>\n<link rel=\"canonical\" href=\"https:\/\/misije.hr\/en\/akcija-miva-hrvatska\/\" \/>\n<meta property=\"og:locale\" content=\"en_US\" \/>\n<meta property=\"og:type\" content=\"article\" \/>\n<meta property=\"og:title\" content=\"AKCIJA MIVA HRVATSKA - Misije\" \/>\n<meta property=\"og:description\" content=\"Akcija MIVA Hrvatska - da bi misionari lak\u0161e radili na svom poslanju potrebna su im prijevozna sredstva jer ve\u0107inom djeluju u krajevima koji su jako udaljeni od sredi\u0161ta. Osim toga u mnogim djelovima su prometnice lo\u0161e razvijene, a na\u0161i misionari \u010desto idu i u dijelove gdje rijetko tko dolazi.\" \/>\n<meta property=\"og:url\" content=\"https:\/\/misije.hr\/en\/akcija-miva-hrvatska\/\" \/>\n<meta property=\"og:site_name\" content=\"Misije\" \/>\n<meta property=\"article:publisher\" content=\"https:\/\/www.facebook.com\/missioHR\" \/>\n<meta property=\"article:modified_time\" content=\"2023-02-06T11:06:45+00:00\" \/>\n<meta property=\"og:image\" content=\"https:\/\/misije.hr\/wp-content\/uploads\/2023\/02\/NOVO-Uplatnica-MIVA-.jpg\" \/>\n<meta name=\"twitter:card\" content=\"summary_large_image\" \/>\n<meta name=\"twitter:label1\" content=\"Est. reading time\" \/>\n\t<meta name=\"twitter:data1\" content=\"2 minutes\" \/>\n<script type=\"application\/ld+json\" class=\"yoast-schema-graph\">{\"@context\":\"https:\\\/\\\/schema.org\",\"@graph\":[{\"@type\":\"WebPage\",\"@id\":\"https:\\\/\\\/misije.hr\\\/akcija-miva-hrvatska\\\/\",\"url\":\"https:\\\/\\\/misije.hr\\\/akcija-miva-hrvatska\\\/\",\"name\":\"AKCIJA MIVA HRVATSKA - Misije\",\"isPartOf\":{\"@id\":\"https:\\\/\\\/misije.hr\\\/#website\"},\"primaryImageOfPage\":{\"@id\":\"https:\\\/\\\/misije.hr\\\/akcija-miva-hrvatska\\\/#primaryimage\"},\"image\":{\"@id\":\"https:\\\/\\\/misije.hr\\\/akcija-miva-hrvatska\\\/#primaryimage\"},\"thumbnailUrl\":\"https:\\\/\\\/misije.hr\\\/wp-content\\\/uploads\\\/2023\\\/02\\\/NOVO-Uplatnica-MIVA-.jpg\",\"datePublished\":\"2021-10-22T20:41:24+00:00\",\"dateModified\":\"2023-02-06T11:06:45+00:00\",\"description\":\"Akcija MIVA Hrvatska - da bi misionari lak\u0161e radili na svom poslanju potrebna su im prijevozna sredstva jer ve\u0107inom djeluju u krajevima koji su jako udaljeni od sredi\u0161ta. Osim toga u mnogim djelovima su prometnice lo\u0161e razvijene, a na\u0161i misionari \u010desto idu i u dijelove gdje rijetko tko dolazi.\",\"breadcrumb\":{\"@id\":\"https:\\\/\\\/misije.hr\\\/akcija-miva-hrvatska\\\/#breadcrumb\"},\"inLanguage\":\"en-US\",\"potentialAction\":[{\"@type\":\"ReadAction\",\"target\":[\"https:\\\/\\\/misije.hr\\\/akcija-miva-hrvatska\\\/\"]}]},{\"@type\":\"ImageObject\",\"inLanguage\":\"en-US\",\"@id\":\"https:\\\/\\\/misije.hr\\\/akcija-miva-hrvatska\\\/#primaryimage\",\"url\":\"https:\\\/\\\/misije.hr\\\/wp-content\\\/uploads\\\/2023\\\/02\\\/NOVO-Uplatnica-MIVA-.jpg\",\"contentUrl\":\"https:\\\/\\\/misije.hr\\\/wp-content\\\/uploads\\\/2023\\\/02\\\/NOVO-Uplatnica-MIVA-.jpg\"},{\"@type\":\"BreadcrumbList\",\"@id\":\"https:\\\/\\\/misije.hr\\\/akcija-miva-hrvatska\\\/#breadcrumb\",\"itemListElement\":[{\"@type\":\"ListItem\",\"position\":1,\"name\":\"Naslovnica\",\"item\":\"https:\\\/\\\/misije.hr\\\/\"},{\"@type\":\"ListItem\",\"position\":2,\"name\":\"AKCIJA MIVA HRVATSKA\"}]},{\"@type\":\"WebSite\",\"@id\":\"https:\\\/\\\/misije.hr\\\/#website\",\"url\":\"https:\\\/\\\/misije.hr\\\/\",\"name\":\"Misije\",\"description\":\"misije\",\"publisher\":{\"@id\":\"https:\\\/\\\/misije.hr\\\/#organization\"},\"potentialAction\":[{\"@type\":\"SearchAction\",\"target\":{\"@type\":\"EntryPoint\",\"urlTemplate\":\"https:\\\/\\\/misije.hr\\\/?s={search_term_string}\"},\"query-input\":{\"@type\":\"PropertyValueSpecification\",\"valueRequired\":true,\"valueName\":\"search_term_string\"}}],\"inLanguage\":\"en-US\"},{\"@type\":\"Organization\",\"@id\":\"https:\\\/\\\/misije.hr\\\/#organization\",\"name\":\"Papinska misijska djela u Republici Hrvatskoj\",\"url\":\"https:\\\/\\\/misije.hr\\\/\",\"logo\":{\"@type\":\"ImageObject\",\"inLanguage\":\"en-US\",\"@id\":\"https:\\\/\\\/misije.hr\\\/#\\\/schema\\\/logo\\\/image\\\/\",\"url\":\"https:\\\/\\\/misije.hr\\\/wp-content\\\/uploads\\\/2021\\\/10\\\/Logo_transparent_compressed-1.png\",\"contentUrl\":\"https:\\\/\\\/misije.hr\\\/wp-content\\\/uploads\\\/2021\\\/10\\\/Logo_transparent_compressed-1.png\",\"width\":871,\"height\":876,\"caption\":\"Papinska misijska djela u Republici Hrvatskoj\"},\"image\":{\"@id\":\"https:\\\/\\\/misije.hr\\\/#\\\/schema\\\/logo\\\/image\\\/\"},\"sameAs\":[\"https:\\\/\\\/www.facebook.com\\\/missioHR\"]}]}<\/script>\n<!-- \/ Yoast SEO plugin. -->","yoast_head_json":{"title":"AKCIJA MIVA HRVATSKA - Misije","description":"Akcija MIVA Hrvatska - da bi misionari lak\u0161e radili na svom poslanju potrebna su im prijevozna sredstva jer ve\u0107inom djeluju u krajevima koji su jako udaljeni od sredi\u0161ta. Osim toga u mnogim djelovima su prometnice lo\u0161e razvijene, a na\u0161i misionari \u010desto idu i u dijelove gdje rijetko tko dolazi.","robots":{"index":"index","follow":"follow","max-snippet":"max-snippet:-1","max-image-preview":"max-image-preview:large","max-video-preview":"max-video-preview:-1"},"canonical":"https:\/\/misije.hr\/en\/akcija-miva-hrvatska\/","og_locale":"en_US","og_type":"article","og_title":"AKCIJA MIVA HRVATSKA - Misije","og_description":"Akcija MIVA Hrvatska - da bi misionari lak\u0161e radili na svom poslanju potrebna su im prijevozna sredstva jer ve\u0107inom djeluju u krajevima koji su jako udaljeni od sredi\u0161ta. Osim toga u mnogim djelovima su prometnice lo\u0161e razvijene, a na\u0161i misionari \u010desto idu i u dijelove gdje rijetko tko dolazi.","og_url":"https:\/\/misije.hr\/en\/akcija-miva-hrvatska\/","og_site_name":"Misije","article_publisher":"https:\/\/www.facebook.com\/missioHR","article_modified_time":"2023-02-06T11:06:45+00:00","og_image":[{"url":"https:\/\/misije.hr\/wp-content\/uploads\/2023\/02\/NOVO-Uplatnica-MIVA-.jpg","type":"","width":"","height":""}],"twitter_card":"summary_large_image","twitter_misc":{"Est. reading time":"2 minutes"},"schema":{"@context":"https:\/\/schema.org","@graph":[{"@type":"WebPage","@id":"https:\/\/misije.hr\/akcija-miva-hrvatska\/","url":"https:\/\/misije.hr\/akcija-miva-hrvatska\/","name":"AKCIJA MIVA HRVATSKA - Misije","isPartOf":{"@id":"https:\/\/misije.hr\/#website"},"primaryImageOfPage":{"@id":"https:\/\/misije.hr\/akcija-miva-hrvatska\/#primaryimage"},"image":{"@id":"https:\/\/misije.hr\/akcija-miva-hrvatska\/#primaryimage"},"thumbnailUrl":"https:\/\/misije.hr\/wp-content\/uploads\/2023\/02\/NOVO-Uplatnica-MIVA-.jpg","datePublished":"2021-10-22T20:41:24+00:00","dateModified":"2023-02-06T11:06:45+00:00","description":"Akcija MIVA Hrvatska - da bi misionari lak\u0161e radili na svom poslanju potrebna su im prijevozna sredstva jer ve\u0107inom djeluju u krajevima koji su jako udaljeni od sredi\u0161ta. Osim toga u mnogim djelovima su prometnice lo\u0161e razvijene, a na\u0161i misionari \u010desto idu i u dijelove gdje rijetko tko dolazi.","breadcrumb":{"@id":"https:\/\/misije.hr\/akcija-miva-hrvatska\/#breadcrumb"},"inLanguage":"en-US","potentialAction":[{"@type":"ReadAction","target":["https:\/\/misije.hr\/akcija-miva-hrvatska\/"]}]},{"@type":"ImageObject","inLanguage":"en-US","@id":"https:\/\/misije.hr\/akcija-miva-hrvatska\/#primaryimage","url":"https:\/\/misije.hr\/wp-content\/uploads\/2023\/02\/NOVO-Uplatnica-MIVA-.jpg","contentUrl":"https:\/\/misije.hr\/wp-content\/uploads\/2023\/02\/NOVO-Uplatnica-MIVA-.jpg"},{"@type":"BreadcrumbList","@id":"https:\/\/misije.hr\/akcija-miva-hrvatska\/#breadcrumb","itemListElement":[{"@type":"ListItem","position":1,"name":"Naslovnica","item":"https:\/\/misije.hr\/"},{"@type":"ListItem","position":2,"name":"AKCIJA MIVA HRVATSKA"}]},{"@type":"WebSite","@id":"https:\/\/misije.hr\/#website","url":"https:\/\/misije.hr\/","name":"Missions","description":"misije","publisher":{"@id":"https:\/\/misije.hr\/#organization"},"potentialAction":[{"@type":"SearchAction","target":{"@type":"EntryPoint","urlTemplate":"https:\/\/misije.hr\/?s={search_term_string}"},"query-input":{"@type":"PropertyValueSpecification","valueRequired":true,"valueName":"search_term_string"}}],"inLanguage":"en-US"},{"@type":"Organization","@id":"https:\/\/misije.hr\/#organization","name":"Papinska misijska djela u Republici Hrvatskoj","url":"https:\/\/misije.hr\/","logo":{"@type":"ImageObject","inLanguage":"en-US","@id":"https:\/\/misije.hr\/#\/schema\/logo\/image\/","url":"https:\/\/misije.hr\/wp-content\/uploads\/2021\/10\/Logo_transparent_compressed-1.png","contentUrl":"https:\/\/misije.hr\/wp-content\/uploads\/2021\/10\/Logo_transparent_compressed-1.png","width":871,"height":876,"caption":"Papinska misijska djela u Republici Hrvatskoj"},"image":{"@id":"https:\/\/misije.hr\/#\/schema\/logo\/image\/"},"sameAs":["https:\/\/www.facebook.com\/missioHR"]}]}},"_links":{"self":[{"href":"https:\/\/misije.hr\/en\/wp-json\/wp\/v2\/pages\/1826","targetHints":{"allow":["GET"]}}],"collection":[{"href":"https:\/\/misije.hr\/en\/wp-json\/wp\/v2\/pages"}],"about":[{"href":"https:\/\/misije.hr\/en\/wp-json\/wp\/v2\/types\/page"}],"author":[{"embeddable":true,"href":"https:\/\/misije.hr\/en\/wp-json\/wp\/v2\/users\/1"}],"replies":[{"embeddable":true,"href":"https:\/\/misije.hr\/en\/wp-json\/wp\/v2\/comments?post=1826"}],"version-history":[{"count":8,"href":"https:\/\/misije.hr\/en\/wp-json\/wp\/v2\/pages\/1826\/revisions"}],"predecessor-version":[{"id":2115,"href":"https:\/\/misije.hr\/en\/wp-json\/wp\/v2\/pages\/1826\/revisions\/2115"}],"wp:attachment":[{"href":"https:\/\/misije.hr\/en\/wp-json\/wp\/v2\/media?parent=1826"}],"curies":[{"name":"wp","href":"https:\/\/api.w.org\/{rel}","templated":true}]}}