{"id":19,"date":"2021-09-27T01:21:34","date_gmt":"2021-09-27T01:21:34","guid":{"rendered":"https:\/\/misije.hbk.hr\/?page_id=19"},"modified":"2021-10-23T02:25:39","modified_gmt":"2021-10-23T02:25:39","slug":"djelo-sv-petra","status":"publish","type":"page","link":"https:\/\/misije.hr\/en\/djelo-sv-petra\/","title":{"rendered":"SOCIETY ST. PETER APOSTLE"},"content":{"rendered":"<section class=\"vc_section\"><div class=\"vc_row wpb_row vc_row-fluid\"><div class=\"wpb_column vc_column_container vc_col-sm-12 sc_layouts_column_icons_position_left\"><div class=\"vc_column-inner\"><div class=\"wpb_wrapper\"><div class=\"vc_separator wpb_content_element vc_separator_align_center vc_sep_width_100 vc_sep_pos_align_center vc_separator_no_text vc_sep_color_grey vc_custom_1634858924329  vc_custom_1634858924329\" ><span class=\"vc_sep_holder vc_sep_holder_l\"><span  class=\"vc_sep_line\"><\/span><\/span><span class=\"vc_sep_holder vc_sep_holder_r\"><span  class=\"vc_sep_line\"><\/span><\/span>\n<\/div><\/div><\/div><\/div><\/div><div id=\"anchorNavigacijaId\" class=\"vc_row wpb_row vc_row-fluid\"><div class=\"wpb_column vc_column_container vc_col-sm-4 sc_layouts_column_icons_position_left\"><div class=\"vc_column-inner\"><div class=\"wpb_wrapper\">\n\t<div class=\"wpb_text_column wpb_content_element  ps2id\" >\n\t\t<div class=\"wpb_wrapper\">\n\t\t\t<h5 style=\"text-align: center;\"><a href=\"#povijestAnchor\">POVIJEST<\/a><\/h5>\n\n\t\t<\/div>\n\t<\/div>\n<\/div><\/div><\/div><div class=\"wpb_column vc_column_container vc_col-sm-4 sc_layouts_column_icons_position_left\"><div class=\"vc_column-inner\"><div class=\"wpb_wrapper\">\n\t<div class=\"wpb_text_column wpb_content_element\" >\n\t\t<div class=\"wpb_wrapper\">\n\t\t\t<h5 style=\"text-align: center;\"><a href=\"#skolovanjeAnchor\">\u0160KOLOVANJE BOGOSLOVA<\/a><\/h5>\n\n\t\t<\/div>\n\t<\/div>\n<\/div><\/div><\/div><div class=\"wpb_column vc_column_container vc_col-sm-4 sc_layouts_column_icons_position_left\"><div class=\"vc_column-inner\"><div class=\"wpb_wrapper\">\n\t<div class=\"wpb_text_column wpb_content_element\" >\n\t\t<div class=\"wpb_wrapper\">\n\t\t\t<h5 style=\"text-align: center;\"><a href=\"#intencijeAnchor\">MISNE INTENCIJE<\/a><\/h5>\n\n\t\t<\/div>\n\t<\/div>\n<\/div><\/div><\/div><\/div><div class=\"vc_row wpb_row vc_row-fluid\"><div class=\"wpb_column vc_column_container vc_col-sm-12 sc_layouts_column_icons_position_left\"><div class=\"vc_column-inner\"><div class=\"wpb_wrapper\"><div class=\"vc_separator wpb_content_element vc_separator_align_center vc_sep_width_100 vc_sep_pos_align_center vc_separator_no_text vc_sep_color_grey vc_custom_1634858932284  vc_custom_1634858932284\" ><span class=\"vc_sep_holder vc_sep_holder_l\"><span  class=\"vc_sep_line\"><\/span><\/span><span class=\"vc_sep_holder vc_sep_holder_r\"><span  class=\"vc_sep_line\"><\/span><\/span>\n<\/div><\/div><\/div><\/div><\/div><div class=\"vc_row wpb_row vc_row-fluid vc_custom_1634674232084\"><div class=\"wpb_column vc_column_container vc_col-sm-12 sc_layouts_column_icons_position_left\"><div class=\"vc_column-inner\"><div class=\"wpb_wrapper\"><div id=\"povijestAnchor\"\n\t\tclass=\"sc_title sc_title_default\"><h2 class=\"sc_item_title sc_title_title sc_align_default sc_item_title_style_default\">POVIJEST<\/h2><\/div><!-- \/.sc_title --><\/div><\/div><\/div><\/div><\/section><div class=\"vc_row wpb_row vc_row-fluid vc_custom_1633182188148\"><div class=\"wpb_column vc_column_container vc_col-sm-12 sc_layouts_column_icons_position_left\"><div class=\"vc_column-inner\"><div class=\"wpb_wrapper\">\n\t<div class=\"wpb_text_column wpb_content_element\" >\n\t\t<div class=\"wpb_wrapper\">\n\t\t\t<p><img loading=\"lazy\" decoding=\"async\" class=\"osjencanaSlika alignleft wp-image-928\" src=\"https:\/\/misije.hr\/wp-content\/uploads\/2021\/10\/stephaniebigard.jpg\" alt=\"\" width=\"220\" height=\"293\" srcset=\"https:\/\/misije.hr\/wp-content\/uploads\/2021\/10\/stephaniebigard.jpg 150w, https:\/\/misije.hr\/wp-content\/uploads\/2021\/10\/stephaniebigard-9x12.jpg 9w\" sizes=\"auto, (max-width: 220px) 100vw, 220px\" \/>Karizmatska i uvelike lai\u010dka narav Papinskog misijskog djela jasno se vidi u osnivanju Papinskog misijskog djela sv. Petra apostola. Ustvari, ovo je Djelo ro\u0111eno u Francuskoj na prijedlog apostolskog vikara Nagasakija mons. Cousina iz Vanjskih misija (Missions Etrangeres &#8211; MEP) iz Pariza, koji je bio uvjeren u potrebu za mjesnim klerom, to zna\u010di za sve\u0107enicima koji su u ono vrijeme bili poznati pod nazivom \u201cdomoroda\u010dki sve\u0107enici\u201d. Stoga se ovo djelo zauzima za jednu od najhitnijih potreba u \u0161irenju evangelizacije: obrazovanje i formaciju mjesnog sve\u0107enstva podizanjem i odr\u017eavanjem sjemeni\u0161ta u misijskim zemljama. Da bi ostvario svoj naum da ima sjemeni\u0161te u Japanu radi duhovne i teolo\u0161ke formacije japanskih sve\u0107enika, mons. Cousin se obra\u0107a mladoj laikinji <strong>Jeanne <\/strong>(Ivani) <strong>Bigard <\/strong>(\u010dit. \u017dan Bigar). Ro\u0111ena u Normandiji 8. prosinca 1859. u dobrostoje\u0107oj obitelji, Ivana od svoje majke Stephanie stje\u010de duboko zanimanje za duhovni \u017eivot te se kao posljedica toga u njoj razvija sna\u017ean osje\u0107aj za potrebu za evan\u0111eoskim radnicima, a posebice za misijskim sve\u0107enicima. Usprkos stidljivosti i osjetljivom zdravlju, ona \u0107e se duboko zauzeti za ovaj ideal koji \u0107e postati svrha cijelog njenog \u017eivota. Iz toga \u0107e razloga posjetiti sve francuske biskupije i putovati u inozemstvo \u010dak do Rima. Nakon velikog financijskog doprinosa za izgradnju crkve sv. Franje Ksaverskog u Kyotu, po o\u010devoj smrti Ivana prodaje sve i odlazi s majkom \u017eivjeti u dvije skromne sobe kako bi sve \u0161to imaju mogle dati misijama. Ona se redovito dopisuje s misionarima i spremno se odaziva na molbu mons. Cousina, te svu svoju energiju ula\u017ee u skupljanje sredstava potrebnih za njegovo japansko sjemeni\u0161te. Zbog svoje upornosti u svemu \u0161to je radila, Ivana je za sebe znala re\u0107i da je \u201ctvrdoglava\u201d, no uskoro \u0107e njeni projekti postati tako brojni, a neki i trajati tako dugo, da \u0107e shvatiti kako bez organizacije ne mo\u017ee obavljati svoju du\u017enost u podupiranju misija. Tako ona izme\u0111u 1889. i 1896.godine osniva Udru\u017eenje koje \u0107e kasnije postati Misijsko djelo sv. Petra apostola. 1894. godine Ivana Bigard objavljuje svoj prvi Manifesto upu\u0107en svim kr\u0161\u0107anima kako bi privukla njihovu pozornost na va\u017enost ovoga djela za rast katoli\u010dkih misija. Sastaje se prvo Upravno vije\u0107e Udru\u017eenja, i 1896. objavljuje prvi propagandni letak.<br \/>\nSlu\u017ebeni datum osnivanja Djela sv. Petra apostola je 1889. godina u Caenu u Francuskoj. 1901. godine sredi\u0161nji se ured seli u Pariz, a kasnije u Fribourg u \u0160vicarskoj, da bi se olak\u0161alo gra\u0111ansko priznanje i stekla ve\u0107a autonomija u upravljanju njegovim sredstvima. 1920. godine glavni mu se ured seli u Rim. Svojom enciklikom Ad extremas Orientis papa Lav XIII. preporu\u010duje Djelo svim kr\u0161\u0107anima, a 3. svibnja 1922. Papa Pio XI. progla\u0161ava Misijsko djelo sv. Petra apostola \u201cpapinskim\u201d, zajedno s dva prethodna Djela. Nakon \u0161to joj 5. sije\u010dnja 1903. godine umire majka Stephanie, Ivana zapada u stanje duboke depresije koja \u0107e joj \u017eivot pretvoriti u bolnu Kalvariju. Svjesna svoje situacije, ona povjerava Djelo franjevcima Marijinim misionarima u Fribourgu. Nakon \u0161to je nekoliko puta bila smje\u0161tena u razne bolnice, te pogor\u0161anja njenog psihi\u010dkog zdravlja, Ivanu odvode k sestrama sv. Josipa u Alen\u00e7onu, gdje i umire 18. travnja 1934. Ivana Bigard Crkvi \u0107e u naslije\u0111e ostaviti izo\u0161trenu svijest o svjetskim dimenzijama misionarske zada\u0107e, jasnu spoznaju o va\u017enosti mjesnog klera s proro\u010dkom vizijom za svoje vrijeme, ve\u0107u osjetljivost me\u0111u laicima za duhovnu i ljudsku mobilizaciju starijih Crkava u cilju solidarnosti s mladim Crkvama: sjemenjem misionarskog prolje\u0107a koje \u0107e procvasti u svim udovima misijske Crkve. Zna\u010denje njenog djela mo\u017eemo na\u0107i u rije\u010dima sv. Pavla: \u201cKako li \u0107e vjerovati u onoga za koga nisu \u010duli? Kako li \u0107e \u010duti bez propovjednika?\u201d (Rim 10, 14-15). Opravdanje za pove\u0107anje broja doma\u0107ih sve\u0107enika nalazi se u Isusovim rije\u010dima: \u201cKao \u0161to je mene poslao Otac, tako i ja \u0161aljem vas.\u201d (Iv 20,21).<\/p>\n<p>Ustvari, koliko se navje\u0161taj Evan\u0111elja temelji na potrebi za radnicima Evan\u0111elja, toliko se mora temeljiti i na kulturi, religiji, \u017eivotu i dru\u0161tvenoj organizaciji svakoga naroda. Sve to najbolje poznaju i koriste sinovi i k\u0107eri toga naroda, doma\u0107i kler u svojim mjesnim Crkvama.<br \/>\n1. Uporno preporu\u010divanje formacije i \u0161kolovanja mjesnih sve\u0107enika i redovnika.<br \/>\n2. Doprinos molitvom i ekonomskom pomo\u0107i rastu mjesnog klera i mjesnih redovni\u010dkih zajednica.<br \/>\n3. Posebna briga za misijsku formaciju mladih, u cilju pove\u0107anja broja zvanja u sve\u0107eni\u010dki i redovni\u010dki stale\u017e, osobito u misijama.<br \/>\n4. Ve\u0107e uklju\u010divanje katolika laika, ne samo doprinosima za pomo\u0107, ve\u0107 i njihovom osobnom zauzeto\u0161\u0107u u misijskim djelatnostima.<\/p>\n<p><strong>Duhovna potpora <\/strong><br \/>\n1. Neprekidno moliti za misijska sve\u0107eni\u010dka zvanja u skladu s Isusovom zapovjedi: \u201cMolite gospodara \u017eetve da po\u0161alje poslenike u \u017eetvu svoju\u201d (Mt 9,38).<br \/>\n2. Uspostaviti duhovni lanac prijateljstva, interesa i sudjelovanja u apostolskom \u017eivotu pismima, posjetima i raznim vrstama kontakata me\u0111u raznim obrazovnim i formacijskim sredi\u0161tima Crkava.<br \/>\n3. \u010clanovima drugih biskupija i redovni\u010dkih zajednica kr\u0161\u0107anskom gostoljubivo\u0161\u0107u i radosno pru\u017eati dobrodo\u0161licu u vlastitim institucijama da im se osigura duhovno okru\u017eenje gdje \u0107e se uzajamno poticati na svetost u Bo\u017ejoj slu\u017ebi.<\/p>\n<p><strong>Materijalna potpora <\/strong><br \/>\n1.Financijski pridonositi \u0161irenju sjemeni\u0161ta i ku\u0107a za redovni\u010dku formaciju u misijskim Crkvama.<br \/>\n2. Molitvom, duhovnim aktivnostima i posebnim prinosom za sjemeni\u0161ta slaviti Nedjelju zvanja (obi\u010dno \u010detvrtu Uskrsnu nedjelju, nedjelju Dobrog pastira).<br \/>\n3. Osigurati \u201c\u0161kolarine\u201d za materijalne potrebe i potrebe \u0161kolovanja pojedinih sjemeni\u0161taraca u misijskim sjemeni\u0161tima.<br \/>\n4. Osobnim i grupnim doprinosima prihva\u0107ati kandidate za sve\u0107eni\u010dka zvanja, s ciljem da ih se prati prema ostvarenju njihovog sve\u0107eni\u0161tva.<br \/>\n5. Na razini crkvenih organizacija preuzimati gradnju ili odr\u017eavanje novih sjemeni\u0161t\u00e2 na misijskim podru\u010djima.<\/p>\n\n\t\t<\/div>\n\t<\/div>\n<\/div><\/div><\/div><\/div><section class=\"vc_section vc_custom_1634674250630 vc_section-has-fill\"><div class=\"vc_row wpb_row vc_row-fluid\"><div class=\"wpb_column vc_column_container vc_col-sm-12 sc_layouts_column_icons_position_left\"><div class=\"vc_column-inner\"><div class=\"wpb_wrapper\"><div id=\"skolovanjeAnchor\"\n\t\tclass=\"sc_title sc_title_default\"><h2 class=\"sc_item_title sc_title_title sc_align_default sc_item_title_style_default\">\u0160KOLOVANJE BOGOSLOVA<\/h2><\/div><!-- \/.sc_title --><\/div><\/div><\/div><\/div><div class=\"vc_row wpb_row vc_row-fluid vc_custom_1633182359796\"><div class=\"wpb_column vc_column_container vc_col-sm-12 sc_layouts_column_icons_position_left\"><div class=\"vc_column-inner\"><div class=\"wpb_wrapper\">\n\t<div class=\"wpb_text_column wpb_content_element\" >\n\t\t<div class=\"wpb_wrapper\">\n\t\t\t<p><img loading=\"lazy\" decoding=\"async\" class=\"osjencanaSlika alignleft wp-image-929\" src=\"https:\/\/misije.hr\/wp-content\/uploads\/2021\/10\/DSCF0546.jpg\" alt=\"\" width=\"339\" height=\"251\" srcset=\"https:\/\/misije.hr\/wp-content\/uploads\/2021\/10\/DSCF0546.jpg 315w, https:\/\/misije.hr\/wp-content\/uploads\/2021\/10\/DSCF0546-300x222.jpg 300w, https:\/\/misije.hr\/wp-content\/uploads\/2021\/10\/DSCF0546-16x12.jpg 16w\" sizes=\"auto, (max-width: 339px) 100vw, 339px\" \/>O misijskim zvanjima Papa ka\u017ee da se \u00bbkatoli\u010dki \u017eivot jednoga naroda mjeri \u017ertvama koje dobrovoljno preuzima na sebe i snosi za misije\u00ab. Tu \u017ertvu on tra\u017ei od svih i napominje: \u00bbAko siroma\u0161na biskupija poma\u017ee drugu siroma\u0161nu biskupiju, nipo\u0161to se ne\u0107e dogoditi da zbog toga postane oskudnija, jer se Bog ne da u velikodu\u0161nosti nadma\u0161iti.\u00ab<br \/>\nU studentskom svijetu ve\u0107 se od Bologne nadalje nagla\u0161ava upravo ta razmjena studenata kao bogatstvo ne samo za njih nego i za zemlje iz kojih dolaze i u kojima studiraju. Ne vrijedi li to kud i kamo vi\u0161e za Crkvu i sve\u0107eni\u010dka zvanja! Tako\u0111er se nadamo da \u0107e biti puno vi\u0161e onih koji \u0107e pomo\u0107i stipendirati bogoslove u njihovim misijskim zemljama kako se ne bi dogodilo da niti jedan ne odustane od sve\u0107eni\u0161tva jer za to nije imao materijalnih mogu\u0107nosti.<br \/>\nPapa se i ovdje izravno obra\u0107a svojim biskupima, ne pre\u017eu\u0107i re\u0107i da od rada na misijskoj svijesti, na misijskim zvanjima ne\u0107e biti plodova \u00bbako mjesni ordinariji blagohotno ne podupiru nastojanje\u00ab onih koji na tome polju rade. Njegovi \u0107e nasljednici sve vi\u0161e nagla\u0161avati suodgovornost i odgovornost svakoga sve\u0107enika i svakoga kr\u0161tenika za \u0161irenje radosne vijesti.<\/p>\n\n\t\t<\/div>\n\t<\/div>\n<\/div><\/div><\/div><\/div><\/section><section class=\"vc_section vc_custom_1634674283788\"><div class=\"vc_row wpb_row vc_row-fluid\"><div class=\"wpb_column vc_column_container vc_col-sm-12 sc_layouts_column_icons_position_left\"><div class=\"vc_column-inner\"><div class=\"wpb_wrapper\"><div id=\"intencijeAnchor\"\n\t\tclass=\"sc_title sc_title_default\"><h2 class=\"sc_item_title sc_title_title sc_align_default sc_item_title_style_default\">MISNE INTENCIJE<\/h2><\/div><!-- \/.sc_title --><\/div><\/div><\/div><\/div><div class=\"vc_row wpb_row vc_row-fluid vc_custom_1633182441601\"><div class=\"wpb_column vc_column_container vc_col-sm-12 sc_layouts_column_icons_position_left\"><div class=\"vc_column-inner\"><div class=\"wpb_wrapper\">\n\t<div class=\"wpb_text_column wpb_content_element\" >\n\t\t<div class=\"wpb_wrapper\">\n\t\t\t<p>Papa Pio XII. u svojoj enciklici na prvom mjestu spominje molitvu za misije i prikazivanje misa za misije. Kroz misu \u00bbcijela Crkva \u017ertvuje vje\u010dnome Ocu, po Kristu, sveti dar &#8216;za spasenje cijeloga svijeta&#8217;. Za\u0161to, dakle, ne bi vjernici u istoj \u017drtvi zajedno s papom, biskupima i cijelom Crkvom podizali sve \u017ear\u010de molitve za novu puninu Duha Svetoga &#8216;da bi cijela zemaljska kugla klicala u prevelikoj radosti&#8217;\u00ab. Zato se vjernicima toplo preporu\u010duje da daju misne nakane za misije. Misa je \u017ertveni dar, \u017ertveni \u010din. Misna \u017ertva koja se odr\u017eava u bilo kojoj crkvi u svijetu povezuje u jedno jedinstvo sve kr\u0161\u0107ane svih naroda i kultura. Stoga misa nije privatna stvar, nije \u00bbmoja\u00ab misa. Zato je velika stvar da na nekom drugom kontinentu netko prikazuje misnu \u017ertvu i mno\u0161tvo vjernika (kao \u0161to je posje\u0107enost misa u Africi) <em>sudjeluje <\/em>u na\u0161oj misnoj nakani i za nju moli! \u00bbSlavljenje mise od strane sve\u0107enika drugih naroda i kultura pokazuje vrijednost i dostojanstvo Kristova sveop\u0107eg sve\u0107eni\u0161tva koji daruje svoju \u017ertvu Ocu svih naroda.\u00ab Tako vjernici koji daju na mise izravno sudjeluju u misiji Crkve.<\/p>\n<p>Daju\u0107i nov\u010dani dar za misu, mi \u010dinimo odre\u0111enu \u017ertvu. Ona ima jo\u0161 ve\u0107u vrijednost ako je dajemo misionaru jer time poma\u017eemo njemu i pru\u017eamo mu pomo\u0107 da on ono \u0161to je dobio za misu mo\u017ee podijeliti s najpotrebnijima. Tako davanje misnih nakana u misije \u00bbpredstavlja \u010din me\u0111usobne ljubavi koji izra\u017eava po\u0161tivanje i dijeljenje dobara s bra\u0107om u potrebi\u00ab.<\/p>\n\n\t\t<\/div>\n\t<\/div>\n<\/div><\/div><\/div><\/div><\/section>","protected":false},"excerpt":{"rendered":"POVIJEST \u0160KOLOVANJE BOGOSLOVA MISNE INTENCIJE POVIJEST Karizmatska i uvelike lai\u010dka narav Papinskog misijskog djela jasno se vidi u osnivanju Papinskog misijskog djela sv. Petra apostola. Ustvari, ovo je Djelo ro\u0111eno u Francuskoj na prijedlog apostolskog vikara Nagasakija mons. Cousina iz Vanjskih misija (Missions Etrangeres - MEP) iz Pariza, koji je bio uvjeren u potrebu za mjesnim klerom, to zna\u010di za&hellip;","protected":false},"author":1,"featured_media":0,"parent":0,"menu_order":0,"comment_status":"closed","ping_status":"closed","template":"","meta":{"_acf_changed":false,"footnotes":""},"class_list":["post-19","page","type-page","status-publish","hentry"],"acf":[],"yoast_head":"<!-- This site is optimized with the Yoast SEO plugin v27.3 - https:\/\/yoast.com\/product\/yoast-seo-wordpress\/ -->\n<title>DJELO SV. PETRA - Misije<\/title>\n<meta name=\"description\" content=\"DJELO SV. PETRA - informacije o \u017eivotu i djelu svetoga Petra\" \/>\n<meta name=\"robots\" content=\"index, follow, max-snippet:-1, max-image-preview:large, max-video-preview:-1\" \/>\n<link rel=\"canonical\" href=\"https:\/\/misije.hr\/en\/djelo-sv-petra\/\" \/>\n<meta property=\"og:locale\" content=\"en_US\" \/>\n<meta property=\"og:type\" content=\"article\" \/>\n<meta property=\"og:title\" content=\"DJELO SV. PETRA - Misije\" \/>\n<meta property=\"og:description\" content=\"DJELO SV. PETRA - informacije o \u017eivotu i djelu svetoga Petra\" \/>\n<meta property=\"og:url\" content=\"https:\/\/misije.hr\/en\/djelo-sv-petra\/\" \/>\n<meta property=\"og:site_name\" content=\"Misije\" \/>\n<meta property=\"article:publisher\" content=\"https:\/\/www.facebook.com\/missioHR\" \/>\n<meta property=\"article:modified_time\" content=\"2021-10-23T02:25:39+00:00\" \/>\n<meta property=\"og:image\" content=\"https:\/\/misije.hr\/wp-content\/uploads\/2021\/10\/stephaniebigard.jpg\" \/>\n<meta name=\"twitter:card\" content=\"summary_large_image\" \/>\n<meta name=\"twitter:label1\" content=\"Est. reading time\" \/>\n\t<meta name=\"twitter:data1\" content=\"8 minutes\" \/>\n<script type=\"application\/ld+json\" class=\"yoast-schema-graph\">{\"@context\":\"https:\\\/\\\/schema.org\",\"@graph\":[{\"@type\":\"WebPage\",\"@id\":\"https:\\\/\\\/misije.hr\\\/djelo-sv-petra\\\/\",\"url\":\"https:\\\/\\\/misije.hr\\\/djelo-sv-petra\\\/\",\"name\":\"DJELO SV. PETRA - Misije\",\"isPartOf\":{\"@id\":\"https:\\\/\\\/misije.hr\\\/#website\"},\"primaryImageOfPage\":{\"@id\":\"https:\\\/\\\/misije.hr\\\/djelo-sv-petra\\\/#primaryimage\"},\"image\":{\"@id\":\"https:\\\/\\\/misije.hr\\\/djelo-sv-petra\\\/#primaryimage\"},\"thumbnailUrl\":\"https:\\\/\\\/misije.hr\\\/wp-content\\\/uploads\\\/2021\\\/10\\\/stephaniebigard.jpg\",\"datePublished\":\"2021-09-27T01:21:34+00:00\",\"dateModified\":\"2021-10-23T02:25:39+00:00\",\"description\":\"DJELO SV. PETRA - informacije o \u017eivotu i djelu svetoga Petra\",\"breadcrumb\":{\"@id\":\"https:\\\/\\\/misije.hr\\\/djelo-sv-petra\\\/#breadcrumb\"},\"inLanguage\":\"en-US\",\"potentialAction\":[{\"@type\":\"ReadAction\",\"target\":[\"https:\\\/\\\/misije.hr\\\/djelo-sv-petra\\\/\"]}]},{\"@type\":\"ImageObject\",\"inLanguage\":\"en-US\",\"@id\":\"https:\\\/\\\/misije.hr\\\/djelo-sv-petra\\\/#primaryimage\",\"url\":\"https:\\\/\\\/misije.hr\\\/wp-content\\\/uploads\\\/2021\\\/10\\\/stephaniebigard.jpg\",\"contentUrl\":\"https:\\\/\\\/misije.hr\\\/wp-content\\\/uploads\\\/2021\\\/10\\\/stephaniebigard.jpg\"},{\"@type\":\"BreadcrumbList\",\"@id\":\"https:\\\/\\\/misije.hr\\\/djelo-sv-petra\\\/#breadcrumb\",\"itemListElement\":[{\"@type\":\"ListItem\",\"position\":1,\"name\":\"Naslovnica\",\"item\":\"https:\\\/\\\/misije.hr\\\/\"},{\"@type\":\"ListItem\",\"position\":2,\"name\":\"DJELO SV. PETRA\"}]},{\"@type\":\"WebSite\",\"@id\":\"https:\\\/\\\/misije.hr\\\/#website\",\"url\":\"https:\\\/\\\/misije.hr\\\/\",\"name\":\"Misije\",\"description\":\"misije\",\"publisher\":{\"@id\":\"https:\\\/\\\/misije.hr\\\/#organization\"},\"potentialAction\":[{\"@type\":\"SearchAction\",\"target\":{\"@type\":\"EntryPoint\",\"urlTemplate\":\"https:\\\/\\\/misije.hr\\\/?s={search_term_string}\"},\"query-input\":{\"@type\":\"PropertyValueSpecification\",\"valueRequired\":true,\"valueName\":\"search_term_string\"}}],\"inLanguage\":\"en-US\"},{\"@type\":\"Organization\",\"@id\":\"https:\\\/\\\/misije.hr\\\/#organization\",\"name\":\"Papinska misijska djela u Republici Hrvatskoj\",\"url\":\"https:\\\/\\\/misije.hr\\\/\",\"logo\":{\"@type\":\"ImageObject\",\"inLanguage\":\"en-US\",\"@id\":\"https:\\\/\\\/misije.hr\\\/#\\\/schema\\\/logo\\\/image\\\/\",\"url\":\"https:\\\/\\\/misije.hr\\\/wp-content\\\/uploads\\\/2021\\\/10\\\/Logo_transparent_compressed-1.png\",\"contentUrl\":\"https:\\\/\\\/misije.hr\\\/wp-content\\\/uploads\\\/2021\\\/10\\\/Logo_transparent_compressed-1.png\",\"width\":871,\"height\":876,\"caption\":\"Papinska misijska djela u Republici Hrvatskoj\"},\"image\":{\"@id\":\"https:\\\/\\\/misije.hr\\\/#\\\/schema\\\/logo\\\/image\\\/\"},\"sameAs\":[\"https:\\\/\\\/www.facebook.com\\\/missioHR\"]}]}<\/script>\n<!-- \/ Yoast SEO plugin. -->","yoast_head_json":{"title":"DJELO SV. PETRA - Misije","description":"DJELO SV. PETRA - informacije o \u017eivotu i djelu svetoga Petra","robots":{"index":"index","follow":"follow","max-snippet":"max-snippet:-1","max-image-preview":"max-image-preview:large","max-video-preview":"max-video-preview:-1"},"canonical":"https:\/\/misije.hr\/en\/djelo-sv-petra\/","og_locale":"en_US","og_type":"article","og_title":"DJELO SV. PETRA - Misije","og_description":"DJELO SV. PETRA - informacije o \u017eivotu i djelu svetoga Petra","og_url":"https:\/\/misije.hr\/en\/djelo-sv-petra\/","og_site_name":"Misije","article_publisher":"https:\/\/www.facebook.com\/missioHR","article_modified_time":"2021-10-23T02:25:39+00:00","og_image":[{"url":"https:\/\/misije.hr\/wp-content\/uploads\/2021\/10\/stephaniebigard.jpg","type":"","width":"","height":""}],"twitter_card":"summary_large_image","twitter_misc":{"Est. reading time":"8 minutes"},"schema":{"@context":"https:\/\/schema.org","@graph":[{"@type":"WebPage","@id":"https:\/\/misije.hr\/djelo-sv-petra\/","url":"https:\/\/misije.hr\/djelo-sv-petra\/","name":"DJELO SV. PETRA - Misije","isPartOf":{"@id":"https:\/\/misije.hr\/#website"},"primaryImageOfPage":{"@id":"https:\/\/misije.hr\/djelo-sv-petra\/#primaryimage"},"image":{"@id":"https:\/\/misije.hr\/djelo-sv-petra\/#primaryimage"},"thumbnailUrl":"https:\/\/misije.hr\/wp-content\/uploads\/2021\/10\/stephaniebigard.jpg","datePublished":"2021-09-27T01:21:34+00:00","dateModified":"2021-10-23T02:25:39+00:00","description":"DJELO SV. PETRA - informacije o \u017eivotu i djelu svetoga Petra","breadcrumb":{"@id":"https:\/\/misije.hr\/djelo-sv-petra\/#breadcrumb"},"inLanguage":"en-US","potentialAction":[{"@type":"ReadAction","target":["https:\/\/misije.hr\/djelo-sv-petra\/"]}]},{"@type":"ImageObject","inLanguage":"en-US","@id":"https:\/\/misije.hr\/djelo-sv-petra\/#primaryimage","url":"https:\/\/misije.hr\/wp-content\/uploads\/2021\/10\/stephaniebigard.jpg","contentUrl":"https:\/\/misije.hr\/wp-content\/uploads\/2021\/10\/stephaniebigard.jpg"},{"@type":"BreadcrumbList","@id":"https:\/\/misije.hr\/djelo-sv-petra\/#breadcrumb","itemListElement":[{"@type":"ListItem","position":1,"name":"Naslovnica","item":"https:\/\/misije.hr\/"},{"@type":"ListItem","position":2,"name":"DJELO SV. PETRA"}]},{"@type":"WebSite","@id":"https:\/\/misije.hr\/#website","url":"https:\/\/misije.hr\/","name":"Missions","description":"misije","publisher":{"@id":"https:\/\/misije.hr\/#organization"},"potentialAction":[{"@type":"SearchAction","target":{"@type":"EntryPoint","urlTemplate":"https:\/\/misije.hr\/?s={search_term_string}"},"query-input":{"@type":"PropertyValueSpecification","valueRequired":true,"valueName":"search_term_string"}}],"inLanguage":"en-US"},{"@type":"Organization","@id":"https:\/\/misije.hr\/#organization","name":"Papinska misijska djela u Republici Hrvatskoj","url":"https:\/\/misije.hr\/","logo":{"@type":"ImageObject","inLanguage":"en-US","@id":"https:\/\/misije.hr\/#\/schema\/logo\/image\/","url":"https:\/\/misije.hr\/wp-content\/uploads\/2021\/10\/Logo_transparent_compressed-1.png","contentUrl":"https:\/\/misije.hr\/wp-content\/uploads\/2021\/10\/Logo_transparent_compressed-1.png","width":871,"height":876,"caption":"Papinska misijska djela u Republici Hrvatskoj"},"image":{"@id":"https:\/\/misije.hr\/#\/schema\/logo\/image\/"},"sameAs":["https:\/\/www.facebook.com\/missioHR"]}]}},"_links":{"self":[{"href":"https:\/\/misije.hr\/en\/wp-json\/wp\/v2\/pages\/19","targetHints":{"allow":["GET"]}}],"collection":[{"href":"https:\/\/misije.hr\/en\/wp-json\/wp\/v2\/pages"}],"about":[{"href":"https:\/\/misije.hr\/en\/wp-json\/wp\/v2\/types\/page"}],"author":[{"embeddable":true,"href":"https:\/\/misije.hr\/en\/wp-json\/wp\/v2\/users\/1"}],"replies":[{"embeddable":true,"href":"https:\/\/misije.hr\/en\/wp-json\/wp\/v2\/comments?post=19"}],"version-history":[{"count":18,"href":"https:\/\/misije.hr\/en\/wp-json\/wp\/v2\/pages\/19\/revisions"}],"predecessor-version":[{"id":1858,"href":"https:\/\/misije.hr\/en\/wp-json\/wp\/v2\/pages\/19\/revisions\/1858"}],"wp:attachment":[{"href":"https:\/\/misije.hr\/en\/wp-json\/wp\/v2\/media?parent=19"}],"curies":[{"name":"wp","href":"https:\/\/api.w.org\/{rel}","templated":true}]}}