{"id":1913,"date":"2021-12-01T22:04:48","date_gmt":"2021-12-01T22:04:48","guid":{"rendered":"https:\/\/misije.hr\/?page_id=1913"},"modified":"2021-12-01T22:19:59","modified_gmt":"2021-12-01T22:19:59","slug":"djelo-sv-djetinjstva-2021","status":"publish","type":"page","link":"https:\/\/misije.hr\/en\/djelo-sv-djetinjstva-2021\/","title":{"rendered":"DJELO SV. DJETINJSTVA 2021"},"content":{"rendered":"<div class=\"vc_row wpb_row vc_row-fluid\"><div class=\"wpb_column vc_column_container vc_col-sm-6 sc_layouts_column_icons_position_left\"><div class=\"vc_column-inner\"><div class=\"wpb_wrapper\">\n\t<div  class=\"wpb_single_image wpb_content_element vc_align_center   osjencanaSlika\">\n\t\t\n\t\t<figure class=\"wpb_wrapper vc_figure\">\n\t\t\t<div class=\"vc_single_image-wrapper   vc_box_border_grey\"><img loading=\"lazy\" decoding=\"async\" width=\"1024\" height=\"858\" src=\"https:\/\/misije.hr\/wp-content\/uploads\/2021\/12\/vizual-uz-tekst-1024x858.jpg\" class=\"vc_single_image-img attachment-large\" alt=\"\" srcset=\"https:\/\/misije.hr\/wp-content\/uploads\/2021\/12\/vizual-uz-tekst-1024x858.jpg 1024w, https:\/\/misije.hr\/wp-content\/uploads\/2021\/12\/vizual-uz-tekst-300x251.jpg 300w, https:\/\/misije.hr\/wp-content\/uploads\/2021\/12\/vizual-uz-tekst-768x644.jpg 768w, https:\/\/misije.hr\/wp-content\/uploads\/2021\/12\/vizual-uz-tekst-14x12.jpg 14w, https:\/\/misije.hr\/wp-content\/uploads\/2021\/12\/vizual-uz-tekst-370x310.jpg 370w, https:\/\/misije.hr\/wp-content\/uploads\/2021\/12\/vizual-uz-tekst-770x645.jpg 770w, https:\/\/misije.hr\/wp-content\/uploads\/2021\/12\/vizual-uz-tekst.jpg 1410w\" sizes=\"auto, (max-width: 1024px) 100vw, 1024px\" \/><\/div>\n\t\t<\/figure>\n\t<\/div>\n<\/div><\/div><\/div><div class=\"wpb_column vc_column_container vc_col-sm-6 sc_layouts_column_icons_position_left\"><div class=\"vc_column-inner\"><div class=\"wpb_wrapper\"><\/div><\/div><\/div><\/div><div class=\"vc_row wpb_row vc_row-fluid\"><div class=\"wpb_column vc_column_container vc_col-sm-12 sc_layouts_column_icons_position_left\"><div class=\"vc_column-inner\"><div class=\"wpb_wrapper\">\n\t<div class=\"wpb_text_column wpb_content_element\" id=\"tekstParagrafId\">\n\t\t<div class=\"wpb_wrapper\">\n\t\t\t<p>&nbsp;<\/p>\n<p>Djelo sv. Djetinjstva je u svibnju 1843. u Francuskoj osnovao biskup Nancya Charles de Forbin-Janson. Pitao se kako spasiti kinesku djecu, koja su zbog siroma\u0161tva i neznanja svojih roditelja bila prepu\u0161tana umiranju od gladi i to bez sakramenta kr\u0161tenja. I danas su djeca u mnogim krajevima svijeta bez osnovnih uvjeta za \u017eivot, prisiljavana na te\u0161ki fizi\u010dki rad, prepu\u0161tena ulici u predgra\u0111ima velegradova, izlo\u017eena kriminalu ili prisiljavana sudjelovati u ratnim operacijama (osobito u afri\u010dkim zemljama).<\/p>\n<p><strong>Djelo sv. Djetinjstva organizirano je u vi\u0161e od 150 zemalja svijeta i ve\u0107 178 godina djeluje kao dje\u010dji kr\u0161\u0107anski pokret za pru\u017eanje duhovne i materijalne pomo\u0107i najmla\u0111ima.<\/strong> Podupire brojne projekte namijenjene za pomo\u0107 djeci u razli\u010ditim misijskim zemljama: izgradnja \u0161kola, siroti\u0161ta i bolnica, pomaganje razli\u010ditih dje\u010djih duhovnih projekata po \u017eupama, dje\u010djih pokreta i udru\u017eenja.<\/p>\n<p><strong>Svjetski Dan svetog Djetinjstva ve\u0107 se godinama obilje\u017eava na svetkovinu Bogojavljenja na temu \u201eDjeca poma\u017eu djeci\u201c.<\/strong> Na taj dan, zajedno s mladim misionarima sa svih kontinenata, djeca i mladi sudjeluju u animiranju liturgije, senzibiliziranju \u017eupske zajednice za probleme nepravde u dru\u0161tvu i prikupljaju sredstva za pothvate solidarnosti na svim kontinentima.<\/p>\n<p>U tu svrhu pripremili smo misijske materijale za animaciju djece. <strong>Ovogodi\u0161nja novost je vesela dru\u0161tvena igra: \u201eMali korak \u2013 velika radost\u201c kojom se \u017eeli potaknuti djecu na me\u0111usobno dru\u017eenje i obitelji na osmi\u0161ljeno zajedni\u0161tvo tijekom \u010ditave godine.<\/strong> Kao takva, mo\u017ee biti izvrstan dar djetetu kao poticaj da shvati kako se prava radost otkriva iznutra i da nitko nije premalen da bi \u010dinio velike stvari. Iskrenom molitvom i dobrim djelom koje se u\u010dini od srca, doga\u0111aju se velike stvari. Ova igra jednostavna je i predvi\u0111ena za kori\u0161tenje tijekom cijele godine, ali kreirana je tako da se mo\u017ee koristiti i kao adventski kalendar tijekom perioda do\u0161a\u0161\u0107a za poticaj na djela ljubavi u obitelji, \u0161koli, \u017eupi, svijetu&#8230;<\/p>\n<p>Vesela igra mo\u017ee se po simboli\u010dnoj cijeni naru\u010diti na email: <a href=\"mailto:missio.croatia@misije.hr\">missio.croatia@misije.hr<\/a> ili tel. 01\/5635-055, a sav prikupljeni prihod namijenjen je za pomo\u0107 djeci u misijama.<\/p>\n<p>Sveto djetinjstvo je djelo kr\u0161\u0107anske solidarnosti; stoga ono pokre\u0107e vjeru mali\u0161ana i upoznaje ih s duhovnim i materijalnim potrebama siroma\u0161nije djece te ih poti\u010de da izi\u0111u iz vlastite egocentri\u010dnosti i podijele s drugom djecom ne\u0161to od onoga \u0161to posjeduju, a posebice dar vjere. Ne zaboravimo da djecu oblikujemo mi odrasli svojim primjerom. Stoga je na\u0161e duhovno, ali i materijalno djelovanje model uz koji djeca odrastaju i odgajaju se za odgovorne ljude, osjetljive za one koji su u potrebi.<\/p>\n\n\t\t<\/div>\n\t<\/div>\n<div class=\"vc_row wpb_row vc_inner vc_row-fluid vc_custom_1634494403035\"><div class=\"wpb_column vc_column_container vc_col-sm-3 sc_layouts_column_icons_position_left\"><div class=\"vc_column-inner\"><div class=\"wpb_wrapper\"><div class=\"vc_btn3-container vc_btn3-center\" ><a class=\"vc_general vc_btn3 vc_btn3-size-md vc_btn3-shape-rounded vc_btn3-style-flat vc_btn3-block vc_btn3-color-sandy-brown\" href=\"https:\/\/mega.nz\/file\/UF4wRCpS#Q95fBci2sGY4Sb9r2hZ8rysW5fPOckjsgjpoeVoBZhk\" title=\"ANIMACIJSKI MATERIJAL\" target=\"_blank\">ANIMACIJSKI MATERIJAL<\/a><\/div><\/div><\/div><\/div><div class=\"wpb_column vc_column_container vc_col-sm-9 sc_layouts_column_icons_position_left\"><div class=\"vc_column-inner\"><div class=\"wpb_wrapper\"><\/div><\/div><\/div><\/div><div class=\"vc_row wpb_row vc_inner vc_row-fluid\"><div class=\"wpb_column vc_column_container vc_col-sm-3 sc_layouts_column_icons_position_left\"><div class=\"vc_column-inner\"><div class=\"wpb_wrapper\"><div class=\"vc_btn3-container vc_btn3-center\" ><a class=\"vc_general vc_btn3 vc_btn3-size-md vc_btn3-shape-rounded vc_btn3-style-flat vc_btn3-block vc_btn3-color-sandy-brown\" href=\"\/wp-content\/uploads\/2021\/12\/IGRA.pdf\" title=\"IGRA\" target=\"_blank\">IGRA<\/a><\/div><\/div><\/div><\/div><div class=\"wpb_column vc_column_container vc_col-sm-9 sc_layouts_column_icons_position_left\"><div class=\"vc_column-inner\"><div class=\"wpb_wrapper\"><\/div><\/div><\/div><\/div><div class=\"vc_row wpb_row vc_inner vc_row-fluid vc_custom_1634494410548\"><div class=\"wpb_column vc_column_container vc_col-sm-3 sc_layouts_column_icons_position_left\"><div class=\"vc_column-inner\"><div class=\"wpb_wrapper\"><div class=\"vc_btn3-container vc_btn3-center\" ><a class=\"vc_general vc_btn3 vc_btn3-size-md vc_btn3-shape-rounded vc_btn3-style-flat vc_btn3-block vc_btn3-color-sandy-brown\" href=\"\/wp-content\/uploads\/2021\/12\/PLAKAT.jpg\" title=\"PLAKAT\" target=\"_blank\">PLAKAT<\/a><\/div><\/div><\/div><\/div><div class=\"wpb_column vc_column_container vc_col-sm-9 sc_layouts_column_icons_position_left\"><div class=\"vc_column-inner\"><div class=\"wpb_wrapper\"><\/div><\/div><\/div><\/div><\/div><\/div><\/div><\/div><div class=\"vc_row wpb_row vc_row-fluid\"><div class=\"wpb_column vc_column_container vc_col-sm-12 sc_layouts_column_icons_position_left\"><div class=\"vc_column-inner\"><div class=\"wpb_wrapper\">\n\t<div class=\"wpb_text_column wpb_content_element\" >\n\t\t<div class=\"wpb_wrapper\">\n\t\t\t<p><strong>\u201e\u0160to god u\u010diniste jednom od ove moje najmanje bra\u0107e, meni u\u010diniste!\u201c (Mt 25, 45)<\/strong><\/p>\n\n\t\t<\/div>\n\t<\/div>\n<\/div><\/div><\/div><\/div>","protected":false},"excerpt":{"rendered":"&nbsp; Djelo sv. Djetinjstva je u svibnju 1843. u Francuskoj osnovao biskup Nancya Charles de Forbin-Janson. Pitao se kako spasiti kinesku djecu, koja su zbog siroma\u0161tva i neznanja svojih roditelja bila prepu\u0161tana umiranju od gladi i to bez sakramenta kr\u0161tenja. I danas su djeca u mnogim krajevima svijeta bez osnovnih uvjeta za \u017eivot, prisiljavana na te\u0161ki fizi\u010dki rad, prepu\u0161tena ulici&hellip;","protected":false},"author":1,"featured_media":0,"parent":0,"menu_order":0,"comment_status":"closed","ping_status":"closed","template":"","meta":{"_acf_changed":false,"footnotes":""},"class_list":["post-1913","page","type-page","status-publish","hentry"],"acf":[],"yoast_head":"<!-- This site is optimized with the Yoast SEO plugin v27.3 - https:\/\/yoast.com\/product\/yoast-seo-wordpress\/ -->\n<title>DJELO SV. DJETINJSTVA 2021 - Misije<\/title>\n<meta name=\"robots\" content=\"index, follow, max-snippet:-1, max-image-preview:large, max-video-preview:-1\" \/>\n<link rel=\"canonical\" href=\"https:\/\/misije.hr\/en\/djelo-sv-djetinjstva-2021\/\" \/>\n<meta property=\"og:locale\" content=\"en_US\" \/>\n<meta property=\"og:type\" content=\"article\" \/>\n<meta property=\"og:title\" content=\"DJELO SV. DJETINJSTVA 2021 - Misije\" \/>\n<meta property=\"og:url\" content=\"https:\/\/misije.hr\/en\/djelo-sv-djetinjstva-2021\/\" \/>\n<meta property=\"og:site_name\" content=\"Misije\" \/>\n<meta property=\"article:publisher\" content=\"https:\/\/www.facebook.com\/missioHR\" \/>\n<meta property=\"article:modified_time\" content=\"2021-12-01T22:19:59+00:00\" \/>\n<meta name=\"twitter:card\" content=\"summary_large_image\" \/>\n<meta name=\"twitter:label1\" content=\"Est. reading time\" \/>\n\t<meta name=\"twitter:data1\" content=\"3 minutes\" \/>\n<script type=\"application\/ld+json\" class=\"yoast-schema-graph\">{\"@context\":\"https:\\\/\\\/schema.org\",\"@graph\":[{\"@type\":\"WebPage\",\"@id\":\"https:\\\/\\\/misije.hr\\\/djelo-sv-djetinjstva-2021\\\/\",\"url\":\"https:\\\/\\\/misije.hr\\\/djelo-sv-djetinjstva-2021\\\/\",\"name\":\"DJELO SV. DJETINJSTVA 2021 - Misije\",\"isPartOf\":{\"@id\":\"https:\\\/\\\/misije.hr\\\/#website\"},\"datePublished\":\"2021-12-01T22:04:48+00:00\",\"dateModified\":\"2021-12-01T22:19:59+00:00\",\"breadcrumb\":{\"@id\":\"https:\\\/\\\/misije.hr\\\/djelo-sv-djetinjstva-2021\\\/#breadcrumb\"},\"inLanguage\":\"en-US\",\"potentialAction\":[{\"@type\":\"ReadAction\",\"target\":[\"https:\\\/\\\/misije.hr\\\/djelo-sv-djetinjstva-2021\\\/\"]}]},{\"@type\":\"BreadcrumbList\",\"@id\":\"https:\\\/\\\/misije.hr\\\/djelo-sv-djetinjstva-2021\\\/#breadcrumb\",\"itemListElement\":[{\"@type\":\"ListItem\",\"position\":1,\"name\":\"Naslovnica\",\"item\":\"https:\\\/\\\/misije.hr\\\/\"},{\"@type\":\"ListItem\",\"position\":2,\"name\":\"DJELO SV. DJETINJSTVA 2021\"}]},{\"@type\":\"WebSite\",\"@id\":\"https:\\\/\\\/misije.hr\\\/#website\",\"url\":\"https:\\\/\\\/misije.hr\\\/\",\"name\":\"Misije\",\"description\":\"misije\",\"publisher\":{\"@id\":\"https:\\\/\\\/misije.hr\\\/#organization\"},\"potentialAction\":[{\"@type\":\"SearchAction\",\"target\":{\"@type\":\"EntryPoint\",\"urlTemplate\":\"https:\\\/\\\/misije.hr\\\/?s={search_term_string}\"},\"query-input\":{\"@type\":\"PropertyValueSpecification\",\"valueRequired\":true,\"valueName\":\"search_term_string\"}}],\"inLanguage\":\"en-US\"},{\"@type\":\"Organization\",\"@id\":\"https:\\\/\\\/misije.hr\\\/#organization\",\"name\":\"Papinska misijska djela u Republici Hrvatskoj\",\"url\":\"https:\\\/\\\/misije.hr\\\/\",\"logo\":{\"@type\":\"ImageObject\",\"inLanguage\":\"en-US\",\"@id\":\"https:\\\/\\\/misije.hr\\\/#\\\/schema\\\/logo\\\/image\\\/\",\"url\":\"https:\\\/\\\/misije.hr\\\/wp-content\\\/uploads\\\/2021\\\/10\\\/Logo_transparent_compressed-1.png\",\"contentUrl\":\"https:\\\/\\\/misije.hr\\\/wp-content\\\/uploads\\\/2021\\\/10\\\/Logo_transparent_compressed-1.png\",\"width\":871,\"height\":876,\"caption\":\"Papinska misijska djela u Republici Hrvatskoj\"},\"image\":{\"@id\":\"https:\\\/\\\/misije.hr\\\/#\\\/schema\\\/logo\\\/image\\\/\"},\"sameAs\":[\"https:\\\/\\\/www.facebook.com\\\/missioHR\"]}]}<\/script>\n<!-- \/ Yoast SEO plugin. -->","yoast_head_json":{"title":"DJELO SV. DJETINJSTVA 2021 - Misije","robots":{"index":"index","follow":"follow","max-snippet":"max-snippet:-1","max-image-preview":"max-image-preview:large","max-video-preview":"max-video-preview:-1"},"canonical":"https:\/\/misije.hr\/en\/djelo-sv-djetinjstva-2021\/","og_locale":"en_US","og_type":"article","og_title":"DJELO SV. DJETINJSTVA 2021 - Misije","og_url":"https:\/\/misije.hr\/en\/djelo-sv-djetinjstva-2021\/","og_site_name":"Misije","article_publisher":"https:\/\/www.facebook.com\/missioHR","article_modified_time":"2021-12-01T22:19:59+00:00","twitter_card":"summary_large_image","twitter_misc":{"Est. reading time":"3 minutes"},"schema":{"@context":"https:\/\/schema.org","@graph":[{"@type":"WebPage","@id":"https:\/\/misije.hr\/djelo-sv-djetinjstva-2021\/","url":"https:\/\/misije.hr\/djelo-sv-djetinjstva-2021\/","name":"DJELO SV. DJETINJSTVA 2021 - Misije","isPartOf":{"@id":"https:\/\/misije.hr\/#website"},"datePublished":"2021-12-01T22:04:48+00:00","dateModified":"2021-12-01T22:19:59+00:00","breadcrumb":{"@id":"https:\/\/misije.hr\/djelo-sv-djetinjstva-2021\/#breadcrumb"},"inLanguage":"en-US","potentialAction":[{"@type":"ReadAction","target":["https:\/\/misije.hr\/djelo-sv-djetinjstva-2021\/"]}]},{"@type":"BreadcrumbList","@id":"https:\/\/misije.hr\/djelo-sv-djetinjstva-2021\/#breadcrumb","itemListElement":[{"@type":"ListItem","position":1,"name":"Naslovnica","item":"https:\/\/misije.hr\/"},{"@type":"ListItem","position":2,"name":"DJELO SV. DJETINJSTVA 2021"}]},{"@type":"WebSite","@id":"https:\/\/misije.hr\/#website","url":"https:\/\/misije.hr\/","name":"Missions","description":"misije","publisher":{"@id":"https:\/\/misije.hr\/#organization"},"potentialAction":[{"@type":"SearchAction","target":{"@type":"EntryPoint","urlTemplate":"https:\/\/misije.hr\/?s={search_term_string}"},"query-input":{"@type":"PropertyValueSpecification","valueRequired":true,"valueName":"search_term_string"}}],"inLanguage":"en-US"},{"@type":"Organization","@id":"https:\/\/misije.hr\/#organization","name":"Papinska misijska djela u Republici Hrvatskoj","url":"https:\/\/misije.hr\/","logo":{"@type":"ImageObject","inLanguage":"en-US","@id":"https:\/\/misije.hr\/#\/schema\/logo\/image\/","url":"https:\/\/misije.hr\/wp-content\/uploads\/2021\/10\/Logo_transparent_compressed-1.png","contentUrl":"https:\/\/misije.hr\/wp-content\/uploads\/2021\/10\/Logo_transparent_compressed-1.png","width":871,"height":876,"caption":"Papinska misijska djela u Republici Hrvatskoj"},"image":{"@id":"https:\/\/misije.hr\/#\/schema\/logo\/image\/"},"sameAs":["https:\/\/www.facebook.com\/missioHR"]}]}},"_links":{"self":[{"href":"https:\/\/misije.hr\/en\/wp-json\/wp\/v2\/pages\/1913","targetHints":{"allow":["GET"]}}],"collection":[{"href":"https:\/\/misije.hr\/en\/wp-json\/wp\/v2\/pages"}],"about":[{"href":"https:\/\/misije.hr\/en\/wp-json\/wp\/v2\/types\/page"}],"author":[{"embeddable":true,"href":"https:\/\/misije.hr\/en\/wp-json\/wp\/v2\/users\/1"}],"replies":[{"embeddable":true,"href":"https:\/\/misije.hr\/en\/wp-json\/wp\/v2\/comments?post=1913"}],"version-history":[{"count":6,"href":"https:\/\/misije.hr\/en\/wp-json\/wp\/v2\/pages\/1913\/revisions"}],"predecessor-version":[{"id":1926,"href":"https:\/\/misije.hr\/en\/wp-json\/wp\/v2\/pages\/1913\/revisions\/1926"}],"wp:attachment":[{"href":"https:\/\/misije.hr\/en\/wp-json\/wp\/v2\/media?parent=1913"}],"curies":[{"name":"wp","href":"https:\/\/api.w.org\/{rel}","templated":true}]}}