{"id":1998,"date":"2022-06-26T15:48:00","date_gmt":"2022-06-26T15:48:00","guid":{"rendered":"https:\/\/misije.hr\/?page_id=1998"},"modified":"2023-01-03T13:30:55","modified_gmt":"2023-01-03T13:30:55","slug":"veseli-kilometri","status":"publish","type":"page","link":"https:\/\/misije.hr\/en\/miva\/veseli-kilometri\/","title":{"rendered":"VESELI KILOMETRI \u2013 najzabavniji suputnik"},"content":{"rendered":"<p><em>VESELI KILOMETRI<\/em> povezuju, donose radost, tjeraju dosadu, grade zajedni\u0161tvo, poti\u010du dobro u svakom \u010dovjeku, razvijaju osjetljivost za potrebite i poma\u017eu upoznati pravi smisao kr\u0161\u0107anske vjere i ljubavi. Plod su suradnje ravnateljstva Papinskih misijskih djela u Republici Hrvatskoj i Ureda Hrvatske biskupske konferencije za \u017eivot i obitelj. U Godini obitelji Amoris laetitia (od 19. o\u017eujka 2021. do 26. lipnja 2022.) \u017eeljeli smo prirediti materijal koji \u0107e biti koristan obiteljima tijekom putovanja, ali i pomo\u0107i prikupljanju nov\u010danih sredstava za nabavu misijskih vozila hrvatskim misionarima u svijetu u sklopu Akcije MIVA (Misijska vozila).<\/p>\n\n\n\n<div class=\"wp-block-image\"><figure class=\"aligncenter size-translogic-thumb-big\"><img loading=\"lazy\" decoding=\"async\" width=\"740\" height=\"524\" src=\"https:\/\/misije.hr\/wp-content\/uploads\/2022\/06\/VESELI-KILOMETRI-1-1-740x524.jpg\" alt=\"\" class=\"wp-image-2000\" srcset=\"https:\/\/misije.hr\/wp-content\/uploads\/2022\/06\/VESELI-KILOMETRI-1-1-740x524.jpg 740w, https:\/\/misije.hr\/wp-content\/uploads\/2022\/06\/VESELI-KILOMETRI-1-1-18x12.jpg 18w\" sizes=\"auto, (max-width: 740px) 100vw, 740px\" \/><\/figure><\/div>\n\n\n\n<p><em>VESELI KILOMETRI<\/em> sastoje se od dva seta kartica: OSNOVNI i MISIJSKI. Ukupno je rije\u010d o 24 kartice A5 formata s 36 razli\u010ditih igara. Osnovni set prikazuje na\u0161e hrvatske obitelji koje u misijskom setu idu ususret obiteljima iz misija diljem svijeta. Misijski set zato i u sadr\u017eaju ima misijskih elemenata, nastoje\u0107i nas ohrabriti na taj susret. Susret s misijskim obiteljima doga\u0111a se ve\u0107 sada, jer nabavom <em>VESELIH KILOMETARA<\/em> pridonosite kupnji toliko potrebnih misijskih vozila, a dodatno \u0107e se produbiti dok budete koristili kartice.<\/p>\n\n\n\n<div class=\"wp-block-image\"><figure class=\"aligncenter size-translogic-thumb-big\"><img loading=\"lazy\" decoding=\"async\" width=\"740\" height=\"524\" src=\"https:\/\/misije.hr\/wp-content\/uploads\/2022\/06\/VESELI-KILOMETRI-2-740x524.jpg\" alt=\"\" class=\"wp-image-2001\"\/><\/figure><\/div>\n\n\n\n<p>Aktivnosti na karticama zami\u0161ljene su tako da nisu potrebna nikakva dodatna pomagala. Potrebno je samo ponijeti vre\u0107icu s karticama, izvu\u0107i jednu po \u017eelji i u\u0107i u svijet igre i veselja. Igre i aktivnosti nastojali smo jasno razlo\u017eiti kako bi se bez velikih nedoumica mogli koristiti. Ipak, upute u igrama su pomo\u0107, a ne granica. Slobodno se igrajte i preoblikujte dani sadr\u017eaj po mjeri svoje obitelji i putnika.<\/p>\n\n\n\n<div class=\"wp-block-image\"><figure class=\"aligncenter size-translogic-thumb-big\"><img loading=\"lazy\" decoding=\"async\" width=\"740\" height=\"524\" src=\"https:\/\/misije.hr\/wp-content\/uploads\/2022\/06\/VESELI-KILOMETRI-3-740x524.jpg\" alt=\"\" class=\"wp-image-2002\" srcset=\"https:\/\/misije.hr\/wp-content\/uploads\/2022\/06\/VESELI-KILOMETRI-3-740x524.jpg 740w, https:\/\/misije.hr\/wp-content\/uploads\/2022\/06\/VESELI-KILOMETRI-3-15x12.jpg 15w\" sizes=\"auto, (max-width: 740px) 100vw, 740px\" \/><\/figure><\/div>\n\n\n\n<p>Kartice prate plodove Duha Svetoga koji su nam nadahnu\u0107e i vodilja za \u017eivot: ljubav, radost, mir, strpljivost, velikodu\u0161nost, uslu\u017enost, dobrota, krotkost, vjernost, blagost, uzdr\u017eljivost, \u010disto\u0107a. Aktivnosti na svakoj kartici podijeljene su na nekoliko rubrika: Razmi\u0161ljamo, U\u010dimo, Igramo se, Djelujemo i Molimo, kako bi kori\u0161tenje bilo jednostavnije i zabavnije.<\/p>\n\n\n\n<div class=\"wp-block-image\"><figure class=\"aligncenter size-translogic-thumb-big\"><img loading=\"lazy\" decoding=\"async\" width=\"740\" height=\"524\" src=\"https:\/\/misije.hr\/wp-content\/uploads\/2022\/06\/VESELI-KILOMETRI-4-740x524.jpg\" alt=\"\" class=\"wp-image-2003\"\/><\/figure><\/div>\n\n\n\n<p>Stvaraju\u0107i kartice <em>VESELI KILOMETRI<\/em>, \u017eeljeli smo pozvati na zajedni\u010dko razmi\u0161ljanje, u\u010denje, igranje, konkretno djelovanje i molitvu. Ponu\u0111eni sadr\u017eaj uvodi u misijski svijet i otvara vidike za stvarnost ljudi u misijskim zemljama.<\/p>\n\n\n\n<p>Misije nas poti\u010du da prihvatimo jedni druge, a <em>VESELI KILOMETRI<\/em> poma\u017eu misionarima u kupnji misijskih vozila putem akcije <em>MIVA<\/em>. &nbsp;<\/p>\n\n\n\n<p class=\"has-black-color has-text-color\">Predlo\u017eena donacija je 20,00 eur.<\/p>\n\n\n\n<p>\u017delite li naru\u010diti svoj paket <em>VESELIH KILOMETARA<\/em>, javite nam se na: 01\/56 35 055, email: <a href=\"mailto:missio.croatia@misije.hr\">missio.croatia@misije.hr<\/a> ili porukom na Facebook stranici: <a href=\"http:\/\/www.facebook.com\/missioHR\">www.facebook.com\/missioHR<\/a><\/p>\n\n\n\n<figure class=\"wp-block-video\"><video controls muted src=\"https:\/\/misije.hr\/wp-content\/uploads\/\/videos\/Igra Veseli Kilometri-Najzabavniji Suputnik_compressed.mp4\"><\/video><\/figure>\n\n\n\n<hr class=\"wp-block-separator has-text-color has-background has-vivid-red-background-color has-vivid-red-color is-style-default\"\/>\n\n\n\n<p>\u0160to je akcija <em>MIVA<\/em>?<\/p>\n\n\n\n<p><em>MIVA<\/em> je me\u0111unarodna humanitarna akcija kojom spa\u0161avamo \u017eivote, vra\u0107amo zdravlje bolesnima, umanjujemo siroma\u0161tvo, glad i \u017ee\u0111 te omogu\u0107ujemo pristup obrazovanju. Vozilo koje posjeduje misionar koristi se za sve, ba\u0161 za sve! Koristi se za prijevoz hrane, gra\u0111evinskog materijala, bolesnika, djece u \u0161kolu, ali i kao ambulanta i ra\u0111aonica, jer \u010desto je to jedino prijevozno sredstvo za desetke pa i stotine tisu\u0107a ljudi. Sva prikupljena sredstva od <em>VESELIH KILOMETARA<\/em> koristit \u0107emo isklju\u010divo za kupnju misijskih vozila.<\/p>\n\n\n\n<p>Kreativni tim koji je radio na pripremi ovih aktivnosti pazio je na brojne detalje te je izrada ambala\u017ee u obliku platnenih vre\u0107ica povjerena \u0161ti\u0107enicima Centra za inkluzivnu podr\u0161ku i zapo\u0161ljavanje \u201eInpromo\u201c, Labin. Marljive ruke osoba s invaliditetom s puno radosti i ljubavi, uz pomo\u0107 volontera, \u0161ivale su platnene vre\u0107ice. Ovom vrstom ambala\u017ee \u017eeljeli smo skrenuti pozornost na va\u017enost \u010duvanja prirode koja nam je darovana.<\/p>\n\n\n\n<p>Dodatni materijal <em>VESELIH KILOMETARA<\/em> je ilustrirana knji\u017eica koja sadr\u017ei upute za kori\u0161tenje, pri\u010du o Plodovima Duha Svetoga, malu \u0161kolu molitve te upoznavanje misijske krunice kao i pri\u010du o poznatim svetcima, za\u0161titnicima misija i njihove molitve. U knji\u017eici nalazi se i pri\u010da o misijskom djelovanju koja poti\u010de na promi\u0161ljanje i djelovanje.<\/p>\n\n\n\n<p>Vjerujemo da \u0107e <em>VESELI KILOMETRI<\/em> pomo\u0107i u uspostavljanju boljih odnosa, poticati razvoj kreativnosti, jezi\u010dnih i socijalnih vje\u0161tina, kriti\u010dkog razmi\u0161ljanja, samopouzdanja i samopo\u0161tovanja, koncentracije i strpljenja.<\/p>\n\n\n\n<p>Ne zaboravimo poruku sv. Majke Terezije koja ka\u017ee da uvijek treba na\u0107i vremena za igru jer to je tajna vje\u010dne mladosti.<\/p>\n\n\n\n<p>Od srca vam \u017eelimo da uz igru <em>VESELI KILOMETRI<\/em> sva va\u0161a putovanja i dru\u017eenja budu budu ugodnija, mirnija i zabavnija!<\/p>","protected":false},"excerpt":{"rendered":"<p>VESELI KILOMETRI povezuju, donose radost, tjeraju dosadu, grade zajedni\u0161tvo, poti\u010du dobro u svakom \u010dovjeku, razvijaju osjetljivost za potrebite i poma\u017eu upoznati pravi smisao kr\u0161\u0107anske vjere i ljubavi. Plod su suradnje ravnateljstva Papinskih misijskih djela u Republici Hrvatskoj i Ureda Hrvatske biskupske konferencije za \u017eivot i obitelj. U Godini obitelji Amoris laetitia (od 19. o\u017eujka 2021. do 26. lipnja 2022.) \u017eeljeli&hellip;<\/p>","protected":false},"author":1,"featured_media":0,"parent":1639,"menu_order":0,"comment_status":"closed","ping_status":"closed","template":"","meta":{"_acf_changed":false,"footnotes":""},"class_list":["post-1998","page","type-page","status-publish","hentry"],"acf":[],"yoast_head":"<!-- This site is optimized with the Yoast SEO plugin v27.3 - https:\/\/yoast.com\/product\/yoast-seo-wordpress\/ -->\n<title>VESELI KILOMETRI \u2013 najzabavniji suputnik - Misije<\/title>\n<meta name=\"robots\" content=\"index, follow, max-snippet:-1, max-image-preview:large, max-video-preview:-1\" \/>\n<link rel=\"canonical\" href=\"https:\/\/misije.hr\/en\/miva\/veseli-kilometri\/\" \/>\n<meta property=\"og:locale\" content=\"en_US\" \/>\n<meta property=\"og:type\" content=\"article\" \/>\n<meta property=\"og:title\" content=\"VESELI KILOMETRI \u2013 najzabavniji suputnik - Misije\" \/>\n<meta property=\"og:description\" content=\"VESELI KILOMETRI povezuju, donose radost, tjeraju dosadu, grade zajedni\u0161tvo, poti\u010du dobro u svakom \u010dovjeku, razvijaju osjetljivost za potrebite i poma\u017eu upoznati pravi smisao kr\u0161\u0107anske vjere i ljubavi. Plod su suradnje ravnateljstva Papinskih misijskih djela u Republici Hrvatskoj i Ureda Hrvatske biskupske konferencije za \u017eivot i obitelj. U Godini obitelji Amoris laetitia (od 19. o\u017eujka 2021. do 26. lipnja 2022.) \u017eeljeli&hellip;\" \/>\n<meta property=\"og:url\" content=\"https:\/\/misije.hr\/en\/miva\/veseli-kilometri\/\" \/>\n<meta property=\"og:site_name\" content=\"Misije\" \/>\n<meta property=\"article:publisher\" content=\"https:\/\/www.facebook.com\/missioHR\" \/>\n<meta property=\"article:modified_time\" content=\"2023-01-03T13:30:55+00:00\" \/>\n<meta property=\"og:image\" content=\"https:\/\/misije.hr\/wp-content\/uploads\/2022\/06\/VESELI-KILOMETRI-1-1-740x524.jpg\" \/>\n<meta name=\"twitter:card\" content=\"summary_large_image\" \/>\n<meta name=\"twitter:label1\" content=\"Est. reading time\" \/>\n\t<meta name=\"twitter:data1\" content=\"4 minutes\" \/>\n<script type=\"application\/ld+json\" class=\"yoast-schema-graph\">{\"@context\":\"https:\\\/\\\/schema.org\",\"@graph\":[{\"@type\":\"WebPage\",\"@id\":\"https:\\\/\\\/misije.hr\\\/miva\\\/veseli-kilometri\\\/\",\"url\":\"https:\\\/\\\/misije.hr\\\/miva\\\/veseli-kilometri\\\/\",\"name\":\"VESELI KILOMETRI \u2013 najzabavniji suputnik - Misije\",\"isPartOf\":{\"@id\":\"https:\\\/\\\/misije.hr\\\/#website\"},\"primaryImageOfPage\":{\"@id\":\"https:\\\/\\\/misije.hr\\\/miva\\\/veseli-kilometri\\\/#primaryimage\"},\"image\":{\"@id\":\"https:\\\/\\\/misije.hr\\\/miva\\\/veseli-kilometri\\\/#primaryimage\"},\"thumbnailUrl\":\"https:\\\/\\\/misije.hr\\\/wp-content\\\/uploads\\\/2022\\\/06\\\/VESELI-KILOMETRI-1-1-740x524.jpg\",\"datePublished\":\"2022-06-26T15:48:00+00:00\",\"dateModified\":\"2023-01-03T13:30:55+00:00\",\"breadcrumb\":{\"@id\":\"https:\\\/\\\/misije.hr\\\/miva\\\/veseli-kilometri\\\/#breadcrumb\"},\"inLanguage\":\"en-US\",\"potentialAction\":[{\"@type\":\"ReadAction\",\"target\":[\"https:\\\/\\\/misije.hr\\\/miva\\\/veseli-kilometri\\\/\"]}]},{\"@type\":\"ImageObject\",\"inLanguage\":\"en-US\",\"@id\":\"https:\\\/\\\/misije.hr\\\/miva\\\/veseli-kilometri\\\/#primaryimage\",\"url\":\"https:\\\/\\\/misije.hr\\\/wp-content\\\/uploads\\\/2022\\\/06\\\/VESELI-KILOMETRI-1-1-740x524.jpg\",\"contentUrl\":\"https:\\\/\\\/misije.hr\\\/wp-content\\\/uploads\\\/2022\\\/06\\\/VESELI-KILOMETRI-1-1-740x524.jpg\"},{\"@type\":\"BreadcrumbList\",\"@id\":\"https:\\\/\\\/misije.hr\\\/miva\\\/veseli-kilometri\\\/#breadcrumb\",\"itemListElement\":[{\"@type\":\"ListItem\",\"position\":1,\"name\":\"Naslovnica\",\"item\":\"https:\\\/\\\/misije.hr\\\/\"},{\"@type\":\"ListItem\",\"position\":2,\"name\":\"AKCIJA MIVA\",\"item\":\"https:\\\/\\\/misije.hr\\\/miva\\\/\"},{\"@type\":\"ListItem\",\"position\":3,\"name\":\"VESELI KILOMETRI \u2013 najzabavniji suputnik\"}]},{\"@type\":\"WebSite\",\"@id\":\"https:\\\/\\\/misije.hr\\\/#website\",\"url\":\"https:\\\/\\\/misije.hr\\\/\",\"name\":\"Misije\",\"description\":\"misije\",\"publisher\":{\"@id\":\"https:\\\/\\\/misije.hr\\\/#organization\"},\"potentialAction\":[{\"@type\":\"SearchAction\",\"target\":{\"@type\":\"EntryPoint\",\"urlTemplate\":\"https:\\\/\\\/misije.hr\\\/?s={search_term_string}\"},\"query-input\":{\"@type\":\"PropertyValueSpecification\",\"valueRequired\":true,\"valueName\":\"search_term_string\"}}],\"inLanguage\":\"en-US\"},{\"@type\":\"Organization\",\"@id\":\"https:\\\/\\\/misije.hr\\\/#organization\",\"name\":\"Papinska misijska djela u Republici Hrvatskoj\",\"url\":\"https:\\\/\\\/misije.hr\\\/\",\"logo\":{\"@type\":\"ImageObject\",\"inLanguage\":\"en-US\",\"@id\":\"https:\\\/\\\/misije.hr\\\/#\\\/schema\\\/logo\\\/image\\\/\",\"url\":\"https:\\\/\\\/misije.hr\\\/wp-content\\\/uploads\\\/2021\\\/10\\\/Logo_transparent_compressed-1.png\",\"contentUrl\":\"https:\\\/\\\/misije.hr\\\/wp-content\\\/uploads\\\/2021\\\/10\\\/Logo_transparent_compressed-1.png\",\"width\":871,\"height\":876,\"caption\":\"Papinska misijska djela u Republici Hrvatskoj\"},\"image\":{\"@id\":\"https:\\\/\\\/misije.hr\\\/#\\\/schema\\\/logo\\\/image\\\/\"},\"sameAs\":[\"https:\\\/\\\/www.facebook.com\\\/missioHR\"]}]}<\/script>\n<!-- \/ Yoast SEO plugin. -->","yoast_head_json":{"title":"VESELI KILOMETRI \u2013 najzabavniji suputnik - Misije","robots":{"index":"index","follow":"follow","max-snippet":"max-snippet:-1","max-image-preview":"max-image-preview:large","max-video-preview":"max-video-preview:-1"},"canonical":"https:\/\/misije.hr\/en\/miva\/veseli-kilometri\/","og_locale":"en_US","og_type":"article","og_title":"VESELI KILOMETRI \u2013 najzabavniji suputnik - Misije","og_description":"VESELI KILOMETRI povezuju, donose radost, tjeraju dosadu, grade zajedni\u0161tvo, poti\u010du dobro u svakom \u010dovjeku, razvijaju osjetljivost za potrebite i poma\u017eu upoznati pravi smisao kr\u0161\u0107anske vjere i ljubavi. Plod su suradnje ravnateljstva Papinskih misijskih djela u Republici Hrvatskoj i Ureda Hrvatske biskupske konferencije za \u017eivot i obitelj. U Godini obitelji Amoris laetitia (od 19. o\u017eujka 2021. do 26. lipnja 2022.) \u017eeljeli&hellip;","og_url":"https:\/\/misije.hr\/en\/miva\/veseli-kilometri\/","og_site_name":"Misije","article_publisher":"https:\/\/www.facebook.com\/missioHR","article_modified_time":"2023-01-03T13:30:55+00:00","og_image":[{"url":"https:\/\/misije.hr\/wp-content\/uploads\/2022\/06\/VESELI-KILOMETRI-1-1-740x524.jpg","type":"","width":"","height":""}],"twitter_card":"summary_large_image","twitter_misc":{"Est. reading time":"4 minutes"},"schema":{"@context":"https:\/\/schema.org","@graph":[{"@type":"WebPage","@id":"https:\/\/misije.hr\/miva\/veseli-kilometri\/","url":"https:\/\/misije.hr\/miva\/veseli-kilometri\/","name":"VESELI KILOMETRI \u2013 najzabavniji suputnik - Misije","isPartOf":{"@id":"https:\/\/misije.hr\/#website"},"primaryImageOfPage":{"@id":"https:\/\/misije.hr\/miva\/veseli-kilometri\/#primaryimage"},"image":{"@id":"https:\/\/misije.hr\/miva\/veseli-kilometri\/#primaryimage"},"thumbnailUrl":"https:\/\/misije.hr\/wp-content\/uploads\/2022\/06\/VESELI-KILOMETRI-1-1-740x524.jpg","datePublished":"2022-06-26T15:48:00+00:00","dateModified":"2023-01-03T13:30:55+00:00","breadcrumb":{"@id":"https:\/\/misije.hr\/miva\/veseli-kilometri\/#breadcrumb"},"inLanguage":"en-US","potentialAction":[{"@type":"ReadAction","target":["https:\/\/misije.hr\/miva\/veseli-kilometri\/"]}]},{"@type":"ImageObject","inLanguage":"en-US","@id":"https:\/\/misije.hr\/miva\/veseli-kilometri\/#primaryimage","url":"https:\/\/misije.hr\/wp-content\/uploads\/2022\/06\/VESELI-KILOMETRI-1-1-740x524.jpg","contentUrl":"https:\/\/misije.hr\/wp-content\/uploads\/2022\/06\/VESELI-KILOMETRI-1-1-740x524.jpg"},{"@type":"BreadcrumbList","@id":"https:\/\/misije.hr\/miva\/veseli-kilometri\/#breadcrumb","itemListElement":[{"@type":"ListItem","position":1,"name":"Naslovnica","item":"https:\/\/misije.hr\/"},{"@type":"ListItem","position":2,"name":"AKCIJA MIVA","item":"https:\/\/misije.hr\/miva\/"},{"@type":"ListItem","position":3,"name":"VESELI KILOMETRI \u2013 najzabavniji suputnik"}]},{"@type":"WebSite","@id":"https:\/\/misije.hr\/#website","url":"https:\/\/misije.hr\/","name":"Missions","description":"misije","publisher":{"@id":"https:\/\/misije.hr\/#organization"},"potentialAction":[{"@type":"SearchAction","target":{"@type":"EntryPoint","urlTemplate":"https:\/\/misije.hr\/?s={search_term_string}"},"query-input":{"@type":"PropertyValueSpecification","valueRequired":true,"valueName":"search_term_string"}}],"inLanguage":"en-US"},{"@type":"Organization","@id":"https:\/\/misije.hr\/#organization","name":"Papinska misijska djela u Republici Hrvatskoj","url":"https:\/\/misije.hr\/","logo":{"@type":"ImageObject","inLanguage":"en-US","@id":"https:\/\/misije.hr\/#\/schema\/logo\/image\/","url":"https:\/\/misije.hr\/wp-content\/uploads\/2021\/10\/Logo_transparent_compressed-1.png","contentUrl":"https:\/\/misije.hr\/wp-content\/uploads\/2021\/10\/Logo_transparent_compressed-1.png","width":871,"height":876,"caption":"Papinska misijska djela u Republici Hrvatskoj"},"image":{"@id":"https:\/\/misije.hr\/#\/schema\/logo\/image\/"},"sameAs":["https:\/\/www.facebook.com\/missioHR"]}]}},"_links":{"self":[{"href":"https:\/\/misije.hr\/en\/wp-json\/wp\/v2\/pages\/1998","targetHints":{"allow":["GET"]}}],"collection":[{"href":"https:\/\/misije.hr\/en\/wp-json\/wp\/v2\/pages"}],"about":[{"href":"https:\/\/misije.hr\/en\/wp-json\/wp\/v2\/types\/page"}],"author":[{"embeddable":true,"href":"https:\/\/misije.hr\/en\/wp-json\/wp\/v2\/users\/1"}],"replies":[{"embeddable":true,"href":"https:\/\/misije.hr\/en\/wp-json\/wp\/v2\/comments?post=1998"}],"version-history":[{"count":6,"href":"https:\/\/misije.hr\/en\/wp-json\/wp\/v2\/pages\/1998\/revisions"}],"predecessor-version":[{"id":2102,"href":"https:\/\/misije.hr\/en\/wp-json\/wp\/v2\/pages\/1998\/revisions\/2102"}],"up":[{"embeddable":true,"href":"https:\/\/misije.hr\/en\/wp-json\/wp\/v2\/pages\/1639"}],"wp:attachment":[{"href":"https:\/\/misije.hr\/en\/wp-json\/wp\/v2\/media?parent=1998"}],"curies":[{"name":"wp","href":"https:\/\/api.w.org\/{rel}","templated":true}]}}