{"id":2013,"date":"2022-06-28T10:19:40","date_gmt":"2022-06-28T10:19:40","guid":{"rendered":"https:\/\/misije.hr\/?page_id=2013"},"modified":"2022-06-28T10:29:46","modified_gmt":"2022-06-28T10:29:46","slug":"nova-blazenica-pauline-jaricot","status":"publish","type":"page","link":"https:\/\/misije.hr\/en\/djelo-za-sirenje-vjere\/nova-blazenica-pauline-jaricot\/","title":{"rendered":"NOVA BLA\u017dENICA PAULINE JARICOT"},"content":{"rendered":"<div class=\"wp-block-image\"><figure class=\"alignleft size-medium\"><img loading=\"lazy\" decoding=\"async\" width=\"239\" height=\"300\" src=\"https:\/\/misije.hr\/wp-content\/uploads\/2022\/06\/Pauline-Marie-Jaricot_3_with-frame11-239x300.jpg\" alt=\"\" class=\"wp-image-2014 osjencanaSlika\" srcset=\"https:\/\/misije.hr\/wp-content\/uploads\/2022\/06\/Pauline-Marie-Jaricot_3_with-frame11-239x300.jpg 239w, https:\/\/misije.hr\/wp-content\/uploads\/2022\/06\/Pauline-Marie-Jaricot_3_with-frame11-815x1024.jpg 815w, https:\/\/misije.hr\/wp-content\/uploads\/2022\/06\/Pauline-Marie-Jaricot_3_with-frame11-768x965.jpg 768w, https:\/\/misije.hr\/wp-content\/uploads\/2022\/06\/Pauline-Marie-Jaricot_3_with-frame11-1223x1536.jpg 1223w, https:\/\/misije.hr\/wp-content\/uploads\/2022\/06\/Pauline-Marie-Jaricot_3_with-frame11-1631x2048.jpg 1631w, https:\/\/misije.hr\/wp-content\/uploads\/2022\/06\/Pauline-Marie-Jaricot_3_with-frame11-10x12.jpg 10w, https:\/\/misije.hr\/wp-content\/uploads\/2022\/06\/Pauline-Marie-Jaricot_3_with-frame11-370x465.jpg 370w, https:\/\/misije.hr\/wp-content\/uploads\/2022\/06\/Pauline-Marie-Jaricot_3_with-frame11-770x967.jpg 770w, https:\/\/misije.hr\/wp-content\/uploads\/2022\/06\/Pauline-Marie-Jaricot_3_with-frame11-scaled.jpg 2038w\" sizes=\"auto, (max-width: 239px) 100vw, 239px\" \/><\/figure><\/div>\n\n\n\n<p><strong>Veliki doga\u0111aj bio je u Lyonu 22. svibnja 2022. godine, beatifikacija slu\u017ebenice Bo\u017eje Pauline Jaricot, utemeljiteljice prvoga misionarskog djela, Djela za \u0161irenje vjere.<\/strong><\/p>\n\n\n\n<p>Paulinu su predstavljali kao \u201e\u017eenu koja je podupirala rad razli\u010ditih katoli\u010dkih udruga i organizacija\u201c, \u017eenu koja nastoji \u017eivjeti kao \u201ekvasac koji povezuje katoli\u010dki apostolat\u201c (s. Cecilia Giacovelli, Pauline Jaricot. Biografija, op. cit., str. 320). Suosje\u0107ala je sa siroma\u0161nima i pomogla im da osvijeste svoje dostojanstvo i da se bore za pomo\u0107 svojih suvremenika. Pomogla im je da bolje prihvate Evan\u0111elje kako bi po njemu mogli \u017eivjeti. Tako\u0111er je predstavljena kao \u201eutemeljiteljica solidarnosti prema radnicima i misionarka\u201c, potpuno usmjerena prema Mariji i Isusu, njezinom Gospodinu. Zar nisu i oni podnijeli veliko \u201eneprijateljstvo gre\u0161nika\u201c (s. Cecilia Giacovelli, Pauline Jaricot, op. cit., str. 320), a da ih to nije obeshrabrilo ili odvratilo od poziva na obra\u0107enje.<\/p>\n\n\n\n<p>Bila je sedmo dijete u obitelji. Otac Antoine bio je bogati industrijalac svilom. Iz djetinjstva se sje\u0107ala da se u obitelji pri\u010dalo o misijama i dogodov\u0161tinama misionara. 1814. kad je imala 15 godina, pala je&nbsp; i te\u0161ko povrijedila te ozbiljno razboljela. Njezina majka Jeanne zavjetovala se Bogu da ona daje svoj \u017eivot samo da njezina Paulina ozdravi. Zavjet se ispunio i Paulina je ozdravila, a majka je umrla. 1816. kad je Paulina imala 17 godina, nakon propovijedi jednoga sve\u0107enika, obratila se. Odrekla se svjetovne ta\u0161tine, zavjetovala tjelesno i du\u0161evno djevi\u010danstvo, iako nije osje\u0107ala redovni\u010dkoga zvanja.<\/p>\n\n\n\n<p>Paulina pi\u0161e: &#8220;Ogromna \u017eelja za ljubavlju i sveobuhvatna \u017ee\u0111 da posjedujem svog Boga natjerala me da po\u017eelim djelovati u njegovu slavu. \u017deljela sam pridonijeti slavi Crkve. Nikad nisam osje\u0107ala poziv za redovni\u010dkim \u017eivotom. \u017deljela sam gledati proslave odijevanja redovnica, ali neodoljiva sila izvela me s rado\u0161\u0107u iz tog svetog mjesta i kao da je meni zavapila: na ovaj se na\u010din ne bi trebala posvetiti Isusu Kristu&#8221; (Georges Na\u00efdenoff, Pauline Jaricot, op. cit., str. 39)<\/p>\n\n\n\n<p>1817. godine osnovala je udrugu djevojaka za \u201eZadovolj\u0161tinu Srcu Isusovu koje je nepriznato i prezreno\u201c. Njezin brat Fileas, sjemeni\u0161tarac, pri\u010dao joj je kako su Inozemne misije u Parizu u velikim nov\u010danim pote\u0161ko\u0107ama. Sjetila se da bi sa svojim \u010dlanicama \u201eZadovolj\u0161tine\u201c mogla osnovati udrugu ustrojenu u desetine, stotine i tisu\u0107e \u010dlanova, poput kakva lanca, tako da svaki \u010dlan ili \u010dlanica na\u0111e po deset novih \u010dlanova, koji \u0107e svatko od njih tjedno dati po nov\u010di\u0107 (jedan sou, najmanji dio francuskoga franka) za \u0161irenje vjere. To je bilo 1819. godine i udruga je 1822. postala slu\u017ebeno Djelo za \u0161irenje vjere te se nastavila \u0161iriti svijetom. Na kraju stolje\u0107a Djelo je u\u0161lo u gotovo sve zemlje svijeta.&nbsp;<\/p>\n\n\n\n<p>Papa Franjo isti\u010de da njezinom beatifikacijom Crkva potvr\u0111uje da je znala prikupljati blaga na nebu, blaga koja proizlaze iz hrabrosti darivanja i koja otkrivaju tajnu \u017eivota: samo daju\u0107i ga mo\u017ee ga se posjedovati, samo gube\u0107i ga ponovno ga se pronalazi.<\/p>\n\n\n\n<p>Sve\u010dano misno slavlje beatifikacije predvodio je kardinal Luis Antonio Tagle, prefekt Kongregacije za evangelizaciju naroda. U obredu progla\u0161enja bla\u017eenom sudjelovalo je 120 nacionalnih ravnatelja Papinskih misijskih djela iz cijelog svijeta. Sudjelovala je i obitelj djevoj\u010dice Myline Tran koja je po molitvi bl. Paulini, \u010dudesno ozdravila.<\/p>\n\n\n\n<p>Sveti Otac Franjo odobrio je 26. svibnja 2020. godine dekret o \u010dudu po zagovoru slu\u017ebenice Bo\u017eje Pauline Jaricot, osniva\u010dice Djela za \u0161irenje vjere i \u017eive krunice.<\/p>\n\n\n\n<p>Kad je Mayline imala tri godine, ugu\u0161ila se hranom, i pala u komu koja je trajala danima. Do\u017eivjela je te\u0161ko o\u0161te\u0107enje mozga zbog nedostatka kisika. Obzirom na nepovratna o\u0161te\u0107enja mozga, lije\u010dnici su tvrdili da \u0107e malena Mayline \u017eivjeti kao biljka. Roditelji su zapo\u010deli moliti devetnicu Pauline Jaricot i mnogi su molili s njima. Po zavr\u0161etku devetnice, dogodilo se \u010dudo i djevoj\u010dica se po\u010dela oporavljati. Danas \u017eivi normalnim \u017eivotom, a nakon njezinog ozdravljenja, njezin otac primio je sakrament kr\u0161tenja. Sada sna\u017eno \u017eivi svoju vjeru, moli i neprestano zahvaljuje.<\/p>\n\n\n\n<p>&#8220;Ta vjernica laikinja, koja je \u017eivjela u prvoj polovici devetnaestog stolje\u0107a, bila je hrabra \u017eena, pozorna na promjene vremena s univerzalnom vizijom poslanja Crkve. Neka njezin primjer u svima probudi \u017eelju za sudjelovanjem, molitvom i milosr\u0111em, u \u0161irenju Evan\u0111elja u svijetu. Pljesak novoj bla\u017eenici!&#8221; poru\u010dio je papa Franjo nakon molitve Kraljice neba u Rimu, u nedjelju, 22. svibnja 2022. godine.<\/p>","protected":false},"excerpt":{"rendered":"<p>Veliki doga\u0111aj bio je u Lyonu 22. svibnja 2022. godine, beatifikacija slu\u017ebenice Bo\u017eje Pauline Jaricot, utemeljiteljice prvoga misionarskog djela, Djela za \u0161irenje vjere. Paulinu su predstavljali kao \u201e\u017eenu koja je podupirala rad razli\u010ditih katoli\u010dkih udruga i organizacija\u201c, \u017eenu koja nastoji \u017eivjeti kao \u201ekvasac koji povezuje katoli\u010dki apostolat\u201c (s. Cecilia Giacovelli, Pauline Jaricot. Biografija, op. cit., str. 320). Suosje\u0107ala je sa&hellip;<\/p>","protected":false},"author":1,"featured_media":0,"parent":15,"menu_order":0,"comment_status":"closed","ping_status":"closed","template":"","meta":{"_acf_changed":false,"footnotes":""},"class_list":["post-2013","page","type-page","status-publish","hentry"],"acf":[],"yoast_head":"<!-- This site is optimized with the Yoast SEO plugin v27.3 - https:\/\/yoast.com\/product\/yoast-seo-wordpress\/ -->\n<title>NOVA BLA\u017dENICA PAULINE JARICOT - Misije<\/title>\n<meta name=\"robots\" content=\"index, follow, max-snippet:-1, max-image-preview:large, max-video-preview:-1\" \/>\n<link rel=\"canonical\" href=\"https:\/\/misije.hr\/en\/djelo-za-sirenje-vjere\/nova-blazenica-pauline-jaricot\/\" \/>\n<meta property=\"og:locale\" content=\"en_US\" \/>\n<meta property=\"og:type\" content=\"article\" \/>\n<meta property=\"og:title\" content=\"NOVA BLA\u017dENICA PAULINE JARICOT - Misije\" \/>\n<meta property=\"og:description\" content=\"Veliki doga\u0111aj bio je u Lyonu 22. svibnja 2022. godine, beatifikacija slu\u017ebenice Bo\u017eje Pauline Jaricot, utemeljiteljice prvoga misionarskog djela, Djela za \u0161irenje vjere. Paulinu su predstavljali kao \u201e\u017eenu koja je podupirala rad razli\u010ditih katoli\u010dkih udruga i organizacija\u201c, \u017eenu koja nastoji \u017eivjeti kao \u201ekvasac koji povezuje katoli\u010dki apostolat\u201c (s. Cecilia Giacovelli, Pauline Jaricot. Biografija, op. cit., str. 320). Suosje\u0107ala je sa&hellip;\" \/>\n<meta property=\"og:url\" content=\"https:\/\/misije.hr\/en\/djelo-za-sirenje-vjere\/nova-blazenica-pauline-jaricot\/\" \/>\n<meta property=\"og:site_name\" content=\"Misije\" \/>\n<meta property=\"article:publisher\" content=\"https:\/\/www.facebook.com\/missioHR\" \/>\n<meta property=\"article:modified_time\" content=\"2022-06-28T10:29:46+00:00\" \/>\n<meta property=\"og:image\" content=\"https:\/\/misije.hr\/wp-content\/uploads\/2022\/06\/Pauline-Marie-Jaricot_3_with-frame11-239x300.jpg\" \/>\n<meta name=\"twitter:card\" content=\"summary_large_image\" \/>\n<meta name=\"twitter:label1\" content=\"Est. reading time\" \/>\n\t<meta name=\"twitter:data1\" content=\"4 minutes\" \/>\n<script type=\"application\/ld+json\" class=\"yoast-schema-graph\">{\"@context\":\"https:\\\/\\\/schema.org\",\"@graph\":[{\"@type\":\"WebPage\",\"@id\":\"https:\\\/\\\/misije.hr\\\/djelo-za-sirenje-vjere\\\/nova-blazenica-pauline-jaricot\\\/\",\"url\":\"https:\\\/\\\/misije.hr\\\/djelo-za-sirenje-vjere\\\/nova-blazenica-pauline-jaricot\\\/\",\"name\":\"NOVA BLA\u017dENICA PAULINE JARICOT - Misije\",\"isPartOf\":{\"@id\":\"https:\\\/\\\/misije.hr\\\/#website\"},\"primaryImageOfPage\":{\"@id\":\"https:\\\/\\\/misije.hr\\\/djelo-za-sirenje-vjere\\\/nova-blazenica-pauline-jaricot\\\/#primaryimage\"},\"image\":{\"@id\":\"https:\\\/\\\/misije.hr\\\/djelo-za-sirenje-vjere\\\/nova-blazenica-pauline-jaricot\\\/#primaryimage\"},\"thumbnailUrl\":\"https:\\\/\\\/misije.hr\\\/wp-content\\\/uploads\\\/2022\\\/06\\\/Pauline-Marie-Jaricot_3_with-frame11-239x300.jpg\",\"datePublished\":\"2022-06-28T10:19:40+00:00\",\"dateModified\":\"2022-06-28T10:29:46+00:00\",\"breadcrumb\":{\"@id\":\"https:\\\/\\\/misije.hr\\\/djelo-za-sirenje-vjere\\\/nova-blazenica-pauline-jaricot\\\/#breadcrumb\"},\"inLanguage\":\"en-US\",\"potentialAction\":[{\"@type\":\"ReadAction\",\"target\":[\"https:\\\/\\\/misije.hr\\\/djelo-za-sirenje-vjere\\\/nova-blazenica-pauline-jaricot\\\/\"]}]},{\"@type\":\"ImageObject\",\"inLanguage\":\"en-US\",\"@id\":\"https:\\\/\\\/misije.hr\\\/djelo-za-sirenje-vjere\\\/nova-blazenica-pauline-jaricot\\\/#primaryimage\",\"url\":\"https:\\\/\\\/misije.hr\\\/wp-content\\\/uploads\\\/2022\\\/06\\\/Pauline-Marie-Jaricot_3_with-frame11-239x300.jpg\",\"contentUrl\":\"https:\\\/\\\/misije.hr\\\/wp-content\\\/uploads\\\/2022\\\/06\\\/Pauline-Marie-Jaricot_3_with-frame11-239x300.jpg\"},{\"@type\":\"BreadcrumbList\",\"@id\":\"https:\\\/\\\/misije.hr\\\/djelo-za-sirenje-vjere\\\/nova-blazenica-pauline-jaricot\\\/#breadcrumb\",\"itemListElement\":[{\"@type\":\"ListItem\",\"position\":1,\"name\":\"Naslovnica\",\"item\":\"https:\\\/\\\/misije.hr\\\/\"},{\"@type\":\"ListItem\",\"position\":2,\"name\":\"DJELO ZA \u0160IRENJE VJERE\",\"item\":\"https:\\\/\\\/misije.hr\\\/djelo-za-sirenje-vjere\\\/\"},{\"@type\":\"ListItem\",\"position\":3,\"name\":\"NOVA BLA\u017dENICA PAULINE JARICOT\"}]},{\"@type\":\"WebSite\",\"@id\":\"https:\\\/\\\/misije.hr\\\/#website\",\"url\":\"https:\\\/\\\/misije.hr\\\/\",\"name\":\"Misije\",\"description\":\"misije\",\"publisher\":{\"@id\":\"https:\\\/\\\/misije.hr\\\/#organization\"},\"potentialAction\":[{\"@type\":\"SearchAction\",\"target\":{\"@type\":\"EntryPoint\",\"urlTemplate\":\"https:\\\/\\\/misije.hr\\\/?s={search_term_string}\"},\"query-input\":{\"@type\":\"PropertyValueSpecification\",\"valueRequired\":true,\"valueName\":\"search_term_string\"}}],\"inLanguage\":\"en-US\"},{\"@type\":\"Organization\",\"@id\":\"https:\\\/\\\/misije.hr\\\/#organization\",\"name\":\"Papinska misijska djela u Republici Hrvatskoj\",\"url\":\"https:\\\/\\\/misije.hr\\\/\",\"logo\":{\"@type\":\"ImageObject\",\"inLanguage\":\"en-US\",\"@id\":\"https:\\\/\\\/misije.hr\\\/#\\\/schema\\\/logo\\\/image\\\/\",\"url\":\"https:\\\/\\\/misije.hr\\\/wp-content\\\/uploads\\\/2021\\\/10\\\/Logo_transparent_compressed-1.png\",\"contentUrl\":\"https:\\\/\\\/misije.hr\\\/wp-content\\\/uploads\\\/2021\\\/10\\\/Logo_transparent_compressed-1.png\",\"width\":871,\"height\":876,\"caption\":\"Papinska misijska djela u Republici Hrvatskoj\"},\"image\":{\"@id\":\"https:\\\/\\\/misije.hr\\\/#\\\/schema\\\/logo\\\/image\\\/\"},\"sameAs\":[\"https:\\\/\\\/www.facebook.com\\\/missioHR\"]}]}<\/script>\n<!-- \/ Yoast SEO plugin. -->","yoast_head_json":{"title":"NOVA BLA\u017dENICA PAULINE JARICOT - Misije","robots":{"index":"index","follow":"follow","max-snippet":"max-snippet:-1","max-image-preview":"max-image-preview:large","max-video-preview":"max-video-preview:-1"},"canonical":"https:\/\/misije.hr\/en\/djelo-za-sirenje-vjere\/nova-blazenica-pauline-jaricot\/","og_locale":"en_US","og_type":"article","og_title":"NOVA BLA\u017dENICA PAULINE JARICOT - Misije","og_description":"Veliki doga\u0111aj bio je u Lyonu 22. svibnja 2022. godine, beatifikacija slu\u017ebenice Bo\u017eje Pauline Jaricot, utemeljiteljice prvoga misionarskog djela, Djela za \u0161irenje vjere. Paulinu su predstavljali kao \u201e\u017eenu koja je podupirala rad razli\u010ditih katoli\u010dkih udruga i organizacija\u201c, \u017eenu koja nastoji \u017eivjeti kao \u201ekvasac koji povezuje katoli\u010dki apostolat\u201c (s. Cecilia Giacovelli, Pauline Jaricot. Biografija, op. cit., str. 320). Suosje\u0107ala je sa&hellip;","og_url":"https:\/\/misije.hr\/en\/djelo-za-sirenje-vjere\/nova-blazenica-pauline-jaricot\/","og_site_name":"Misije","article_publisher":"https:\/\/www.facebook.com\/missioHR","article_modified_time":"2022-06-28T10:29:46+00:00","og_image":[{"url":"https:\/\/misije.hr\/wp-content\/uploads\/2022\/06\/Pauline-Marie-Jaricot_3_with-frame11-239x300.jpg","type":"","width":"","height":""}],"twitter_card":"summary_large_image","twitter_misc":{"Est. reading time":"4 minutes"},"schema":{"@context":"https:\/\/schema.org","@graph":[{"@type":"WebPage","@id":"https:\/\/misije.hr\/djelo-za-sirenje-vjere\/nova-blazenica-pauline-jaricot\/","url":"https:\/\/misije.hr\/djelo-za-sirenje-vjere\/nova-blazenica-pauline-jaricot\/","name":"NOVA BLA\u017dENICA PAULINE JARICOT - Misije","isPartOf":{"@id":"https:\/\/misije.hr\/#website"},"primaryImageOfPage":{"@id":"https:\/\/misije.hr\/djelo-za-sirenje-vjere\/nova-blazenica-pauline-jaricot\/#primaryimage"},"image":{"@id":"https:\/\/misije.hr\/djelo-za-sirenje-vjere\/nova-blazenica-pauline-jaricot\/#primaryimage"},"thumbnailUrl":"https:\/\/misije.hr\/wp-content\/uploads\/2022\/06\/Pauline-Marie-Jaricot_3_with-frame11-239x300.jpg","datePublished":"2022-06-28T10:19:40+00:00","dateModified":"2022-06-28T10:29:46+00:00","breadcrumb":{"@id":"https:\/\/misije.hr\/djelo-za-sirenje-vjere\/nova-blazenica-pauline-jaricot\/#breadcrumb"},"inLanguage":"en-US","potentialAction":[{"@type":"ReadAction","target":["https:\/\/misije.hr\/djelo-za-sirenje-vjere\/nova-blazenica-pauline-jaricot\/"]}]},{"@type":"ImageObject","inLanguage":"en-US","@id":"https:\/\/misije.hr\/djelo-za-sirenje-vjere\/nova-blazenica-pauline-jaricot\/#primaryimage","url":"https:\/\/misije.hr\/wp-content\/uploads\/2022\/06\/Pauline-Marie-Jaricot_3_with-frame11-239x300.jpg","contentUrl":"https:\/\/misije.hr\/wp-content\/uploads\/2022\/06\/Pauline-Marie-Jaricot_3_with-frame11-239x300.jpg"},{"@type":"BreadcrumbList","@id":"https:\/\/misije.hr\/djelo-za-sirenje-vjere\/nova-blazenica-pauline-jaricot\/#breadcrumb","itemListElement":[{"@type":"ListItem","position":1,"name":"Naslovnica","item":"https:\/\/misije.hr\/"},{"@type":"ListItem","position":2,"name":"DJELO ZA \u0160IRENJE VJERE","item":"https:\/\/misije.hr\/djelo-za-sirenje-vjere\/"},{"@type":"ListItem","position":3,"name":"NOVA BLA\u017dENICA PAULINE JARICOT"}]},{"@type":"WebSite","@id":"https:\/\/misije.hr\/#website","url":"https:\/\/misije.hr\/","name":"Missions","description":"misije","publisher":{"@id":"https:\/\/misije.hr\/#organization"},"potentialAction":[{"@type":"SearchAction","target":{"@type":"EntryPoint","urlTemplate":"https:\/\/misije.hr\/?s={search_term_string}"},"query-input":{"@type":"PropertyValueSpecification","valueRequired":true,"valueName":"search_term_string"}}],"inLanguage":"en-US"},{"@type":"Organization","@id":"https:\/\/misije.hr\/#organization","name":"Papinska misijska djela u Republici Hrvatskoj","url":"https:\/\/misije.hr\/","logo":{"@type":"ImageObject","inLanguage":"en-US","@id":"https:\/\/misije.hr\/#\/schema\/logo\/image\/","url":"https:\/\/misije.hr\/wp-content\/uploads\/2021\/10\/Logo_transparent_compressed-1.png","contentUrl":"https:\/\/misije.hr\/wp-content\/uploads\/2021\/10\/Logo_transparent_compressed-1.png","width":871,"height":876,"caption":"Papinska misijska djela u Republici Hrvatskoj"},"image":{"@id":"https:\/\/misije.hr\/#\/schema\/logo\/image\/"},"sameAs":["https:\/\/www.facebook.com\/missioHR"]}]}},"_links":{"self":[{"href":"https:\/\/misije.hr\/en\/wp-json\/wp\/v2\/pages\/2013","targetHints":{"allow":["GET"]}}],"collection":[{"href":"https:\/\/misije.hr\/en\/wp-json\/wp\/v2\/pages"}],"about":[{"href":"https:\/\/misije.hr\/en\/wp-json\/wp\/v2\/types\/page"}],"author":[{"embeddable":true,"href":"https:\/\/misije.hr\/en\/wp-json\/wp\/v2\/users\/1"}],"replies":[{"embeddable":true,"href":"https:\/\/misije.hr\/en\/wp-json\/wp\/v2\/comments?post=2013"}],"version-history":[{"count":8,"href":"https:\/\/misije.hr\/en\/wp-json\/wp\/v2\/pages\/2013\/revisions"}],"predecessor-version":[{"id":2025,"href":"https:\/\/misije.hr\/en\/wp-json\/wp\/v2\/pages\/2013\/revisions\/2025"}],"up":[{"embeddable":true,"href":"https:\/\/misije.hr\/en\/wp-json\/wp\/v2\/pages\/15"}],"wp:attachment":[{"href":"https:\/\/misije.hr\/en\/wp-json\/wp\/v2\/media?parent=2013"}],"curies":[{"name":"wp","href":"https:\/\/api.w.org\/{rel}","templated":true}]}}