{"id":2061,"date":"2023-10-02T09:30:23","date_gmt":"2023-10-02T09:30:23","guid":{"rendered":"https:\/\/misije.hr\/?page_id=2061"},"modified":"2023-10-03T07:44:11","modified_gmt":"2023-10-03T07:44:11","slug":"svjetski-dan-misija-2023","status":"publish","type":"page","link":"https:\/\/misije.hr\/en\/djelo-za-sirenje-vjere\/svjetski-dan-misija-2023\/","title":{"rendered":"SVJETSKI DAN MISIJA 2023."},"content":{"rendered":"<div class=\"vc_row wpb_row vc_row-fluid\"><div class=\"wpb_column vc_column_container vc_col-sm-12 sc_layouts_column_icons_position_left\"><div class=\"vc_column-inner\"><div class=\"wpb_wrapper\">\n\t<div class=\"wpb_text_column wpb_content_element\" >\n\t\t<div class=\"wpb_wrapper\">\n\t\t\t<p><img loading=\"lazy\" decoding=\"async\" class=\"osjencanaSlika alignnone wp-image-2187 size-translogic-thumb-masonry-big\" src=\"https:\/\/misije.hr\/wp-content\/uploads\/2023\/10\/Plakat_page-0001-2-770x1089.jpg\" alt=\"\" width=\"770\" height=\"1089\" srcset=\"https:\/\/misije.hr\/wp-content\/uploads\/2023\/10\/Plakat_page-0001-2-770x1089.jpg 770w, https:\/\/misije.hr\/wp-content\/uploads\/2023\/10\/Plakat_page-0001-2-212x300.jpg 212w, https:\/\/misije.hr\/wp-content\/uploads\/2023\/10\/Plakat_page-0001-2-724x1024.jpg 724w, https:\/\/misije.hr\/wp-content\/uploads\/2023\/10\/Plakat_page-0001-2-768x1086.jpg 768w, https:\/\/misije.hr\/wp-content\/uploads\/2023\/10\/Plakat_page-0001-2-1086x1536.jpg 1086w, https:\/\/misije.hr\/wp-content\/uploads\/2023\/10\/Plakat_page-0001-2-1448x2048.jpg 1448w, https:\/\/misije.hr\/wp-content\/uploads\/2023\/10\/Plakat_page-0001-2-8x12.jpg 8w, https:\/\/misije.hr\/wp-content\/uploads\/2023\/10\/Plakat_page-0001-2-370x523.jpg 370w, https:\/\/misije.hr\/wp-content\/uploads\/2023\/10\/Plakat_page-0001-2-scaled.jpg 1810w\" sizes=\"auto, (max-width: 770px) 100vw, 770px\" \/><\/p>\n<p><strong>Predzadnje nedjelje u listopadu slavi se Svjetski dan misija i tako jo\u0161 od 1926. godine. <\/strong><\/p>\n<p>Mjesec listopad po\u010dinje spomendanom sv. Terezije od Djeteta Isusa (Mala Terezija), koja je za\u0161titnica misija, premda je umrla u 25. godini \u017eivota i nikada nije stupila ni u jednu misijsku zemlju. Geslo svojeg \u017eivota, \u201eSamo ljubav vrijedi\u201c, pretvorila je u molitvu za sve ljude da se spase po Isusu Kristu.<\/p>\n<p>\u017dar u srcima u\u010denika iz Emausa, koji je upalio sam Isus dok im je tuma\u010dio sve \u0161to u <em>Pismima<\/em> ima o njemu te dok je lomio i davao im kruh (usp. <em>Lk<\/em> 24, 13 \u2013 35) gorio je posebno u Maloj Tereziji te gori i u srcima vjernika tijekom cijele povijesti spasenja. Upravo to iskustvo u\u010denika na putu u Emaus nadahnulo je papu Franju da glavna misao ovogodi\u0161nje poruke za Svjetski misijski dan bude: \u201e<strong>\u017dar u srcu, noge na putu.<\/strong>\u201c<\/p>\n<p>Mjesec listopad prigoda je da pogledamo dublje u svoje srce i vidimo za \u010dime ono \u010dezne, od \u010dega gori i kamo preusmjeriti njegov plam. Prigoda je to tako\u0111er da se uvjerimo jesu li na\u0161e noge na pravom putu, je li potrebno mijenjati obu\u0107u i smjer.<\/p>\n<p>Upravo Krist, koji je u njima, ra\u017earit \u0107e na\u0161e srce da izgara za Boga i bli\u017enjega. \u0160to ono bude ja\u010de izgaralo, jasnije \u0107e mu biti Bo\u017eje lice i bit \u0107e bli\u017ee Bogu, Bogu \u017eivomu. Listopadska pobo\u017enost mo\u017ee poja\u010dati na\u0161u ljubav prema Bla\u017eenoj Djevici Mariji, uve\u0107ati na\u0161u ljubav prema misijama, produbiti na\u0161u vjeru i pribli\u017eiti nas Bo\u017ejemu kraljevstvu.<\/p>\n<p>&nbsp;<\/p>\n<p><strong>\u00a0\u201eNeka Misijska nedjelja unese novu svje\u017einu u na\u0161 \u017eivot i bar na jedan dan i jedan trenutak svakomu od nas posvijesti va\u017enost misijskog poslanja Crkve, da svatko od nas svojim marom i zauzeto\u0161\u0107u, molitvom i dobrim djelima \u010dini ovaj svijet ljep\u0161im i Kristovim Duhom pro\u017eetim.\u201c <\/strong>(Mons. Ivica Petanjak, biskup kr\u010dki, predsjednik Vije\u0107a HBK-a za misije)<\/p>\n<p><strong>\u00a0<\/strong><\/p>\n<p><strong>Zahvaljujemo na povjerenju i svakoj molitvi i podr\u0161ci. Neka va\u0161a dobrota bude blagoslovljena!<\/strong><\/p>\n<p><!-- \/wp:post-content --><\/p>\n<p><!-- wp:paragraph -->Za sve dodatne informacije stojimo na raspolaganju i rado \u0107emo pomo\u0107i: <a href=\"mailto:missio.croatia@misije.hr\">missio.croatia@misije.hr<\/a><\/p>\n<p><!-- wp:paragraph \/--><!-- \/wp:paragraph --><!-- \/wp:paragraph --><\/p>\n<p>&nbsp;<\/p>\n\n\t\t<\/div>\n\t<\/div>\n<\/div><\/div><\/div><\/div><div class=\"vc_row wpb_row vc_row-fluid\"><div class=\"wpb_column vc_column_container vc_col-sm-3 sc_layouts_column_icons_position_left\"><div class=\"vc_column-inner\"><div class=\"wpb_wrapper\"><div class=\"vc_btn3-container vc_btn3-center\" ><a class=\"vc_general vc_btn3 vc_btn3-size-md vc_btn3-shape-rounded vc_btn3-style-flat vc_btn3-block vc_btn3-color-sandy-brown\" href=\"\/wp-content\/uploads\/ostali_dokumenti\/sv-dan-misija-2023\/ANIMACIJSKI%20MATERIJAL.pdf\" title=\"ANIMACIJSKI MATERIJAL\" target=\"_blank\">ANIMACIJSKI MATERIJAL<\/a><\/div><\/div><\/div><\/div><div class=\"wpb_column vc_column_container vc_col-sm-9 sc_layouts_column_icons_position_left\"><div class=\"vc_column-inner\"><div class=\"wpb_wrapper\"><\/div><\/div><\/div><\/div><div class=\"vc_row wpb_row vc_row-fluid\"><div class=\"wpb_column vc_column_container vc_col-sm-3 sc_layouts_column_icons_position_left\"><div class=\"vc_column-inner\"><div class=\"wpb_wrapper\"><div class=\"vc_btn3-container vc_btn3-center\" ><a class=\"vc_general vc_btn3 vc_btn3-size-md vc_btn3-shape-rounded vc_btn3-style-flat vc_btn3-block vc_btn3-color-sandy-brown\" href=\"\/wp-content\/uploads\/ostali_dokumenti\/sv-dan-misija-2023\/LETAK.pdf\" title=\"LETAK\" target=\"_blank\">LETAK<\/a><\/div><\/div><\/div><\/div><div class=\"wpb_column vc_column_container vc_col-sm-9 sc_layouts_column_icons_position_left\"><div class=\"vc_column-inner\"><div class=\"wpb_wrapper\"><\/div><\/div><\/div><\/div><div class=\"vc_row wpb_row vc_row-fluid\"><div class=\"wpb_column vc_column_container vc_col-sm-12 sc_layouts_column_icons_position_left\"><div class=\"vc_column-inner\"><div class=\"wpb_wrapper\">\n\t<div class=\"wpb_text_column wpb_content_element\" >\n\t\t<div class=\"wpb_wrapper\">\n\t\t\t<p><strong><em>\u201eStvorena sam da volim i da djelujem. Moj samostan je svijet.\u201c (bl. Pauline Jaricot)<\/em><\/strong><\/p>\n\n\t\t<\/div>\n\t<\/div>\n<\/div><\/div><\/div><\/div>","protected":false},"excerpt":{"rendered":"Predzadnje nedjelje u listopadu slavi se Svjetski dan misija i tako jo\u0161 od 1926. godine. Mjesec listopad po\u010dinje spomendanom sv. Terezije od Djeteta Isusa (Mala Terezija), koja je za\u0161titnica misija, premda je umrla u 25. godini \u017eivota i nikada nije stupila ni u jednu misijsku zemlju. Geslo svojeg \u017eivota, \u201eSamo ljubav vrijedi\u201c, pretvorila je u molitvu za sve ljude da&hellip;","protected":false},"author":1,"featured_media":2187,"parent":15,"menu_order":0,"comment_status":"closed","ping_status":"closed","template":"","meta":{"_acf_changed":false,"footnotes":""},"class_list":["post-2061","page","type-page","status-publish","has-post-thumbnail","hentry"],"acf":[],"yoast_head":"<!-- This site is optimized with the Yoast SEO plugin v27.3 - https:\/\/yoast.com\/product\/yoast-seo-wordpress\/ -->\n<title>SVJETSKI DAN MISIJA 2023. - Misije<\/title>\n<meta name=\"description\" content=\"SVJETSKI DAN MISIJA 2023 - Predzadnje nedjelje u listopadu slavi se Svjetski dan misija i tako jo\u0161 od 1926. godine.Mjesec listopad po\u010dinje spomendanom sv. Terezije od Djeteta Isusa (Mala Terezija), koja je za\u0161titnica misija, premda je umrla u 25. godini \u017eivota i nikada nije stupila ni u jednu misijsku zemlju. Geslo svojeg \u017eivota, \u201eSamo ljubav vrijedi\u201c, pretvorila je u molitvu za sve ljude da se spase po Isusu Kristu.\" \/>\n<meta name=\"robots\" content=\"index, follow, max-snippet:-1, max-image-preview:large, max-video-preview:-1\" \/>\n<link rel=\"canonical\" href=\"https:\/\/misije.hr\/en\/djelo-za-sirenje-vjere\/svjetski-dan-misija-2023\/\" \/>\n<meta property=\"og:locale\" content=\"en_US\" \/>\n<meta property=\"og:type\" content=\"article\" \/>\n<meta property=\"og:title\" content=\"SVJETSKI DAN MISIJA 2023. - Misije\" \/>\n<meta property=\"og:description\" content=\"SVJETSKI DAN MISIJA 2023 - Predzadnje nedjelje u listopadu slavi se Svjetski dan misija i tako jo\u0161 od 1926. godine.Mjesec listopad po\u010dinje spomendanom sv. Terezije od Djeteta Isusa (Mala Terezija), koja je za\u0161titnica misija, premda je umrla u 25. godini \u017eivota i nikada nije stupila ni u jednu misijsku zemlju. Geslo svojeg \u017eivota, \u201eSamo ljubav vrijedi\u201c, pretvorila je u molitvu za sve ljude da se spase po Isusu Kristu.\" \/>\n<meta property=\"og:url\" content=\"https:\/\/misije.hr\/en\/djelo-za-sirenje-vjere\/svjetski-dan-misija-2023\/\" \/>\n<meta property=\"og:site_name\" content=\"Misije\" \/>\n<meta property=\"article:publisher\" content=\"https:\/\/www.facebook.com\/missioHR\" \/>\n<meta property=\"article:modified_time\" content=\"2023-10-03T07:44:11+00:00\" \/>\n<meta property=\"og:image\" content=\"https:\/\/misije.hr\/wp-content\/uploads\/2023\/10\/Plakat_page-0001-2-scaled.jpg\" \/>\n\t<meta property=\"og:image:width\" content=\"1810\" \/>\n\t<meta property=\"og:image:height\" content=\"2560\" \/>\n\t<meta property=\"og:image:type\" content=\"image\/jpeg\" \/>\n<meta name=\"twitter:card\" content=\"summary_large_image\" \/>\n<meta name=\"twitter:label1\" content=\"Est. reading time\" \/>\n\t<meta name=\"twitter:data1\" content=\"3 minutes\" \/>\n<script type=\"application\/ld+json\" class=\"yoast-schema-graph\">{\"@context\":\"https:\\\/\\\/schema.org\",\"@graph\":[{\"@type\":\"WebPage\",\"@id\":\"https:\\\/\\\/misije.hr\\\/djelo-za-sirenje-vjere\\\/svjetski-dan-misija-2023\\\/\",\"url\":\"https:\\\/\\\/misije.hr\\\/djelo-za-sirenje-vjere\\\/svjetski-dan-misija-2023\\\/\",\"name\":\"SVJETSKI DAN MISIJA 2023. - Misije\",\"isPartOf\":{\"@id\":\"https:\\\/\\\/misije.hr\\\/#website\"},\"primaryImageOfPage\":{\"@id\":\"https:\\\/\\\/misije.hr\\\/djelo-za-sirenje-vjere\\\/svjetski-dan-misija-2023\\\/#primaryimage\"},\"image\":{\"@id\":\"https:\\\/\\\/misije.hr\\\/djelo-za-sirenje-vjere\\\/svjetski-dan-misija-2023\\\/#primaryimage\"},\"thumbnailUrl\":\"https:\\\/\\\/misije.hr\\\/wp-content\\\/uploads\\\/2023\\\/10\\\/Plakat_page-0001-2-scaled.jpg\",\"datePublished\":\"2023-10-02T09:30:23+00:00\",\"dateModified\":\"2023-10-03T07:44:11+00:00\",\"description\":\"SVJETSKI DAN MISIJA 2023 - Predzadnje nedjelje u listopadu slavi se Svjetski dan misija i tako jo\u0161 od 1926. godine.Mjesec listopad po\u010dinje spomendanom sv. Terezije od Djeteta Isusa (Mala Terezija), koja je za\u0161titnica misija, premda je umrla u 25. godini \u017eivota i nikada nije stupila ni u jednu misijsku zemlju. Geslo svojeg \u017eivota, \u201eSamo ljubav vrijedi\u201c, pretvorila je u molitvu za sve ljude da se spase po Isusu Kristu.\",\"breadcrumb\":{\"@id\":\"https:\\\/\\\/misije.hr\\\/djelo-za-sirenje-vjere\\\/svjetski-dan-misija-2023\\\/#breadcrumb\"},\"inLanguage\":\"en-US\",\"potentialAction\":[{\"@type\":\"ReadAction\",\"target\":[\"https:\\\/\\\/misije.hr\\\/djelo-za-sirenje-vjere\\\/svjetski-dan-misija-2023\\\/\"]}]},{\"@type\":\"ImageObject\",\"inLanguage\":\"en-US\",\"@id\":\"https:\\\/\\\/misije.hr\\\/djelo-za-sirenje-vjere\\\/svjetski-dan-misija-2023\\\/#primaryimage\",\"url\":\"https:\\\/\\\/misije.hr\\\/wp-content\\\/uploads\\\/2023\\\/10\\\/Plakat_page-0001-2-scaled.jpg\",\"contentUrl\":\"https:\\\/\\\/misije.hr\\\/wp-content\\\/uploads\\\/2023\\\/10\\\/Plakat_page-0001-2-scaled.jpg\",\"width\":1810,\"height\":2560},{\"@type\":\"BreadcrumbList\",\"@id\":\"https:\\\/\\\/misije.hr\\\/djelo-za-sirenje-vjere\\\/svjetski-dan-misija-2023\\\/#breadcrumb\",\"itemListElement\":[{\"@type\":\"ListItem\",\"position\":1,\"name\":\"Naslovnica\",\"item\":\"https:\\\/\\\/misije.hr\\\/\"},{\"@type\":\"ListItem\",\"position\":2,\"name\":\"DJELO ZA \u0160IRENJE VJERE\",\"item\":\"https:\\\/\\\/misije.hr\\\/djelo-za-sirenje-vjere\\\/\"},{\"@type\":\"ListItem\",\"position\":3,\"name\":\"SVJETSKI DAN MISIJA 2023.\"}]},{\"@type\":\"WebSite\",\"@id\":\"https:\\\/\\\/misije.hr\\\/#website\",\"url\":\"https:\\\/\\\/misije.hr\\\/\",\"name\":\"Misije\",\"description\":\"misije\",\"publisher\":{\"@id\":\"https:\\\/\\\/misije.hr\\\/#organization\"},\"potentialAction\":[{\"@type\":\"SearchAction\",\"target\":{\"@type\":\"EntryPoint\",\"urlTemplate\":\"https:\\\/\\\/misije.hr\\\/?s={search_term_string}\"},\"query-input\":{\"@type\":\"PropertyValueSpecification\",\"valueRequired\":true,\"valueName\":\"search_term_string\"}}],\"inLanguage\":\"en-US\"},{\"@type\":\"Organization\",\"@id\":\"https:\\\/\\\/misije.hr\\\/#organization\",\"name\":\"Papinska misijska djela u Republici Hrvatskoj\",\"url\":\"https:\\\/\\\/misije.hr\\\/\",\"logo\":{\"@type\":\"ImageObject\",\"inLanguage\":\"en-US\",\"@id\":\"https:\\\/\\\/misije.hr\\\/#\\\/schema\\\/logo\\\/image\\\/\",\"url\":\"https:\\\/\\\/misije.hr\\\/wp-content\\\/uploads\\\/2021\\\/10\\\/Logo_transparent_compressed-1.png\",\"contentUrl\":\"https:\\\/\\\/misije.hr\\\/wp-content\\\/uploads\\\/2021\\\/10\\\/Logo_transparent_compressed-1.png\",\"width\":871,\"height\":876,\"caption\":\"Papinska misijska djela u Republici Hrvatskoj\"},\"image\":{\"@id\":\"https:\\\/\\\/misije.hr\\\/#\\\/schema\\\/logo\\\/image\\\/\"},\"sameAs\":[\"https:\\\/\\\/www.facebook.com\\\/missioHR\"]}]}<\/script>\n<!-- \/ Yoast SEO plugin. -->","yoast_head_json":{"title":"SVJETSKI DAN MISIJA 2023. - Misije","description":"SVJETSKI DAN MISIJA 2023 - Predzadnje nedjelje u listopadu slavi se Svjetski dan misija i tako jo\u0161 od 1926. godine.Mjesec listopad po\u010dinje spomendanom sv. Terezije od Djeteta Isusa (Mala Terezija), koja je za\u0161titnica misija, premda je umrla u 25. godini \u017eivota i nikada nije stupila ni u jednu misijsku zemlju. Geslo svojeg \u017eivota, \u201eSamo ljubav vrijedi\u201c, pretvorila je u molitvu za sve ljude da se spase po Isusu Kristu.","robots":{"index":"index","follow":"follow","max-snippet":"max-snippet:-1","max-image-preview":"max-image-preview:large","max-video-preview":"max-video-preview:-1"},"canonical":"https:\/\/misije.hr\/en\/djelo-za-sirenje-vjere\/svjetski-dan-misija-2023\/","og_locale":"en_US","og_type":"article","og_title":"SVJETSKI DAN MISIJA 2023. - Misije","og_description":"SVJETSKI DAN MISIJA 2023 - Predzadnje nedjelje u listopadu slavi se Svjetski dan misija i tako jo\u0161 od 1926. godine.Mjesec listopad po\u010dinje spomendanom sv. Terezije od Djeteta Isusa (Mala Terezija), koja je za\u0161titnica misija, premda je umrla u 25. godini \u017eivota i nikada nije stupila ni u jednu misijsku zemlju. Geslo svojeg \u017eivota, \u201eSamo ljubav vrijedi\u201c, pretvorila je u molitvu za sve ljude da se spase po Isusu Kristu.","og_url":"https:\/\/misije.hr\/en\/djelo-za-sirenje-vjere\/svjetski-dan-misija-2023\/","og_site_name":"Misije","article_publisher":"https:\/\/www.facebook.com\/missioHR","article_modified_time":"2023-10-03T07:44:11+00:00","og_image":[{"width":1810,"height":2560,"url":"https:\/\/misije.hr\/wp-content\/uploads\/2023\/10\/Plakat_page-0001-2-scaled.jpg","type":"image\/jpeg"}],"twitter_card":"summary_large_image","twitter_misc":{"Est. reading time":"3 minutes"},"schema":{"@context":"https:\/\/schema.org","@graph":[{"@type":"WebPage","@id":"https:\/\/misije.hr\/djelo-za-sirenje-vjere\/svjetski-dan-misija-2023\/","url":"https:\/\/misije.hr\/djelo-za-sirenje-vjere\/svjetski-dan-misija-2023\/","name":"SVJETSKI DAN MISIJA 2023. - Misije","isPartOf":{"@id":"https:\/\/misije.hr\/#website"},"primaryImageOfPage":{"@id":"https:\/\/misije.hr\/djelo-za-sirenje-vjere\/svjetski-dan-misija-2023\/#primaryimage"},"image":{"@id":"https:\/\/misije.hr\/djelo-za-sirenje-vjere\/svjetski-dan-misija-2023\/#primaryimage"},"thumbnailUrl":"https:\/\/misije.hr\/wp-content\/uploads\/2023\/10\/Plakat_page-0001-2-scaled.jpg","datePublished":"2023-10-02T09:30:23+00:00","dateModified":"2023-10-03T07:44:11+00:00","description":"SVJETSKI DAN MISIJA 2023 - Predzadnje nedjelje u listopadu slavi se Svjetski dan misija i tako jo\u0161 od 1926. godine.Mjesec listopad po\u010dinje spomendanom sv. Terezije od Djeteta Isusa (Mala Terezija), koja je za\u0161titnica misija, premda je umrla u 25. godini \u017eivota i nikada nije stupila ni u jednu misijsku zemlju. Geslo svojeg \u017eivota, \u201eSamo ljubav vrijedi\u201c, pretvorila je u molitvu za sve ljude da se spase po Isusu Kristu.","breadcrumb":{"@id":"https:\/\/misije.hr\/djelo-za-sirenje-vjere\/svjetski-dan-misija-2023\/#breadcrumb"},"inLanguage":"en-US","potentialAction":[{"@type":"ReadAction","target":["https:\/\/misije.hr\/djelo-za-sirenje-vjere\/svjetski-dan-misija-2023\/"]}]},{"@type":"ImageObject","inLanguage":"en-US","@id":"https:\/\/misije.hr\/djelo-za-sirenje-vjere\/svjetski-dan-misija-2023\/#primaryimage","url":"https:\/\/misije.hr\/wp-content\/uploads\/2023\/10\/Plakat_page-0001-2-scaled.jpg","contentUrl":"https:\/\/misije.hr\/wp-content\/uploads\/2023\/10\/Plakat_page-0001-2-scaled.jpg","width":1810,"height":2560},{"@type":"BreadcrumbList","@id":"https:\/\/misije.hr\/djelo-za-sirenje-vjere\/svjetski-dan-misija-2023\/#breadcrumb","itemListElement":[{"@type":"ListItem","position":1,"name":"Naslovnica","item":"https:\/\/misije.hr\/"},{"@type":"ListItem","position":2,"name":"DJELO ZA \u0160IRENJE VJERE","item":"https:\/\/misije.hr\/djelo-za-sirenje-vjere\/"},{"@type":"ListItem","position":3,"name":"SVJETSKI DAN MISIJA 2023."}]},{"@type":"WebSite","@id":"https:\/\/misije.hr\/#website","url":"https:\/\/misije.hr\/","name":"Missions","description":"misije","publisher":{"@id":"https:\/\/misije.hr\/#organization"},"potentialAction":[{"@type":"SearchAction","target":{"@type":"EntryPoint","urlTemplate":"https:\/\/misije.hr\/?s={search_term_string}"},"query-input":{"@type":"PropertyValueSpecification","valueRequired":true,"valueName":"search_term_string"}}],"inLanguage":"en-US"},{"@type":"Organization","@id":"https:\/\/misije.hr\/#organization","name":"Papinska misijska djela u Republici Hrvatskoj","url":"https:\/\/misije.hr\/","logo":{"@type":"ImageObject","inLanguage":"en-US","@id":"https:\/\/misije.hr\/#\/schema\/logo\/image\/","url":"https:\/\/misije.hr\/wp-content\/uploads\/2021\/10\/Logo_transparent_compressed-1.png","contentUrl":"https:\/\/misije.hr\/wp-content\/uploads\/2021\/10\/Logo_transparent_compressed-1.png","width":871,"height":876,"caption":"Papinska misijska djela u Republici Hrvatskoj"},"image":{"@id":"https:\/\/misije.hr\/#\/schema\/logo\/image\/"},"sameAs":["https:\/\/www.facebook.com\/missioHR"]}]}},"_links":{"self":[{"href":"https:\/\/misije.hr\/en\/wp-json\/wp\/v2\/pages\/2061","targetHints":{"allow":["GET"]}}],"collection":[{"href":"https:\/\/misije.hr\/en\/wp-json\/wp\/v2\/pages"}],"about":[{"href":"https:\/\/misije.hr\/en\/wp-json\/wp\/v2\/types\/page"}],"author":[{"embeddable":true,"href":"https:\/\/misije.hr\/en\/wp-json\/wp\/v2\/users\/1"}],"replies":[{"embeddable":true,"href":"https:\/\/misije.hr\/en\/wp-json\/wp\/v2\/comments?post=2061"}],"version-history":[{"count":13,"href":"https:\/\/misije.hr\/en\/wp-json\/wp\/v2\/pages\/2061\/revisions"}],"predecessor-version":[{"id":2072,"href":"https:\/\/misije.hr\/en\/wp-json\/wp\/v2\/pages\/2061\/revisions\/2072"}],"up":[{"embeddable":true,"href":"https:\/\/misije.hr\/en\/wp-json\/wp\/v2\/pages\/15"}],"wp:featuredmedia":[{"embeddable":true,"href":"https:\/\/misije.hr\/en\/wp-json\/wp\/v2\/media\/2187"}],"wp:attachment":[{"href":"https:\/\/misije.hr\/en\/wp-json\/wp\/v2\/media?parent=2061"}],"curies":[{"name":"wp","href":"https:\/\/api.w.org\/{rel}","templated":true}]}}