{"id":2090,"date":"2022-12-08T12:04:04","date_gmt":"2022-12-08T12:04:04","guid":{"rendered":"https:\/\/misije.hr\/?page_id=2090"},"modified":"2023-12-05T08:52:24","modified_gmt":"2023-12-05T08:52:24","slug":"djelo-sv-djetinjstva-2022","status":"publish","type":"page","link":"https:\/\/misije.hr\/en\/djelo-svetog-djetinjstva\/djelo-sv-djetinjstva-2022\/","title":{"rendered":"DJELO SV. DJETINJSTVA 2022"},"content":{"rendered":"<div class=\"vc_row wpb_row vc_row-fluid\"><div class=\"wpb_column vc_column_container vc_col-sm-6 sc_layouts_column_icons_position_left\"><div class=\"vc_column-inner\"><div class=\"wpb_wrapper\">\n\t<div  class=\"wpb_single_image wpb_content_element vc_align_center   osjencanaSlika\">\n\t\t\n\t\t<figure class=\"wpb_wrapper vc_figure\">\n\t\t\t<div class=\"vc_single_image-wrapper   vc_box_border_grey\"><img loading=\"lazy\" decoding=\"async\" width=\"999\" height=\"1024\" src=\"https:\/\/misije.hr\/wp-content\/uploads\/2022\/12\/Brosura-naslovnica-999x1024.jpg\" class=\"vc_single_image-img attachment-large\" alt=\"\" srcset=\"https:\/\/misije.hr\/wp-content\/uploads\/2022\/12\/Brosura-naslovnica-999x1024.jpg 999w, https:\/\/misije.hr\/wp-content\/uploads\/2022\/12\/Brosura-naslovnica-293x300.jpg 293w, https:\/\/misije.hr\/wp-content\/uploads\/2022\/12\/Brosura-naslovnica-768x787.jpg 768w, https:\/\/misije.hr\/wp-content\/uploads\/2022\/12\/Brosura-naslovnica-12x12.jpg 12w, https:\/\/misije.hr\/wp-content\/uploads\/2022\/12\/Brosura-naslovnica-370x379.jpg 370w, https:\/\/misije.hr\/wp-content\/uploads\/2022\/12\/Brosura-naslovnica-770x789.jpg 770w, https:\/\/misije.hr\/wp-content\/uploads\/2022\/12\/Brosura-naslovnica.jpg 1211w\" sizes=\"auto, (max-width: 999px) 100vw, 999px\" \/><\/div>\n\t\t<\/figure>\n\t<\/div>\n<\/div><\/div><\/div><div class=\"wpb_column vc_column_container vc_col-sm-6 sc_layouts_column_icons_position_left\"><div class=\"vc_column-inner\"><div class=\"wpb_wrapper\"><\/div><\/div><\/div><\/div><div class=\"vc_row wpb_row vc_row-fluid vc_custom_1670501151338\"><div class=\"wpb_column vc_column_container vc_col-sm-12 sc_layouts_column_icons_position_left\"><div class=\"vc_column-inner vc_custom_1670501463230\"><div class=\"wpb_wrapper\">\n\t<div class=\"wpb_text_column wpb_content_element\" >\n\t\t<div class=\"wpb_wrapper\">\n\t\t\t<p>Me\u0111u velikim misijskim obljetnicama ove liturgijske godine navr\u0161ava se i <strong>180 godina Djela svetog djetinjstva<\/strong>. U tih 180 godina veliko je dje\u010dje srce izmolilo milosti samo Bogu znane, ali i izgradilo u misijskim zemljama mnogo vrti\u0107a, \u0161kola, ambulanta, bolnica\u2026 Djeca cijelog svijeta poku\u0161avaju na razli\u010dite na\u010dine olak\u0161ati \u017eivot svojim vr\u0161njacima u misijama. Svojim djelima ljubavi nadma\u0161ili su zasigurno o\u010dekivanja samih sebe, ali i svih onih koji rade u strukturama Djela.<\/p>\n<p>Svjetski Dan svetog djetinjstva obilje\u017eava se na svetkovinu Bogojavljenja, s geslom<strong>: \u201eDjeca poma\u017eu djeci\u201c<\/strong>. Na taj dan, zajedno s mladim misionarima sa svih kontinenata, djeca i mladi sudjeluju u animiranju liturgije, senzibiliziranju \u017eupne zajednice za probleme nepravde u dru\u0161tvu i prikupljaju sredstava za pothvate solidarnosti na svim kontinentima.<\/p>\n<p>&nbsp;<\/p>\n<p><img loading=\"lazy\" decoding=\"async\" class=\"osjencanaSlika aligncenter wp-image-2092\" src=\"https:\/\/misije.hr\/wp-content\/uploads\/2022\/12\/Brosura-stranica-180-godina...180-djela...-740x524.jpg\" alt=\"\" width=\"546\" height=\"560\" srcset=\"https:\/\/misije.hr\/wp-content\/uploads\/2022\/12\/Brosura-stranica-180-godina...180-djela...-293x300.jpg 293w, https:\/\/misije.hr\/wp-content\/uploads\/2022\/12\/Brosura-stranica-180-godina...180-djela...-999x1024.jpg 999w, https:\/\/misije.hr\/wp-content\/uploads\/2022\/12\/Brosura-stranica-180-godina...180-djela...-768x787.jpg 768w, https:\/\/misije.hr\/wp-content\/uploads\/2022\/12\/Brosura-stranica-180-godina...180-djela...-12x12.jpg 12w, https:\/\/misije.hr\/wp-content\/uploads\/2022\/12\/Brosura-stranica-180-godina...180-djela...-370x379.jpg 370w, https:\/\/misije.hr\/wp-content\/uploads\/2022\/12\/Brosura-stranica-180-godina...180-djela...-770x789.jpg 770w, https:\/\/misije.hr\/wp-content\/uploads\/2022\/12\/Brosura-stranica-180-godina...180-djela....jpg 1211w\" sizes=\"auto, (max-width: 546px) 100vw, 546px\" \/><\/p>\n<p>&nbsp;<\/p>\n<p>Nesebi\u010dnom dje\u010djom ljubavlju Crkva postaje vitalnija i svetija, tako da joj nikakvi lomovi i potresi gre\u0161nih ljudi ne mogu nauditi. \u0160to se vi\u0161e djece uklju\u010di u to plemenito djelo i podr\u017ei evan\u0111eosko geslo \u201eDjeca poma\u017eu djeci\u201c, to \u0107e dana\u0161nja Crkva biti vi\u0161e Kristova Crkva, bez ikakva straha za njezinu budu\u0107nost. Dje\u010dja srca povezana tim geslom stvaraju ocean ljubavi, koji \u0107e nadja\u010dati sve bure i oluje koje prijete Crkvi. Na\u017ealost, probleme u Crkvi i izvan Crkve stvaraju uglavnom njezini odrasli \u010dlanovi, i to \u010desto oni \u010dlanovi koji bi po svojem poslanju djeci trebali biti primjer. Crkva se nalazi u trajnu sukobu izme\u0111u sebi\u010dnosti i oholosti odraslih te nesebi\u010dnosti i otvorenosti djece. Kona\u010dan pobjednik uvijek je veliko dje\u010dje srce, koje nam Krist stavlja kao uzor. <strong>\u201eAko se ne obratite i ne postanete kao djeca, ne \u0107ete u\u0107i u kraljevstvo nebesko.\u201c<\/strong> (<em>Mt<\/em> 18, 13)<\/p>\n<p>I danas su djeca u mnogim krajevima svijeta bez osnovnih uvjeta za \u017eivot, prisiljavana na te\u0161ki fizi\u010dki rad, prepu\u0161tena ulici u predgra\u0111ima velegradova, izlo\u017eena kriminalu ili prisiljavana sudjelovati u ratnim operacijama (osobito u afri\u010dkim zemljama).<\/p>\n<p>Dobrota i prijateljstvo priro\u0111eni su dje\u010djemu srcu, a odraslima poticaj da u\u010dine svoje srce po dje\u010djem, odnosno Isusovu Srcu. Zato posebno mjesto u novim animacijskim materijalima zauzima naslov <strong>180 dobrih djela za 180 godina Djela svetog djetinjstva<\/strong>. To je riznica ideja i poticaja za sve \u010ditatelje. Tko ih barem 18 prihvati, mo\u0107i \u0107e re\u0107i da se ozbiljno pripremio za Bo\u017ei\u0107 i Bogojavljenje.<\/p>\n<p><strong>Pjeva\u010di Betlehemske zvijezde<\/strong> su nezaobilazni kad se radi o pripravi za Bo\u017ei\u0107 i Bogojavljenje. Oni su znak i svjedo\u010danstvo da svatko svojim djelovanjem mo\u017ee mijenjati svijet.<\/p>\n<p>&nbsp;<\/p>\n<p><strong>Neka nam svima dobrota bude putokaz u novoj, 2023. godini.<\/strong><\/p>\n\n\t\t<\/div>\n\t<\/div>\n<\/div><\/div><\/div><\/div><div class=\"vc_row wpb_row vc_row-fluid vc_custom_1670501193498\"><div class=\"wpb_column vc_column_container vc_col-sm-3 sc_layouts_column_icons_position_left\"><div class=\"vc_column-inner\"><div class=\"wpb_wrapper\"><div class=\"vc_btn3-container vc_btn3-center\" ><a class=\"vc_general vc_btn3 vc_btn3-size-md vc_btn3-shape-rounded vc_btn3-style-flat vc_btn3-block vc_btn3-color-sandy-brown\" href=\"\/wp-content\/uploads\/ostali_dokumenti\/BRO\u0160URA%20-%20Djelo%20sv.djetinjstva-2022.pdf\" title=\"ANIMACIJSKI MATERIJAL\" target=\"_blank\">ANIMACIJSKI MATERIJAL<\/a><\/div><\/div><\/div><\/div><div class=\"wpb_column vc_column_container vc_col-sm-9 sc_layouts_column_icons_position_left\"><div class=\"vc_column-inner\"><div class=\"wpb_wrapper\"><\/div><\/div><\/div><\/div><div class=\"vc_row wpb_row vc_row-fluid\"><div class=\"wpb_column vc_column_container vc_col-sm-3 sc_layouts_column_icons_position_left\"><div class=\"vc_column-inner\"><div class=\"wpb_wrapper\"><div class=\"vc_btn3-container vc_btn3-center\" ><a class=\"vc_general vc_btn3 vc_btn3-size-md vc_btn3-shape-rounded vc_btn3-style-flat vc_btn3-block vc_btn3-color-sandy-brown\" href=\"\/wp-content\/uploads\/2022\/12\/Plakat-za-web.jpg\" title=\"PLAKAY\" target=\"_blank\">PLAKAT<\/a><\/div><\/div><\/div><\/div><div class=\"wpb_column vc_column_container vc_col-sm-9 sc_layouts_column_icons_position_left\"><div class=\"vc_column-inner\"><div class=\"wpb_wrapper\"><\/div><\/div><\/div><\/div>","protected":false},"excerpt":{"rendered":"Me\u0111u velikim misijskim obljetnicama ove liturgijske godine navr\u0161ava se i 180 godina Djela svetog djetinjstva. U tih 180 godina veliko je dje\u010dje srce izmolilo milosti samo Bogu znane, ali i izgradilo u misijskim zemljama mnogo vrti\u0107a, \u0161kola, ambulanta, bolnica\u2026 Djeca cijelog svijeta poku\u0161avaju na razli\u010dite na\u010dine olak\u0161ati \u017eivot svojim vr\u0161njacima u misijama. Svojim djelima ljubavi nadma\u0161ili su zasigurno o\u010dekivanja samih&hellip;","protected":false},"author":1,"featured_media":0,"parent":17,"menu_order":0,"comment_status":"closed","ping_status":"closed","template":"","meta":{"_acf_changed":false,"footnotes":""},"class_list":["post-2090","page","type-page","status-publish","hentry"],"acf":[],"yoast_head":"<!-- This site is optimized with the Yoast SEO plugin v27.3 - https:\/\/yoast.com\/product\/yoast-seo-wordpress\/ -->\n<title>DJELO SV. DJETINJSTVA 2022 - Misije<\/title>\n<meta name=\"robots\" content=\"index, follow, max-snippet:-1, max-image-preview:large, max-video-preview:-1\" \/>\n<link rel=\"canonical\" href=\"https:\/\/misije.hr\/en\/djelo-svetog-djetinjstva\/djelo-sv-djetinjstva-2022\/\" \/>\n<meta property=\"og:locale\" content=\"en_US\" \/>\n<meta property=\"og:type\" content=\"article\" \/>\n<meta property=\"og:title\" content=\"DJELO SV. DJETINJSTVA 2022 - Misije\" \/>\n<meta property=\"og:url\" content=\"https:\/\/misije.hr\/en\/djelo-svetog-djetinjstva\/djelo-sv-djetinjstva-2022\/\" \/>\n<meta property=\"og:site_name\" content=\"Misije\" \/>\n<meta property=\"article:publisher\" content=\"https:\/\/www.facebook.com\/missioHR\" \/>\n<meta property=\"article:modified_time\" content=\"2023-12-05T08:52:24+00:00\" \/>\n<meta property=\"og:image\" content=\"https:\/\/misije.hr\/wp-content\/uploads\/2022\/12\/Brosura-stranica-180-godina...180-djela...-740x524.jpg\" \/>\n<meta name=\"twitter:card\" content=\"summary_large_image\" \/>\n<meta name=\"twitter:label1\" content=\"Est. reading time\" \/>\n\t<meta name=\"twitter:data1\" content=\"3 minutes\" \/>\n<script type=\"application\/ld+json\" class=\"yoast-schema-graph\">{\"@context\":\"https:\\\/\\\/schema.org\",\"@graph\":[{\"@type\":\"WebPage\",\"@id\":\"https:\\\/\\\/misije.hr\\\/djelo-svetog-djetinjstva\\\/djelo-sv-djetinjstva-2022\\\/\",\"url\":\"https:\\\/\\\/misije.hr\\\/djelo-svetog-djetinjstva\\\/djelo-sv-djetinjstva-2022\\\/\",\"name\":\"DJELO SV. DJETINJSTVA 2022 - Misije\",\"isPartOf\":{\"@id\":\"https:\\\/\\\/misije.hr\\\/#website\"},\"primaryImageOfPage\":{\"@id\":\"https:\\\/\\\/misije.hr\\\/djelo-svetog-djetinjstva\\\/djelo-sv-djetinjstva-2022\\\/#primaryimage\"},\"image\":{\"@id\":\"https:\\\/\\\/misije.hr\\\/djelo-svetog-djetinjstva\\\/djelo-sv-djetinjstva-2022\\\/#primaryimage\"},\"thumbnailUrl\":\"https:\\\/\\\/misije.hr\\\/wp-content\\\/uploads\\\/2022\\\/12\\\/Brosura-stranica-180-godina...180-djela...-740x524.jpg\",\"datePublished\":\"2022-12-08T12:04:04+00:00\",\"dateModified\":\"2023-12-05T08:52:24+00:00\",\"breadcrumb\":{\"@id\":\"https:\\\/\\\/misije.hr\\\/djelo-svetog-djetinjstva\\\/djelo-sv-djetinjstva-2022\\\/#breadcrumb\"},\"inLanguage\":\"en-US\",\"potentialAction\":[{\"@type\":\"ReadAction\",\"target\":[\"https:\\\/\\\/misije.hr\\\/djelo-svetog-djetinjstva\\\/djelo-sv-djetinjstva-2022\\\/\"]}]},{\"@type\":\"ImageObject\",\"inLanguage\":\"en-US\",\"@id\":\"https:\\\/\\\/misije.hr\\\/djelo-svetog-djetinjstva\\\/djelo-sv-djetinjstva-2022\\\/#primaryimage\",\"url\":\"https:\\\/\\\/misije.hr\\\/wp-content\\\/uploads\\\/2022\\\/12\\\/Brosura-stranica-180-godina...180-djela...-740x524.jpg\",\"contentUrl\":\"https:\\\/\\\/misije.hr\\\/wp-content\\\/uploads\\\/2022\\\/12\\\/Brosura-stranica-180-godina...180-djela...-740x524.jpg\"},{\"@type\":\"BreadcrumbList\",\"@id\":\"https:\\\/\\\/misije.hr\\\/djelo-svetog-djetinjstva\\\/djelo-sv-djetinjstva-2022\\\/#breadcrumb\",\"itemListElement\":[{\"@type\":\"ListItem\",\"position\":1,\"name\":\"Naslovnica\",\"item\":\"https:\\\/\\\/misije.hr\\\/\"},{\"@type\":\"ListItem\",\"position\":2,\"name\":\"DJELO SVETOG DJETINJSTVA\",\"item\":\"https:\\\/\\\/misije.hr\\\/djelo-svetog-djetinjstva\\\/\"},{\"@type\":\"ListItem\",\"position\":3,\"name\":\"DJELO SV. DJETINJSTVA 2022\"}]},{\"@type\":\"WebSite\",\"@id\":\"https:\\\/\\\/misije.hr\\\/#website\",\"url\":\"https:\\\/\\\/misije.hr\\\/\",\"name\":\"Misije\",\"description\":\"misije\",\"publisher\":{\"@id\":\"https:\\\/\\\/misije.hr\\\/#organization\"},\"potentialAction\":[{\"@type\":\"SearchAction\",\"target\":{\"@type\":\"EntryPoint\",\"urlTemplate\":\"https:\\\/\\\/misije.hr\\\/?s={search_term_string}\"},\"query-input\":{\"@type\":\"PropertyValueSpecification\",\"valueRequired\":true,\"valueName\":\"search_term_string\"}}],\"inLanguage\":\"en-US\"},{\"@type\":\"Organization\",\"@id\":\"https:\\\/\\\/misije.hr\\\/#organization\",\"name\":\"Papinska misijska djela u Republici Hrvatskoj\",\"url\":\"https:\\\/\\\/misije.hr\\\/\",\"logo\":{\"@type\":\"ImageObject\",\"inLanguage\":\"en-US\",\"@id\":\"https:\\\/\\\/misije.hr\\\/#\\\/schema\\\/logo\\\/image\\\/\",\"url\":\"https:\\\/\\\/misije.hr\\\/wp-content\\\/uploads\\\/2021\\\/10\\\/Logo_transparent_compressed-1.png\",\"contentUrl\":\"https:\\\/\\\/misije.hr\\\/wp-content\\\/uploads\\\/2021\\\/10\\\/Logo_transparent_compressed-1.png\",\"width\":871,\"height\":876,\"caption\":\"Papinska misijska djela u Republici Hrvatskoj\"},\"image\":{\"@id\":\"https:\\\/\\\/misije.hr\\\/#\\\/schema\\\/logo\\\/image\\\/\"},\"sameAs\":[\"https:\\\/\\\/www.facebook.com\\\/missioHR\"]}]}<\/script>\n<!-- \/ Yoast SEO plugin. -->","yoast_head_json":{"title":"DJELO SV. DJETINJSTVA 2022 - Misije","robots":{"index":"index","follow":"follow","max-snippet":"max-snippet:-1","max-image-preview":"max-image-preview:large","max-video-preview":"max-video-preview:-1"},"canonical":"https:\/\/misije.hr\/en\/djelo-svetog-djetinjstva\/djelo-sv-djetinjstva-2022\/","og_locale":"en_US","og_type":"article","og_title":"DJELO SV. DJETINJSTVA 2022 - Misije","og_url":"https:\/\/misije.hr\/en\/djelo-svetog-djetinjstva\/djelo-sv-djetinjstva-2022\/","og_site_name":"Misije","article_publisher":"https:\/\/www.facebook.com\/missioHR","article_modified_time":"2023-12-05T08:52:24+00:00","og_image":[{"url":"https:\/\/misije.hr\/wp-content\/uploads\/2022\/12\/Brosura-stranica-180-godina...180-djela...-740x524.jpg","type":"","width":"","height":""}],"twitter_card":"summary_large_image","twitter_misc":{"Est. reading time":"3 minutes"},"schema":{"@context":"https:\/\/schema.org","@graph":[{"@type":"WebPage","@id":"https:\/\/misije.hr\/djelo-svetog-djetinjstva\/djelo-sv-djetinjstva-2022\/","url":"https:\/\/misije.hr\/djelo-svetog-djetinjstva\/djelo-sv-djetinjstva-2022\/","name":"DJELO SV. DJETINJSTVA 2022 - Misije","isPartOf":{"@id":"https:\/\/misije.hr\/#website"},"primaryImageOfPage":{"@id":"https:\/\/misije.hr\/djelo-svetog-djetinjstva\/djelo-sv-djetinjstva-2022\/#primaryimage"},"image":{"@id":"https:\/\/misije.hr\/djelo-svetog-djetinjstva\/djelo-sv-djetinjstva-2022\/#primaryimage"},"thumbnailUrl":"https:\/\/misije.hr\/wp-content\/uploads\/2022\/12\/Brosura-stranica-180-godina...180-djela...-740x524.jpg","datePublished":"2022-12-08T12:04:04+00:00","dateModified":"2023-12-05T08:52:24+00:00","breadcrumb":{"@id":"https:\/\/misije.hr\/djelo-svetog-djetinjstva\/djelo-sv-djetinjstva-2022\/#breadcrumb"},"inLanguage":"en-US","potentialAction":[{"@type":"ReadAction","target":["https:\/\/misije.hr\/djelo-svetog-djetinjstva\/djelo-sv-djetinjstva-2022\/"]}]},{"@type":"ImageObject","inLanguage":"en-US","@id":"https:\/\/misije.hr\/djelo-svetog-djetinjstva\/djelo-sv-djetinjstva-2022\/#primaryimage","url":"https:\/\/misije.hr\/wp-content\/uploads\/2022\/12\/Brosura-stranica-180-godina...180-djela...-740x524.jpg","contentUrl":"https:\/\/misije.hr\/wp-content\/uploads\/2022\/12\/Brosura-stranica-180-godina...180-djela...-740x524.jpg"},{"@type":"BreadcrumbList","@id":"https:\/\/misije.hr\/djelo-svetog-djetinjstva\/djelo-sv-djetinjstva-2022\/#breadcrumb","itemListElement":[{"@type":"ListItem","position":1,"name":"Naslovnica","item":"https:\/\/misije.hr\/"},{"@type":"ListItem","position":2,"name":"DJELO SVETOG DJETINJSTVA","item":"https:\/\/misije.hr\/djelo-svetog-djetinjstva\/"},{"@type":"ListItem","position":3,"name":"DJELO SV. DJETINJSTVA 2022"}]},{"@type":"WebSite","@id":"https:\/\/misije.hr\/#website","url":"https:\/\/misije.hr\/","name":"Missions","description":"misije","publisher":{"@id":"https:\/\/misije.hr\/#organization"},"potentialAction":[{"@type":"SearchAction","target":{"@type":"EntryPoint","urlTemplate":"https:\/\/misije.hr\/?s={search_term_string}"},"query-input":{"@type":"PropertyValueSpecification","valueRequired":true,"valueName":"search_term_string"}}],"inLanguage":"en-US"},{"@type":"Organization","@id":"https:\/\/misije.hr\/#organization","name":"Papinska misijska djela u Republici Hrvatskoj","url":"https:\/\/misije.hr\/","logo":{"@type":"ImageObject","inLanguage":"en-US","@id":"https:\/\/misije.hr\/#\/schema\/logo\/image\/","url":"https:\/\/misije.hr\/wp-content\/uploads\/2021\/10\/Logo_transparent_compressed-1.png","contentUrl":"https:\/\/misije.hr\/wp-content\/uploads\/2021\/10\/Logo_transparent_compressed-1.png","width":871,"height":876,"caption":"Papinska misijska djela u Republici Hrvatskoj"},"image":{"@id":"https:\/\/misije.hr\/#\/schema\/logo\/image\/"},"sameAs":["https:\/\/www.facebook.com\/missioHR"]}]}},"_links":{"self":[{"href":"https:\/\/misije.hr\/en\/wp-json\/wp\/v2\/pages\/2090","targetHints":{"allow":["GET"]}}],"collection":[{"href":"https:\/\/misije.hr\/en\/wp-json\/wp\/v2\/pages"}],"about":[{"href":"https:\/\/misije.hr\/en\/wp-json\/wp\/v2\/types\/page"}],"author":[{"embeddable":true,"href":"https:\/\/misije.hr\/en\/wp-json\/wp\/v2\/users\/1"}],"replies":[{"embeddable":true,"href":"https:\/\/misije.hr\/en\/wp-json\/wp\/v2\/comments?post=2090"}],"version-history":[{"count":5,"href":"https:\/\/misije.hr\/en\/wp-json\/wp\/v2\/pages\/2090\/revisions"}],"predecessor-version":[{"id":2098,"href":"https:\/\/misije.hr\/en\/wp-json\/wp\/v2\/pages\/2090\/revisions\/2098"}],"up":[{"embeddable":true,"href":"https:\/\/misije.hr\/en\/wp-json\/wp\/v2\/pages\/17"}],"wp:attachment":[{"href":"https:\/\/misije.hr\/en\/wp-json\/wp\/v2\/media?parent=2090"}],"curies":[{"name":"wp","href":"https:\/\/api.w.org\/{rel}","templated":true}]}}