{"id":21,"date":"2021-09-27T01:21:51","date_gmt":"2021-09-27T01:21:51","guid":{"rendered":"https:\/\/misije.hbk.hr\/?page_id=21"},"modified":"2021-10-23T02:36:43","modified_gmt":"2021-10-23T02:36:43","slug":"misijska-zajednica","status":"publish","type":"page","link":"https:\/\/misije.hr\/en\/misijska-zajednica\/","title":{"rendered":"MISSION COMMUNITY"},"content":{"rendered":"<section class=\"vc_section\"><div class=\"vc_row wpb_row vc_row-fluid\"><div class=\"wpb_column vc_column_container vc_col-sm-12 sc_layouts_column_icons_position_left\"><div class=\"vc_column-inner\"><div class=\"wpb_wrapper\"><div class=\"vc_separator wpb_content_element vc_separator_align_center vc_sep_width_100 vc_sep_pos_align_center vc_separator_no_text vc_sep_color_grey vc_custom_1634858959490  vc_custom_1634858959490\" ><span class=\"vc_sep_holder vc_sep_holder_l\"><span  class=\"vc_sep_line\"><\/span><\/span><span class=\"vc_sep_holder vc_sep_holder_r\"><span  class=\"vc_sep_line\"><\/span><\/span>\n<\/div><\/div><\/div><\/div><\/div><div id=\"anchorNavigacijaId\" class=\"vc_row wpb_row vc_row-fluid\"><div class=\"wpb_column vc_column_container vc_col-sm-4 sc_layouts_column_icons_position_left\"><div class=\"vc_column-inner\"><div class=\"wpb_wrapper\">\n\t<div class=\"wpb_text_column wpb_content_element  ps2id\" >\n\t\t<div class=\"wpb_wrapper\">\n\t\t\t<h5 style=\"text-align: center;\"><a href=\"#povijestAnchor\">POVIJEST<\/a><\/h5>\n\n\t\t<\/div>\n\t<\/div>\n<\/div><\/div><\/div><div class=\"wpb_column vc_column_container vc_col-sm-4 sc_layouts_column_icons_position_left\"><div class=\"vc_column-inner\"><div class=\"wpb_wrapper\">\n\t<div class=\"wpb_text_column wpb_content_element\" >\n\t\t<div class=\"wpb_wrapper\">\n\t\t\t<h5 style=\"text-align: center;\"><a href=\"#clanstvoAnchor\">\u010cLANSTVO U MISIJSKOJ ZAJEDNICI<\/a><\/h5>\n\n\t\t<\/div>\n\t<\/div>\n<\/div><\/div><\/div><div class=\"wpb_column vc_column_container vc_col-sm-4 sc_layouts_column_icons_position_left\"><div class=\"vc_column-inner\"><div class=\"wpb_wrapper\">\n\t<div class=\"wpb_text_column wpb_content_element\" >\n\t\t<div class=\"wpb_wrapper\">\n\t\t\t<h5 style=\"text-align: center;\"><a href=\"#formacijaAnchor\">FORMACIJA \u017dUPNIH MISIJSKIH ANIMATORA<\/a><\/h5>\n\n\t\t<\/div>\n\t<\/div>\n<\/div><\/div><\/div><\/div><div class=\"vc_row wpb_row vc_row-fluid\"><div class=\"wpb_column vc_column_container vc_col-sm-12 sc_layouts_column_icons_position_left\"><div class=\"vc_column-inner\"><div class=\"wpb_wrapper\"><div class=\"vc_separator wpb_content_element vc_separator_align_center vc_sep_width_100 vc_sep_pos_align_center vc_separator_no_text vc_sep_color_grey vc_custom_1634858966514  vc_custom_1634858966514\" ><span class=\"vc_sep_holder vc_sep_holder_l\"><span  class=\"vc_sep_line\"><\/span><\/span><span class=\"vc_sep_holder vc_sep_holder_r\"><span  class=\"vc_sep_line\"><\/span><\/span>\n<\/div><\/div><\/div><\/div><\/div><div class=\"vc_row wpb_row vc_row-fluid vc_custom_1634674390873\"><div class=\"wpb_column vc_column_container vc_col-sm-12 sc_layouts_column_icons_position_left\"><div class=\"vc_column-inner\"><div class=\"wpb_wrapper\"><div id=\"povijestAnchor\"\n\t\tclass=\"sc_title sc_title_default\"><h2 class=\"sc_item_title sc_title_title sc_align_default sc_item_title_style_default\">POVIJEST<\/h2><\/div><!-- \/.sc_title --><\/div><\/div><\/div><\/div><\/section><div class=\"vc_row wpb_row vc_row-fluid vc_custom_1633182188148\"><div class=\"wpb_column vc_column_container vc_col-sm-12 sc_layouts_column_icons_position_left\"><div class=\"vc_column-inner\"><div class=\"wpb_wrapper\">\n\t<div class=\"wpb_text_column wpb_content_element\" >\n\t\t<div class=\"wpb_wrapper\">\n\t\t\t<p><img loading=\"lazy\" decoding=\"async\" class=\"osjencanaSlika alignleft wp-image-938 size-full\" src=\"https:\/\/misije.hr\/wp-content\/uploads\/2021\/10\/paolomanna.jpg\" alt=\"MISIJSKA ZAJEDNICA - Paolo Manna\" width=\"150\" height=\"185\" srcset=\"https:\/\/misije.hr\/wp-content\/uploads\/2021\/10\/paolomanna.jpg 150w, https:\/\/misije.hr\/wp-content\/uploads\/2021\/10\/paolomanna-10x12.jpg 10w\" sizes=\"auto, (max-width: 150px) 100vw, 150px\" \/>Za razliku od drugih dru\u0161tava, trenutna i specifi\u010dna zada\u0107a Misijske zajednice sve\u0107enika jest promicanje misijskog djelovanja i \u0161irenje misija, ne putem pomo\u0107i, nego kroz direktno djelovanje onih koji su, poput apostola, primili zapovijed: \u201cPo\u0111ite dakle i u\u010dinite mojim u\u010denicima sve narode krste\u0107i ih u ime Oca i Sina i Duha Svetoga\u2026\u201d (Mt 28, 19). Zajednicu je utemeljio <strong>bla\u017eeni o. Paolo Manna<\/strong>, a 31. listopada 1916. i slu\u017ebeno ju je priznao papa Benedikt XV. U svojem apostolskom pismu Graves et increscentes, na 50. godi\u0161njicu utemeljenja Papinske misijske zajednice, papa Pavao VI. izjavio je da \u201ckao \u0161to bi se Krista trebalo nazivati prvim Misionarom, tako bi se svi sve\u0107enici, zbog svetoga reda koji su primili, trebali smatrati misionarima\u201d. Ta papina izjava potvr\u0111uje neosporivi nauk i jo\u0161 va\u017eniju du\u017enost, a potkrjepljuju je i mnogi crkveni dokumenti: Evangelii nuntiandi (68), Postquam apostoli (5) i Redemptoris mission (67). U istome je pismu Pavao VI. definirao Papinsku misijsku zajednicu (PMZ) kao \u201edu\u0161u ostalih dru\u0161tava za pomo\u0107 misijama\u201c. Paolo Manna ro\u0111en je u Avellinu (Italija) 16. sije\u010dnja 1872. Postao je misionar Papinskog instituta za vanjske misije i poslan u Burmu. Tijekom dvanaest godina misijskog rada vratit \u0107e se u Italiju tri puta zbog te\u0161kog zdravstvenog stanja, a posljednji \u0107e put, na svoju veliku \u017ealost, ondje i ostati. Na taj \u0107e na\u010din otkriti Bo\u017eju volju za svoj \u017eivot: kroz pisanje i publikacije biti misijski animator cijele Crkve, misionar Misijske zajednice.<br \/>\nCilj njegova rada nije bilo samo \u0161irenje vjere u svijetu i pomaganje misionarima molitvama i prilozima, nego prije svega upoznati ljude s du\u017eno\u0161\u0107u \u0161irenja Crkve kako bi dobila vi\u0161e misionara, tako i me\u0111u lokalnim sve\u0107enstvom, da bi svoju zada\u0107u u potpunosti mogla ispuniti. Kao urednik \u010dasopisa Le Missioni Catoliche (Katoli\u010dke misije), a posebno u svom prvom djelu Missionari autem pauci (Nedovoljno je misionara), potaknuo je nevjerojatno odu\u0161evljenje za misije i velik broj misijskih poziva. Na taj je na\u010din po\u010delo njegovo veliko djelo poticanja svih sve\u0107enika na interes za misije. Njegov san o osnivanju Misijske zajednice za kler ostvaren je s podr\u0161kom pape Benedikta XV., i to zahvaljuju\u0107i spremnom zalaganju bl. Guida Marije Confortija, biskupa Parme i utemeljitelja misionara ksaverijanaca. Prvi me\u0111unarodni kongres Misijske zajednice (odr\u017ean 3. sije\u010dnja 1922.) govorio je o nu\u017enosti pou\u010davanja o misijama u bogoslovijama, \u0161to je dotad bilo nepoznato podru\u010dje u katoli\u010dkim obrazovnim institutima. Kako bi potaknuo razvoj mnogih poziva za misije, o. Manna je u svojim mnogobrojnim napisima nagla\u0161avao nezamjenjivu ulogu sve\u0107enika u navije\u0161tanju Evan\u0111elja i stvaranju misijske svijesti u Bo\u017ejem narodu. Papinska misijska zajednica brzo se \u0161irila nakon \u0161to je papa enciklikom Maximum illud (iz 1919.) potaknuo da bude prisutna u svakoj biskupiji. Kroz brojne propovijedi i publikacije, o. Manna je odu\u0161evljavao kler i laike za misijski ideal, a mladim je ljudima postavio izazov da taj ideal ostvare. Za njega nije postojao misijski poziv razli\u010dit od sve\u0107eni\u010dkog ili op\u0107enito kr\u0161\u0107anskog poziva, i njegov je moto bio: \u201eSvi su misionari\u201c! Smatrao je da su svi kr\u0161tenici misionari, ali prvenstveno je \u201esvaki sve\u0107enik po svojoj prirodi i definiciji misionar\u201c.<br \/>\n\u017dalio se da je velik dio klera \u201ezaboravio na veliku i temeljnu istinu\u201c, onu da je \u201eprimarna du\u017enost Crkve evangelizacija svijeta \u2013 cijeloga svijeta\u201c. Univerzalni misionarski duh mora i\u0107i ukorak s duhom jedinstva s onima koje prve nazivamo \u201eodijeljenom bra\u0107om\u201c, i to je \u201enu\u017ean uvjet za pobjedu Evan\u0111elja u svijetu\u201c. Svojim je istra\u017eivanjima i smjelim izjavama bl. o. Manna proro\u010dki navijestio deklaracije Drugoga vatikanskog sabora, posebice Ad Gentes (2, 39), Lumen Gentium, Optatam Totius (20) i Presbyterorum Ordinis (10). Zajedno sa sve\u0107enicima, redovnici, redovnice i posve\u0107eni laici tako\u0111er su prirodni misijski radnici. Godine 1949. dekretom Huic Sacro Kongregacija za \u0161irenje vjere i njima je omogu\u0107ila \u010dlanstvo u Zajednici. Dekretom od 28. listopada 1956. papa Pio XII. dao je Zajednici naziv \u201epapinska\u201c te je preimenovana u Papinsku misijsku zajednicu sve\u0107enika, redovnika i posve\u0107enih laika. Kra\u0107e se naziva Papinskom misijskom zajednicom (PMZ). I sam je o. Manna u svom institutu slu\u017eio od 1924. do 1934. kao generalni superior. Plod njegova djelovanja su Opa\u017eanja o modernoj metodi evangelizacije, u kojima predla\u017ee posebnu i druga\u010diju formaciju ve\u0107eg broja bogoslova u misijskim zemljama i osnivanje lokalnih crkava koje bi vodilo lokalno sve\u0107enstvo. U svojim je kasnijim godinama, kao u snu, skicirao svoj veliki, proro\u010dki i dalekose\u017eni misijski plan: na\u0161e crkve i navije\u0161tanje Evan\u0111elja. Netom prije odr\u017eavanja Drugoga vatikanskog sabora, pozvao je starije Crkve da osnuju misijske bogoslovije kako bi izravno mogle sudjelovati u evangelizaciji svijeta i pomo\u0107i mla\u0111im misijskim Crkvama. O. Paolo Manna umro je 15. rujna 1952., a papa Ivan Pavao II. proglasio ga je bla\u017eenim 4. studenog 2001.<\/p>\n<p><strong>Papinska misijska zajednica nastoji: <\/strong><br \/>\n1. Promicati svijest o misijama me\u0111u bogoslovima, sve\u0107enicima i redovnicima.<br \/>\n2. Animirati sve animatore Bo\u017ejeg naroda za misije (RM 84) \u0161irenjem i promicanjem drugih papinskih misijskih zajednica.<br \/>\n3. Poticati jedinstvo kr\u0161\u0107ana \u201eda tako budu savr\u0161eno jedno da svijet upozna da si me ti poslao\u201c (Iv 17, 23).<br \/>\n4. Cijelu Crkvu dovesti u \u201estanje misije \u2013 poslanja\u201c.<\/p>\n<p><strong>Kako mo\u017eete duhovno pomo\u0107i <\/strong><br \/>\n1. Razmatrajte Sveto pismo kako biste razumjeli op\u0107i Bo\u017eji plan spasenja i misijsku prirodu Njegove Crkve.<br \/>\n2. \u010citajte i prou\u010davajte dokumente Drugog vatikanskog sabora i papinskih misijskih enciklika.<br \/>\n3. Promatrajte povijest svoga naroda i Crkve u svjetskoj perspektivi kako biste usvojili \u0161iri na\u010din razmi\u0161ljanja i djelovanja.<br \/>\n4. \u201eMolite gospodara \u017eetve da po\u0161alje radnike u \u017eetvu svoju\u201c (Mt 9, 38).<br \/>\n5. Obilje\u017eavajte misijske blagdane: Korizmu, kao razdoblje molitve i solidarnosti; misijski listopad i Misijsku nedjelju \u2013 Svjetski dan misija; blagdan sv. Franje Ksaverskog, Dan sve\u0107enika i redovnika misionara; blagdan sv. Terezije od Djeteta Isusa, Dan redovnica misionarki; Svjetski dan bolesnika te tjedan molitve za jedinstvo kr\u0161\u0107ana.<\/p>\n<p><strong>Kako mo\u017eete materijalno pomo\u0107i <\/strong><br \/>\n1. Pretplatite se na misijske publikacije koje postoje u Va\u0161oj dr\u017eavi i naru\u010dite knjige o misiologiji ili one koje se bave problemima u svijetu kako biste nau\u010dili o misijama i stvarnosti s kojom se susre\u0107u razli\u010dite religije i narodi, \u0161to je potrebno znati u na\u0161em globaliziranom svijetu.<br \/>\n2. Uplatite godi\u0161nji iznos pomo\u0107i PMZ-u za njihov animacijski rad.<br \/>\n3. Mo\u017eete sura\u0111ivati s upraviteljem i tajnikom PMZ-a u svojoj dr\u017eavi, kao i s biskupijskim osobljem zadu\u017eenim za misije, kako biste se priklju\u010dili organizaciji i drugim aktivnostima misijske animacije kroz PMZ.<br \/>\n4. \u0160irite slu\u017ebena izdanja me\u0111unarodnog ureda PMZ-a: Omnis Terra (na talijanskom, engleskom, francuskom, \u0161panjolskom i portugalskom) i The Course: Studies for Mission (na talijanskom, engleskom, francuskom i \u0161panjolskom)<\/p>\n\n\t\t<\/div>\n\t<\/div>\n<\/div><\/div><\/div><\/div><section class=\"vc_section vc_custom_1634674401948 vc_section-has-fill\"><div class=\"vc_row wpb_row vc_row-fluid\"><div class=\"wpb_column vc_column_container vc_col-sm-12 sc_layouts_column_icons_position_left\"><div class=\"vc_column-inner\"><div class=\"wpb_wrapper\"><div id=\"clanstvoAnchor\"\n\t\tclass=\"sc_title sc_title_default\"><h2 class=\"sc_item_title sc_title_title sc_align_default sc_item_title_style_default\">\u010cLANSTVO U MISIJSKOJ ZAJEDNICI<\/h2><\/div><!-- \/.sc_title --><\/div><\/div><\/div><\/div><div class=\"vc_row wpb_row vc_row-fluid vc_custom_1633182359796\"><div class=\"wpb_column vc_column_container vc_col-sm-12 sc_layouts_column_icons_position_left\"><div class=\"vc_column-inner\"><div class=\"wpb_wrapper\">\n\t<div class=\"wpb_text_column wpb_content_element\" >\n\t\t<div class=\"wpb_wrapper\">\n\t\t\t<p>Papa tra\u017ei u\u010dlanjenje \u0161to je mogu\u0107e ve\u0107ega broja vjernika u Papinsko misijsko djelo \u2013 \u00bbMisijska zajednica\u00ab, gdje svaki vjernik mo\u017ee davati svoj redovni doprinos za nebrojene potrebe mlade Crkve u misijskim krajevima. Istina, ne smijemo \u0161irenje evan\u0111elja svesti na materijalno davanje, ali ne mo\u017eemo biti ni autenti\u010dni navjestitelji evan\u0111elja ako \u010dovjeku ne pomognemo u temeljnim stvarima koje mora imati svaki \u010dovjek: hranu, odje\u0107u, krov nad glavom, \u0161kolu, lije\u010denje, posao.<\/p>\n\n\t\t<\/div>\n\t<\/div>\n<\/div><\/div><\/div><\/div><\/section><section class=\"vc_section vc_custom_1634674415670\"><div class=\"vc_row wpb_row vc_row-fluid\"><div class=\"wpb_column vc_column_container vc_col-sm-12 sc_layouts_column_icons_position_left\"><div class=\"vc_column-inner\"><div class=\"wpb_wrapper\"><div id=\"formacijaAnchor\"\n\t\tclass=\"sc_title sc_title_default\"><h2 class=\"sc_item_title sc_title_title sc_align_default sc_item_title_style_default\">FORMACIJA \u017dUPNIH MISIJSKIH ANIMATORA<\/h2><\/div><!-- \/.sc_title --><\/div><\/div><\/div><\/div><div class=\"vc_row wpb_row vc_row-fluid vc_custom_1633182441601\"><div class=\"wpb_column vc_column_container vc_col-sm-12 sc_layouts_column_icons_position_left\"><div class=\"vc_column-inner\"><div class=\"wpb_wrapper\">\n\t<div class=\"wpb_text_column wpb_content_element\" >\n\t\t<div class=\"wpb_wrapper\">\n\t\t\t<p>Formiranje misijskih zajednica u \u017eupama jedan je od najva\u017enijih zaklju\u010daka donesenih na Nacionalnoj skup\u0161tini Vije\u0107a Papinskih misijskih djela u Hrvatskoj koja je odr\u017eana od 4. do 7. o\u017eujka 2013. u Lovranu (Rije\u010dka nadbiskupija).<br \/>\nPredlo\u017eeno je da se u svakoj \u017eupi osnuje misijska zajednica s ciljem da se moli i \u017ertvuje za misije i misionare. Tako smo po\u010deli po nad\/biskupijama organizirati formiranje misijskih grupa u \u017eupnim zajednicama i s osposobljavanje misijskih animatora-suradnika. Misijska formacija animatora u svakome od njih razvija misijsku svijest i osposobljava ih da mogu konkretno djelovati u animiranju misijskog pastorala \u017eupne zajednice, pod vodstvom sve\u0107enika.<\/p>\n\n\t\t<\/div>\n\t<\/div>\n<\/div><\/div><\/div><\/div><\/section>","protected":false},"excerpt":{"rendered":"POVIJEST \u010cLANSTVO U MISIJSKOJ ZAJEDNICI FORMACIJA \u017dUPNIH MISIJSKIH ANIMATORA POVIJEST Za razliku od drugih dru\u0161tava, trenutna i specifi\u010dna zada\u0107a Misijske zajednice sve\u0107enika jest promicanje misijskog djelovanja i \u0161irenje misija, ne putem pomo\u0107i, nego kroz direktno djelovanje onih koji su, poput apostola, primili zapovijed: \u201cPo\u0111ite dakle i u\u010dinite mojim u\u010denicima sve narode krste\u0107i ih u ime Oca i Sina i Duha&hellip;","protected":false},"author":1,"featured_media":0,"parent":0,"menu_order":0,"comment_status":"closed","ping_status":"closed","template":"","meta":{"_acf_changed":false,"footnotes":""},"class_list":["post-21","page","type-page","status-publish","hentry"],"acf":[],"yoast_head":"<!-- This site is optimized with the Yoast SEO plugin v27.3 - https:\/\/yoast.com\/product\/yoast-seo-wordpress\/ -->\n<title>MISIJSKA ZAJEDNICA - Misije<\/title>\n<meta name=\"description\" content=\"MISIJSKA ZAJEDNICA\" \/>\n<meta name=\"robots\" content=\"index, follow, max-snippet:-1, max-image-preview:large, max-video-preview:-1\" \/>\n<link rel=\"canonical\" href=\"https:\/\/misije.hr\/en\/misijska-zajednica\/\" \/>\n<meta property=\"og:locale\" content=\"en_US\" \/>\n<meta property=\"og:type\" content=\"article\" \/>\n<meta property=\"og:title\" content=\"MISIJSKA ZAJEDNICA - Misije\" \/>\n<meta property=\"og:description\" content=\"MISIJSKA ZAJEDNICA\" \/>\n<meta property=\"og:url\" content=\"https:\/\/misije.hr\/en\/misijska-zajednica\/\" \/>\n<meta property=\"og:site_name\" content=\"Misije\" \/>\n<meta property=\"article:publisher\" content=\"https:\/\/www.facebook.com\/missioHR\" \/>\n<meta property=\"article:modified_time\" content=\"2021-10-23T02:36:43+00:00\" \/>\n<meta property=\"og:image\" content=\"https:\/\/misije.hr\/wp-content\/uploads\/2021\/10\/paolomanna.jpg\" \/>\n<meta name=\"twitter:card\" content=\"summary_large_image\" \/>\n<meta name=\"twitter:label1\" content=\"Est. reading time\" \/>\n\t<meta name=\"twitter:data1\" content=\"8 minutes\" \/>\n<script type=\"application\/ld+json\" class=\"yoast-schema-graph\">{\"@context\":\"https:\\\/\\\/schema.org\",\"@graph\":[{\"@type\":\"WebPage\",\"@id\":\"https:\\\/\\\/misije.hr\\\/misijska-zajednica\\\/\",\"url\":\"https:\\\/\\\/misije.hr\\\/misijska-zajednica\\\/\",\"name\":\"MISIJSKA ZAJEDNICA - Misije\",\"isPartOf\":{\"@id\":\"https:\\\/\\\/misije.hr\\\/#website\"},\"primaryImageOfPage\":{\"@id\":\"https:\\\/\\\/misije.hr\\\/misijska-zajednica\\\/#primaryimage\"},\"image\":{\"@id\":\"https:\\\/\\\/misije.hr\\\/misijska-zajednica\\\/#primaryimage\"},\"thumbnailUrl\":\"https:\\\/\\\/misije.hr\\\/wp-content\\\/uploads\\\/2021\\\/10\\\/paolomanna.jpg\",\"datePublished\":\"2021-09-27T01:21:51+00:00\",\"dateModified\":\"2021-10-23T02:36:43+00:00\",\"description\":\"MISIJSKA ZAJEDNICA\",\"breadcrumb\":{\"@id\":\"https:\\\/\\\/misije.hr\\\/misijska-zajednica\\\/#breadcrumb\"},\"inLanguage\":\"en-US\",\"potentialAction\":[{\"@type\":\"ReadAction\",\"target\":[\"https:\\\/\\\/misije.hr\\\/misijska-zajednica\\\/\"]}]},{\"@type\":\"ImageObject\",\"inLanguage\":\"en-US\",\"@id\":\"https:\\\/\\\/misije.hr\\\/misijska-zajednica\\\/#primaryimage\",\"url\":\"https:\\\/\\\/misije.hr\\\/wp-content\\\/uploads\\\/2021\\\/10\\\/paolomanna.jpg\",\"contentUrl\":\"https:\\\/\\\/misije.hr\\\/wp-content\\\/uploads\\\/2021\\\/10\\\/paolomanna.jpg\"},{\"@type\":\"BreadcrumbList\",\"@id\":\"https:\\\/\\\/misije.hr\\\/misijska-zajednica\\\/#breadcrumb\",\"itemListElement\":[{\"@type\":\"ListItem\",\"position\":1,\"name\":\"Naslovnica\",\"item\":\"https:\\\/\\\/misije.hr\\\/\"},{\"@type\":\"ListItem\",\"position\":2,\"name\":\"MISIJSKA ZAJEDNICA\"}]},{\"@type\":\"WebSite\",\"@id\":\"https:\\\/\\\/misije.hr\\\/#website\",\"url\":\"https:\\\/\\\/misije.hr\\\/\",\"name\":\"Misije\",\"description\":\"misije\",\"publisher\":{\"@id\":\"https:\\\/\\\/misije.hr\\\/#organization\"},\"potentialAction\":[{\"@type\":\"SearchAction\",\"target\":{\"@type\":\"EntryPoint\",\"urlTemplate\":\"https:\\\/\\\/misije.hr\\\/?s={search_term_string}\"},\"query-input\":{\"@type\":\"PropertyValueSpecification\",\"valueRequired\":true,\"valueName\":\"search_term_string\"}}],\"inLanguage\":\"en-US\"},{\"@type\":\"Organization\",\"@id\":\"https:\\\/\\\/misije.hr\\\/#organization\",\"name\":\"Papinska misijska djela u Republici Hrvatskoj\",\"url\":\"https:\\\/\\\/misije.hr\\\/\",\"logo\":{\"@type\":\"ImageObject\",\"inLanguage\":\"en-US\",\"@id\":\"https:\\\/\\\/misije.hr\\\/#\\\/schema\\\/logo\\\/image\\\/\",\"url\":\"https:\\\/\\\/misije.hr\\\/wp-content\\\/uploads\\\/2021\\\/10\\\/Logo_transparent_compressed-1.png\",\"contentUrl\":\"https:\\\/\\\/misije.hr\\\/wp-content\\\/uploads\\\/2021\\\/10\\\/Logo_transparent_compressed-1.png\",\"width\":871,\"height\":876,\"caption\":\"Papinska misijska djela u Republici Hrvatskoj\"},\"image\":{\"@id\":\"https:\\\/\\\/misije.hr\\\/#\\\/schema\\\/logo\\\/image\\\/\"},\"sameAs\":[\"https:\\\/\\\/www.facebook.com\\\/missioHR\"]}]}<\/script>\n<!-- \/ Yoast SEO plugin. -->","yoast_head_json":{"title":"MISIJSKA ZAJEDNICA - Misije","description":"MISSION COMMUNITY","robots":{"index":"index","follow":"follow","max-snippet":"max-snippet:-1","max-image-preview":"max-image-preview:large","max-video-preview":"max-video-preview:-1"},"canonical":"https:\/\/misije.hr\/en\/misijska-zajednica\/","og_locale":"en_US","og_type":"article","og_title":"MISIJSKA ZAJEDNICA - Misije","og_description":"MISIJSKA ZAJEDNICA","og_url":"https:\/\/misije.hr\/en\/misijska-zajednica\/","og_site_name":"Misije","article_publisher":"https:\/\/www.facebook.com\/missioHR","article_modified_time":"2021-10-23T02:36:43+00:00","og_image":[{"url":"https:\/\/misije.hr\/wp-content\/uploads\/2021\/10\/paolomanna.jpg","type":"","width":"","height":""}],"twitter_card":"summary_large_image","twitter_misc":{"Est. reading time":"8 minutes"},"schema":{"@context":"https:\/\/schema.org","@graph":[{"@type":"WebPage","@id":"https:\/\/misije.hr\/misijska-zajednica\/","url":"https:\/\/misije.hr\/misijska-zajednica\/","name":"MISIJSKA ZAJEDNICA - Misije","isPartOf":{"@id":"https:\/\/misije.hr\/#website"},"primaryImageOfPage":{"@id":"https:\/\/misije.hr\/misijska-zajednica\/#primaryimage"},"image":{"@id":"https:\/\/misije.hr\/misijska-zajednica\/#primaryimage"},"thumbnailUrl":"https:\/\/misije.hr\/wp-content\/uploads\/2021\/10\/paolomanna.jpg","datePublished":"2021-09-27T01:21:51+00:00","dateModified":"2021-10-23T02:36:43+00:00","description":"MISSION COMMUNITY","breadcrumb":{"@id":"https:\/\/misije.hr\/misijska-zajednica\/#breadcrumb"},"inLanguage":"en-US","potentialAction":[{"@type":"ReadAction","target":["https:\/\/misije.hr\/misijska-zajednica\/"]}]},{"@type":"ImageObject","inLanguage":"en-US","@id":"https:\/\/misije.hr\/misijska-zajednica\/#primaryimage","url":"https:\/\/misije.hr\/wp-content\/uploads\/2021\/10\/paolomanna.jpg","contentUrl":"https:\/\/misije.hr\/wp-content\/uploads\/2021\/10\/paolomanna.jpg"},{"@type":"BreadcrumbList","@id":"https:\/\/misije.hr\/misijska-zajednica\/#breadcrumb","itemListElement":[{"@type":"ListItem","position":1,"name":"Naslovnica","item":"https:\/\/misije.hr\/"},{"@type":"ListItem","position":2,"name":"MISIJSKA ZAJEDNICA"}]},{"@type":"WebSite","@id":"https:\/\/misije.hr\/#website","url":"https:\/\/misije.hr\/","name":"Missions","description":"misije","publisher":{"@id":"https:\/\/misije.hr\/#organization"},"potentialAction":[{"@type":"SearchAction","target":{"@type":"EntryPoint","urlTemplate":"https:\/\/misije.hr\/?s={search_term_string}"},"query-input":{"@type":"PropertyValueSpecification","valueRequired":true,"valueName":"search_term_string"}}],"inLanguage":"en-US"},{"@type":"Organization","@id":"https:\/\/misije.hr\/#organization","name":"Papinska misijska djela u Republici Hrvatskoj","url":"https:\/\/misije.hr\/","logo":{"@type":"ImageObject","inLanguage":"en-US","@id":"https:\/\/misije.hr\/#\/schema\/logo\/image\/","url":"https:\/\/misije.hr\/wp-content\/uploads\/2021\/10\/Logo_transparent_compressed-1.png","contentUrl":"https:\/\/misije.hr\/wp-content\/uploads\/2021\/10\/Logo_transparent_compressed-1.png","width":871,"height":876,"caption":"Papinska misijska djela u Republici Hrvatskoj"},"image":{"@id":"https:\/\/misije.hr\/#\/schema\/logo\/image\/"},"sameAs":["https:\/\/www.facebook.com\/missioHR"]}]}},"_links":{"self":[{"href":"https:\/\/misije.hr\/en\/wp-json\/wp\/v2\/pages\/21","targetHints":{"allow":["GET"]}}],"collection":[{"href":"https:\/\/misije.hr\/en\/wp-json\/wp\/v2\/pages"}],"about":[{"href":"https:\/\/misije.hr\/en\/wp-json\/wp\/v2\/types\/page"}],"author":[{"embeddable":true,"href":"https:\/\/misije.hr\/en\/wp-json\/wp\/v2\/users\/1"}],"replies":[{"embeddable":true,"href":"https:\/\/misije.hr\/en\/wp-json\/wp\/v2\/comments?post=21"}],"version-history":[{"count":9,"href":"https:\/\/misije.hr\/en\/wp-json\/wp\/v2\/pages\/21\/revisions"}],"predecessor-version":[{"id":1865,"href":"https:\/\/misije.hr\/en\/wp-json\/wp\/v2\/pages\/21\/revisions\/1865"}],"wp:attachment":[{"href":"https:\/\/misije.hr\/en\/wp-json\/wp\/v2\/media?parent=21"}],"curies":[{"name":"wp","href":"https:\/\/api.w.org\/{rel}","templated":true}]}}