{"id":2183,"date":"2022-10-03T07:02:08","date_gmt":"2022-10-03T07:02:08","guid":{"rendered":"https:\/\/misije.hr\/?page_id=2183"},"modified":"2023-10-03T07:41:22","modified_gmt":"2023-10-03T07:41:22","slug":"svjetski-dan-misija-2022","status":"publish","type":"page","link":"https:\/\/misije.hr\/en\/djelo-za-sirenje-vjere\/svjetski-dan-misija-2022\/","title":{"rendered":"SVJETSKI DAN MISIJA 2022."},"content":{"rendered":"<div class=\"vc_row wpb_row vc_row-fluid\"><div class=\"wpb_column vc_column_container vc_col-sm-12 sc_layouts_column_icons_position_left\"><div class=\"vc_column-inner\"><div class=\"wpb_wrapper\">\n\t<div class=\"wpb_text_column wpb_content_element\" >\n\t\t<div class=\"wpb_wrapper\">\n\t\t\t<p><a href=\"https:\/\/misije.hr\/wp-content\/uploads\/2022\/10\/PLAKAT-za-Svjetski-dan-misija-2022-za-web-1.jpg\"><img loading=\"lazy\" decoding=\"async\" class=\"osjencanaSlika alignnone wp-image-2062\" src=\"https:\/\/misije.hr\/wp-content\/uploads\/2022\/10\/PLAKAT-za-Svjetski-dan-misija-2022-za-web-1-370x493.jpg\" alt=\"\" width=\"477\" height=\"675\" srcset=\"https:\/\/misije.hr\/wp-content\/uploads\/2022\/10\/PLAKAT-za-Svjetski-dan-misija-2022-za-web-1-212x300.jpg 212w, https:\/\/misije.hr\/wp-content\/uploads\/2022\/10\/PLAKAT-za-Svjetski-dan-misija-2022-za-web-1-724x1024.jpg 724w, https:\/\/misije.hr\/wp-content\/uploads\/2022\/10\/PLAKAT-za-Svjetski-dan-misija-2022-za-web-1-768x1086.jpg 768w, https:\/\/misije.hr\/wp-content\/uploads\/2022\/10\/PLAKAT-za-Svjetski-dan-misija-2022-za-web-1-1086x1536.jpg 1086w, https:\/\/misije.hr\/wp-content\/uploads\/2022\/10\/PLAKAT-za-Svjetski-dan-misija-2022-za-web-1-8x12.jpg 8w, https:\/\/misije.hr\/wp-content\/uploads\/2022\/10\/PLAKAT-za-Svjetski-dan-misija-2022-za-web-1-370x523.jpg 370w, https:\/\/misije.hr\/wp-content\/uploads\/2022\/10\/PLAKAT-za-Svjetski-dan-misija-2022-za-web-1-770x1089.jpg 770w, https:\/\/misije.hr\/wp-content\/uploads\/2022\/10\/PLAKAT-za-Svjetski-dan-misija-2022-za-web-1.jpg 1253w\" sizes=\"auto, (max-width: 477px) 100vw, 477px\" \/><\/a><\/p>\n<p><strong>Svjetski dan misija<\/strong>, koji svake godine obilje\u017eavamo predzadnje nedjelje u listopadu, prigoda je da se uvijek iznova prisjetimo da smo kao kr\u0161\u0107ani svi pozvani biti misionari, pozvani biti svjedoci Bo\u017eje spasenjske ljubavi prema svakomu \u010dovjeku.<\/p>\n<p>U tom duhu i papa Franjo pi\u0161e svoju ovogodi\u0161nju poruku za Svjetski dan misija, pod geslom: <strong><em>\u201eBit \u0107ete mi svjedoci\u201c (Dj 1, 8)<\/em>.<\/strong><\/p>\n<p>Tijekom povijesti, a i danas, mnogi pojedinci, u zajedni\u0161tvu s Crkvom, i\u0161li su i idu \u201esve do kraja zemlje\u201c (<em>Dj<\/em> 1, 8) navje\u0161\u0107uju\u0107i radosnu vijest Isusa Krista, \u010dine\u0107i djela milosr\u0111a, kojima omogu\u0107uju svakomu dostojanstven \u017eivot. U takvu djelovanju vidi se zajedni\u0161tvo i snaga Crkve. <strong>Dok na\u0161i misionari idu u misije <em>ad gentes<\/em>, me\u0111u narode koji jo\u0161 nisu \u010duli Bo\u017eju rije\u010d, mi koji ostajemo u svojim sredinama pratimo ih svojim molitvama i konkretnom pomo\u0107i te na taj na\u010din svjedo\u010dimo svoju me\u0111usobnu ljubav i univerzalnost Crkve onima koji su oko nas. Tako dajemo primjer, svjedo\u010dimo, jer osim navje\u0161taja ljudi trebaju i primjere, i to one koji potkrepljuju \u0161to propovijedamo i koji ih poti\u010du da onda i sami djeluju.<\/strong><\/p>\n<p>Najsvjetliji primjer zauzeta djelovanja unutar vlastitog okru\u017eenja nudi nam lik <strong>bla\u017eene Pauline Jaricot<\/strong>, utemeljiteljice Djela za \u0161irenje vjere, koju je papa Franjo proglasio bla\u017eenom u svibnju ove godine.<\/p>\n<p>Da bismo trajno poticali na promi\u0161ljanje o svojem kr\u0161\u0107anskom pozivu na svjedo\u010denje, pripremili smo animacijske materijale za Svjetski dan misija koji se ove godine obilje\u017eava 23. listopada. Vjerujemo da \u0107ete se uz ponu\u0111ene materijale kvalitetno pripraviti za obilje\u017eavanje Svjetskog dana misija, ali da \u0107e vas oni i potaknuti da nosite misije u svojem srcu tijekom \u010ditave godine.<\/p>\n<p><strong>Zahvaljujemo za svu ljubav koju iskazujete na\u0161im misionarima svojim \u017ertvama, molitvama i darovima. Neka vam Gospodin obilno uzvrati!<\/strong><\/p>\n<p>Za sve dodatne informacije stojimo na raspolaganju i rado \u0107emo pomo\u0107i: <a href=\"mailto:missio.croatia@misije.hr\">missio.croatia@misije.hr<\/a><\/p>\n\n\t\t<\/div>\n\t<\/div>\n<\/div><\/div><\/div><\/div><div class=\"vc_row wpb_row vc_row-fluid\"><div class=\"wpb_column vc_column_container vc_col-sm-3 sc_layouts_column_icons_position_left\"><div class=\"vc_column-inner\"><div class=\"wpb_wrapper\"><div class=\"vc_btn3-container vc_btn3-center\" ><a class=\"vc_general vc_btn3 vc_btn3-size-md vc_btn3-shape-rounded vc_btn3-style-flat vc_btn3-block vc_btn3-color-sandy-brown\" href=\"\/wp-content\/uploads\/ostali_dokumenti\/ANIMACIJSKI%20MATERIJAL-Svjetski%20dan%20misija%202022_compressed.pdf\" title=\"ANIMACIJSKI MATERIJAL\" target=\"_blank\">ANIMACIJSKI MATERIJAL<\/a><\/div><\/div><\/div><\/div><div class=\"wpb_column vc_column_container vc_col-sm-9 sc_layouts_column_icons_position_left\"><div class=\"vc_column-inner\"><div class=\"wpb_wrapper\"><\/div><\/div><\/div><\/div><div class=\"vc_row wpb_row vc_row-fluid\"><div class=\"wpb_column vc_column_container vc_col-sm-3 sc_layouts_column_icons_position_left\"><div class=\"vc_column-inner\"><div class=\"wpb_wrapper\"><div class=\"vc_btn3-container vc_btn3-center\" ><a class=\"vc_general vc_btn3 vc_btn3-size-md vc_btn3-shape-rounded vc_btn3-style-flat vc_btn3-block vc_btn3-color-sandy-brown\" href=\"\/wp-content\/uploads\/ostali_dokumenti\/LETAK-Svjetski%20dan%20misija%202022_compressed.pdf\" title=\"LETAK\" target=\"_blank\">LETAK<\/a><\/div><\/div><\/div><\/div><div class=\"wpb_column vc_column_container vc_col-sm-9 sc_layouts_column_icons_position_left\"><div class=\"vc_column-inner\"><div class=\"wpb_wrapper\"><\/div><\/div><\/div><\/div><div class=\"vc_row wpb_row vc_row-fluid\"><div class=\"wpb_column vc_column_container vc_col-sm-12 sc_layouts_column_icons_position_left\"><div class=\"vc_column-inner\"><div class=\"wpb_wrapper\">\n\t<div class=\"wpb_text_column wpb_content_element\" >\n\t\t<div class=\"wpb_wrapper\">\n\t\t\t<p><strong><em>\u201eStvorena sam da volim i da djelujem. Moj samostan je svijet.\u201c (bl. Pauline Jaricot)<\/em><\/strong><\/p>\n\n\t\t<\/div>\n\t<\/div>\n<\/div><\/div><\/div><\/div>","protected":false},"excerpt":{"rendered":"Svjetski dan misija, koji svake godine obilje\u017eavamo predzadnje nedjelje u listopadu, prigoda je da se uvijek iznova prisjetimo da smo kao kr\u0161\u0107ani svi pozvani biti misionari, pozvani biti svjedoci Bo\u017eje spasenjske ljubavi prema svakomu \u010dovjeku. U tom duhu i papa Franjo pi\u0161e svoju ovogodi\u0161nju poruku za Svjetski dan misija, pod geslom: \u201eBit \u0107ete mi svjedoci\u201c (Dj 1, 8). Tijekom povijesti,&hellip;","protected":false},"author":1,"featured_media":0,"parent":15,"menu_order":0,"comment_status":"closed","ping_status":"closed","template":"","meta":{"_acf_changed":false,"footnotes":""},"class_list":["post-2183","page","type-page","status-publish","hentry"],"acf":[],"yoast_head":"<!-- This site is optimized with the Yoast SEO plugin v27.3 - https:\/\/yoast.com\/product\/yoast-seo-wordpress\/ -->\n<title>SVJETSKI DAN MISIJA 2022. - Misije<\/title>\n<meta name=\"robots\" content=\"index, follow, max-snippet:-1, max-image-preview:large, max-video-preview:-1\" \/>\n<link rel=\"canonical\" href=\"https:\/\/misije.hr\/en\/djelo-za-sirenje-vjere\/svjetski-dan-misija-2022\/\" \/>\n<meta property=\"og:locale\" content=\"en_US\" \/>\n<meta property=\"og:type\" content=\"article\" \/>\n<meta property=\"og:title\" content=\"SVJETSKI DAN MISIJA 2022. - Misije\" \/>\n<meta property=\"og:url\" content=\"https:\/\/misije.hr\/en\/djelo-za-sirenje-vjere\/svjetski-dan-misija-2022\/\" \/>\n<meta property=\"og:site_name\" content=\"Misije\" \/>\n<meta property=\"article:publisher\" content=\"https:\/\/www.facebook.com\/missioHR\" \/>\n<meta property=\"article:modified_time\" content=\"2023-10-03T07:41:22+00:00\" \/>\n<meta property=\"og:image\" content=\"https:\/\/misije.hr\/wp-content\/uploads\/2022\/10\/PLAKAT-za-Svjetski-dan-misija-2022-za-web-1-370x493.jpg\" \/>\n<meta name=\"twitter:card\" content=\"summary_large_image\" \/>\n<meta name=\"twitter:label1\" content=\"Est. reading time\" \/>\n\t<meta name=\"twitter:data1\" content=\"2 minutes\" \/>\n<script type=\"application\/ld+json\" class=\"yoast-schema-graph\">{\"@context\":\"https:\\\/\\\/schema.org\",\"@graph\":[{\"@type\":\"WebPage\",\"@id\":\"https:\\\/\\\/misije.hr\\\/djelo-za-sirenje-vjere\\\/svjetski-dan-misija-2022\\\/\",\"url\":\"https:\\\/\\\/misije.hr\\\/djelo-za-sirenje-vjere\\\/svjetski-dan-misija-2022\\\/\",\"name\":\"SVJETSKI DAN MISIJA 2022. - Misije\",\"isPartOf\":{\"@id\":\"https:\\\/\\\/misije.hr\\\/#website\"},\"primaryImageOfPage\":{\"@id\":\"https:\\\/\\\/misije.hr\\\/djelo-za-sirenje-vjere\\\/svjetski-dan-misija-2022\\\/#primaryimage\"},\"image\":{\"@id\":\"https:\\\/\\\/misije.hr\\\/djelo-za-sirenje-vjere\\\/svjetski-dan-misija-2022\\\/#primaryimage\"},\"thumbnailUrl\":\"https:\\\/\\\/misije.hr\\\/wp-content\\\/uploads\\\/2022\\\/10\\\/PLAKAT-za-Svjetski-dan-misija-2022-za-web-1-370x493.jpg\",\"datePublished\":\"2022-10-03T07:02:08+00:00\",\"dateModified\":\"2023-10-03T07:41:22+00:00\",\"breadcrumb\":{\"@id\":\"https:\\\/\\\/misije.hr\\\/djelo-za-sirenje-vjere\\\/svjetski-dan-misija-2022\\\/#breadcrumb\"},\"inLanguage\":\"en-US\",\"potentialAction\":[{\"@type\":\"ReadAction\",\"target\":[\"https:\\\/\\\/misije.hr\\\/djelo-za-sirenje-vjere\\\/svjetski-dan-misija-2022\\\/\"]}]},{\"@type\":\"ImageObject\",\"inLanguage\":\"en-US\",\"@id\":\"https:\\\/\\\/misije.hr\\\/djelo-za-sirenje-vjere\\\/svjetski-dan-misija-2022\\\/#primaryimage\",\"url\":\"https:\\\/\\\/misije.hr\\\/wp-content\\\/uploads\\\/2022\\\/10\\\/PLAKAT-za-Svjetski-dan-misija-2022-za-web-1-370x493.jpg\",\"contentUrl\":\"https:\\\/\\\/misije.hr\\\/wp-content\\\/uploads\\\/2022\\\/10\\\/PLAKAT-za-Svjetski-dan-misija-2022-za-web-1-370x493.jpg\"},{\"@type\":\"BreadcrumbList\",\"@id\":\"https:\\\/\\\/misije.hr\\\/djelo-za-sirenje-vjere\\\/svjetski-dan-misija-2022\\\/#breadcrumb\",\"itemListElement\":[{\"@type\":\"ListItem\",\"position\":1,\"name\":\"Naslovnica\",\"item\":\"https:\\\/\\\/misije.hr\\\/\"},{\"@type\":\"ListItem\",\"position\":2,\"name\":\"DJELO ZA \u0160IRENJE VJERE\",\"item\":\"https:\\\/\\\/misije.hr\\\/djelo-za-sirenje-vjere\\\/\"},{\"@type\":\"ListItem\",\"position\":3,\"name\":\"SVJETSKI DAN MISIJA 2022.\"}]},{\"@type\":\"WebSite\",\"@id\":\"https:\\\/\\\/misije.hr\\\/#website\",\"url\":\"https:\\\/\\\/misije.hr\\\/\",\"name\":\"Misije\",\"description\":\"misije\",\"publisher\":{\"@id\":\"https:\\\/\\\/misije.hr\\\/#organization\"},\"potentialAction\":[{\"@type\":\"SearchAction\",\"target\":{\"@type\":\"EntryPoint\",\"urlTemplate\":\"https:\\\/\\\/misije.hr\\\/?s={search_term_string}\"},\"query-input\":{\"@type\":\"PropertyValueSpecification\",\"valueRequired\":true,\"valueName\":\"search_term_string\"}}],\"inLanguage\":\"en-US\"},{\"@type\":\"Organization\",\"@id\":\"https:\\\/\\\/misije.hr\\\/#organization\",\"name\":\"Papinska misijska djela u Republici Hrvatskoj\",\"url\":\"https:\\\/\\\/misije.hr\\\/\",\"logo\":{\"@type\":\"ImageObject\",\"inLanguage\":\"en-US\",\"@id\":\"https:\\\/\\\/misije.hr\\\/#\\\/schema\\\/logo\\\/image\\\/\",\"url\":\"https:\\\/\\\/misije.hr\\\/wp-content\\\/uploads\\\/2021\\\/10\\\/Logo_transparent_compressed-1.png\",\"contentUrl\":\"https:\\\/\\\/misije.hr\\\/wp-content\\\/uploads\\\/2021\\\/10\\\/Logo_transparent_compressed-1.png\",\"width\":871,\"height\":876,\"caption\":\"Papinska misijska djela u Republici Hrvatskoj\"},\"image\":{\"@id\":\"https:\\\/\\\/misije.hr\\\/#\\\/schema\\\/logo\\\/image\\\/\"},\"sameAs\":[\"https:\\\/\\\/www.facebook.com\\\/missioHR\"]}]}<\/script>\n<!-- \/ Yoast SEO plugin. -->","yoast_head_json":{"title":"SVJETSKI DAN MISIJA 2022. - Misije","robots":{"index":"index","follow":"follow","max-snippet":"max-snippet:-1","max-image-preview":"max-image-preview:large","max-video-preview":"max-video-preview:-1"},"canonical":"https:\/\/misije.hr\/en\/djelo-za-sirenje-vjere\/svjetski-dan-misija-2022\/","og_locale":"en_US","og_type":"article","og_title":"SVJETSKI DAN MISIJA 2022. - Misije","og_url":"https:\/\/misije.hr\/en\/djelo-za-sirenje-vjere\/svjetski-dan-misija-2022\/","og_site_name":"Misije","article_publisher":"https:\/\/www.facebook.com\/missioHR","article_modified_time":"2023-10-03T07:41:22+00:00","og_image":[{"url":"https:\/\/misije.hr\/wp-content\/uploads\/2022\/10\/PLAKAT-za-Svjetski-dan-misija-2022-za-web-1-370x493.jpg","type":"","width":"","height":""}],"twitter_card":"summary_large_image","twitter_misc":{"Est. reading time":"2 minutes"},"schema":{"@context":"https:\/\/schema.org","@graph":[{"@type":"WebPage","@id":"https:\/\/misije.hr\/djelo-za-sirenje-vjere\/svjetski-dan-misija-2022\/","url":"https:\/\/misije.hr\/djelo-za-sirenje-vjere\/svjetski-dan-misija-2022\/","name":"SVJETSKI DAN MISIJA 2022. - Misije","isPartOf":{"@id":"https:\/\/misije.hr\/#website"},"primaryImageOfPage":{"@id":"https:\/\/misije.hr\/djelo-za-sirenje-vjere\/svjetski-dan-misija-2022\/#primaryimage"},"image":{"@id":"https:\/\/misije.hr\/djelo-za-sirenje-vjere\/svjetski-dan-misija-2022\/#primaryimage"},"thumbnailUrl":"https:\/\/misije.hr\/wp-content\/uploads\/2022\/10\/PLAKAT-za-Svjetski-dan-misija-2022-za-web-1-370x493.jpg","datePublished":"2022-10-03T07:02:08+00:00","dateModified":"2023-10-03T07:41:22+00:00","breadcrumb":{"@id":"https:\/\/misije.hr\/djelo-za-sirenje-vjere\/svjetski-dan-misija-2022\/#breadcrumb"},"inLanguage":"en-US","potentialAction":[{"@type":"ReadAction","target":["https:\/\/misije.hr\/djelo-za-sirenje-vjere\/svjetski-dan-misija-2022\/"]}]},{"@type":"ImageObject","inLanguage":"en-US","@id":"https:\/\/misije.hr\/djelo-za-sirenje-vjere\/svjetski-dan-misija-2022\/#primaryimage","url":"https:\/\/misije.hr\/wp-content\/uploads\/2022\/10\/PLAKAT-za-Svjetski-dan-misija-2022-za-web-1-370x493.jpg","contentUrl":"https:\/\/misije.hr\/wp-content\/uploads\/2022\/10\/PLAKAT-za-Svjetski-dan-misija-2022-za-web-1-370x493.jpg"},{"@type":"BreadcrumbList","@id":"https:\/\/misije.hr\/djelo-za-sirenje-vjere\/svjetski-dan-misija-2022\/#breadcrumb","itemListElement":[{"@type":"ListItem","position":1,"name":"Naslovnica","item":"https:\/\/misije.hr\/"},{"@type":"ListItem","position":2,"name":"DJELO ZA \u0160IRENJE VJERE","item":"https:\/\/misije.hr\/djelo-za-sirenje-vjere\/"},{"@type":"ListItem","position":3,"name":"SVJETSKI DAN MISIJA 2022."}]},{"@type":"WebSite","@id":"https:\/\/misije.hr\/#website","url":"https:\/\/misije.hr\/","name":"Missions","description":"misije","publisher":{"@id":"https:\/\/misije.hr\/#organization"},"potentialAction":[{"@type":"SearchAction","target":{"@type":"EntryPoint","urlTemplate":"https:\/\/misije.hr\/?s={search_term_string}"},"query-input":{"@type":"PropertyValueSpecification","valueRequired":true,"valueName":"search_term_string"}}],"inLanguage":"en-US"},{"@type":"Organization","@id":"https:\/\/misije.hr\/#organization","name":"Papinska misijska djela u Republici Hrvatskoj","url":"https:\/\/misije.hr\/","logo":{"@type":"ImageObject","inLanguage":"en-US","@id":"https:\/\/misije.hr\/#\/schema\/logo\/image\/","url":"https:\/\/misije.hr\/wp-content\/uploads\/2021\/10\/Logo_transparent_compressed-1.png","contentUrl":"https:\/\/misije.hr\/wp-content\/uploads\/2021\/10\/Logo_transparent_compressed-1.png","width":871,"height":876,"caption":"Papinska misijska djela u Republici Hrvatskoj"},"image":{"@id":"https:\/\/misije.hr\/#\/schema\/logo\/image\/"},"sameAs":["https:\/\/www.facebook.com\/missioHR"]}]}},"_links":{"self":[{"href":"https:\/\/misije.hr\/en\/wp-json\/wp\/v2\/pages\/2183","targetHints":{"allow":["GET"]}}],"collection":[{"href":"https:\/\/misije.hr\/en\/wp-json\/wp\/v2\/pages"}],"about":[{"href":"https:\/\/misije.hr\/en\/wp-json\/wp\/v2\/types\/page"}],"author":[{"embeddable":true,"href":"https:\/\/misije.hr\/en\/wp-json\/wp\/v2\/users\/1"}],"replies":[{"embeddable":true,"href":"https:\/\/misije.hr\/en\/wp-json\/wp\/v2\/comments?post=2183"}],"version-history":[{"count":6,"href":"https:\/\/misije.hr\/en\/wp-json\/wp\/v2\/pages\/2183\/revisions"}],"predecessor-version":[{"id":2197,"href":"https:\/\/misije.hr\/en\/wp-json\/wp\/v2\/pages\/2183\/revisions\/2197"}],"up":[{"embeddable":true,"href":"https:\/\/misije.hr\/en\/wp-json\/wp\/v2\/pages\/15"}],"wp:attachment":[{"href":"https:\/\/misije.hr\/en\/wp-json\/wp\/v2\/media?parent=2183"}],"curies":[{"name":"wp","href":"https:\/\/api.w.org\/{rel}","templated":true}]}}