{"id":2218,"date":"2023-12-05T08:54:28","date_gmt":"2023-12-05T08:54:28","guid":{"rendered":"https:\/\/misije.hr\/?page_id=2218"},"modified":"2023-12-05T10:20:28","modified_gmt":"2023-12-05T10:20:28","slug":"djelo-sv-djetinjstva-2023","status":"publish","type":"page","link":"https:\/\/misije.hr\/en\/djelo-svetog-djetinjstva\/djelo-sv-djetinjstva-2023\/","title":{"rendered":"DJELO SV. DJETINJSTVA 2023"},"content":{"rendered":"<div class=\"vc_row wpb_row vc_row-fluid\"><div class=\"wpb_column vc_column_container vc_col-sm-12 sc_layouts_column_icons_position_left\"><div class=\"vc_column-inner\"><div class=\"wpb_wrapper\">\n\t<div class=\"wpb_text_column wpb_content_element\" >\n\t\t<div class=\"wpb_wrapper\">\n\t\t\t<p>Razmi\u0161ljaju\u0107i o djeci, u nama se neminovno bude osje\u0107aji ljubavi, topline i \u017eelje da ih pravilno usmjerimo i da od njih napravimo dobre ljude. No, na\u017ealost, \u010desto se poka\u017ee da smo upravo mi odrasli ti koji svojim odlukama i potezima onemogu\u0107ujemo djeci sretno i sveto djetinjstvo.<\/p>\n<p><strong>\u0160to bi to uop\u0107e bilo sretno i sveto djetinjstvo?<\/strong> Bilo bi to bezbri\u017eno djetinjstvo, ispunjeno igrom, prijateljstvima i usvajanjem novih spoznaja. Djetinjstvo u kojem razli\u010ditosti oboga\u0107uju i spajaju, a ne razdvajaju i dijele na \u201enas\u201c i \u201enjih\u201c. Djetinjstvo u kojem se raste obavijen ljubavlju bli\u017enjih, koja podsje\u0107a na ljubav zajedni\u010dkoga nam Boga Oca. Djetinjstvo provedeno u sigurnosti obitelji, u kojoj se u\u010di kako primati i davati ljubav, u kojoj se u\u010di dijeliti s onima koji nemaju.<\/p>\n<p>&nbsp;<\/p>\n<p><img loading=\"lazy\" decoding=\"async\" class=\"osjencanaSlika aligncenter wp-image-2221\" src=\"https:\/\/misije.hr\/wp-content\/uploads\/2023\/12\/DjeloSvDjetinjstva2022-PLAKAT_cmpr-724x1024.jpg\" alt=\"Djelo sv. djetinjstva 2023, Bro\u0161ura\" width=\"581\" height=\"822\" srcset=\"https:\/\/misije.hr\/wp-content\/uploads\/2023\/12\/DjeloSvDjetinjstva2022-PLAKAT_cmpr-724x1024.jpg 724w, https:\/\/misije.hr\/wp-content\/uploads\/2023\/12\/DjeloSvDjetinjstva2022-PLAKAT_cmpr-212x300.jpg 212w, https:\/\/misije.hr\/wp-content\/uploads\/2023\/12\/DjeloSvDjetinjstva2022-PLAKAT_cmpr-768x1086.jpg 768w, https:\/\/misije.hr\/wp-content\/uploads\/2023\/12\/DjeloSvDjetinjstva2022-PLAKAT_cmpr-1086x1536.jpg 1086w, https:\/\/misije.hr\/wp-content\/uploads\/2023\/12\/DjeloSvDjetinjstva2022-PLAKAT_cmpr-1448x2048.jpg 1448w, https:\/\/misije.hr\/wp-content\/uploads\/2023\/12\/DjeloSvDjetinjstva2022-PLAKAT_cmpr-8x12.jpg 8w, https:\/\/misije.hr\/wp-content\/uploads\/2023\/12\/DjeloSvDjetinjstva2022-PLAKAT_cmpr-370x523.jpg 370w, https:\/\/misije.hr\/wp-content\/uploads\/2023\/12\/DjeloSvDjetinjstva2022-PLAKAT_cmpr-770x1089.jpg 770w, https:\/\/misije.hr\/wp-content\/uploads\/2023\/12\/DjeloSvDjetinjstva2022-PLAKAT_cmpr-scaled.jpg 1810w\" sizes=\"auto, (max-width: 581px) 100vw, 581px\" \/><\/p>\n<p>Od osnutka Djela sv. djetinjstva do danas milijuni djece i mladih prepoznali su svoj kr\u0161\u0107anski poziv kao misijski te su svojim molitvama i malim nov\u010danim darovima promijenili \u017eivote svojih vr\u0161njaka i priveli ih u veliku obitelj Katoli\u010dke crkve, u kojoj se svi nalazimo na istom putu svetosti. <strong>Zasigurno najpoznatija pripadnica Djela bila je sv. Mala Terezija od Djeteta Isusa, koja je postala njegovom \u010dlanicom u sedmoj godini \u017eivota. <\/strong>Ono ju je oblikovalo tako da je cijeli svoj \u017eivot, i kao djevoj\u010dica, a kasnije i kao redovnica karmeli\u0107anka, posvetila molitvi za spa\u0161avanje du\u0161a i \u017eelji da svaki \u010dovjek na svijetu upozna Bo\u017eju ljubav, zbog \u010dega je kasnije i progla\u0161ena za\u0161titnicom misija.<\/p>\n<p>Kako u vrijeme sv. Male Terezije tako i tijekom svih ovih godina radom Djela nastojalo se i nastoji se formirati dje\u010dju svijest i odgajati djecu da u svojim obiteljima i svojem okru\u017eenju budu osjetljiva za one koji su u potrebi, ali i da imaju otvorene o\u010di srca za svu djecu svijeta, gdje god se ona nalazila. To se \u010dini tako da im se nagla\u0161ava da svaka molitva koju izgovore dolazi do Bo\u017ejeg Srca, da svako dobro djelo donosi plod, da svaka plemenita i lijepa gesta \u010dini ovaj svijet boljim mjestom za \u017eivot.<\/p>\n<p><img loading=\"lazy\" decoding=\"async\" class=\"osjencanaSlika aligncenter wp-image-2234 size-full\" src=\"https:\/\/misije.hr\/wp-content\/uploads\/2023\/12\/ilustracija-obitelji_crpd.jpg\" alt=\"Djelo sv djetinjstva 2023, Ilustracija obitelji i cvije\u0107a\" width=\"2480\" height=\"1323\" srcset=\"https:\/\/misije.hr\/wp-content\/uploads\/2023\/12\/ilustracija-obitelji_crpd.jpg 2480w, https:\/\/misije.hr\/wp-content\/uploads\/2023\/12\/ilustracija-obitelji_crpd-300x160.jpg 300w, https:\/\/misije.hr\/wp-content\/uploads\/2023\/12\/ilustracija-obitelji_crpd-1024x546.jpg 1024w, https:\/\/misije.hr\/wp-content\/uploads\/2023\/12\/ilustracija-obitelji_crpd-768x410.jpg 768w, https:\/\/misije.hr\/wp-content\/uploads\/2023\/12\/ilustracija-obitelji_crpd-1536x819.jpg 1536w, https:\/\/misije.hr\/wp-content\/uploads\/2023\/12\/ilustracija-obitelji_crpd-2048x1093.jpg 2048w, https:\/\/misije.hr\/wp-content\/uploads\/2023\/12\/ilustracija-obitelji_crpd-18x10.jpg 18w, https:\/\/misije.hr\/wp-content\/uploads\/2023\/12\/ilustracija-obitelji_crpd-370x197.jpg 370w, https:\/\/misije.hr\/wp-content\/uploads\/2023\/12\/ilustracija-obitelji_crpd-770x411.jpg 770w\" sizes=\"auto, (max-width: 2480px) 100vw, 2480px\" \/><\/p>\n<p>Bolji svijet, obilje\u017een me\u0111usobnim pomaganjem i brigom jednih za druge, pozvani smo graditi svi mi koji po sakramentu kr\u0161tenja imamo poslanje svjedo\u010diti, biti misionari Bo\u017eje ljubavi i nje\u017enosti. Za to nas osposobljava osobno iskustvo Boga, za koje je potrebno imati otvoreno srce poput dje\u010djega. Isus je, naime, rekav\u0161i: \u201eZaista, ka\u017eem vam, ako se ne obratite i ne postanete kao djeca, ne \u0107ete u\u0107i u kraljevstvo nebesko\u201c (<em>Mt<\/em> 18, 3), djecu u\u010dinio kriterijem kr\u0161\u0107anskog \u017eivljenja. Biti kao dijete ne zna\u010di biti djetinjast, ve\u0107 stajati pred Bogom kao njegovo dijete, \u0161to je temeljno stajali\u0161te povjerenja, koje nas nosi kroz \u017eivot i daje nam snagu.<\/p>\n<p><strong>Biti kao djeca stoga je poziv svima nama da stavimo svoje pouzdanje u Boga te da odvratimo svoj pogled s materijalnoga i usmjerimo ga na bli\u017enje. <\/strong><\/p>\n<div class=\"notranslate\" style=\"all: initial;\"><\/div>\n\n\t\t<\/div>\n\t<\/div>\n<\/div><\/div><\/div><\/div><div class=\"vc_row wpb_row vc_row-fluid\"><div class=\"wpb_column vc_column_container vc_col-sm-3 sc_layouts_column_icons_position_left\"><div class=\"vc_column-inner\"><div class=\"wpb_wrapper\"><div class=\"vc_btn3-container vc_btn3-center\" ><a class=\"vc_general vc_btn3 vc_btn3-size-md vc_btn3-shape-rounded vc_btn3-style-flat vc_btn3-block vc_btn3-color-sandy-brown\" href=\"\/wp-content\/uploads\/2023\/12\/DSD2023_Animacijski.pdf\" title=\"ANIMACIJSKI MATERIJAL\" target=\"_blank\">ANIMACIJSKI MATERIJAL<\/a><\/div><\/div><\/div><\/div><div class=\"wpb_column vc_column_container vc_col-sm-9 sc_layouts_column_icons_position_left\"><div class=\"vc_column-inner\"><div class=\"wpb_wrapper\"><\/div><\/div><\/div><\/div><div class=\"vc_row wpb_row vc_row-fluid\"><div class=\"wpb_column vc_column_container vc_col-sm-3 sc_layouts_column_icons_position_left\"><div class=\"vc_column-inner\"><div class=\"wpb_wrapper\"><div class=\"vc_btn3-container vc_btn3-center\" ><a class=\"vc_general vc_btn3 vc_btn3-size-md vc_btn3-shape-rounded vc_btn3-style-flat vc_btn3-block vc_btn3-color-sandy-brown\" href=\"\/wp-content\/uploads\/2023\/12\/DSD2023_Plakat.pdf\" title=\"PLAKAT\" target=\"_blank\">PLAKAT<\/a><\/div><\/div><\/div><\/div><div class=\"wpb_column vc_column_container vc_col-sm-9 sc_layouts_column_icons_position_left\"><div class=\"vc_column-inner\"><div class=\"wpb_wrapper\"><\/div><\/div><\/div><\/div>","protected":false},"excerpt":{"rendered":"Razmi\u0161ljaju\u0107i o djeci, u nama se neminovno bude osje\u0107aji ljubavi, topline i \u017eelje da ih pravilno usmjerimo i da od njih napravimo dobre ljude. No, na\u017ealost, \u010desto se poka\u017ee da smo upravo mi odrasli ti koji svojim odlukama i potezima onemogu\u0107ujemo djeci sretno i sveto djetinjstvo. \u0160to bi to uop\u0107e bilo sretno i sveto djetinjstvo? Bilo bi to bezbri\u017eno djetinjstvo,&hellip;","protected":false},"author":1,"featured_media":0,"parent":17,"menu_order":0,"comment_status":"closed","ping_status":"closed","template":"","meta":{"_acf_changed":false,"footnotes":""},"class_list":["post-2218","page","type-page","status-publish","hentry"],"acf":[],"yoast_head":"<!-- This site is optimized with the Yoast SEO plugin v27.3 - https:\/\/yoast.com\/product\/yoast-seo-wordpress\/ -->\n<title>DJELO SV. DJETINJSTVA 2023 - Misije<\/title>\n<meta name=\"description\" content=\"Djelo sv. djetinjstva 2023. Bolji svijet, obilje\u017een me\u0111usobnim pomaganjem i brigom jednih za druge, pozvani smo graditi svi mi koji po\" \/>\n<meta name=\"robots\" content=\"index, follow, max-snippet:-1, max-image-preview:large, max-video-preview:-1\" \/>\n<link rel=\"canonical\" href=\"https:\/\/misije.hr\/en\/djelo-svetog-djetinjstva\/djelo-sv-djetinjstva-2023\/\" \/>\n<meta property=\"og:locale\" content=\"en_US\" \/>\n<meta property=\"og:type\" content=\"article\" \/>\n<meta property=\"og:title\" content=\"DJELO SV. DJETINJSTVA 2023 - Misije\" \/>\n<meta property=\"og:description\" content=\"Djelo sv. djetinjstva 2023. Bolji svijet, obilje\u017een me\u0111usobnim pomaganjem i brigom jednih za druge, pozvani smo graditi svi mi koji po\" \/>\n<meta property=\"og:url\" content=\"https:\/\/misije.hr\/en\/djelo-svetog-djetinjstva\/djelo-sv-djetinjstva-2023\/\" \/>\n<meta property=\"og:site_name\" content=\"Misije\" \/>\n<meta property=\"article:publisher\" content=\"https:\/\/www.facebook.com\/missioHR\" \/>\n<meta property=\"article:modified_time\" content=\"2023-12-05T10:20:28+00:00\" \/>\n<meta property=\"og:image\" content=\"https:\/\/misije.hr\/wp-content\/uploads\/2023\/12\/DjeloSvDjetinjstva2022-PLAKAT_cmpr-724x1024.jpg\" \/>\n<meta name=\"twitter:card\" content=\"summary_large_image\" \/>\n<meta name=\"twitter:label1\" content=\"Est. reading time\" \/>\n\t<meta name=\"twitter:data1\" content=\"3 minutes\" \/>\n<script type=\"application\/ld+json\" class=\"yoast-schema-graph\">{\"@context\":\"https:\\\/\\\/schema.org\",\"@graph\":[{\"@type\":\"WebPage\",\"@id\":\"https:\\\/\\\/misije.hr\\\/djelo-svetog-djetinjstva\\\/djelo-sv-djetinjstva-2023\\\/\",\"url\":\"https:\\\/\\\/misije.hr\\\/djelo-svetog-djetinjstva\\\/djelo-sv-djetinjstva-2023\\\/\",\"name\":\"DJELO SV. DJETINJSTVA 2023 - Misije\",\"isPartOf\":{\"@id\":\"https:\\\/\\\/misije.hr\\\/#website\"},\"primaryImageOfPage\":{\"@id\":\"https:\\\/\\\/misije.hr\\\/djelo-svetog-djetinjstva\\\/djelo-sv-djetinjstva-2023\\\/#primaryimage\"},\"image\":{\"@id\":\"https:\\\/\\\/misije.hr\\\/djelo-svetog-djetinjstva\\\/djelo-sv-djetinjstva-2023\\\/#primaryimage\"},\"thumbnailUrl\":\"https:\\\/\\\/misije.hr\\\/wp-content\\\/uploads\\\/2023\\\/12\\\/DjeloSvDjetinjstva2022-PLAKAT_cmpr-724x1024.jpg\",\"datePublished\":\"2023-12-05T08:54:28+00:00\",\"dateModified\":\"2023-12-05T10:20:28+00:00\",\"description\":\"Djelo sv. djetinjstva 2023. Bolji svijet, obilje\u017een me\u0111usobnim pomaganjem i brigom jednih za druge, pozvani smo graditi svi mi koji po\",\"breadcrumb\":{\"@id\":\"https:\\\/\\\/misije.hr\\\/djelo-svetog-djetinjstva\\\/djelo-sv-djetinjstva-2023\\\/#breadcrumb\"},\"inLanguage\":\"en-US\",\"potentialAction\":[{\"@type\":\"ReadAction\",\"target\":[\"https:\\\/\\\/misije.hr\\\/djelo-svetog-djetinjstva\\\/djelo-sv-djetinjstva-2023\\\/\"]}]},{\"@type\":\"ImageObject\",\"inLanguage\":\"en-US\",\"@id\":\"https:\\\/\\\/misije.hr\\\/djelo-svetog-djetinjstva\\\/djelo-sv-djetinjstva-2023\\\/#primaryimage\",\"url\":\"https:\\\/\\\/misije.hr\\\/wp-content\\\/uploads\\\/2023\\\/12\\\/DjeloSvDjetinjstva2022-PLAKAT_cmpr-724x1024.jpg\",\"contentUrl\":\"https:\\\/\\\/misije.hr\\\/wp-content\\\/uploads\\\/2023\\\/12\\\/DjeloSvDjetinjstva2022-PLAKAT_cmpr-724x1024.jpg\"},{\"@type\":\"BreadcrumbList\",\"@id\":\"https:\\\/\\\/misije.hr\\\/djelo-svetog-djetinjstva\\\/djelo-sv-djetinjstva-2023\\\/#breadcrumb\",\"itemListElement\":[{\"@type\":\"ListItem\",\"position\":1,\"name\":\"Naslovnica\",\"item\":\"https:\\\/\\\/misije.hr\\\/\"},{\"@type\":\"ListItem\",\"position\":2,\"name\":\"DJELO SVETOG DJETINJSTVA\",\"item\":\"https:\\\/\\\/misije.hr\\\/djelo-svetog-djetinjstva\\\/\"},{\"@type\":\"ListItem\",\"position\":3,\"name\":\"DJELO SV. DJETINJSTVA 2023\"}]},{\"@type\":\"WebSite\",\"@id\":\"https:\\\/\\\/misije.hr\\\/#website\",\"url\":\"https:\\\/\\\/misije.hr\\\/\",\"name\":\"Misije\",\"description\":\"misije\",\"publisher\":{\"@id\":\"https:\\\/\\\/misije.hr\\\/#organization\"},\"potentialAction\":[{\"@type\":\"SearchAction\",\"target\":{\"@type\":\"EntryPoint\",\"urlTemplate\":\"https:\\\/\\\/misije.hr\\\/?s={search_term_string}\"},\"query-input\":{\"@type\":\"PropertyValueSpecification\",\"valueRequired\":true,\"valueName\":\"search_term_string\"}}],\"inLanguage\":\"en-US\"},{\"@type\":\"Organization\",\"@id\":\"https:\\\/\\\/misije.hr\\\/#organization\",\"name\":\"Papinska misijska djela u Republici Hrvatskoj\",\"url\":\"https:\\\/\\\/misije.hr\\\/\",\"logo\":{\"@type\":\"ImageObject\",\"inLanguage\":\"en-US\",\"@id\":\"https:\\\/\\\/misije.hr\\\/#\\\/schema\\\/logo\\\/image\\\/\",\"url\":\"https:\\\/\\\/misije.hr\\\/wp-content\\\/uploads\\\/2021\\\/10\\\/Logo_transparent_compressed-1.png\",\"contentUrl\":\"https:\\\/\\\/misije.hr\\\/wp-content\\\/uploads\\\/2021\\\/10\\\/Logo_transparent_compressed-1.png\",\"width\":871,\"height\":876,\"caption\":\"Papinska misijska djela u Republici Hrvatskoj\"},\"image\":{\"@id\":\"https:\\\/\\\/misije.hr\\\/#\\\/schema\\\/logo\\\/image\\\/\"},\"sameAs\":[\"https:\\\/\\\/www.facebook.com\\\/missioHR\"]}]}<\/script>\n<!-- \/ Yoast SEO plugin. -->","yoast_head_json":{"title":"DJELO SV. DJETINJSTVA 2023 - Misije","description":"Djelo sv. djetinjstva 2023. Bolji svijet, obilje\u017een me\u0111usobnim pomaganjem i brigom jednih za druge, pozvani smo graditi svi mi koji po","robots":{"index":"index","follow":"follow","max-snippet":"max-snippet:-1","max-image-preview":"max-image-preview:large","max-video-preview":"max-video-preview:-1"},"canonical":"https:\/\/misije.hr\/en\/djelo-svetog-djetinjstva\/djelo-sv-djetinjstva-2023\/","og_locale":"en_US","og_type":"article","og_title":"DJELO SV. DJETINJSTVA 2023 - Misije","og_description":"Djelo sv. djetinjstva 2023. Bolji svijet, obilje\u017een me\u0111usobnim pomaganjem i brigom jednih za druge, pozvani smo graditi svi mi koji po","og_url":"https:\/\/misije.hr\/en\/djelo-svetog-djetinjstva\/djelo-sv-djetinjstva-2023\/","og_site_name":"Misije","article_publisher":"https:\/\/www.facebook.com\/missioHR","article_modified_time":"2023-12-05T10:20:28+00:00","og_image":[{"url":"https:\/\/misije.hr\/wp-content\/uploads\/2023\/12\/DjeloSvDjetinjstva2022-PLAKAT_cmpr-724x1024.jpg","type":"","width":"","height":""}],"twitter_card":"summary_large_image","twitter_misc":{"Est. reading time":"3 minutes"},"schema":{"@context":"https:\/\/schema.org","@graph":[{"@type":"WebPage","@id":"https:\/\/misije.hr\/djelo-svetog-djetinjstva\/djelo-sv-djetinjstva-2023\/","url":"https:\/\/misije.hr\/djelo-svetog-djetinjstva\/djelo-sv-djetinjstva-2023\/","name":"DJELO SV. DJETINJSTVA 2023 - Misije","isPartOf":{"@id":"https:\/\/misije.hr\/#website"},"primaryImageOfPage":{"@id":"https:\/\/misije.hr\/djelo-svetog-djetinjstva\/djelo-sv-djetinjstva-2023\/#primaryimage"},"image":{"@id":"https:\/\/misije.hr\/djelo-svetog-djetinjstva\/djelo-sv-djetinjstva-2023\/#primaryimage"},"thumbnailUrl":"https:\/\/misije.hr\/wp-content\/uploads\/2023\/12\/DjeloSvDjetinjstva2022-PLAKAT_cmpr-724x1024.jpg","datePublished":"2023-12-05T08:54:28+00:00","dateModified":"2023-12-05T10:20:28+00:00","description":"Djelo sv. djetinjstva 2023. Bolji svijet, obilje\u017een me\u0111usobnim pomaganjem i brigom jednih za druge, pozvani smo graditi svi mi koji po","breadcrumb":{"@id":"https:\/\/misije.hr\/djelo-svetog-djetinjstva\/djelo-sv-djetinjstva-2023\/#breadcrumb"},"inLanguage":"en-US","potentialAction":[{"@type":"ReadAction","target":["https:\/\/misije.hr\/djelo-svetog-djetinjstva\/djelo-sv-djetinjstva-2023\/"]}]},{"@type":"ImageObject","inLanguage":"en-US","@id":"https:\/\/misije.hr\/djelo-svetog-djetinjstva\/djelo-sv-djetinjstva-2023\/#primaryimage","url":"https:\/\/misije.hr\/wp-content\/uploads\/2023\/12\/DjeloSvDjetinjstva2022-PLAKAT_cmpr-724x1024.jpg","contentUrl":"https:\/\/misije.hr\/wp-content\/uploads\/2023\/12\/DjeloSvDjetinjstva2022-PLAKAT_cmpr-724x1024.jpg"},{"@type":"BreadcrumbList","@id":"https:\/\/misije.hr\/djelo-svetog-djetinjstva\/djelo-sv-djetinjstva-2023\/#breadcrumb","itemListElement":[{"@type":"ListItem","position":1,"name":"Naslovnica","item":"https:\/\/misije.hr\/"},{"@type":"ListItem","position":2,"name":"DJELO SVETOG DJETINJSTVA","item":"https:\/\/misije.hr\/djelo-svetog-djetinjstva\/"},{"@type":"ListItem","position":3,"name":"DJELO SV. DJETINJSTVA 2023"}]},{"@type":"WebSite","@id":"https:\/\/misije.hr\/#website","url":"https:\/\/misije.hr\/","name":"Missions","description":"misije","publisher":{"@id":"https:\/\/misije.hr\/#organization"},"potentialAction":[{"@type":"SearchAction","target":{"@type":"EntryPoint","urlTemplate":"https:\/\/misije.hr\/?s={search_term_string}"},"query-input":{"@type":"PropertyValueSpecification","valueRequired":true,"valueName":"search_term_string"}}],"inLanguage":"en-US"},{"@type":"Organization","@id":"https:\/\/misije.hr\/#organization","name":"Papinska misijska djela u Republici Hrvatskoj","url":"https:\/\/misije.hr\/","logo":{"@type":"ImageObject","inLanguage":"en-US","@id":"https:\/\/misije.hr\/#\/schema\/logo\/image\/","url":"https:\/\/misije.hr\/wp-content\/uploads\/2021\/10\/Logo_transparent_compressed-1.png","contentUrl":"https:\/\/misije.hr\/wp-content\/uploads\/2021\/10\/Logo_transparent_compressed-1.png","width":871,"height":876,"caption":"Papinska misijska djela u Republici Hrvatskoj"},"image":{"@id":"https:\/\/misije.hr\/#\/schema\/logo\/image\/"},"sameAs":["https:\/\/www.facebook.com\/missioHR"]}]}},"_links":{"self":[{"href":"https:\/\/misije.hr\/en\/wp-json\/wp\/v2\/pages\/2218","targetHints":{"allow":["GET"]}}],"collection":[{"href":"https:\/\/misije.hr\/en\/wp-json\/wp\/v2\/pages"}],"about":[{"href":"https:\/\/misije.hr\/en\/wp-json\/wp\/v2\/types\/page"}],"author":[{"embeddable":true,"href":"https:\/\/misije.hr\/en\/wp-json\/wp\/v2\/users\/1"}],"replies":[{"embeddable":true,"href":"https:\/\/misije.hr\/en\/wp-json\/wp\/v2\/comments?post=2218"}],"version-history":[{"count":11,"href":"https:\/\/misije.hr\/en\/wp-json\/wp\/v2\/pages\/2218\/revisions"}],"predecessor-version":[{"id":2236,"href":"https:\/\/misije.hr\/en\/wp-json\/wp\/v2\/pages\/2218\/revisions\/2236"}],"up":[{"embeddable":true,"href":"https:\/\/misije.hr\/en\/wp-json\/wp\/v2\/pages\/17"}],"wp:attachment":[{"href":"https:\/\/misije.hr\/en\/wp-json\/wp\/v2\/media?parent=2218"}],"curies":[{"name":"wp","href":"https:\/\/api.w.org\/{rel}","templated":true}]}}