{"id":2310,"date":"2024-10-01T22:16:09","date_gmt":"2024-10-01T22:16:09","guid":{"rendered":"https:\/\/misije.hr\/?page_id=2310"},"modified":"2024-10-01T22:35:47","modified_gmt":"2024-10-01T22:35:47","slug":"svjetski-dan-misija-2024","status":"publish","type":"page","link":"https:\/\/misije.hr\/en\/djelo-za-sirenje-vjere\/svjetski-dan-misija-2024\/","title":{"rendered":"SVJETSKI DAN MISIJA 2024."},"content":{"rendered":"<div class=\"vc_row wpb_row vc_row-fluid vc_custom_1727821310590\"><div class=\"wpb_column vc_column_container vc_col-sm-12 sc_layouts_column_icons_position_left\"><div class=\"vc_column-inner\"><div class=\"wpb_wrapper\">\n\t<div class=\"wpb_text_column wpb_content_element\" >\n\t\t<div class=\"wpb_wrapper\">\n\t\t\t<p><a href=\"https:\/\/misije.hr\/wp-content\/uploads\/2024\/10\/PLAKAT_page-00011.jpg\"><img loading=\"lazy\" decoding=\"async\" class=\"osjencanaSlika alignnone wp-image-2324\" src=\"https:\/\/misije.hr\/wp-content\/uploads\/2024\/10\/PLAKAT_page-00011.jpg\" alt=\"Svjetski dan misija 2024. plakat\" width=\"877\" height=\"1240\" srcset=\"https:\/\/misije.hr\/wp-content\/uploads\/2024\/10\/PLAKAT_page-00011.jpg 1754w, https:\/\/misije.hr\/wp-content\/uploads\/2024\/10\/PLAKAT_page-00011-212x300.jpg 212w, https:\/\/misije.hr\/wp-content\/uploads\/2024\/10\/PLAKAT_page-00011-724x1024.jpg 724w, https:\/\/misije.hr\/wp-content\/uploads\/2024\/10\/PLAKAT_page-00011-768x1086.jpg 768w, https:\/\/misije.hr\/wp-content\/uploads\/2024\/10\/PLAKAT_page-00011-1086x1536.jpg 1086w, https:\/\/misije.hr\/wp-content\/uploads\/2024\/10\/PLAKAT_page-00011-1448x2048.jpg 1448w, https:\/\/misije.hr\/wp-content\/uploads\/2024\/10\/PLAKAT_page-00011-8x12.jpg 8w, https:\/\/misije.hr\/wp-content\/uploads\/2024\/10\/PLAKAT_page-00011-370x523.jpg 370w, https:\/\/misije.hr\/wp-content\/uploads\/2024\/10\/PLAKAT_page-00011-770x1089.jpg 770w\" sizes=\"auto, (max-width: 877px) 100vw, 877px\" \/><\/a><\/p>\n\n\t\t<\/div>\n\t<\/div>\n<\/div><\/div><\/div><\/div><div class=\"vc_row wpb_row vc_row-fluid vc_custom_1727821355830\"><div class=\"wpb_column vc_column_container vc_col-sm-12 sc_layouts_column_icons_position_left\"><div class=\"vc_column-inner\"><div class=\"wpb_wrapper\">\n\t<div class=\"wpb_text_column wpb_content_element\" >\n\t\t<div class=\"wpb_wrapper\">\n\t\t\t<p><strong>Misijski \u017ear!<\/strong><\/p>\n<p>Diljem svijeta odzvanjaju rije\u010di pape Franje za Svjetski dan misija 2024. godine:<strong> \u201ePo\u0111ite i pozovite sve na gozbu\u201c (usp. <em>Mt<\/em> 22, 9)<\/strong>. Papa isti\u010de da smo svi u isto vrijeme i oni koji pozivaju na gozbu i oni koji se odazivaju te sudjeluju na gozbi. Koliko je za Petra na\u0161ih dana, papu Franju, va\u017ena evangelizacija, govori i \u010dinjenica da je od sije\u010dnja do prosinca 2023. godine odr\u017eao 30 kateheza s temom <em>Strast za evangelizacijom: vjernikov apostolski \u017ear<\/em>. U svih 30 kateheza Papa nagla\u0161ava da je evangelizacija i \u017eelja da se svi ljudi spase prva i osnovna zada\u0107a Crkve u svakom vremenu.<\/p>\n<p>&nbsp;<\/p>\n<p><strong>Po\u0107i i pozvati na gozbu pretpostavlja odaziv na Kristov poziv. Prvi je korak misije Gospodinov poziv, drugi \u010dovjekov odaziv, a tre\u0107i korak ostvarenje misije. Tako misija postaje beskrajan krug u koji poziva Isus i u koji su uklju\u010deni kr\u0161tenici svih nara\u0161taja. Svakim danom taj krug postaje ve\u0107i i oboga\u0107uje zemaljsku kuglu suradnicima misijskog poslanja Crkve. <\/strong>(Mons. Ivan \u0160tironja, pore\u010dki i pulski biskup, predsjednik Vije\u0107a za misije HBK-a)<\/p>\n<p>&nbsp;<\/p>\n<p>Priprava za <strong>Svjetski dan misija<\/strong> koji slavimo predzadnje nedjelje u listopadu, ima za cilj probuditi i produbiti u svima nama svijest o \u0161irenju evan\u0111elja te o na\u0161em osobnom prinosu i odgovornosti. Kad je u pitanju \u0161irenje radosne vijesti, osobno spasenje i spasenje svih ljudi, onda ne mo\u017eemo kazati ili se opravdavati: \u201eNisam znao, nije to moj posao, drugi su odgovorni za to\u2026\u201c<\/p>\n<p><strong>Zar mo\u017ee biti \u0161to va\u017enije od zapovijedi ljubavi prema Bogu i bli\u017enjemu i od na\u0161eg spasenja?<\/strong> Ako smo izgubili tu svijest, ako je ponestalo \u017eara i ulja u svjetiljkama na\u0161eg \u017eivota, onda ih trebamo dopuniti, a ne pustiti da se ugase i onda druge kriviti \u0161to su se ugasile. Pogubno je hoditi u tami. Ali jo\u0161 pogubnije je \u0161to \u0107e taj na\u0161 hod u tami pomo\u0107i ga\u0161enju mnogih drugih svjetiljaka, a ne \u0107e pomo\u0107i u paljenju novih, \u0161to bi trebala biti na\u0161a vjerni\u010dka obveza.<\/p>\n<p>&nbsp;<\/p>\n<p><strong>Zahvaljujemo svima na molitvama za misijsko djelo Crkve i donacijama kako bismo zajedno pomogli onima kojima su uskra\u0107ena osnovna prava na dostojanstven \u017eivot djece Bo\u017eje.\u00a0\u00a0\u00a0\u00a0\u00a0\u00a0\u00a0 <\/strong><\/p>\n\n\t\t<\/div>\n\t<\/div>\n<\/div><\/div><\/div><\/div><div class=\"vc_row wpb_row vc_row-fluid\"><div class=\"wpb_column vc_column_container vc_col-sm-3 sc_layouts_column_icons_position_left\"><div class=\"vc_column-inner\"><div class=\"wpb_wrapper\"><div class=\"vc_btn3-container vc_btn3-center\" ><a class=\"vc_general vc_btn3 vc_btn3-size-md vc_btn3-shape-rounded vc_btn3-style-flat vc_btn3-block vc_btn3-color-sandy-brown\" href=\"\/wp-content\/uploads\/ostali_dokumenti\/sv-dan-misija-2024\/ANIMACIJSKI%20MATERIJAL.pdf\" title=\"ANIMACIJSKI MATERIJAL\" target=\"_blank\">ANIMACIJSKI MATERIJAL<\/a><\/div><\/div><\/div><\/div><div class=\"wpb_column vc_column_container vc_col-sm-9 sc_layouts_column_icons_position_left\"><div class=\"vc_column-inner\"><div class=\"wpb_wrapper\"><\/div><\/div><\/div><\/div><div class=\"vc_row wpb_row vc_row-fluid\"><div class=\"wpb_column vc_column_container vc_col-sm-3 sc_layouts_column_icons_position_left\"><div class=\"vc_column-inner\"><div class=\"wpb_wrapper\"><div class=\"vc_btn3-container vc_btn3-center\" ><a class=\"vc_general vc_btn3 vc_btn3-size-md vc_btn3-shape-rounded vc_btn3-style-flat vc_btn3-block vc_btn3-color-sandy-brown\" href=\"\/wp-content\/uploads\/ostali_dokumenti\/sv-dan-misija-2024\/LETAK.pdf\" title=\"LETAK\" target=\"_blank\">LETAK<\/a><\/div><\/div><\/div><\/div><div class=\"wpb_column vc_column_container vc_col-sm-9 sc_layouts_column_icons_position_left\"><div class=\"vc_column-inner\"><div class=\"wpb_wrapper\"><\/div><\/div><\/div><\/div><div class=\"vc_row wpb_row vc_row-fluid\"><div class=\"wpb_column vc_column_container vc_col-sm-12 sc_layouts_column_icons_position_left\"><div class=\"vc_column-inner\"><div class=\"wpb_wrapper\">\n\t<div class=\"wpb_text_column wpb_content_element\" >\n\t\t<div class=\"wpb_wrapper\">\n\t\t\t<p><strong><em>\u201ePozvani smo ljubiti i \u0161iriti Bo\u017eju ljubav u svim krajevima svijeta.\u201c (bl. Pauline Jaricot)<\/em><\/strong><\/p>\n\n\t\t<\/div>\n\t<\/div>\n<\/div><\/div><\/div><\/div>","protected":false},"excerpt":{"rendered":"Misijski \u017ear! Diljem svijeta odzvanjaju rije\u010di pape Franje za Svjetski dan misija 2024. godine: \u201ePo\u0111ite i pozovite sve na gozbu\u201c (usp. Mt 22, 9). Papa isti\u010de da smo svi u isto vrijeme i oni koji pozivaju na gozbu i oni koji se odazivaju te sudjeluju na gozbi. Koliko je za Petra na\u0161ih dana, papu Franju, va\u017ena evangelizacija, govori i \u010dinjenica&hellip;","protected":false},"author":1,"featured_media":2324,"parent":15,"menu_order":0,"comment_status":"closed","ping_status":"closed","template":"","meta":{"_acf_changed":false,"footnotes":""},"class_list":["post-2310","page","type-page","status-publish","has-post-thumbnail","hentry"],"acf":[],"yoast_head":"<!-- This site is optimized with the Yoast SEO plugin v27.3 - https:\/\/yoast.com\/product\/yoast-seo-wordpress\/ -->\n<title>SVJETSKI DAN MISIJA 2024. - Misije<\/title>\n<meta name=\"description\" content=\"Svjetski dan misija 2024.Diljem svijeta odzvanjaju rije\u010di pape Franje za Svjetski dan misija 2024. godine: \u201ePo\u0111ite i pozovite sve na gozbu\u201c (usp. Mt 22, 9). Papa isti\u010de da smo svi u isto vrijeme i oni koji pozivaju na gozbu i oni koji se odazivaju...\" \/>\n<meta name=\"robots\" content=\"index, follow, max-snippet:-1, max-image-preview:large, max-video-preview:-1\" \/>\n<link rel=\"canonical\" href=\"https:\/\/misije.hr\/en\/djelo-za-sirenje-vjere\/svjetski-dan-misija-2024\/\" \/>\n<meta property=\"og:locale\" content=\"en_US\" \/>\n<meta property=\"og:type\" content=\"article\" \/>\n<meta property=\"og:title\" content=\"SVJETSKI DAN MISIJA 2024. - Misije\" \/>\n<meta property=\"og:description\" content=\"Svjetski dan misija 2024.Diljem svijeta odzvanjaju rije\u010di pape Franje za Svjetski dan misija 2024. godine: \u201ePo\u0111ite i pozovite sve na gozbu\u201c (usp. Mt 22, 9). Papa isti\u010de da smo svi u isto vrijeme i oni koji pozivaju na gozbu i oni koji se odazivaju...\" \/>\n<meta property=\"og:url\" content=\"https:\/\/misije.hr\/en\/djelo-za-sirenje-vjere\/svjetski-dan-misija-2024\/\" \/>\n<meta property=\"og:site_name\" content=\"Misije\" \/>\n<meta property=\"article:publisher\" content=\"https:\/\/www.facebook.com\/missioHR\" \/>\n<meta property=\"article:modified_time\" content=\"2024-10-01T22:35:47+00:00\" \/>\n<meta property=\"og:image\" content=\"https:\/\/misije.hr\/wp-content\/uploads\/2024\/10\/PLAKAT_page-00011.jpg\" \/>\n\t<meta property=\"og:image:width\" content=\"1754\" \/>\n\t<meta property=\"og:image:height\" content=\"2481\" \/>\n\t<meta property=\"og:image:type\" content=\"image\/jpeg\" \/>\n<meta name=\"twitter:card\" content=\"summary_large_image\" \/>\n<meta name=\"twitter:label1\" content=\"Est. reading time\" \/>\n\t<meta name=\"twitter:data1\" content=\"3 minutes\" \/>\n<script type=\"application\/ld+json\" class=\"yoast-schema-graph\">{\"@context\":\"https:\\\/\\\/schema.org\",\"@graph\":[{\"@type\":\"WebPage\",\"@id\":\"https:\\\/\\\/misije.hr\\\/djelo-za-sirenje-vjere\\\/svjetski-dan-misija-2024\\\/\",\"url\":\"https:\\\/\\\/misije.hr\\\/djelo-za-sirenje-vjere\\\/svjetski-dan-misija-2024\\\/\",\"name\":\"SVJETSKI DAN MISIJA 2024. - Misije\",\"isPartOf\":{\"@id\":\"https:\\\/\\\/misije.hr\\\/#website\"},\"primaryImageOfPage\":{\"@id\":\"https:\\\/\\\/misije.hr\\\/djelo-za-sirenje-vjere\\\/svjetski-dan-misija-2024\\\/#primaryimage\"},\"image\":{\"@id\":\"https:\\\/\\\/misije.hr\\\/djelo-za-sirenje-vjere\\\/svjetski-dan-misija-2024\\\/#primaryimage\"},\"thumbnailUrl\":\"https:\\\/\\\/misije.hr\\\/wp-content\\\/uploads\\\/2024\\\/10\\\/PLAKAT_page-00011.jpg\",\"datePublished\":\"2024-10-01T22:16:09+00:00\",\"dateModified\":\"2024-10-01T22:35:47+00:00\",\"description\":\"Svjetski dan misija 2024.Diljem svijeta odzvanjaju rije\u010di pape Franje za Svjetski dan misija 2024. godine: \u201ePo\u0111ite i pozovite sve na gozbu\u201c (usp. Mt 22, 9). Papa isti\u010de da smo svi u isto vrijeme i oni koji pozivaju na gozbu i oni koji se odazivaju...\",\"breadcrumb\":{\"@id\":\"https:\\\/\\\/misije.hr\\\/djelo-za-sirenje-vjere\\\/svjetski-dan-misija-2024\\\/#breadcrumb\"},\"inLanguage\":\"en-US\",\"potentialAction\":[{\"@type\":\"ReadAction\",\"target\":[\"https:\\\/\\\/misije.hr\\\/djelo-za-sirenje-vjere\\\/svjetski-dan-misija-2024\\\/\"]}]},{\"@type\":\"ImageObject\",\"inLanguage\":\"en-US\",\"@id\":\"https:\\\/\\\/misije.hr\\\/djelo-za-sirenje-vjere\\\/svjetski-dan-misija-2024\\\/#primaryimage\",\"url\":\"https:\\\/\\\/misije.hr\\\/wp-content\\\/uploads\\\/2024\\\/10\\\/PLAKAT_page-00011.jpg\",\"contentUrl\":\"https:\\\/\\\/misije.hr\\\/wp-content\\\/uploads\\\/2024\\\/10\\\/PLAKAT_page-00011.jpg\",\"width\":1754,\"height\":2481,\"caption\":\"Svjetski dan misija 2024. plakat\"},{\"@type\":\"BreadcrumbList\",\"@id\":\"https:\\\/\\\/misije.hr\\\/djelo-za-sirenje-vjere\\\/svjetski-dan-misija-2024\\\/#breadcrumb\",\"itemListElement\":[{\"@type\":\"ListItem\",\"position\":1,\"name\":\"Naslovnica\",\"item\":\"https:\\\/\\\/misije.hr\\\/\"},{\"@type\":\"ListItem\",\"position\":2,\"name\":\"DJELO ZA \u0160IRENJE VJERE\",\"item\":\"https:\\\/\\\/misije.hr\\\/djelo-za-sirenje-vjere\\\/\"},{\"@type\":\"ListItem\",\"position\":3,\"name\":\"SVJETSKI DAN MISIJA 2024.\"}]},{\"@type\":\"WebSite\",\"@id\":\"https:\\\/\\\/misije.hr\\\/#website\",\"url\":\"https:\\\/\\\/misije.hr\\\/\",\"name\":\"Misije\",\"description\":\"misije\",\"publisher\":{\"@id\":\"https:\\\/\\\/misije.hr\\\/#organization\"},\"potentialAction\":[{\"@type\":\"SearchAction\",\"target\":{\"@type\":\"EntryPoint\",\"urlTemplate\":\"https:\\\/\\\/misije.hr\\\/?s={search_term_string}\"},\"query-input\":{\"@type\":\"PropertyValueSpecification\",\"valueRequired\":true,\"valueName\":\"search_term_string\"}}],\"inLanguage\":\"en-US\"},{\"@type\":\"Organization\",\"@id\":\"https:\\\/\\\/misije.hr\\\/#organization\",\"name\":\"Papinska misijska djela u Republici Hrvatskoj\",\"url\":\"https:\\\/\\\/misije.hr\\\/\",\"logo\":{\"@type\":\"ImageObject\",\"inLanguage\":\"en-US\",\"@id\":\"https:\\\/\\\/misije.hr\\\/#\\\/schema\\\/logo\\\/image\\\/\",\"url\":\"https:\\\/\\\/misije.hr\\\/wp-content\\\/uploads\\\/2021\\\/10\\\/Logo_transparent_compressed-1.png\",\"contentUrl\":\"https:\\\/\\\/misije.hr\\\/wp-content\\\/uploads\\\/2021\\\/10\\\/Logo_transparent_compressed-1.png\",\"width\":871,\"height\":876,\"caption\":\"Papinska misijska djela u Republici Hrvatskoj\"},\"image\":{\"@id\":\"https:\\\/\\\/misije.hr\\\/#\\\/schema\\\/logo\\\/image\\\/\"},\"sameAs\":[\"https:\\\/\\\/www.facebook.com\\\/missioHR\"]}]}<\/script>\n<!-- \/ Yoast SEO plugin. -->","yoast_head_json":{"title":"SVJETSKI DAN MISIJA 2024. - Misije","description":"Svjetski dan misija 2024.Diljem svijeta odzvanjaju rije\u010di pape Franje za Svjetski dan misija 2024. godine: \u201ePo\u0111ite i pozovite sve na gozbu\u201c (usp. Mt 22, 9). Papa isti\u010de da smo svi u isto vrijeme i oni koji pozivaju na gozbu i oni koji se odazivaju...","robots":{"index":"index","follow":"follow","max-snippet":"max-snippet:-1","max-image-preview":"max-image-preview:large","max-video-preview":"max-video-preview:-1"},"canonical":"https:\/\/misije.hr\/en\/djelo-za-sirenje-vjere\/svjetski-dan-misija-2024\/","og_locale":"en_US","og_type":"article","og_title":"SVJETSKI DAN MISIJA 2024. - Misije","og_description":"Svjetski dan misija 2024.Diljem svijeta odzvanjaju rije\u010di pape Franje za Svjetski dan misija 2024. godine: \u201ePo\u0111ite i pozovite sve na gozbu\u201c (usp. Mt 22, 9). Papa isti\u010de da smo svi u isto vrijeme i oni koji pozivaju na gozbu i oni koji se odazivaju...","og_url":"https:\/\/misije.hr\/en\/djelo-za-sirenje-vjere\/svjetski-dan-misija-2024\/","og_site_name":"Misije","article_publisher":"https:\/\/www.facebook.com\/missioHR","article_modified_time":"2024-10-01T22:35:47+00:00","og_image":[{"width":1754,"height":2481,"url":"https:\/\/misije.hr\/wp-content\/uploads\/2024\/10\/PLAKAT_page-00011.jpg","type":"image\/jpeg"}],"twitter_card":"summary_large_image","twitter_misc":{"Est. reading time":"3 minutes"},"schema":{"@context":"https:\/\/schema.org","@graph":[{"@type":"WebPage","@id":"https:\/\/misije.hr\/djelo-za-sirenje-vjere\/svjetski-dan-misija-2024\/","url":"https:\/\/misije.hr\/djelo-za-sirenje-vjere\/svjetski-dan-misija-2024\/","name":"SVJETSKI DAN MISIJA 2024. - Misije","isPartOf":{"@id":"https:\/\/misije.hr\/#website"},"primaryImageOfPage":{"@id":"https:\/\/misije.hr\/djelo-za-sirenje-vjere\/svjetski-dan-misija-2024\/#primaryimage"},"image":{"@id":"https:\/\/misije.hr\/djelo-za-sirenje-vjere\/svjetski-dan-misija-2024\/#primaryimage"},"thumbnailUrl":"https:\/\/misije.hr\/wp-content\/uploads\/2024\/10\/PLAKAT_page-00011.jpg","datePublished":"2024-10-01T22:16:09+00:00","dateModified":"2024-10-01T22:35:47+00:00","description":"Svjetski dan misija 2024.Diljem svijeta odzvanjaju rije\u010di pape Franje za Svjetski dan misija 2024. godine: \u201ePo\u0111ite i pozovite sve na gozbu\u201c (usp. Mt 22, 9). Papa isti\u010de da smo svi u isto vrijeme i oni koji pozivaju na gozbu i oni koji se odazivaju...","breadcrumb":{"@id":"https:\/\/misije.hr\/djelo-za-sirenje-vjere\/svjetski-dan-misija-2024\/#breadcrumb"},"inLanguage":"en-US","potentialAction":[{"@type":"ReadAction","target":["https:\/\/misije.hr\/djelo-za-sirenje-vjere\/svjetski-dan-misija-2024\/"]}]},{"@type":"ImageObject","inLanguage":"en-US","@id":"https:\/\/misije.hr\/djelo-za-sirenje-vjere\/svjetski-dan-misija-2024\/#primaryimage","url":"https:\/\/misije.hr\/wp-content\/uploads\/2024\/10\/PLAKAT_page-00011.jpg","contentUrl":"https:\/\/misije.hr\/wp-content\/uploads\/2024\/10\/PLAKAT_page-00011.jpg","width":1754,"height":2481,"caption":"Svjetski dan misija 2024. plakat"},{"@type":"BreadcrumbList","@id":"https:\/\/misije.hr\/djelo-za-sirenje-vjere\/svjetski-dan-misija-2024\/#breadcrumb","itemListElement":[{"@type":"ListItem","position":1,"name":"Naslovnica","item":"https:\/\/misije.hr\/"},{"@type":"ListItem","position":2,"name":"DJELO ZA \u0160IRENJE VJERE","item":"https:\/\/misije.hr\/djelo-za-sirenje-vjere\/"},{"@type":"ListItem","position":3,"name":"SVJETSKI DAN MISIJA 2024."}]},{"@type":"WebSite","@id":"https:\/\/misije.hr\/#website","url":"https:\/\/misije.hr\/","name":"Missions","description":"misije","publisher":{"@id":"https:\/\/misije.hr\/#organization"},"potentialAction":[{"@type":"SearchAction","target":{"@type":"EntryPoint","urlTemplate":"https:\/\/misije.hr\/?s={search_term_string}"},"query-input":{"@type":"PropertyValueSpecification","valueRequired":true,"valueName":"search_term_string"}}],"inLanguage":"en-US"},{"@type":"Organization","@id":"https:\/\/misije.hr\/#organization","name":"Papinska misijska djela u Republici Hrvatskoj","url":"https:\/\/misije.hr\/","logo":{"@type":"ImageObject","inLanguage":"en-US","@id":"https:\/\/misije.hr\/#\/schema\/logo\/image\/","url":"https:\/\/misije.hr\/wp-content\/uploads\/2021\/10\/Logo_transparent_compressed-1.png","contentUrl":"https:\/\/misije.hr\/wp-content\/uploads\/2021\/10\/Logo_transparent_compressed-1.png","width":871,"height":876,"caption":"Papinska misijska djela u Republici Hrvatskoj"},"image":{"@id":"https:\/\/misije.hr\/#\/schema\/logo\/image\/"},"sameAs":["https:\/\/www.facebook.com\/missioHR"]}]}},"_links":{"self":[{"href":"https:\/\/misije.hr\/en\/wp-json\/wp\/v2\/pages\/2310","targetHints":{"allow":["GET"]}}],"collection":[{"href":"https:\/\/misije.hr\/en\/wp-json\/wp\/v2\/pages"}],"about":[{"href":"https:\/\/misije.hr\/en\/wp-json\/wp\/v2\/types\/page"}],"author":[{"embeddable":true,"href":"https:\/\/misije.hr\/en\/wp-json\/wp\/v2\/users\/1"}],"replies":[{"embeddable":true,"href":"https:\/\/misije.hr\/en\/wp-json\/wp\/v2\/comments?post=2310"}],"version-history":[{"count":17,"href":"https:\/\/misije.hr\/en\/wp-json\/wp\/v2\/pages\/2310\/revisions"}],"predecessor-version":[{"id":2331,"href":"https:\/\/misije.hr\/en\/wp-json\/wp\/v2\/pages\/2310\/revisions\/2331"}],"up":[{"embeddable":true,"href":"https:\/\/misije.hr\/en\/wp-json\/wp\/v2\/pages\/15"}],"wp:featuredmedia":[{"embeddable":true,"href":"https:\/\/misije.hr\/en\/wp-json\/wp\/v2\/media\/2324"}],"wp:attachment":[{"href":"https:\/\/misije.hr\/en\/wp-json\/wp\/v2\/media?parent=2310"}],"curies":[{"name":"wp","href":"https:\/\/api.w.org\/{rel}","templated":true}]}}