{"id":2343,"date":"2024-12-07T00:41:06","date_gmt":"2024-12-07T00:41:06","guid":{"rendered":"https:\/\/misije.hr\/?page_id=2343"},"modified":"2024-12-07T00:41:06","modified_gmt":"2024-12-07T00:41:06","slug":"djelo-sv-djetinjstva-2024-2025","status":"publish","type":"page","link":"https:\/\/misije.hr\/en\/djelo-svetog-djetinjstva\/djelo-sv-djetinjstva-2024-2025\/","title":{"rendered":"DJELO SV. DJETINJSTVA 2024\/2025."},"content":{"rendered":"<div class=\"vc_row wpb_row vc_row-fluid\"><div class=\"wpb_column vc_column_container vc_col-sm-12 sc_layouts_column_icons_position_left\"><div class=\"vc_column-inner\"><div class=\"wpb_wrapper\">\n\t<div class=\"wpb_text_column wpb_content_element\" >\n\t\t<div class=\"wpb_wrapper\">\n\t\t\t<p>Mo\u017ee li u ovom trenutku svako dijete i svaki \u010dovjek vidjeti nadu u bolje sutra? Svjesni smo, na\u017ealost, da ne mo\u017ee. Nije samo danas tako; uvijek je bilo onih dijelova svijeta gdje vijest o Isusu Kristu nije do\u0161la ili gdje materijalne prilike nisu dopu\u0161tale da se radost njegova dolaska u punini za\u017eivi.<\/p>\n<p><strong>Zato ve\u0107 vi\u0161e od 180 godina Papinsko djelo svetog djetinjstva poti\u010de mlade i djecu cijelog svijeta da otvore o\u010di svojeg srca i da vide svoje vr\u0161njake u razli\u010ditim potrebama, bilo oko sebe, bilo u najudaljenijim dijelovima svijeta, te da upute za njih molitve i u\u010dine konkretna djela ljubavi, da na taj na\u010din donesu nadu onima koji ju nemaju.<\/strong><\/p>\n<p>U mjesecu sije\u010dnju, na svetkovinu Bogojavljenja, obilje\u017eavamo Dan Djela svetog djetinjstva, koji nam ukazuje upravo na to kako mali koraci, male promjene, mogu dovesti do velikih rezultata.<\/p>\n<p><img loading=\"lazy\" decoding=\"async\" class=\"osjencanaSlika wp-image-2344 size-large aligncenter\" src=\"https:\/\/misije.hr\/wp-content\/uploads\/2024\/12\/PLAKAT-1-11-724x1024.png\" alt=\"\" width=\"724\" height=\"1024\" srcset=\"https:\/\/misije.hr\/wp-content\/uploads\/2024\/12\/PLAKAT-1-11-724x1024.png 724w, https:\/\/misije.hr\/wp-content\/uploads\/2024\/12\/PLAKAT-1-11-212x300.png 212w, https:\/\/misije.hr\/wp-content\/uploads\/2024\/12\/PLAKAT-1-11-768x1086.png 768w, https:\/\/misije.hr\/wp-content\/uploads\/2024\/12\/PLAKAT-1-11-1086x1536.png 1086w, https:\/\/misije.hr\/wp-content\/uploads\/2024\/12\/PLAKAT-1-11-1448x2048.png 1448w, https:\/\/misije.hr\/wp-content\/uploads\/2024\/12\/PLAKAT-1-11-8x12.png 8w, https:\/\/misije.hr\/wp-content\/uploads\/2024\/12\/PLAKAT-1-11-370x523.png 370w, https:\/\/misije.hr\/wp-content\/uploads\/2024\/12\/PLAKAT-1-11-770x1089.png 770w\" sizes=\"auto, (max-width: 724px) 100vw, 724px\" \/><\/p>\n<p>U svijetu koji poti\u010de samodostatnost i koji je pogodan za razvijanje egocentrizma Djelo sv. djetinjstva pru\u017ea mogu\u0107nost za promjenu, pru\u017ea prigodu za razvijanje svih potencijala koje nam je Bog dao da bismo mogli izgra\u0111ivati bolji i humaniji svijet.<\/p>\n<p><strong>Pripremili smo stoga animacijske materijale i knji\u017eicu koja svojim sadr\u017eajem \u017eeli obogatiti ne samo bo\u017ei\u0107no vrijeme i proslavu Dana Djela svetog djetinjstva, ve\u0107 \u017eeli biti svojevrstan vodi\u010d kroz \u010ditavu godinu, osobito ovu jubilarnu, 2025. godinu, koja se u sveop\u0107oj Crkvi odvija pod geslom \u201eHodo\u010dasnici nade\u201c. <\/strong><\/p>\n<p><strong><img loading=\"lazy\" decoding=\"async\" class=\"osjencanaSlika aligncenter wp-image-2345 size-large\" src=\"https:\/\/misije.hr\/wp-content\/uploads\/2024\/12\/PRIKAZ-STRANICA-IZ-BROSURE-1024x577.png\" alt=\"\" width=\"1024\" height=\"577\" srcset=\"https:\/\/misije.hr\/wp-content\/uploads\/2024\/12\/PRIKAZ-STRANICA-IZ-BROSURE-1024x577.png 1024w, https:\/\/misije.hr\/wp-content\/uploads\/2024\/12\/PRIKAZ-STRANICA-IZ-BROSURE-300x169.png 300w, https:\/\/misije.hr\/wp-content\/uploads\/2024\/12\/PRIKAZ-STRANICA-IZ-BROSURE-768x433.png 768w, https:\/\/misije.hr\/wp-content\/uploads\/2024\/12\/PRIKAZ-STRANICA-IZ-BROSURE-1536x865.png 1536w, https:\/\/misije.hr\/wp-content\/uploads\/2024\/12\/PRIKAZ-STRANICA-IZ-BROSURE-18x10.png 18w, https:\/\/misije.hr\/wp-content\/uploads\/2024\/12\/PRIKAZ-STRANICA-IZ-BROSURE-370x208.png 370w, https:\/\/misije.hr\/wp-content\/uploads\/2024\/12\/PRIKAZ-STRANICA-IZ-BROSURE-1170x658.png 1170w, https:\/\/misije.hr\/wp-content\/uploads\/2024\/12\/PRIKAZ-STRANICA-IZ-BROSURE-770x434.png 770w, https:\/\/misije.hr\/wp-content\/uploads\/2024\/12\/PRIKAZ-STRANICA-IZ-BROSURE-270x152.png 270w, https:\/\/misije.hr\/wp-content\/uploads\/2024\/12\/PRIKAZ-STRANICA-IZ-BROSURE.png 1640w\" sizes=\"auto, (max-width: 1024px) 100vw, 1024px\" \/><\/strong><\/p>\n<p><strong>\u017delimo pokaza da se prava radost otkriva iznutra i da nitko nije premalen da bi \u010dinio velike stvari. Po iskrenoj molitvi i dobrim djelima koja se \u010dine od srca doga\u0111aju se velike stvari. <\/strong><\/p>\n<p>Knji\u017eica nudi poticajne tekstove, inspirativne sveta\u010dke likove, korisne kateheze i mnoge prakti\u010dne, lako provedive projekte, koji mogu obogatiti svakodnevicu, oplemeniti srca, a istovremeno pokazati mladima i djeci \u0161irom svijeta koji \u017eive u napu\u0161tenosti, neima\u0161tini i bez nade da postoje oni koji za njih mole, za njih \u010dine mala odricanja i \u017eele biti Isusovo svjetlo koje \u0107e rastjerati tamu bezna\u0111a, koja prijeti dana\u0161njemu svijetu.<\/p>\n<p><strong>Neka vas u va\u0161em misijskom djelovanju i va\u0161im \u017eivotima uvijek nadahnjuje misao sv. Male Terezije: \u201eSve \u0161to \u010dini\u0161, \u010dini s ljubavlju\u201c, i tad \u0107e sve biti dobro i na slavu Bo\u017eju!<\/strong><\/p>\n\n\t\t<\/div>\n\t<\/div>\n<\/div><\/div><\/div><\/div><div class=\"vc_row wpb_row vc_row-fluid\"><div class=\"wpb_column vc_column_container vc_col-sm-3 sc_layouts_column_icons_position_left\"><div class=\"vc_column-inner\"><div class=\"wpb_wrapper\"><div class=\"vc_btn3-container vc_btn3-center\" ><a class=\"vc_general vc_btn3 vc_btn3-size-md vc_btn3-shape-rounded vc_btn3-style-flat vc_btn3-block vc_btn3-color-sandy-brown\" href=\"\/wp-content\/uploads\/2024\/12\/ANIMACIJSKI-MATERIJAL-1.pdf\" title=\"ANIMACIJSKI MATERIJAL\" target=\"_blank\">ANIMACIJSKI MATERIJAL<\/a><\/div><\/div><\/div><\/div><div class=\"wpb_column vc_column_container vc_col-sm-9 sc_layouts_column_icons_position_left\"><div class=\"vc_column-inner\"><div class=\"wpb_wrapper\"><\/div><\/div><\/div><\/div><div class=\"vc_row wpb_row vc_row-fluid\"><div class=\"wpb_column vc_column_container vc_col-sm-3 sc_layouts_column_icons_position_left\"><div class=\"vc_column-inner\"><div class=\"wpb_wrapper\"><div class=\"vc_btn3-container vc_btn3-center\" ><a class=\"vc_general vc_btn3 vc_btn3-size-md vc_btn3-shape-rounded vc_btn3-style-flat vc_btn3-block vc_btn3-color-sandy-brown\" href=\"\/wp-content\/uploads\/2024\/12\/PLAKAT-1.pdf\" title=\"PLAKAT\" target=\"_blank\">PLAKAT<\/a><\/div><\/div><\/div><\/div><div class=\"wpb_column vc_column_container vc_col-sm-9 sc_layouts_column_icons_position_left\"><div class=\"vc_column-inner\"><div class=\"wpb_wrapper\"><\/div><\/div><\/div><\/div>","protected":false},"excerpt":{"rendered":"Mo\u017ee li u ovom trenutku svako dijete i svaki \u010dovjek vidjeti nadu u bolje sutra? Svjesni smo, na\u017ealost, da ne mo\u017ee. Nije samo danas tako; uvijek je bilo onih dijelova svijeta gdje vijest o Isusu Kristu nije do\u0161la ili gdje materijalne prilike nisu dopu\u0161tale da se radost njegova dolaska u punini za\u017eivi. Zato ve\u0107 vi\u0161e od 180 godina Papinsko djelo&hellip;","protected":false},"author":1,"featured_media":0,"parent":17,"menu_order":0,"comment_status":"closed","ping_status":"closed","template":"","meta":{"_acf_changed":false,"footnotes":""},"class_list":["post-2343","page","type-page","status-publish","hentry"],"acf":[],"yoast_head":"<!-- This site is optimized with the Yoast SEO plugin v27.3 - https:\/\/yoast.com\/product\/yoast-seo-wordpress\/ -->\n<title>DJELO SV. DJETINJSTVA 2024\/2025. - Misije<\/title>\n<meta name=\"description\" content=\"Pripremili smo stoga animacijske materijale i knji\u017eicu koja svojim sadr\u017eajem \u017eeli obogatiti ne samo bo\u017ei\u0107no vrijeme i proslavu Dana Djela svetog djetinjstva, ve\u0107 \u017eeli biti svojevrstan vodi\u010d kroz \u010ditavu godinu, osobito ovu jubilarnu, 2025. godinu, koja se u sveop\u0107oj Crkvi odvija pod geslom \u201eHodo\u010dasnici nade\u201c\" \/>\n<meta name=\"robots\" content=\"index, follow, max-snippet:-1, max-image-preview:large, max-video-preview:-1\" \/>\n<link rel=\"canonical\" href=\"https:\/\/misije.hr\/en\/djelo-svetog-djetinjstva\/djelo-sv-djetinjstva-2024-2025\/\" \/>\n<meta property=\"og:locale\" content=\"en_US\" \/>\n<meta property=\"og:type\" content=\"article\" \/>\n<meta property=\"og:title\" content=\"DJELO SV. DJETINJSTVA 2024\/2025. - Misije\" \/>\n<meta property=\"og:description\" content=\"Pripremili smo stoga animacijske materijale i knji\u017eicu koja svojim sadr\u017eajem \u017eeli obogatiti ne samo bo\u017ei\u0107no vrijeme i proslavu Dana Djela svetog djetinjstva, ve\u0107 \u017eeli biti svojevrstan vodi\u010d kroz \u010ditavu godinu, osobito ovu jubilarnu, 2025. godinu, koja se u sveop\u0107oj Crkvi odvija pod geslom \u201eHodo\u010dasnici nade\u201c\" \/>\n<meta property=\"og:url\" content=\"https:\/\/misije.hr\/en\/djelo-svetog-djetinjstva\/djelo-sv-djetinjstva-2024-2025\/\" \/>\n<meta property=\"og:site_name\" content=\"Misije\" \/>\n<meta property=\"article:publisher\" content=\"https:\/\/www.facebook.com\/missioHR\" \/>\n<meta property=\"og:image\" content=\"https:\/\/misije.hr\/wp-content\/uploads\/2024\/12\/PLAKAT-1-11-724x1024.png\" \/>\n<meta name=\"twitter:card\" content=\"summary_large_image\" \/>\n<meta name=\"twitter:label1\" content=\"Est. reading time\" \/>\n\t<meta name=\"twitter:data1\" content=\"3 minutes\" \/>\n<script type=\"application\/ld+json\" class=\"yoast-schema-graph\">{\"@context\":\"https:\\\/\\\/schema.org\",\"@graph\":[{\"@type\":\"WebPage\",\"@id\":\"https:\\\/\\\/misije.hr\\\/djelo-svetog-djetinjstva\\\/djelo-sv-djetinjstva-2024-2025\\\/\",\"url\":\"https:\\\/\\\/misije.hr\\\/djelo-svetog-djetinjstva\\\/djelo-sv-djetinjstva-2024-2025\\\/\",\"name\":\"DJELO SV. DJETINJSTVA 2024\\\/2025. - Misije\",\"isPartOf\":{\"@id\":\"https:\\\/\\\/misije.hr\\\/#website\"},\"primaryImageOfPage\":{\"@id\":\"https:\\\/\\\/misije.hr\\\/djelo-svetog-djetinjstva\\\/djelo-sv-djetinjstva-2024-2025\\\/#primaryimage\"},\"image\":{\"@id\":\"https:\\\/\\\/misije.hr\\\/djelo-svetog-djetinjstva\\\/djelo-sv-djetinjstva-2024-2025\\\/#primaryimage\"},\"thumbnailUrl\":\"https:\\\/\\\/misije.hr\\\/wp-content\\\/uploads\\\/2024\\\/12\\\/PLAKAT-1-11-724x1024.png\",\"datePublished\":\"2024-12-07T00:41:06+00:00\",\"description\":\"Pripremili smo stoga animacijske materijale i knji\u017eicu koja svojim sadr\u017eajem \u017eeli obogatiti ne samo bo\u017ei\u0107no vrijeme i proslavu Dana Djela svetog djetinjstva, ve\u0107 \u017eeli biti svojevrstan vodi\u010d kroz \u010ditavu godinu, osobito ovu jubilarnu, 2025. godinu, koja se u sveop\u0107oj Crkvi odvija pod geslom \u201eHodo\u010dasnici nade\u201c\",\"breadcrumb\":{\"@id\":\"https:\\\/\\\/misije.hr\\\/djelo-svetog-djetinjstva\\\/djelo-sv-djetinjstva-2024-2025\\\/#breadcrumb\"},\"inLanguage\":\"en-US\",\"potentialAction\":[{\"@type\":\"ReadAction\",\"target\":[\"https:\\\/\\\/misije.hr\\\/djelo-svetog-djetinjstva\\\/djelo-sv-djetinjstva-2024-2025\\\/\"]}]},{\"@type\":\"ImageObject\",\"inLanguage\":\"en-US\",\"@id\":\"https:\\\/\\\/misije.hr\\\/djelo-svetog-djetinjstva\\\/djelo-sv-djetinjstva-2024-2025\\\/#primaryimage\",\"url\":\"https:\\\/\\\/misije.hr\\\/wp-content\\\/uploads\\\/2024\\\/12\\\/PLAKAT-1-11-724x1024.png\",\"contentUrl\":\"https:\\\/\\\/misije.hr\\\/wp-content\\\/uploads\\\/2024\\\/12\\\/PLAKAT-1-11-724x1024.png\"},{\"@type\":\"BreadcrumbList\",\"@id\":\"https:\\\/\\\/misije.hr\\\/djelo-svetog-djetinjstva\\\/djelo-sv-djetinjstva-2024-2025\\\/#breadcrumb\",\"itemListElement\":[{\"@type\":\"ListItem\",\"position\":1,\"name\":\"Naslovnica\",\"item\":\"https:\\\/\\\/misije.hr\\\/\"},{\"@type\":\"ListItem\",\"position\":2,\"name\":\"DJELO SVETOG DJETINJSTVA\",\"item\":\"https:\\\/\\\/misije.hr\\\/djelo-svetog-djetinjstva\\\/\"},{\"@type\":\"ListItem\",\"position\":3,\"name\":\"DJELO SV. DJETINJSTVA 2024\\\/2025.\"}]},{\"@type\":\"WebSite\",\"@id\":\"https:\\\/\\\/misije.hr\\\/#website\",\"url\":\"https:\\\/\\\/misije.hr\\\/\",\"name\":\"Misije\",\"description\":\"misije\",\"publisher\":{\"@id\":\"https:\\\/\\\/misije.hr\\\/#organization\"},\"potentialAction\":[{\"@type\":\"SearchAction\",\"target\":{\"@type\":\"EntryPoint\",\"urlTemplate\":\"https:\\\/\\\/misije.hr\\\/?s={search_term_string}\"},\"query-input\":{\"@type\":\"PropertyValueSpecification\",\"valueRequired\":true,\"valueName\":\"search_term_string\"}}],\"inLanguage\":\"en-US\"},{\"@type\":\"Organization\",\"@id\":\"https:\\\/\\\/misije.hr\\\/#organization\",\"name\":\"Papinska misijska djela u Republici Hrvatskoj\",\"url\":\"https:\\\/\\\/misije.hr\\\/\",\"logo\":{\"@type\":\"ImageObject\",\"inLanguage\":\"en-US\",\"@id\":\"https:\\\/\\\/misije.hr\\\/#\\\/schema\\\/logo\\\/image\\\/\",\"url\":\"https:\\\/\\\/misije.hr\\\/wp-content\\\/uploads\\\/2021\\\/10\\\/Logo_transparent_compressed-1.png\",\"contentUrl\":\"https:\\\/\\\/misije.hr\\\/wp-content\\\/uploads\\\/2021\\\/10\\\/Logo_transparent_compressed-1.png\",\"width\":871,\"height\":876,\"caption\":\"Papinska misijska djela u Republici Hrvatskoj\"},\"image\":{\"@id\":\"https:\\\/\\\/misije.hr\\\/#\\\/schema\\\/logo\\\/image\\\/\"},\"sameAs\":[\"https:\\\/\\\/www.facebook.com\\\/missioHR\"]}]}<\/script>\n<!-- \/ Yoast SEO plugin. -->","yoast_head_json":{"title":"DJELO SV. DJETINJSTVA 2024\/2025. - Misije","description":"Pripremili smo stoga animacijske materijale i knji\u017eicu koja svojim sadr\u017eajem \u017eeli obogatiti ne samo bo\u017ei\u0107no vrijeme i proslavu Dana Djela svetog djetinjstva, ve\u0107 \u017eeli biti svojevrstan vodi\u010d kroz \u010ditavu godinu, osobito ovu jubilarnu, 2025. godinu, koja se u sveop\u0107oj Crkvi odvija pod geslom \u201eHodo\u010dasnici nade\u201c","robots":{"index":"index","follow":"follow","max-snippet":"max-snippet:-1","max-image-preview":"max-image-preview:large","max-video-preview":"max-video-preview:-1"},"canonical":"https:\/\/misije.hr\/en\/djelo-svetog-djetinjstva\/djelo-sv-djetinjstva-2024-2025\/","og_locale":"en_US","og_type":"article","og_title":"DJELO SV. DJETINJSTVA 2024\/2025. - Misije","og_description":"Pripremili smo stoga animacijske materijale i knji\u017eicu koja svojim sadr\u017eajem \u017eeli obogatiti ne samo bo\u017ei\u0107no vrijeme i proslavu Dana Djela svetog djetinjstva, ve\u0107 \u017eeli biti svojevrstan vodi\u010d kroz \u010ditavu godinu, osobito ovu jubilarnu, 2025. godinu, koja se u sveop\u0107oj Crkvi odvija pod geslom \u201eHodo\u010dasnici nade\u201c","og_url":"https:\/\/misije.hr\/en\/djelo-svetog-djetinjstva\/djelo-sv-djetinjstva-2024-2025\/","og_site_name":"Misije","article_publisher":"https:\/\/www.facebook.com\/missioHR","og_image":[{"url":"https:\/\/misije.hr\/wp-content\/uploads\/2024\/12\/PLAKAT-1-11-724x1024.png","type":"","width":"","height":""}],"twitter_card":"summary_large_image","twitter_misc":{"Est. reading time":"3 minutes"},"schema":{"@context":"https:\/\/schema.org","@graph":[{"@type":"WebPage","@id":"https:\/\/misije.hr\/djelo-svetog-djetinjstva\/djelo-sv-djetinjstva-2024-2025\/","url":"https:\/\/misije.hr\/djelo-svetog-djetinjstva\/djelo-sv-djetinjstva-2024-2025\/","name":"DJELO SV. DJETINJSTVA 2024\/2025. - Misije","isPartOf":{"@id":"https:\/\/misije.hr\/#website"},"primaryImageOfPage":{"@id":"https:\/\/misije.hr\/djelo-svetog-djetinjstva\/djelo-sv-djetinjstva-2024-2025\/#primaryimage"},"image":{"@id":"https:\/\/misije.hr\/djelo-svetog-djetinjstva\/djelo-sv-djetinjstva-2024-2025\/#primaryimage"},"thumbnailUrl":"https:\/\/misije.hr\/wp-content\/uploads\/2024\/12\/PLAKAT-1-11-724x1024.png","datePublished":"2024-12-07T00:41:06+00:00","description":"Pripremili smo stoga animacijske materijale i knji\u017eicu koja svojim sadr\u017eajem \u017eeli obogatiti ne samo bo\u017ei\u0107no vrijeme i proslavu Dana Djela svetog djetinjstva, ve\u0107 \u017eeli biti svojevrstan vodi\u010d kroz \u010ditavu godinu, osobito ovu jubilarnu, 2025. godinu, koja se u sveop\u0107oj Crkvi odvija pod geslom \u201eHodo\u010dasnici nade\u201c","breadcrumb":{"@id":"https:\/\/misije.hr\/djelo-svetog-djetinjstva\/djelo-sv-djetinjstva-2024-2025\/#breadcrumb"},"inLanguage":"en-US","potentialAction":[{"@type":"ReadAction","target":["https:\/\/misije.hr\/djelo-svetog-djetinjstva\/djelo-sv-djetinjstva-2024-2025\/"]}]},{"@type":"ImageObject","inLanguage":"en-US","@id":"https:\/\/misije.hr\/djelo-svetog-djetinjstva\/djelo-sv-djetinjstva-2024-2025\/#primaryimage","url":"https:\/\/misije.hr\/wp-content\/uploads\/2024\/12\/PLAKAT-1-11-724x1024.png","contentUrl":"https:\/\/misije.hr\/wp-content\/uploads\/2024\/12\/PLAKAT-1-11-724x1024.png"},{"@type":"BreadcrumbList","@id":"https:\/\/misije.hr\/djelo-svetog-djetinjstva\/djelo-sv-djetinjstva-2024-2025\/#breadcrumb","itemListElement":[{"@type":"ListItem","position":1,"name":"Naslovnica","item":"https:\/\/misije.hr\/"},{"@type":"ListItem","position":2,"name":"DJELO SVETOG DJETINJSTVA","item":"https:\/\/misije.hr\/djelo-svetog-djetinjstva\/"},{"@type":"ListItem","position":3,"name":"DJELO SV. DJETINJSTVA 2024\/2025."}]},{"@type":"WebSite","@id":"https:\/\/misije.hr\/#website","url":"https:\/\/misije.hr\/","name":"Missions","description":"misije","publisher":{"@id":"https:\/\/misije.hr\/#organization"},"potentialAction":[{"@type":"SearchAction","target":{"@type":"EntryPoint","urlTemplate":"https:\/\/misije.hr\/?s={search_term_string}"},"query-input":{"@type":"PropertyValueSpecification","valueRequired":true,"valueName":"search_term_string"}}],"inLanguage":"en-US"},{"@type":"Organization","@id":"https:\/\/misije.hr\/#organization","name":"Papinska misijska djela u Republici Hrvatskoj","url":"https:\/\/misije.hr\/","logo":{"@type":"ImageObject","inLanguage":"en-US","@id":"https:\/\/misije.hr\/#\/schema\/logo\/image\/","url":"https:\/\/misije.hr\/wp-content\/uploads\/2021\/10\/Logo_transparent_compressed-1.png","contentUrl":"https:\/\/misije.hr\/wp-content\/uploads\/2021\/10\/Logo_transparent_compressed-1.png","width":871,"height":876,"caption":"Papinska misijska djela u Republici Hrvatskoj"},"image":{"@id":"https:\/\/misije.hr\/#\/schema\/logo\/image\/"},"sameAs":["https:\/\/www.facebook.com\/missioHR"]}]}},"_links":{"self":[{"href":"https:\/\/misije.hr\/en\/wp-json\/wp\/v2\/pages\/2343","targetHints":{"allow":["GET"]}}],"collection":[{"href":"https:\/\/misije.hr\/en\/wp-json\/wp\/v2\/pages"}],"about":[{"href":"https:\/\/misije.hr\/en\/wp-json\/wp\/v2\/types\/page"}],"author":[{"embeddable":true,"href":"https:\/\/misije.hr\/en\/wp-json\/wp\/v2\/users\/1"}],"replies":[{"embeddable":true,"href":"https:\/\/misije.hr\/en\/wp-json\/wp\/v2\/comments?post=2343"}],"version-history":[{"count":1,"href":"https:\/\/misije.hr\/en\/wp-json\/wp\/v2\/pages\/2343\/revisions"}],"predecessor-version":[{"id":2348,"href":"https:\/\/misije.hr\/en\/wp-json\/wp\/v2\/pages\/2343\/revisions\/2348"}],"up":[{"embeddable":true,"href":"https:\/\/misije.hr\/en\/wp-json\/wp\/v2\/pages\/17"}],"wp:attachment":[{"href":"https:\/\/misije.hr\/en\/wp-json\/wp\/v2\/media?parent=2343"}],"curies":[{"name":"wp","href":"https:\/\/api.w.org\/{rel}","templated":true}]}}