{"id":2410,"date":"2025-10-07T21:10:45","date_gmt":"2025-10-07T21:10:45","guid":{"rendered":"https:\/\/misije.hr\/?page_id=2410"},"modified":"2025-10-07T21:19:22","modified_gmt":"2025-10-07T21:19:22","slug":"svjetski-dan-misija-2025","status":"publish","type":"page","link":"https:\/\/misije.hr\/en\/djelo-za-sirenje-vjere\/svjetski-dan-misija-2025\/","title":{"rendered":"SVJETSKI DAN MISIJA 2025."},"content":{"rendered":"<div class=\"vc_row wpb_row vc_row-fluid vc_custom_1727821310590\"><div class=\"wpb_column vc_column_container vc_col-sm-12 sc_layouts_column_icons_position_left\"><div class=\"vc_column-inner\"><div class=\"wpb_wrapper\">\n\t<div class=\"wpb_text_column wpb_content_element\" >\n\t\t<div class=\"wpb_wrapper\">\n\t\t\t<p><a href=\"https:\/\/misije.hr\/wp-content\/uploads\/2025\/10\/PLAKAT-1_page-00011.jpg\"><img loading=\"lazy\" decoding=\"async\" class=\"osjencanaSlika alignleft wp-image-2413\" src=\"https:\/\/misije.hr\/wp-content\/uploads\/2025\/10\/PLAKAT-1_page-00011.jpg\" alt=\"Svjetski dan misija 2025. plakat\" width=\"780\" height=\"1103\" srcset=\"https:\/\/misije.hr\/wp-content\/uploads\/2025\/10\/PLAKAT-1_page-00011.jpg 1754w, https:\/\/misije.hr\/wp-content\/uploads\/2025\/10\/PLAKAT-1_page-00011-212x300.jpg 212w, https:\/\/misije.hr\/wp-content\/uploads\/2025\/10\/PLAKAT-1_page-00011-724x1024.jpg 724w, https:\/\/misije.hr\/wp-content\/uploads\/2025\/10\/PLAKAT-1_page-00011-768x1086.jpg 768w, https:\/\/misije.hr\/wp-content\/uploads\/2025\/10\/PLAKAT-1_page-00011-1086x1536.jpg 1086w, https:\/\/misije.hr\/wp-content\/uploads\/2025\/10\/PLAKAT-1_page-00011-1448x2048.jpg 1448w, https:\/\/misije.hr\/wp-content\/uploads\/2025\/10\/PLAKAT-1_page-00011-8x12.jpg 8w, https:\/\/misije.hr\/wp-content\/uploads\/2025\/10\/PLAKAT-1_page-00011-370x523.jpg 370w, https:\/\/misije.hr\/wp-content\/uploads\/2025\/10\/PLAKAT-1_page-00011-770x1089.jpg 770w\" sizes=\"auto, (max-width: 780px) 100vw, 780px\" \/><\/a><\/p>\n\n\t\t<\/div>\n\t<\/div>\n<\/div><\/div><\/div><\/div><div class=\"vc_row wpb_row vc_row-fluid vc_custom_1727821355830\"><div class=\"wpb_column vc_column_container vc_col-sm-12 sc_layouts_column_icons_position_left\"><div class=\"vc_column-inner\"><div class=\"wpb_wrapper\">\n\t<div class=\"wpb_text_column wpb_content_element\" >\n\t\t<div class=\"wpb_wrapper\">\n\t\t\t<h6><strong>Misionari nade me\u0111u narodima<\/strong><\/h6>\n<p>Nezaobilazna je rije\u010d i tema u ovoj, jubilejskoj godini NADA. Blagopokojni papa Franjo, koji je proglasio jubilejsku godinu, poziva sve vjernike da budu glasnici i hodo\u010dasnici nade. U tom duhu papa je naslovio i svoju poruku za Svjetski dan misija \u2013 Misijsku nedjelju: <strong>Misionari nade me\u0111u narodima<\/strong>.<\/p>\n<p>Papa nas \u017eeli podsjetiti na na\u0161u temeljnu zada\u0107u, a to je evangelizacija. Zatim nas \u017eeli podsjetiti na smisao na\u0161eg \u017eivota te obnoviti u nama uspavan \u017ear za vlastitim spasenjem i spasenjem svakog \u010dovjeka. Ili prere\u010deno u pitanje: \u0160to bi zna\u010dila Kristova \u017ertva na kri\u017eu bez spasenja svijeta i \u0161to bi zna\u010dio na\u0161 \u017eivot bez uskrsnu\u0107a na \u017eivot vje\u010dni?<\/p>\n<p><strong>Na\u0161i misionari istinski su hodo\u010dasnici i misionari nade, jer su iz vjere po\u0161li po svem svijetu propovijedati radosnu vijest te umiru\u0107i sebi dijeliti i svjedo\u010diti ljubav Bo\u017eju. Priprava za Svjetski dan misija koji slavimo predzadnje nedjelje u listopadu, prigoda je svima nama da obnovimo i izgra\u0111ujemo svijest da smo hodo\u010dasnici nade, koji su spremni nesebi\u010dno podr\u017eavati misijsku djelatnost Crkve, a koja ima samo jedan cilj: spasenje svakog \u010dovjeka.<\/strong><\/p>\n<p><em>Kristova radosna vijest spasenja \u2013 njegov zemaljski hod od utjelovljenja, preko ro\u0111enja, javnog djelovanja, muke, smrti, uskrsnu\u0107a i uza\u0161a\u0161\u0107a \u2013 poziva nas na vjeru u bolju budu\u0107nost i pobjedu dobrote i ljubavi. Stoga, oboru\u017eani vjerom u Isusa Krista, kao hodo\u010dasnici nade, \u017eivimo jubilejske vrijednosti, budimo autenti\u010dni misionari i gorimo svetim \u017earom za novo evangelizacijsko doba Crkve. Zahva\u0107eni Kristovim evan\u0111eljem, kao \u0161to apostol Pavao bija\u0161e \u201ezahva\u0107en od Krista\u201c (Fil 3, 12), oduprimo se duhu indiferentizma i povr\u0161na \u017eivljenja kr\u0161\u0107anske vjere! Povjerujmo Bo\u017ejoj ljubavi, koja je ja\u010da od svih razaranja, mr\u017enje i podjela! Budimo misionari Bo\u017eje ljubavi i hodo\u010dasnici nade! <\/em><\/p>\n<p><em>(Mons. Ivan \u0160tironja, predsjednik Vije\u0107a za misije HBK-a, pore\u010dki i pulski biskup)<\/em><\/p>\n<p><em>\u00a0<\/em><\/p>\n<p><strong>Svi smo pozvani biti misionari, pozvani biti svjedoci Bo\u017eje spasenjske ljubavi prema svakom \u010dovjeku. Ostanimo udru\u017eeni u molitvi i zajedni\u010dkom djelovanju te ne zaboravimo da Bog sve mo\u017ee, ali \u017eeli na\u0161u suradnju!<\/strong><\/p>\n\n\t\t<\/div>\n\t<\/div>\n<\/div><\/div><\/div><\/div><div class=\"vc_row wpb_row vc_row-fluid\"><div class=\"wpb_column vc_column_container vc_col-sm-3 sc_layouts_column_icons_position_left\"><div class=\"vc_column-inner\"><div class=\"wpb_wrapper\"><div class=\"vc_btn3-container vc_btn3-center\" ><a class=\"vc_general vc_btn3 vc_btn3-size-md vc_btn3-shape-rounded vc_btn3-style-flat vc_btn3-block vc_btn3-color-sandy-brown\" href=\"\/wp-content\/uploads\/2025\/10\/Svjetski-dan-misija-2025-Animacijski-materijal.pdf\" title=\"ANIMACIJSKI MATERIJAL\" target=\"_blank\">ANIMACIJSKI MATERIJAL<\/a><\/div><\/div><\/div><\/div><div class=\"wpb_column vc_column_container vc_col-sm-9 sc_layouts_column_icons_position_left\"><div class=\"vc_column-inner\"><div class=\"wpb_wrapper\"><\/div><\/div><\/div><\/div><div class=\"vc_row wpb_row vc_row-fluid\"><div class=\"wpb_column vc_column_container vc_col-sm-3 sc_layouts_column_icons_position_left\"><div class=\"vc_column-inner\"><div class=\"wpb_wrapper\"><div class=\"vc_btn3-container vc_btn3-center\" ><a class=\"vc_general vc_btn3 vc_btn3-size-md vc_btn3-shape-rounded vc_btn3-style-flat vc_btn3-block vc_btn3-color-sandy-brown\" href=\"\/wp-content\/uploads\/2025\/10\/Svjetski-dan-misija-2025-Letak.pdf\" title=\"LETAK\" target=\"_blank\">LETAK<\/a><\/div><\/div><\/div><\/div><div class=\"wpb_column vc_column_container vc_col-sm-9 sc_layouts_column_icons_position_left\"><div class=\"vc_column-inner\"><div class=\"wpb_wrapper\"><\/div><\/div><\/div><\/div><div class=\"vc_row wpb_row vc_row-fluid\"><div class=\"wpb_column vc_column_container vc_col-sm-12 sc_layouts_column_icons_position_left\"><div class=\"vc_column-inner\"><div class=\"wpb_wrapper\">\n\t<div class=\"wpb_text_column wpb_content_element\" >\n\t\t<div class=\"wpb_wrapper\">\n\t\t\t<p>Na raspolaganju smo za sve dodatne informacije i slobodno se javite: <a href=\"mailto:missio.croatia@misije.hr\">missio.croatia@misije.hr<\/a><\/p>\n\n\t\t<\/div>\n\t<\/div>\n<\/div><\/div><\/div><\/div>","protected":false},"excerpt":{"rendered":"Misionari nade me\u0111u narodima Nezaobilazna je rije\u010d i tema u ovoj, jubilejskoj godini NADA. Blagopokojni papa Franjo, koji je proglasio jubilejsku godinu, poziva sve vjernike da budu glasnici i hodo\u010dasnici nade. U tom duhu papa je naslovio i svoju poruku za Svjetski dan misija \u2013 Misijsku nedjelju: Misionari nade me\u0111u narodima. Papa nas \u017eeli podsjetiti na na\u0161u temeljnu zada\u0107u, a&hellip;","protected":false},"author":1,"featured_media":2324,"parent":15,"menu_order":0,"comment_status":"closed","ping_status":"closed","template":"","meta":{"_acf_changed":false,"footnotes":""},"class_list":["post-2410","page","type-page","status-publish","has-post-thumbnail","hentry"],"acf":[],"yoast_head":"<!-- This site is optimized with the Yoast SEO plugin v27.3 - https:\/\/yoast.com\/product\/yoast-seo-wordpress\/ -->\n<title>SVJETSKI DAN MISIJA 2025. - Misije<\/title>\n<meta name=\"description\" content=\"SVJETSKI DAN MISIJA 2025. Nezaobilazna je rije\u010d i tema u ovoj, jubilejskoj godini NADA. Blagopokojni papa Franjo, koji je proglasio jubilejsku godinu, poziva sve vjernike da budu glasnici i hodo\u010dasnici nade. U tom duhu papa je naslovio i svoju poruku za Svjetski dan misija \u2013 Misijsku nedjelju: Misionari nade me\u0111u narodima.\" \/>\n<meta name=\"robots\" content=\"index, follow, max-snippet:-1, max-image-preview:large, max-video-preview:-1\" \/>\n<link rel=\"canonical\" href=\"https:\/\/misije.hr\/en\/djelo-za-sirenje-vjere\/svjetski-dan-misija-2025\/\" \/>\n<meta property=\"og:locale\" content=\"en_US\" \/>\n<meta property=\"og:type\" content=\"article\" \/>\n<meta property=\"og:title\" content=\"SVJETSKI DAN MISIJA 2025. - Misije\" \/>\n<meta property=\"og:description\" content=\"SVJETSKI DAN MISIJA 2025. Nezaobilazna je rije\u010d i tema u ovoj, jubilejskoj godini NADA. Blagopokojni papa Franjo, koji je proglasio jubilejsku godinu, poziva sve vjernike da budu glasnici i hodo\u010dasnici nade. U tom duhu papa je naslovio i svoju poruku za Svjetski dan misija \u2013 Misijsku nedjelju: Misionari nade me\u0111u narodima.\" \/>\n<meta property=\"og:url\" content=\"https:\/\/misije.hr\/en\/djelo-za-sirenje-vjere\/svjetski-dan-misija-2025\/\" \/>\n<meta property=\"og:site_name\" content=\"Misije\" \/>\n<meta property=\"article:publisher\" content=\"https:\/\/www.facebook.com\/missioHR\" \/>\n<meta property=\"article:modified_time\" content=\"2025-10-07T21:19:22+00:00\" \/>\n<meta property=\"og:image\" content=\"https:\/\/misije.hr\/wp-content\/uploads\/2024\/10\/PLAKAT_page-00011.jpg\" \/>\n\t<meta property=\"og:image:width\" content=\"1754\" \/>\n\t<meta property=\"og:image:height\" content=\"2481\" \/>\n\t<meta property=\"og:image:type\" content=\"image\/jpeg\" \/>\n<meta name=\"twitter:card\" content=\"summary_large_image\" \/>\n<meta name=\"twitter:label1\" content=\"Est. reading time\" \/>\n\t<meta name=\"twitter:data1\" content=\"3 minutes\" \/>\n<script type=\"application\/ld+json\" class=\"yoast-schema-graph\">{\"@context\":\"https:\\\/\\\/schema.org\",\"@graph\":[{\"@type\":\"WebPage\",\"@id\":\"https:\\\/\\\/misije.hr\\\/djelo-za-sirenje-vjere\\\/svjetski-dan-misija-2025\\\/\",\"url\":\"https:\\\/\\\/misije.hr\\\/djelo-za-sirenje-vjere\\\/svjetski-dan-misija-2025\\\/\",\"name\":\"SVJETSKI DAN MISIJA 2025. - Misije\",\"isPartOf\":{\"@id\":\"https:\\\/\\\/misije.hr\\\/#website\"},\"primaryImageOfPage\":{\"@id\":\"https:\\\/\\\/misije.hr\\\/djelo-za-sirenje-vjere\\\/svjetski-dan-misija-2025\\\/#primaryimage\"},\"image\":{\"@id\":\"https:\\\/\\\/misije.hr\\\/djelo-za-sirenje-vjere\\\/svjetski-dan-misija-2025\\\/#primaryimage\"},\"thumbnailUrl\":\"https:\\\/\\\/misije.hr\\\/wp-content\\\/uploads\\\/2024\\\/10\\\/PLAKAT_page-00011.jpg\",\"datePublished\":\"2025-10-07T21:10:45+00:00\",\"dateModified\":\"2025-10-07T21:19:22+00:00\",\"description\":\"SVJETSKI DAN MISIJA 2025. Nezaobilazna je rije\u010d i tema u ovoj, jubilejskoj godini NADA. Blagopokojni papa Franjo, koji je proglasio jubilejsku godinu, poziva sve vjernike da budu glasnici i hodo\u010dasnici nade. U tom duhu papa je naslovio i svoju poruku za Svjetski dan misija \u2013 Misijsku nedjelju: Misionari nade me\u0111u narodima.\",\"breadcrumb\":{\"@id\":\"https:\\\/\\\/misije.hr\\\/djelo-za-sirenje-vjere\\\/svjetski-dan-misija-2025\\\/#breadcrumb\"},\"inLanguage\":\"en-US\",\"potentialAction\":[{\"@type\":\"ReadAction\",\"target\":[\"https:\\\/\\\/misije.hr\\\/djelo-za-sirenje-vjere\\\/svjetski-dan-misija-2025\\\/\"]}]},{\"@type\":\"ImageObject\",\"inLanguage\":\"en-US\",\"@id\":\"https:\\\/\\\/misije.hr\\\/djelo-za-sirenje-vjere\\\/svjetski-dan-misija-2025\\\/#primaryimage\",\"url\":\"https:\\\/\\\/misije.hr\\\/wp-content\\\/uploads\\\/2024\\\/10\\\/PLAKAT_page-00011.jpg\",\"contentUrl\":\"https:\\\/\\\/misije.hr\\\/wp-content\\\/uploads\\\/2024\\\/10\\\/PLAKAT_page-00011.jpg\",\"width\":1754,\"height\":2481,\"caption\":\"Svjetski dan misija 2024. plakat\"},{\"@type\":\"BreadcrumbList\",\"@id\":\"https:\\\/\\\/misije.hr\\\/djelo-za-sirenje-vjere\\\/svjetski-dan-misija-2025\\\/#breadcrumb\",\"itemListElement\":[{\"@type\":\"ListItem\",\"position\":1,\"name\":\"Naslovnica\",\"item\":\"https:\\\/\\\/misije.hr\\\/\"},{\"@type\":\"ListItem\",\"position\":2,\"name\":\"DJELO ZA \u0160IRENJE VJERE\",\"item\":\"https:\\\/\\\/misije.hr\\\/djelo-za-sirenje-vjere\\\/\"},{\"@type\":\"ListItem\",\"position\":3,\"name\":\"SVJETSKI DAN MISIJA 2025.\"}]},{\"@type\":\"WebSite\",\"@id\":\"https:\\\/\\\/misije.hr\\\/#website\",\"url\":\"https:\\\/\\\/misije.hr\\\/\",\"name\":\"Misije\",\"description\":\"misije\",\"publisher\":{\"@id\":\"https:\\\/\\\/misije.hr\\\/#organization\"},\"potentialAction\":[{\"@type\":\"SearchAction\",\"target\":{\"@type\":\"EntryPoint\",\"urlTemplate\":\"https:\\\/\\\/misije.hr\\\/?s={search_term_string}\"},\"query-input\":{\"@type\":\"PropertyValueSpecification\",\"valueRequired\":true,\"valueName\":\"search_term_string\"}}],\"inLanguage\":\"en-US\"},{\"@type\":\"Organization\",\"@id\":\"https:\\\/\\\/misije.hr\\\/#organization\",\"name\":\"Papinska misijska djela u Republici Hrvatskoj\",\"url\":\"https:\\\/\\\/misije.hr\\\/\",\"logo\":{\"@type\":\"ImageObject\",\"inLanguage\":\"en-US\",\"@id\":\"https:\\\/\\\/misije.hr\\\/#\\\/schema\\\/logo\\\/image\\\/\",\"url\":\"https:\\\/\\\/misije.hr\\\/wp-content\\\/uploads\\\/2021\\\/10\\\/Logo_transparent_compressed-1.png\",\"contentUrl\":\"https:\\\/\\\/misije.hr\\\/wp-content\\\/uploads\\\/2021\\\/10\\\/Logo_transparent_compressed-1.png\",\"width\":871,\"height\":876,\"caption\":\"Papinska misijska djela u Republici Hrvatskoj\"},\"image\":{\"@id\":\"https:\\\/\\\/misije.hr\\\/#\\\/schema\\\/logo\\\/image\\\/\"},\"sameAs\":[\"https:\\\/\\\/www.facebook.com\\\/missioHR\"]}]}<\/script>\n<!-- \/ Yoast SEO plugin. -->","yoast_head_json":{"title":"SVJETSKI DAN MISIJA 2025. - Misije","description":"SVJETSKI DAN MISIJA 2025. Nezaobilazna je rije\u010d i tema u ovoj, jubilejskoj godini NADA. Blagopokojni papa Franjo, koji je proglasio jubilejsku godinu, poziva sve vjernike da budu glasnici i hodo\u010dasnici nade. U tom duhu papa je naslovio i svoju poruku za Svjetski dan misija \u2013 Misijsku nedjelju: Misionari nade me\u0111u narodima.","robots":{"index":"index","follow":"follow","max-snippet":"max-snippet:-1","max-image-preview":"max-image-preview:large","max-video-preview":"max-video-preview:-1"},"canonical":"https:\/\/misije.hr\/en\/djelo-za-sirenje-vjere\/svjetski-dan-misija-2025\/","og_locale":"en_US","og_type":"article","og_title":"SVJETSKI DAN MISIJA 2025. - Misije","og_description":"SVJETSKI DAN MISIJA 2025. Nezaobilazna je rije\u010d i tema u ovoj, jubilejskoj godini NADA. Blagopokojni papa Franjo, koji je proglasio jubilejsku godinu, poziva sve vjernike da budu glasnici i hodo\u010dasnici nade. U tom duhu papa je naslovio i svoju poruku za Svjetski dan misija \u2013 Misijsku nedjelju: Misionari nade me\u0111u narodima.","og_url":"https:\/\/misije.hr\/en\/djelo-za-sirenje-vjere\/svjetski-dan-misija-2025\/","og_site_name":"Misije","article_publisher":"https:\/\/www.facebook.com\/missioHR","article_modified_time":"2025-10-07T21:19:22+00:00","og_image":[{"width":1754,"height":2481,"url":"https:\/\/misije.hr\/wp-content\/uploads\/2024\/10\/PLAKAT_page-00011.jpg","type":"image\/jpeg"}],"twitter_card":"summary_large_image","twitter_misc":{"Est. reading time":"3 minutes"},"schema":{"@context":"https:\/\/schema.org","@graph":[{"@type":"WebPage","@id":"https:\/\/misije.hr\/djelo-za-sirenje-vjere\/svjetski-dan-misija-2025\/","url":"https:\/\/misije.hr\/djelo-za-sirenje-vjere\/svjetski-dan-misija-2025\/","name":"SVJETSKI DAN MISIJA 2025. - Misije","isPartOf":{"@id":"https:\/\/misije.hr\/#website"},"primaryImageOfPage":{"@id":"https:\/\/misije.hr\/djelo-za-sirenje-vjere\/svjetski-dan-misija-2025\/#primaryimage"},"image":{"@id":"https:\/\/misije.hr\/djelo-za-sirenje-vjere\/svjetski-dan-misija-2025\/#primaryimage"},"thumbnailUrl":"https:\/\/misije.hr\/wp-content\/uploads\/2024\/10\/PLAKAT_page-00011.jpg","datePublished":"2025-10-07T21:10:45+00:00","dateModified":"2025-10-07T21:19:22+00:00","description":"SVJETSKI DAN MISIJA 2025. Nezaobilazna je rije\u010d i tema u ovoj, jubilejskoj godini NADA. Blagopokojni papa Franjo, koji je proglasio jubilejsku godinu, poziva sve vjernike da budu glasnici i hodo\u010dasnici nade. U tom duhu papa je naslovio i svoju poruku za Svjetski dan misija \u2013 Misijsku nedjelju: Misionari nade me\u0111u narodima.","breadcrumb":{"@id":"https:\/\/misije.hr\/djelo-za-sirenje-vjere\/svjetski-dan-misija-2025\/#breadcrumb"},"inLanguage":"en-US","potentialAction":[{"@type":"ReadAction","target":["https:\/\/misije.hr\/djelo-za-sirenje-vjere\/svjetski-dan-misija-2025\/"]}]},{"@type":"ImageObject","inLanguage":"en-US","@id":"https:\/\/misije.hr\/djelo-za-sirenje-vjere\/svjetski-dan-misija-2025\/#primaryimage","url":"https:\/\/misije.hr\/wp-content\/uploads\/2024\/10\/PLAKAT_page-00011.jpg","contentUrl":"https:\/\/misije.hr\/wp-content\/uploads\/2024\/10\/PLAKAT_page-00011.jpg","width":1754,"height":2481,"caption":"Svjetski dan misija 2024. plakat"},{"@type":"BreadcrumbList","@id":"https:\/\/misije.hr\/djelo-za-sirenje-vjere\/svjetski-dan-misija-2025\/#breadcrumb","itemListElement":[{"@type":"ListItem","position":1,"name":"Naslovnica","item":"https:\/\/misije.hr\/"},{"@type":"ListItem","position":2,"name":"DJELO ZA \u0160IRENJE VJERE","item":"https:\/\/misije.hr\/djelo-za-sirenje-vjere\/"},{"@type":"ListItem","position":3,"name":"SVJETSKI DAN MISIJA 2025."}]},{"@type":"WebSite","@id":"https:\/\/misije.hr\/#website","url":"https:\/\/misije.hr\/","name":"Missions","description":"misije","publisher":{"@id":"https:\/\/misije.hr\/#organization"},"potentialAction":[{"@type":"SearchAction","target":{"@type":"EntryPoint","urlTemplate":"https:\/\/misije.hr\/?s={search_term_string}"},"query-input":{"@type":"PropertyValueSpecification","valueRequired":true,"valueName":"search_term_string"}}],"inLanguage":"en-US"},{"@type":"Organization","@id":"https:\/\/misije.hr\/#organization","name":"Papinska misijska djela u Republici Hrvatskoj","url":"https:\/\/misije.hr\/","logo":{"@type":"ImageObject","inLanguage":"en-US","@id":"https:\/\/misije.hr\/#\/schema\/logo\/image\/","url":"https:\/\/misije.hr\/wp-content\/uploads\/2021\/10\/Logo_transparent_compressed-1.png","contentUrl":"https:\/\/misije.hr\/wp-content\/uploads\/2021\/10\/Logo_transparent_compressed-1.png","width":871,"height":876,"caption":"Papinska misijska djela u Republici Hrvatskoj"},"image":{"@id":"https:\/\/misije.hr\/#\/schema\/logo\/image\/"},"sameAs":["https:\/\/www.facebook.com\/missioHR"]}]}},"_links":{"self":[{"href":"https:\/\/misije.hr\/en\/wp-json\/wp\/v2\/pages\/2410","targetHints":{"allow":["GET"]}}],"collection":[{"href":"https:\/\/misije.hr\/en\/wp-json\/wp\/v2\/pages"}],"about":[{"href":"https:\/\/misije.hr\/en\/wp-json\/wp\/v2\/types\/page"}],"author":[{"embeddable":true,"href":"https:\/\/misije.hr\/en\/wp-json\/wp\/v2\/users\/1"}],"replies":[{"embeddable":true,"href":"https:\/\/misije.hr\/en\/wp-json\/wp\/v2\/comments?post=2410"}],"version-history":[{"count":10,"href":"https:\/\/misije.hr\/en\/wp-json\/wp\/v2\/pages\/2410\/revisions"}],"predecessor-version":[{"id":2425,"href":"https:\/\/misije.hr\/en\/wp-json\/wp\/v2\/pages\/2410\/revisions\/2425"}],"up":[{"embeddable":true,"href":"https:\/\/misije.hr\/en\/wp-json\/wp\/v2\/pages\/15"}],"wp:featuredmedia":[{"embeddable":true,"href":"https:\/\/misije.hr\/en\/wp-json\/wp\/v2\/media\/2324"}],"wp:attachment":[{"href":"https:\/\/misije.hr\/en\/wp-json\/wp\/v2\/media?parent=2410"}],"curies":[{"name":"wp","href":"https:\/\/api.w.org\/{rel}","templated":true}]}}