{"id":2439,"date":"2025-12-09T00:33:48","date_gmt":"2025-12-09T00:33:48","guid":{"rendered":"https:\/\/misije.hr\/?page_id=2439"},"modified":"2025-12-09T08:06:22","modified_gmt":"2025-12-09T08:06:22","slug":"djelo-sv-djetinjstva-2025-2026","status":"publish","type":"page","link":"https:\/\/misije.hr\/en\/djelo-svetog-djetinjstva\/djelo-sv-djetinjstva-2025-2026\/","title":{"rendered":"DJELO SV. DJETINJSTVA 2025\/2026."},"content":{"rendered":"<div class=\"vc_row wpb_row vc_row-fluid\"><div class=\"wpb_column vc_column_container vc_col-sm-12 sc_layouts_column_icons_position_left\"><div class=\"vc_column-inner\"><div class=\"wpb_wrapper\">\n\t<div class=\"wpb_text_column wpb_content_element\" >\n\t\t<div class=\"wpb_wrapper\">\n\t\t\t<p>Svaki novi dan donosi priliku za u\u010denje i rast u dobroti, a nitko nije premali da bi \u010dinio dobro. Molitva, rije\u010d podr\u0161ke, znak pa\u017enje i dobro djelo poma\u017eu nam da zajedno \u0161irimo misijski \u017ear i gradimo bolji, Bo\u017eji svijet.<\/p>\n<p>Djelo svetog djetinjstva podsje\u0107a nas da i djeca mogu biti mali misionari \u2013 svojim mislima, rije\u010dima i djelima mogu mijenjati svijet. Kroz molitvu, igru, kreativnost i dobra djela u\u010dimo kako biti prijatelj i postati bolji \u010dovjek.<\/p>\n<p>Svjetski Dan svetog djetinjstva obilje\u017eava se na svetkovinu Bogojavljenja, s geslom<strong>: \u201eDjeca poma\u017eu djeci\u201c<\/strong>. Na taj dan, zajedno s mladim misionarima sa svih kontinenata, djeca i mladi sudjeluju u animiranju liturgije, senzibiliziranju \u017eupne zajednice za probleme nepravde u dru\u0161tvu i prikupljaju sredstva za pothvate solidarnosti na svim kontinentima.<\/p>\n<p><img loading=\"lazy\" decoding=\"async\" class=\"osjencanaSlika aligncenter wp-image-2442 size-full\" src=\"https:\/\/misije.hr\/wp-content\/uploads\/2025\/12\/djelo-sv-djetinjstva-2025-2026-plakat.png\" alt=\"\" width=\"629\" height=\"892\" srcset=\"https:\/\/misije.hr\/wp-content\/uploads\/2025\/12\/djelo-sv-djetinjstva-2025-2026-plakat.png 629w, https:\/\/misije.hr\/wp-content\/uploads\/2025\/12\/djelo-sv-djetinjstva-2025-2026-plakat-212x300.png 212w, https:\/\/misije.hr\/wp-content\/uploads\/2025\/12\/djelo-sv-djetinjstva-2025-2026-plakat-8x12.png 8w, https:\/\/misije.hr\/wp-content\/uploads\/2025\/12\/djelo-sv-djetinjstva-2025-2026-plakat-370x525.png 370w\" sizes=\"auto, (max-width: 629px) 100vw, 629px\" \/><\/p>\n<p>B\u00eet Djela svetog djetinjstva nije samo u materijalnoj pomo\u0107i. Ona se ponajprije o\u010dituje u odgoju srca \u2013 u tome da djeca od malena u\u010de gledati \u0161ire, suosje\u0107ati, dijeliti, moliti i \u017eivjeti radost davanja. Ovo Djelo nas poziva da budemo misionari upravo ondje gdje jesmo \u2013 u obitelji, u \u0161koli, u \u017eupi \u2013 i da iz dana u dan gradimo svijet dobrote i mira.<\/p>\n<p><strong>Djelo svetog djetinjstva najstarija je i najve\u0107a organizacija djece u svijetu, a najpoznatija \u010dlanica Djela bila je sv. Mala Terezija od Djeteta Isusa.<\/strong> Njegovom \u010dlanicom postala je u sedmoj godini \u017eivota. Ono ju je oblikovalo tako da je cijeli svoj \u017eivot, i kao djevoj\u010dica, a kasnije i kao redovnica karmeli\u0107anka, posvetila molitvi za spa\u0161avanje du\u0161a i \u017eelji da svaki \u010dovjek na svijetu upozna Bo\u017eju ljubav, zbog \u010dega je kasnije i progla\u0161ena za\u0161titnicom misija.<\/p>\n<p><strong><img loading=\"lazy\" decoding=\"async\" class=\"osjencanaSlika aligncenter wp-image-2440 size-large\" src=\"https:\/\/misije.hr\/wp-content\/uploads\/2025\/12\/djelo-sv-djetinjstva-2025-2026-prikaz-1024x577.png\" alt=\"\" width=\"1024\" height=\"577\" srcset=\"https:\/\/misije.hr\/wp-content\/uploads\/2025\/12\/djelo-sv-djetinjstva-2025-2026-prikaz-1024x577.png 1024w, https:\/\/misije.hr\/wp-content\/uploads\/2025\/12\/djelo-sv-djetinjstva-2025-2026-prikaz-300x169.png 300w, https:\/\/misije.hr\/wp-content\/uploads\/2025\/12\/djelo-sv-djetinjstva-2025-2026-prikaz-768x433.png 768w, https:\/\/misije.hr\/wp-content\/uploads\/2025\/12\/djelo-sv-djetinjstva-2025-2026-prikaz-1536x865.png 1536w, https:\/\/misije.hr\/wp-content\/uploads\/2025\/12\/djelo-sv-djetinjstva-2025-2026-prikaz-18x10.png 18w, https:\/\/misije.hr\/wp-content\/uploads\/2025\/12\/djelo-sv-djetinjstva-2025-2026-prikaz-370x208.png 370w, https:\/\/misije.hr\/wp-content\/uploads\/2025\/12\/djelo-sv-djetinjstva-2025-2026-prikaz-1170x658.png 1170w, https:\/\/misije.hr\/wp-content\/uploads\/2025\/12\/djelo-sv-djetinjstva-2025-2026-prikaz-770x434.png 770w, https:\/\/misije.hr\/wp-content\/uploads\/2025\/12\/djelo-sv-djetinjstva-2025-2026-prikaz-270x152.png 270w, https:\/\/misije.hr\/wp-content\/uploads\/2025\/12\/djelo-sv-djetinjstva-2025-2026-prikaz.png 1640w\" sizes=\"auto, (max-width: 1024px) 100vw, 1024px\" \/><\/strong><\/p>\n<p>Novi animacijski materijali za Djelo svetog djetinjstva i ove godine \u017eele biti va\u0161 vjerni pratitelj na putu dobrote, otvorenosti i \u0161irenja Radosne vijesti. Tu \u0107ete na\u0107i poticajne kateheze, kratke misijske pri\u010de, primjere svetaca, prijedloge za molitvu i razli\u010dite projekte koje mo\u017eete provoditi sami ili zajedno s drugima.<\/p>\n<p><strong>Pa\u017eljivo osmi\u0161ljene mjese\u010dne aktivnosti poti\u010du djecu i odrasle da svim srcem budu prisutni u svijetu, donose\u0107i svjetlo i ljubav svima oko sebe. Sve su to jednostavni koraci koji, kad se \u010dine s ljubavlju, postaju velika djela pred Bogom.<\/strong><\/p>\n<p>Krenimo zajedno ovim putem misijskog prijateljstva \u2013 putem na kojem djeca poma\u017eu djeci i zajedno grade svijet koji odra\u017eava Bo\u017eju nje\u017enost i brigu za svakog \u010dovjeka.<\/p>\n\n\t\t<\/div>\n\t<\/div>\n<\/div><\/div><\/div><\/div><div class=\"vc_row wpb_row vc_row-fluid\"><div class=\"wpb_column vc_column_container vc_col-sm-3 sc_layouts_column_icons_position_left\"><div class=\"vc_column-inner\"><div class=\"wpb_wrapper\"><div class=\"vc_btn3-container vc_btn3-center\" ><a class=\"vc_general vc_btn3 vc_btn3-size-md vc_btn3-shape-rounded vc_btn3-style-flat vc_btn3-block vc_btn3-color-sandy-brown\" href=\"\/wp-content\/uploads\/2025\/12\/djelo-sv-djetinjstva-2025-2026-animacijski-materijal.pdf\" title=\"ANIMACIJSKI MATERIJAL\" target=\"_blank\">ANIMACIJSKI MATERIJAL<\/a><\/div><\/div><\/div><\/div><div class=\"wpb_column vc_column_container vc_col-sm-9 sc_layouts_column_icons_position_left\"><div class=\"vc_column-inner\"><div class=\"wpb_wrapper\"><\/div><\/div><\/div><\/div><div class=\"vc_row wpb_row vc_row-fluid\"><div class=\"wpb_column vc_column_container vc_col-sm-3 sc_layouts_column_icons_position_left\"><div class=\"vc_column-inner\"><div class=\"wpb_wrapper\"><div class=\"vc_btn3-container vc_btn3-center\" ><a class=\"vc_general vc_btn3 vc_btn3-size-md vc_btn3-shape-rounded vc_btn3-style-flat vc_btn3-block vc_btn3-color-sandy-brown\" href=\"\/wp-content\/uploads\/2025\/12\/djelo-sv-djetinjstva-2025-2026-plakat.pdf\" title=\"PLAKAT\" target=\"_blank\">PLAKAT<\/a><\/div><\/div><\/div><\/div><div class=\"wpb_column vc_column_container vc_col-sm-9 sc_layouts_column_icons_position_left\"><div class=\"vc_column-inner\"><div class=\"wpb_wrapper\"><\/div><\/div><\/div><\/div>","protected":false},"excerpt":{"rendered":"Svaki novi dan donosi priliku za u\u010denje i rast u dobroti, a nitko nije premali da bi \u010dinio dobro. Molitva, rije\u010d podr\u0161ke, znak pa\u017enje i dobro djelo poma\u017eu nam da zajedno \u0161irimo misijski \u017ear i gradimo bolji, Bo\u017eji svijet. Djelo svetog djetinjstva podsje\u0107a nas da i djeca mogu biti mali misionari \u2013 svojim mislima, rije\u010dima i djelima mogu mijenjati svijet.&hellip;","protected":false},"author":1,"featured_media":0,"parent":17,"menu_order":0,"comment_status":"closed","ping_status":"closed","template":"","meta":{"_acf_changed":false,"footnotes":""},"class_list":["post-2439","page","type-page","status-publish","hentry"],"acf":[],"yoast_head":"<!-- This site is optimized with the Yoast SEO plugin v27.3 - https:\/\/yoast.com\/product\/yoast-seo-wordpress\/ -->\n<title>DJELO SV. DJETINJSTVA 2025\/2026. - Misije<\/title>\n<meta name=\"description\" content=\"Svaki novi dan donosi priliku za u\u010denje i rast u dobroti, a nitko nije premali da bi \u010dinio dobro. Molitva, rije\u010d podr\u0161ke, znak pa\u017enje i...\" \/>\n<meta name=\"robots\" content=\"index, follow, max-snippet:-1, max-image-preview:large, max-video-preview:-1\" \/>\n<link rel=\"canonical\" href=\"https:\/\/misije.hr\/en\/djelo-svetog-djetinjstva\/djelo-sv-djetinjstva-2025-2026\/\" \/>\n<meta property=\"og:locale\" content=\"en_US\" \/>\n<meta property=\"og:type\" content=\"article\" \/>\n<meta property=\"og:title\" content=\"DJELO SV. DJETINJSTVA 2025\/2026. - Misije\" \/>\n<meta property=\"og:description\" content=\"Svaki novi dan donosi priliku za u\u010denje i rast u dobroti, a nitko nije premali da bi \u010dinio dobro. Molitva, rije\u010d podr\u0161ke, znak pa\u017enje i...\" \/>\n<meta property=\"og:url\" content=\"https:\/\/misije.hr\/en\/djelo-svetog-djetinjstva\/djelo-sv-djetinjstva-2025-2026\/\" \/>\n<meta property=\"og:site_name\" content=\"Misije\" \/>\n<meta property=\"article:publisher\" content=\"https:\/\/www.facebook.com\/missioHR\" \/>\n<meta property=\"article:modified_time\" content=\"2025-12-09T08:06:22+00:00\" \/>\n<meta property=\"og:image\" content=\"https:\/\/misije.hr\/wp-content\/uploads\/2025\/12\/djelo-sv-djetinjstva-2025-2026-plakat.png\" \/>\n<meta name=\"twitter:card\" content=\"summary_large_image\" \/>\n<meta name=\"twitter:label1\" content=\"Est. reading time\" \/>\n\t<meta name=\"twitter:data1\" content=\"3 minutes\" \/>\n<script type=\"application\/ld+json\" class=\"yoast-schema-graph\">{\"@context\":\"https:\\\/\\\/schema.org\",\"@graph\":[{\"@type\":\"WebPage\",\"@id\":\"https:\\\/\\\/misije.hr\\\/djelo-svetog-djetinjstva\\\/djelo-sv-djetinjstva-2025-2026\\\/\",\"url\":\"https:\\\/\\\/misije.hr\\\/djelo-svetog-djetinjstva\\\/djelo-sv-djetinjstva-2025-2026\\\/\",\"name\":\"DJELO SV. DJETINJSTVA 2025\\\/2026. - Misije\",\"isPartOf\":{\"@id\":\"https:\\\/\\\/misije.hr\\\/#website\"},\"primaryImageOfPage\":{\"@id\":\"https:\\\/\\\/misije.hr\\\/djelo-svetog-djetinjstva\\\/djelo-sv-djetinjstva-2025-2026\\\/#primaryimage\"},\"image\":{\"@id\":\"https:\\\/\\\/misije.hr\\\/djelo-svetog-djetinjstva\\\/djelo-sv-djetinjstva-2025-2026\\\/#primaryimage\"},\"thumbnailUrl\":\"https:\\\/\\\/misije.hr\\\/wp-content\\\/uploads\\\/2025\\\/12\\\/djelo-sv-djetinjstva-2025-2026-plakat.png\",\"datePublished\":\"2025-12-09T00:33:48+00:00\",\"dateModified\":\"2025-12-09T08:06:22+00:00\",\"description\":\"Svaki novi dan donosi priliku za u\u010denje i rast u dobroti, a nitko nije premali da bi \u010dinio dobro. Molitva, rije\u010d podr\u0161ke, znak pa\u017enje i...\",\"breadcrumb\":{\"@id\":\"https:\\\/\\\/misije.hr\\\/djelo-svetog-djetinjstva\\\/djelo-sv-djetinjstva-2025-2026\\\/#breadcrumb\"},\"inLanguage\":\"en-US\",\"potentialAction\":[{\"@type\":\"ReadAction\",\"target\":[\"https:\\\/\\\/misije.hr\\\/djelo-svetog-djetinjstva\\\/djelo-sv-djetinjstva-2025-2026\\\/\"]}]},{\"@type\":\"ImageObject\",\"inLanguage\":\"en-US\",\"@id\":\"https:\\\/\\\/misije.hr\\\/djelo-svetog-djetinjstva\\\/djelo-sv-djetinjstva-2025-2026\\\/#primaryimage\",\"url\":\"https:\\\/\\\/misije.hr\\\/wp-content\\\/uploads\\\/2025\\\/12\\\/djelo-sv-djetinjstva-2025-2026-plakat.png\",\"contentUrl\":\"https:\\\/\\\/misije.hr\\\/wp-content\\\/uploads\\\/2025\\\/12\\\/djelo-sv-djetinjstva-2025-2026-plakat.png\"},{\"@type\":\"BreadcrumbList\",\"@id\":\"https:\\\/\\\/misije.hr\\\/djelo-svetog-djetinjstva\\\/djelo-sv-djetinjstva-2025-2026\\\/#breadcrumb\",\"itemListElement\":[{\"@type\":\"ListItem\",\"position\":1,\"name\":\"Naslovnica\",\"item\":\"https:\\\/\\\/misije.hr\\\/\"},{\"@type\":\"ListItem\",\"position\":2,\"name\":\"DJELO SVETOG DJETINJSTVA\",\"item\":\"https:\\\/\\\/misije.hr\\\/djelo-svetog-djetinjstva\\\/\"},{\"@type\":\"ListItem\",\"position\":3,\"name\":\"DJELO SV. DJETINJSTVA 2025\\\/2026.\"}]},{\"@type\":\"WebSite\",\"@id\":\"https:\\\/\\\/misije.hr\\\/#website\",\"url\":\"https:\\\/\\\/misije.hr\\\/\",\"name\":\"Misije\",\"description\":\"misije\",\"publisher\":{\"@id\":\"https:\\\/\\\/misije.hr\\\/#organization\"},\"potentialAction\":[{\"@type\":\"SearchAction\",\"target\":{\"@type\":\"EntryPoint\",\"urlTemplate\":\"https:\\\/\\\/misije.hr\\\/?s={search_term_string}\"},\"query-input\":{\"@type\":\"PropertyValueSpecification\",\"valueRequired\":true,\"valueName\":\"search_term_string\"}}],\"inLanguage\":\"en-US\"},{\"@type\":\"Organization\",\"@id\":\"https:\\\/\\\/misije.hr\\\/#organization\",\"name\":\"Papinska misijska djela u Republici Hrvatskoj\",\"url\":\"https:\\\/\\\/misije.hr\\\/\",\"logo\":{\"@type\":\"ImageObject\",\"inLanguage\":\"en-US\",\"@id\":\"https:\\\/\\\/misije.hr\\\/#\\\/schema\\\/logo\\\/image\\\/\",\"url\":\"https:\\\/\\\/misije.hr\\\/wp-content\\\/uploads\\\/2021\\\/10\\\/Logo_transparent_compressed-1.png\",\"contentUrl\":\"https:\\\/\\\/misije.hr\\\/wp-content\\\/uploads\\\/2021\\\/10\\\/Logo_transparent_compressed-1.png\",\"width\":871,\"height\":876,\"caption\":\"Papinska misijska djela u Republici Hrvatskoj\"},\"image\":{\"@id\":\"https:\\\/\\\/misije.hr\\\/#\\\/schema\\\/logo\\\/image\\\/\"},\"sameAs\":[\"https:\\\/\\\/www.facebook.com\\\/missioHR\"]}]}<\/script>\n<!-- \/ Yoast SEO plugin. -->","yoast_head_json":{"title":"DJELO SV. DJETINJSTVA 2025\/2026. - Misije","description":"Svaki novi dan donosi priliku za u\u010denje i rast u dobroti, a nitko nije premali da bi \u010dinio dobro. Molitva, rije\u010d podr\u0161ke, znak pa\u017enje i...","robots":{"index":"index","follow":"follow","max-snippet":"max-snippet:-1","max-image-preview":"max-image-preview:large","max-video-preview":"max-video-preview:-1"},"canonical":"https:\/\/misije.hr\/en\/djelo-svetog-djetinjstva\/djelo-sv-djetinjstva-2025-2026\/","og_locale":"en_US","og_type":"article","og_title":"DJELO SV. DJETINJSTVA 2025\/2026. - Misije","og_description":"Svaki novi dan donosi priliku za u\u010denje i rast u dobroti, a nitko nije premali da bi \u010dinio dobro. Molitva, rije\u010d podr\u0161ke, znak pa\u017enje i...","og_url":"https:\/\/misije.hr\/en\/djelo-svetog-djetinjstva\/djelo-sv-djetinjstva-2025-2026\/","og_site_name":"Misije","article_publisher":"https:\/\/www.facebook.com\/missioHR","article_modified_time":"2025-12-09T08:06:22+00:00","og_image":[{"url":"https:\/\/misije.hr\/wp-content\/uploads\/2025\/12\/djelo-sv-djetinjstva-2025-2026-plakat.png","type":"","width":"","height":""}],"twitter_card":"summary_large_image","twitter_misc":{"Est. reading time":"3 minutes"},"schema":{"@context":"https:\/\/schema.org","@graph":[{"@type":"WebPage","@id":"https:\/\/misije.hr\/djelo-svetog-djetinjstva\/djelo-sv-djetinjstva-2025-2026\/","url":"https:\/\/misije.hr\/djelo-svetog-djetinjstva\/djelo-sv-djetinjstva-2025-2026\/","name":"DJELO SV. DJETINJSTVA 2025\/2026. - Misije","isPartOf":{"@id":"https:\/\/misije.hr\/#website"},"primaryImageOfPage":{"@id":"https:\/\/misije.hr\/djelo-svetog-djetinjstva\/djelo-sv-djetinjstva-2025-2026\/#primaryimage"},"image":{"@id":"https:\/\/misije.hr\/djelo-svetog-djetinjstva\/djelo-sv-djetinjstva-2025-2026\/#primaryimage"},"thumbnailUrl":"https:\/\/misije.hr\/wp-content\/uploads\/2025\/12\/djelo-sv-djetinjstva-2025-2026-plakat.png","datePublished":"2025-12-09T00:33:48+00:00","dateModified":"2025-12-09T08:06:22+00:00","description":"Svaki novi dan donosi priliku za u\u010denje i rast u dobroti, a nitko nije premali da bi \u010dinio dobro. Molitva, rije\u010d podr\u0161ke, znak pa\u017enje i...","breadcrumb":{"@id":"https:\/\/misije.hr\/djelo-svetog-djetinjstva\/djelo-sv-djetinjstva-2025-2026\/#breadcrumb"},"inLanguage":"en-US","potentialAction":[{"@type":"ReadAction","target":["https:\/\/misije.hr\/djelo-svetog-djetinjstva\/djelo-sv-djetinjstva-2025-2026\/"]}]},{"@type":"ImageObject","inLanguage":"en-US","@id":"https:\/\/misije.hr\/djelo-svetog-djetinjstva\/djelo-sv-djetinjstva-2025-2026\/#primaryimage","url":"https:\/\/misije.hr\/wp-content\/uploads\/2025\/12\/djelo-sv-djetinjstva-2025-2026-plakat.png","contentUrl":"https:\/\/misije.hr\/wp-content\/uploads\/2025\/12\/djelo-sv-djetinjstva-2025-2026-plakat.png"},{"@type":"BreadcrumbList","@id":"https:\/\/misije.hr\/djelo-svetog-djetinjstva\/djelo-sv-djetinjstva-2025-2026\/#breadcrumb","itemListElement":[{"@type":"ListItem","position":1,"name":"Naslovnica","item":"https:\/\/misije.hr\/"},{"@type":"ListItem","position":2,"name":"DJELO SVETOG DJETINJSTVA","item":"https:\/\/misije.hr\/djelo-svetog-djetinjstva\/"},{"@type":"ListItem","position":3,"name":"DJELO SV. DJETINJSTVA 2025\/2026."}]},{"@type":"WebSite","@id":"https:\/\/misije.hr\/#website","url":"https:\/\/misije.hr\/","name":"Missions","description":"misije","publisher":{"@id":"https:\/\/misije.hr\/#organization"},"potentialAction":[{"@type":"SearchAction","target":{"@type":"EntryPoint","urlTemplate":"https:\/\/misije.hr\/?s={search_term_string}"},"query-input":{"@type":"PropertyValueSpecification","valueRequired":true,"valueName":"search_term_string"}}],"inLanguage":"en-US"},{"@type":"Organization","@id":"https:\/\/misije.hr\/#organization","name":"Papinska misijska djela u Republici Hrvatskoj","url":"https:\/\/misije.hr\/","logo":{"@type":"ImageObject","inLanguage":"en-US","@id":"https:\/\/misije.hr\/#\/schema\/logo\/image\/","url":"https:\/\/misije.hr\/wp-content\/uploads\/2021\/10\/Logo_transparent_compressed-1.png","contentUrl":"https:\/\/misije.hr\/wp-content\/uploads\/2021\/10\/Logo_transparent_compressed-1.png","width":871,"height":876,"caption":"Papinska misijska djela u Republici Hrvatskoj"},"image":{"@id":"https:\/\/misije.hr\/#\/schema\/logo\/image\/"},"sameAs":["https:\/\/www.facebook.com\/missioHR"]}]}},"_links":{"self":[{"href":"https:\/\/misije.hr\/en\/wp-json\/wp\/v2\/pages\/2439","targetHints":{"allow":["GET"]}}],"collection":[{"href":"https:\/\/misije.hr\/en\/wp-json\/wp\/v2\/pages"}],"about":[{"href":"https:\/\/misije.hr\/en\/wp-json\/wp\/v2\/types\/page"}],"author":[{"embeddable":true,"href":"https:\/\/misije.hr\/en\/wp-json\/wp\/v2\/users\/1"}],"replies":[{"embeddable":true,"href":"https:\/\/misije.hr\/en\/wp-json\/wp\/v2\/comments?post=2439"}],"version-history":[{"count":5,"href":"https:\/\/misije.hr\/en\/wp-json\/wp\/v2\/pages\/2439\/revisions"}],"predecessor-version":[{"id":2450,"href":"https:\/\/misije.hr\/en\/wp-json\/wp\/v2\/pages\/2439\/revisions\/2450"}],"up":[{"embeddable":true,"href":"https:\/\/misije.hr\/en\/wp-json\/wp\/v2\/pages\/17"}],"wp:attachment":[{"href":"https:\/\/misije.hr\/en\/wp-json\/wp\/v2\/media?parent=2439"}],"curies":[{"name":"wp","href":"https:\/\/api.w.org\/{rel}","templated":true}]}}