{"id":6,"date":"2021-09-27T01:18:47","date_gmt":"2021-09-27T01:18:47","guid":{"rendered":"https:\/\/misije.hbk.hr\/?page_id=6"},"modified":"2024-02-01T16:50:27","modified_gmt":"2024-02-01T16:50:27","slug":"o-nama","status":"publish","type":"page","link":"https:\/\/misije.hr\/en\/o-nama\/","title":{"rendered":"ABOUT US"},"content":{"rendered":"<div class=\"vc_row wpb_row vc_row-fluid\"><div class=\"wpb_column vc_column_container vc_col-sm-12 sc_layouts_column_icons_position_left\"><div class=\"vc_column-inner\"><div class=\"wpb_wrapper\"><div class=\"vc_separator wpb_content_element vc_separator_align_center vc_sep_width_100 vc_sep_pos_align_center vc_separator_no_text vc_sep_color_grey vc_custom_1634858817752  vc_custom_1634858817752\" ><span class=\"vc_sep_holder vc_sep_holder_l\"><span  class=\"vc_sep_line\"><\/span><\/span><span class=\"vc_sep_holder vc_sep_holder_r\"><span  class=\"vc_sep_line\"><\/span><\/span>\n<\/div><\/div><\/div><\/div><\/div><div id=\"anchorNavigacijaId\" class=\"vc_row wpb_row vc_row-fluid\"><div class=\"wpb_column vc_column_container vc_col-sm-4 sc_layouts_column_icons_position_left\"><div class=\"vc_column-inner\"><div class=\"wpb_wrapper\">\n\t<div class=\"wpb_text_column wpb_content_element  ps2id\" >\n\t\t<div class=\"wpb_wrapper\">\n\t\t\t<h5 style=\"text-align: center;\"><a href=\"#nacionalnaUprava\">NACIONALNA UPRAVA<\/a><\/h5>\n\n\t\t<\/div>\n\t<\/div>\n<\/div><\/div><\/div><div class=\"wpb_column vc_column_container vc_col-sm-4 sc_layouts_column_icons_position_left\"><div class=\"vc_column-inner\"><div class=\"wpb_wrapper\">\n\t<div class=\"wpb_text_column wpb_content_element\" >\n\t\t<div class=\"wpb_wrapper\">\n\t\t\t<h5 style=\"text-align: center;\"><a href=\"#nacionalniUred\">NACIONALNI URED<\/a><\/h5>\n\n\t\t<\/div>\n\t<\/div>\n<\/div><\/div><\/div><div class=\"wpb_column vc_column_container vc_col-sm-4 sc_layouts_column_icons_position_left\"><div class=\"vc_column-inner\"><div class=\"wpb_wrapper\">\n\t<div class=\"wpb_text_column wpb_content_element\" >\n\t\t<div class=\"wpb_wrapper\">\n\t\t\t<h5 style=\"text-align: center;\"><a href=\"#nadbiskupijskiRavnatelji\">NAD\/BISKUPIJSKI RAVNATELJI ZA MISIJE<\/a><\/h5>\n\n\t\t<\/div>\n\t<\/div>\n<\/div><\/div><\/div><\/div><div class=\"vc_row wpb_row vc_row-fluid\"><div class=\"wpb_column vc_column_container vc_col-sm-12 sc_layouts_column_icons_position_left\"><div class=\"vc_column-inner\"><div class=\"wpb_wrapper\"><div class=\"vc_separator wpb_content_element vc_separator_align_center vc_sep_width_100 vc_sep_pos_align_center vc_separator_no_text vc_sep_color_grey vc_custom_1634858827163  vc_custom_1634858827163\" ><span class=\"vc_sep_holder vc_sep_holder_l\"><span  class=\"vc_sep_line\"><\/span><\/span><span class=\"vc_sep_holder vc_sep_holder_r\"><span  class=\"vc_sep_line\"><\/span><\/span>\n<\/div><\/div><\/div><\/div><\/div><div class=\"vc_row wpb_row vc_row-fluid\"><div class=\"wpb_column vc_column_container vc_col-sm-12 sc_layouts_column_icons_position_left\"><div class=\"vc_column-inner\"><div class=\"wpb_wrapper\"><div id=\"nacionalnaUprava\"\n\t\tclass=\"sc_title sc_title_default  vc_custom_1634672441348\"><h2 class=\"sc_item_title sc_title_title sc_align_default sc_item_title_style_default\">NACIONALNA UPRAVA PAPINSKIH MISIJSKIH DJELA<\/h2><\/div><!-- \/.sc_title --><\/div><\/div><\/div><\/div><div class=\"vc_row wpb_row vc_row-fluid\"><div class=\"wpb_column vc_column_container vc_col-sm-12 sc_layouts_column_icons_position_left\"><div class=\"vc_column-inner\"><div class=\"wpb_wrapper\">\n\t<div class=\"wpb_text_column wpb_content_element  vc_custom_1634492011341\" >\n\t\t<div class=\"wpb_wrapper\">\n\t\t\t<p>Mi smo ustanova Katoli\u010dke crkve koja poma\u017ee djelovanje misionara u siroma\u0161nim i nerazvijenim zemljama Afrike, Azije, Ju\u017ene Amerike i Oceanije.<\/p>\n<p>U tim dijelovima zbog nerazvijenosti i siroma\u0161tva stanovni\u0161tvo, a osobito djeca \u010desto trpe od gladi. Uz osnivanje novih kr\u0161\u0107anskih zajednica i \u0161irenje vjere na\u0161i misionari i misionarke poma\u017ei razvijati lokalne zajednice (pa tako osnivaju \u0161kole, educiraju u\u010denike, ali i odrasle raznim zanatima, te vr\u0161e zdravstvenu za\u0161titu).<\/p>\n<p>Sa\u010dinjavaju jednu jedinstvenu ustanovu koja ima \u010detiri razli\u010dita ogranka.<\/p>\n\n\t\t<\/div>\n\t<\/div>\n<div class=\"vc_row wpb_row vc_inner vc_row-fluid vc_custom_1633186512307\"><div class=\"wpb_column vc_column_container vc_col-sm-3 sc_layouts_column_icons_position_left\"><div class=\"vc_column-inner\"><div class=\"wpb_wrapper\"><div class=\"vc_btn3-container vc_btn3-center\" id=\"onama_djeloSirenjeVjereBtn\" ><a class=\"vc_general vc_btn3 vc_btn3-size-lg vc_btn3-shape-rounded vc_btn3-style-flat vc_btn3-block vc_btn3-color-juicy-pink\" href=\"\/en\/djelo-za-sirenje-vjere\/\" title=\"\">PROPAGATION OF FAITH<\/a><\/div><\/div><\/div><\/div><div class=\"wpb_column vc_column_container vc_col-sm-3 sc_layouts_column_icons_position_left\"><div class=\"vc_column-inner\"><div class=\"wpb_wrapper\"><div class=\"vc_btn3-container vc_btn3-center\" id=\"onama_djeloDjetinjstvaBtn\" ><a class=\"vc_general vc_btn3 vc_btn3-size-lg vc_btn3-shape-rounded vc_btn3-style-flat vc_btn3-block vc_btn3-color-blue\" href=\"\/en\/djelo-svetog-djetinjstva\/\" title=\"\">DJELO SV. DJETINJSTVA<\/a><\/div><\/div><\/div><\/div><div class=\"wpb_column vc_column_container vc_col-sm-3 sc_layouts_column_icons_position_left\"><div class=\"vc_column-inner\"><div class=\"wpb_wrapper\"><div class=\"vc_btn3-container vc_btn3-center\" id=\"onama_djeloPetraBtn\" ><a class=\"vc_general vc_btn3 vc_btn3-size-lg vc_btn3-shape-rounded vc_btn3-style-flat vc_btn3-block vc_btn3-color-warning\" href=\"\/en\/djelo-sv-petra\/\" title=\"\">SOCIETY ST. PETER APOSTLE<\/a><\/div><\/div><\/div><\/div><div class=\"wpb_column vc_column_container vc_col-sm-3 sc_layouts_column_icons_position_left\"><div class=\"vc_column-inner\"><div class=\"wpb_wrapper\"><div class=\"vc_btn3-container vc_btn3-center\" id=\"onama_djeloMisijskaBtn\" ><a class=\"vc_general vc_btn3 vc_btn3-size-lg vc_btn3-shape-rounded vc_btn3-style-flat vc_btn3-block vc_btn3-color-green\" href=\"\/en\/misijska-zajednica\/\" title=\"\">MISSION COMMUNITY<\/a><\/div><\/div><\/div><\/div><\/div><\/div><\/div><\/div><\/div><div class=\"vc_row wpb_row vc_row-fluid vc_custom_1634672531291 vc_row-has-fill\"><div class=\"wpb_column vc_column_container vc_col-sm-12 sc_layouts_column_icons_position_left\"><div class=\"vc_column-inner\"><div class=\"wpb_wrapper\"><div id=\"nacionalniUred\"\n\t\tclass=\"sc_title sc_title_default  vc_custom_1633566946593\"><h2 class=\"sc_item_title sc_title_title sc_align_default sc_item_title_style_default\">NACIONALNI MISIJSKI URED<\/h2><\/div><!-- \/.sc_title --><div class=\"vc_row wpb_row vc_inner vc_row-fluid\"><div class=\"wpb_column vc_column_container vc_col-sm-12 sc_layouts_column_icons_position_left\"><div class=\"vc_column-inner\"><div class=\"wpb_wrapper\">\n\t<div class=\"wpb_text_column wpb_content_element\" >\n\t\t<div class=\"wpb_wrapper\">\n\t\t\t<p>Svaka Nacionalna uprava Papinskih misijskih djela ima i svoj sredi\u0161nji ured, na \u010dijem je \u010delu Nacionalni ravnatelj, a koji brine o misijskom pastoralu u toj dr\u017eavi.<\/p>\n<p>U Republici Hrvatskoj on djeluje pod nazivom Nacionalni misijski ured, a nalazi se u Zagrebu.<\/p>\n\n\t\t<\/div>\n\t<\/div>\n<\/div><\/div><\/div><\/div><\/div><\/div><\/div><\/div><section class=\"vc_section vc_custom_1633181496548 vc_section-has-fill\"><div class=\"vc_row wpb_row vc_row-fluid\"><div class=\"wpb_column vc_column_container vc_col-sm-8 sc_layouts_column_icons_position_left\"><div class=\"vc_column-inner\"><div class=\"wpb_wrapper\"><div class=\"wpb_gmaps_widget wpb_content_element\"><div class=\"wpb_wrapper\"><div class=\"wpb_map_wraper\"><iframe src=\"https:\/\/www.google.com\/maps\/embed?pb=!1m18!1m12!1m3!1d2779.6415515776885!2d15.975771015806078!3d45.838458116412745!2m3!1f0!2f0!3f0!3m2!1i1024!2i768!4f13.1!3m3!1m2!1s0x4765d76be0ea5c99%3A0x10070df52ab1c9f3!2sKsaverska%20cesta%2012A%2C%2010000%2C%20Zagreb!5e0!3m2!1sen!2shr!4v1633734274515!5m2!1sen!2shr\" width=\"100%\" height=\"450\" style=\"border:0;\" allowfullscreen=\"\" loading=\"lazy\"><\/iframe><\/div><\/div><\/div><\/div><\/div><\/div><div class=\"wpb_column vc_column_container vc_col-sm-4 sc_layouts_column_icons_position_left\"><div class=\"vc_column-inner\"><div class=\"wpb_wrapper\">\n\t<div class=\"wpb_text_column wpb_content_element\" >\n\t\t<div class=\"wpb_wrapper\">\n\t\t\t<h3>Address<\/h3>\n<p>Ksaverska cesta 12a, 10000 ZAGREB<br \/>tel. <span class=\"skype_c2c_print_container\">01\/ 56 35 055<\/span>;<br \/>e-mail: <a href=\"mailto:missio.croatia@misije.hr\">missio.croatia@misije.hr<\/a><\/p>\n<h3>Uredovno vrijeme:<\/h3>\n<p>Ponedjeljak-petak: 8:00 &#8211; 16:00<\/p>\n\n\t\t<\/div>\n\t<\/div>\n<\/div><\/div><\/div><\/div><div id=\"ravnateljicaRow_parent\" class=\"vc_row wpb_row vc_row-fluid vc_custom_1664586321787\"><div class=\"wpb_column vc_column_container vc_col-sm-6 sc_layouts_column_icons_position_left\"><div class=\"vc_column-inner\"><div class=\"wpb_wrapper\">\n\t<div class=\"wpb_text_column wpb_content_element\" >\n\t\t<div class=\"wpb_wrapper\">\n\t\t\t<h3>Nacionalna ravnateljica Papinskih misijskih djela u Republici Hrvatskoj:<\/h3>\n<p><img loading=\"lazy\" decoding=\"async\" class=\"osjencanaSlika alignleft wp-image-1807\" src=\"https:\/\/misije.hr\/wp-content\/uploads\/2021\/10\/ivana-margarin-265x300.jpg\" alt=\"O NAMA - S. Ivana Margarin, FDC\" width=\"133\" height=\"151\" srcset=\"https:\/\/misije.hr\/wp-content\/uploads\/2021\/10\/ivana-margarin-265x300.jpg 265w, https:\/\/misije.hr\/wp-content\/uploads\/2021\/10\/ivana-margarin-11x12.jpg 11w, https:\/\/misije.hr\/wp-content\/uploads\/2021\/10\/ivana-margarin-370x419.jpg 370w, https:\/\/misije.hr\/wp-content\/uploads\/2021\/10\/ivana-margarin.jpg 571w\" sizes=\"auto, (max-width: 133px) 100vw, 133px\" \/>S. Ivana Margarin, FDC<br \/>Ksaverska cesta 12a, 10000 ZAGREB<br \/>tel. <span class=\"skype_c2c_print_container\">01\/56 35 055<\/span>;<br \/>e-mail: <a href=\"mailto:missio.croatia@misije.hr\">missio.croatia@misije.hr<\/a><\/p>\n\n\t\t<\/div>\n\t<\/div>\n<\/div><\/div><\/div><div class=\"wpb_column vc_column_container vc_col-sm-6 sc_layouts_column_icons_position_left\"><div class=\"vc_column-inner\"><div class=\"wpb_wrapper\">\n\t<div class=\"wpb_text_column wpb_content_element  vc_custom_1664586725883\" >\n\t\t<div class=\"wpb_wrapper\">\n\t\t\t<h3>Nacionalni misijski ured:<\/h3>\n\n\t\t<\/div>\n\t<\/div>\n<div id=\"ravnateljicaRow\" class=\"vc_row wpb_row vc_inner vc_row-fluid vc_column-gap-1 vc_row-o-equal-height vc_row-o-content-top vc_row-flex\"><div class=\"wpb_column vc_column_container vc_col-sm-12 sc_layouts_column_icons_position_left\"><div class=\"vc_column-inner\"><div class=\"wpb_wrapper\">\n\t<div class=\"wpb_text_column wpb_content_element\" >\n\t\t<div class=\"wpb_wrapper\">\n\t\t\t<p style=\"text-align: left;\"><img loading=\"lazy\" decoding=\"async\" class=\"osjencanaSlika alignleft wp-image-2053\" src=\"https:\/\/misije.hr\/wp-content\/uploads\/2022\/10\/foto-VLATKA-BURIC-za-web-1-2-300x267.jpg\" alt=\"\" width=\"153\" height=\"136\" srcset=\"https:\/\/misije.hr\/wp-content\/uploads\/2022\/10\/foto-VLATKA-BURIC-za-web-1-2-300x267.jpg 300w, https:\/\/misije.hr\/wp-content\/uploads\/2022\/10\/foto-VLATKA-BURIC-za-web-1-2-1024x911.jpg 1024w, https:\/\/misije.hr\/wp-content\/uploads\/2022\/10\/foto-VLATKA-BURIC-za-web-1-2-768x684.jpg 768w, https:\/\/misije.hr\/wp-content\/uploads\/2022\/10\/foto-VLATKA-BURIC-za-web-1-2-13x12.jpg 13w, https:\/\/misije.hr\/wp-content\/uploads\/2022\/10\/foto-VLATKA-BURIC-za-web-1-2-370x329.jpg 370w, https:\/\/misije.hr\/wp-content\/uploads\/2022\/10\/foto-VLATKA-BURIC-za-web-1-2-770x685.jpg 770w, https:\/\/misije.hr\/wp-content\/uploads\/2022\/10\/foto-VLATKA-BURIC-za-web-1-2.jpg 1401w\" sizes=\"auto, (max-width: 153px) 100vw, 153px\" \/>G\u0111a. Vlatka Buri\u0107<br \/>tel. 01\/56 35 055;<br \/>e-mail: <a href=\"mailto:vlatka.buric@misije.hr\" target=\"_blank\" rel=\"noopener\">vlatka.buric@misije.hr<\/a><\/p>\n\n\t\t<\/div>\n\t<\/div>\n<\/div><\/div><\/div><\/div><\/div><\/div><\/div><\/div><\/section><section class=\"vc_section vc_custom_1634672575392\"><div class=\"vc_row wpb_row vc_row-fluid\"><div class=\"wpb_column vc_column_container vc_col-sm-12 sc_layouts_column_icons_position_left\"><div class=\"vc_column-inner\"><div class=\"wpb_wrapper\"><div id=\"nadbiskupijskiRavnatelji\"\n\t\tclass=\"sc_title sc_title_default\"><h2 class=\"sc_item_title sc_title_title sc_align_default sc_item_title_style_default\">NAD\/BISKUPIJSKI RAVNATELJI ZA MISIJE<\/h2><\/div><!-- \/.sc_title --><\/div><\/div><\/div><\/div><div class=\"vc_row wpb_row vc_row-fluid vc_custom_1633181395466 vc_row-o-content-bottom vc_row-flex\"><div class=\"wpb_column vc_column_container vc_col-sm-12 vc_col-lg-9 vc_col-md-12 sc_layouts_column_icons_position_left\"><div class=\"vc_column-inner\"><div class=\"wpb_wrapper\">\n\t<div class=\"wpb_text_column wpb_content_element\" >\n\t\t<div class=\"wpb_wrapper\">\n\t\t\t<div class=\"wp-block-interactive-geo-maps-display-map\"><div class=\"map_wrapper\" id=\"map_wrapper_918\">\n<div class=\"map_box\" style=\"max-width:2000px\">\n<div class=\"map_aspect_ratio\" style=\"padding-top:60%\" data-padding-top=\"60%\" data-padding-top-mobile=\"0%\">\n<div class=\"map_container\">\n<div class=\"map_render map_loading\" id=\"map_918\"><\/div>\n<\/div>\n<\/div>\n<\/div>\n<\/div><\/div>\n\n\t\t<\/div>\n\t<\/div>\n<\/div><\/div><\/div><div class=\"wpb_column vc_column_container vc_col-sm-5 vc_col-lg-3 vc_col-md-4 sc_layouts_column_icons_position_left\"><div class=\"vc_column-inner\"><div class=\"wpb_wrapper\">\n\t<div class=\"wpb_text_column wpb_content_element\" >\n\t\t<div class=\"wpb_wrapper\">\n\t\t\t<div class=\"minfo\">\n<h3>Predsjednik Vije\u0107a za misije Hrvatske biskupske konferencije<\/h3>\n<p>Mons. Ivan \u0160tironja<br \/>Biskup pore\u010dki i pulski<br \/>Dobrilina 3, 52440 PORE\u010c<br \/>tel: 052\/432-064<br \/>e-mail: <a href=\"mailto:biskupija.porec.pula@gmail.com\">biskupija.porec.pula@gmail.com<\/a><\/p>\n<\/div>\n\n\t\t<\/div>\n\t<\/div>\n<\/div><\/div><\/div><\/div><\/section>","protected":false},"excerpt":{"rendered":"NACIONALNA UPRAVA NACIONALNI URED NAD\/BISKUPIJSKI RAVNATELJI ZA MISIJE NACIONALNA UPRAVA PAPINSKIH MISIJSKIH DJELA Mi smo ustanova Katoli\u010dke crkve koja poma\u017ee djelovanje misionara u siroma\u0161nim i nerazvijenim zemljama Afrike, Azije, Ju\u017ene Amerike i Oceanije. U tim dijelovima zbog nerazvijenosti i siroma\u0161tva stanovni\u0161tvo, a osobito djeca \u010desto trpe od gladi. Uz osnivanje novih kr\u0161\u0107anskih zajednica i \u0161irenje vjere na\u0161i misionari i misionarke&hellip;","protected":false},"author":1,"featured_media":0,"parent":0,"menu_order":0,"comment_status":"closed","ping_status":"closed","template":"","meta":{"_acf_changed":false,"footnotes":""},"class_list":["post-6","page","type-page","status-publish","hentry"],"acf":[],"yoast_head":"<!-- This site is optimized with the Yoast SEO plugin v27.3 - https:\/\/yoast.com\/product\/yoast-seo-wordpress\/ -->\n<title>O NAMA - Misije<\/title>\n<meta name=\"description\" content=\"O NAMA - sve informacije vezane uz organizaciju i papinska misijska djela u Republici Hrvatskoj\" \/>\n<meta name=\"robots\" content=\"index, follow, max-snippet:-1, max-image-preview:large, max-video-preview:-1\" \/>\n<link rel=\"canonical\" href=\"https:\/\/misije.hr\/en\/o-nama\/\" \/>\n<meta property=\"og:locale\" content=\"en_US\" \/>\n<meta property=\"og:type\" content=\"article\" \/>\n<meta property=\"og:title\" content=\"O NAMA - Misije\" \/>\n<meta property=\"og:description\" content=\"O NAMA - sve informacije vezane uz organizaciju i papinska misijska djela u Republici Hrvatskoj\" \/>\n<meta property=\"og:url\" content=\"https:\/\/misije.hr\/en\/o-nama\/\" \/>\n<meta property=\"og:site_name\" content=\"Misije\" \/>\n<meta property=\"article:publisher\" content=\"https:\/\/www.facebook.com\/missioHR\" \/>\n<meta property=\"article:modified_time\" content=\"2024-02-01T16:50:27+00:00\" \/>\n<meta property=\"og:image\" content=\"https:\/\/misije.hr\/wp-content\/uploads\/2021\/10\/ivana-margarin-265x300.jpg\" \/>\n<meta name=\"twitter:card\" content=\"summary_large_image\" \/>\n<meta name=\"twitter:label1\" content=\"Est. reading time\" \/>\n\t<meta name=\"twitter:data1\" content=\"3 minutes\" \/>\n<script type=\"application\/ld+json\" class=\"yoast-schema-graph\">{\"@context\":\"https:\\\/\\\/schema.org\",\"@graph\":[{\"@type\":[\"WebPage\",\"AboutPage\"],\"@id\":\"https:\\\/\\\/misije.hr\\\/o-nama\\\/\",\"url\":\"https:\\\/\\\/misije.hr\\\/o-nama\\\/\",\"name\":\"O NAMA - Misije\",\"isPartOf\":{\"@id\":\"https:\\\/\\\/misije.hr\\\/#website\"},\"primaryImageOfPage\":{\"@id\":\"https:\\\/\\\/misije.hr\\\/o-nama\\\/#primaryimage\"},\"image\":{\"@id\":\"https:\\\/\\\/misije.hr\\\/o-nama\\\/#primaryimage\"},\"thumbnailUrl\":\"https:\\\/\\\/misije.hr\\\/wp-content\\\/uploads\\\/2021\\\/10\\\/ivana-margarin-265x300.jpg\",\"datePublished\":\"2021-09-27T01:18:47+00:00\",\"dateModified\":\"2024-02-01T16:50:27+00:00\",\"description\":\"O NAMA - sve informacije vezane uz organizaciju i papinska misijska djela u Republici Hrvatskoj\",\"breadcrumb\":{\"@id\":\"https:\\\/\\\/misije.hr\\\/o-nama\\\/#breadcrumb\"},\"inLanguage\":\"en-US\",\"potentialAction\":[{\"@type\":\"ReadAction\",\"target\":[\"https:\\\/\\\/misije.hr\\\/o-nama\\\/\"]}]},{\"@type\":\"ImageObject\",\"inLanguage\":\"en-US\",\"@id\":\"https:\\\/\\\/misije.hr\\\/o-nama\\\/#primaryimage\",\"url\":\"https:\\\/\\\/misije.hr\\\/wp-content\\\/uploads\\\/2021\\\/10\\\/ivana-margarin-265x300.jpg\",\"contentUrl\":\"https:\\\/\\\/misije.hr\\\/wp-content\\\/uploads\\\/2021\\\/10\\\/ivana-margarin-265x300.jpg\"},{\"@type\":\"BreadcrumbList\",\"@id\":\"https:\\\/\\\/misije.hr\\\/o-nama\\\/#breadcrumb\",\"itemListElement\":[{\"@type\":\"ListItem\",\"position\":1,\"name\":\"Naslovnica\",\"item\":\"https:\\\/\\\/misije.hr\\\/\"},{\"@type\":\"ListItem\",\"position\":2,\"name\":\"O NAMA\"}]},{\"@type\":\"WebSite\",\"@id\":\"https:\\\/\\\/misije.hr\\\/#website\",\"url\":\"https:\\\/\\\/misije.hr\\\/\",\"name\":\"Misije\",\"description\":\"misije\",\"publisher\":{\"@id\":\"https:\\\/\\\/misije.hr\\\/#organization\"},\"potentialAction\":[{\"@type\":\"SearchAction\",\"target\":{\"@type\":\"EntryPoint\",\"urlTemplate\":\"https:\\\/\\\/misije.hr\\\/?s={search_term_string}\"},\"query-input\":{\"@type\":\"PropertyValueSpecification\",\"valueRequired\":true,\"valueName\":\"search_term_string\"}}],\"inLanguage\":\"en-US\"},{\"@type\":\"Organization\",\"@id\":\"https:\\\/\\\/misije.hr\\\/#organization\",\"name\":\"Papinska misijska djela u Republici Hrvatskoj\",\"url\":\"https:\\\/\\\/misije.hr\\\/\",\"logo\":{\"@type\":\"ImageObject\",\"inLanguage\":\"en-US\",\"@id\":\"https:\\\/\\\/misije.hr\\\/#\\\/schema\\\/logo\\\/image\\\/\",\"url\":\"https:\\\/\\\/misije.hr\\\/wp-content\\\/uploads\\\/2021\\\/10\\\/Logo_transparent_compressed-1.png\",\"contentUrl\":\"https:\\\/\\\/misije.hr\\\/wp-content\\\/uploads\\\/2021\\\/10\\\/Logo_transparent_compressed-1.png\",\"width\":871,\"height\":876,\"caption\":\"Papinska misijska djela u Republici Hrvatskoj\"},\"image\":{\"@id\":\"https:\\\/\\\/misije.hr\\\/#\\\/schema\\\/logo\\\/image\\\/\"},\"sameAs\":[\"https:\\\/\\\/www.facebook.com\\\/missioHR\"]}]}<\/script>\n<!-- \/ Yoast SEO plugin. -->","yoast_head_json":{"title":"O NAMA - Misije","description":"O NAMA - sve informacije vezane uz organizaciju i papinska misijska djela u Republici Hrvatskoj","robots":{"index":"index","follow":"follow","max-snippet":"max-snippet:-1","max-image-preview":"max-image-preview:large","max-video-preview":"max-video-preview:-1"},"canonical":"https:\/\/misije.hr\/en\/o-nama\/","og_locale":"en_US","og_type":"article","og_title":"O NAMA - Misije","og_description":"O NAMA - sve informacije vezane uz organizaciju i papinska misijska djela u Republici Hrvatskoj","og_url":"https:\/\/misije.hr\/en\/o-nama\/","og_site_name":"Misije","article_publisher":"https:\/\/www.facebook.com\/missioHR","article_modified_time":"2024-02-01T16:50:27+00:00","og_image":[{"url":"https:\/\/misije.hr\/wp-content\/uploads\/2021\/10\/ivana-margarin-265x300.jpg","type":"","width":"","height":""}],"twitter_card":"summary_large_image","twitter_misc":{"Est. reading time":"3 minutes"},"schema":{"@context":"https:\/\/schema.org","@graph":[{"@type":["WebPage","AboutPage"],"@id":"https:\/\/misije.hr\/o-nama\/","url":"https:\/\/misije.hr\/o-nama\/","name":"O NAMA - Misije","isPartOf":{"@id":"https:\/\/misije.hr\/#website"},"primaryImageOfPage":{"@id":"https:\/\/misije.hr\/o-nama\/#primaryimage"},"image":{"@id":"https:\/\/misije.hr\/o-nama\/#primaryimage"},"thumbnailUrl":"https:\/\/misije.hr\/wp-content\/uploads\/2021\/10\/ivana-margarin-265x300.jpg","datePublished":"2021-09-27T01:18:47+00:00","dateModified":"2024-02-01T16:50:27+00:00","description":"O NAMA - sve informacije vezane uz organizaciju i papinska misijska djela u Republici Hrvatskoj","breadcrumb":{"@id":"https:\/\/misije.hr\/o-nama\/#breadcrumb"},"inLanguage":"en-US","potentialAction":[{"@type":"ReadAction","target":["https:\/\/misije.hr\/o-nama\/"]}]},{"@type":"ImageObject","inLanguage":"en-US","@id":"https:\/\/misije.hr\/o-nama\/#primaryimage","url":"https:\/\/misije.hr\/wp-content\/uploads\/2021\/10\/ivana-margarin-265x300.jpg","contentUrl":"https:\/\/misije.hr\/wp-content\/uploads\/2021\/10\/ivana-margarin-265x300.jpg"},{"@type":"BreadcrumbList","@id":"https:\/\/misije.hr\/o-nama\/#breadcrumb","itemListElement":[{"@type":"ListItem","position":1,"name":"Naslovnica","item":"https:\/\/misije.hr\/"},{"@type":"ListItem","position":2,"name":"O NAMA"}]},{"@type":"WebSite","@id":"https:\/\/misije.hr\/#website","url":"https:\/\/misije.hr\/","name":"Missions","description":"misije","publisher":{"@id":"https:\/\/misije.hr\/#organization"},"potentialAction":[{"@type":"SearchAction","target":{"@type":"EntryPoint","urlTemplate":"https:\/\/misije.hr\/?s={search_term_string}"},"query-input":{"@type":"PropertyValueSpecification","valueRequired":true,"valueName":"search_term_string"}}],"inLanguage":"en-US"},{"@type":"Organization","@id":"https:\/\/misije.hr\/#organization","name":"Papinska misijska djela u Republici Hrvatskoj","url":"https:\/\/misije.hr\/","logo":{"@type":"ImageObject","inLanguage":"en-US","@id":"https:\/\/misije.hr\/#\/schema\/logo\/image\/","url":"https:\/\/misije.hr\/wp-content\/uploads\/2021\/10\/Logo_transparent_compressed-1.png","contentUrl":"https:\/\/misije.hr\/wp-content\/uploads\/2021\/10\/Logo_transparent_compressed-1.png","width":871,"height":876,"caption":"Papinska misijska djela u Republici Hrvatskoj"},"image":{"@id":"https:\/\/misije.hr\/#\/schema\/logo\/image\/"},"sameAs":["https:\/\/www.facebook.com\/missioHR"]}]}},"_links":{"self":[{"href":"https:\/\/misije.hr\/en\/wp-json\/wp\/v2\/pages\/6","targetHints":{"allow":["GET"]}}],"collection":[{"href":"https:\/\/misije.hr\/en\/wp-json\/wp\/v2\/pages"}],"about":[{"href":"https:\/\/misije.hr\/en\/wp-json\/wp\/v2\/types\/page"}],"author":[{"embeddable":true,"href":"https:\/\/misije.hr\/en\/wp-json\/wp\/v2\/users\/1"}],"replies":[{"embeddable":true,"href":"https:\/\/misije.hr\/en\/wp-json\/wp\/v2\/comments?post=6"}],"version-history":[{"count":72,"href":"https:\/\/misije.hr\/en\/wp-json\/wp\/v2\/pages\/6\/revisions"}],"predecessor-version":[{"id":2257,"href":"https:\/\/misije.hr\/en\/wp-json\/wp\/v2\/pages\/6\/revisions\/2257"}],"wp:attachment":[{"href":"https:\/\/misije.hr\/en\/wp-json\/wp\/v2\/media?parent=6"}],"curies":[{"name":"wp","href":"https:\/\/api.w.org\/{rel}","templated":true}]}}