{"id":9,"date":"2021-09-27T01:19:56","date_gmt":"2021-09-27T01:19:56","guid":{"rendered":"https:\/\/misije.hbk.hr\/?page_id=9"},"modified":"2023-02-06T11:09:13","modified_gmt":"2023-02-06T11:09:13","slug":"dar-za-misije-doniraj","status":"publish","type":"page","link":"https:\/\/misije.hr\/en\/dar-za-misije-doniraj\/","title":{"rendered":"DAR ZA MISIJE"},"content":{"rendered":"<div class=\"vc_row wpb_row vc_row-fluid\"><div class=\"wpb_column vc_column_container vc_col-sm-12 sc_layouts_column_icons_position_left\"><div class=\"vc_column-inner\"><div class=\"wpb_wrapper\">\n\t<div class=\"wpb_raw_code wpb_content_element wpb_raw_html\" >\n\t\t<div class=\"wpb_wrapper\">\n\t\t\t<div class=\"vc_row wpb_row vc_row-fluid\">\n    <div class=\"wpb_column vc_column_container vc_col-sm-12 sc_layouts_column_icons_position_left\">\n        <div class=\"vc_column-inner\">\n            <div class=\"wpb_wrapper\">\n                <div class=\"vc_separator wpb_content_element vc_separator_align_center vc_sep_width_100 vc_sep_pos_align_center vc_separator_no_text vc_sep_color_grey vc_custom_1634858888744  vc_custom_1634858888744\" style=\"margin-top:0px !important; margin-bottom: 10px !important;\">\n                    <span class=\"vc_sep_holder vc_sep_holder_l\">\n                        <span class=\"vc_sep_line\"><\/span>\n                    <\/span>\n                    <span class=\"vc_sep_holder vc_sep_holder_r\">\n                        <span class=\"vc_sep_line\"><\/span>\n                    <\/span>\n                <\/div>\n            <\/div>\n        <\/div>\n    <\/div>\n<\/div>\n<div class=\"vc_row wpb_row vc_row-fluid\">\n    <div class=\"wpb_column vc_column_container vc_col-sm-12 sc_layouts_column_icons_position_left\">\n        <div class=\"vc_column-inner\">\n            <div class=\"wpb_wrapper\">\n                <div class=\"vc_wp_custommenu wpb_content_element wpCustomMenuDesign\">\n                    <div class=\"widget widget_nav_menu\">\n                        <div class=\"menu-dar-za-container\">\n                            <ul id=\"menu-dar-za-misije\" class=\"menu\">\n                                <li id=\"menu-item-bunari\" class=\"menu-item menu-item-type-post_type menu-item-object-page menu-item-1067\">\n                                    <a href=\"\/en\/gradimo-bunare-u-misijskim-zemljama\/\">\n                                        <i class=\"vc_btn3-icon icon-heart\" style=\"color:white;\"><\/i>\n                                        GRADIMO BUNARE U MISIJSKIM ZEMLJAMA\n                                    <\/a>\n                                <\/li>\n                                <li id=\"menu-item-skolovanje\" class=\"menu-item menu-item-type-post_type menu-item-object-page menu-item-1071\">\n                                    <a href=\"\/en\/pomoc-za-skolovanje-djece-u-misijama\/\">\n                                        <i class=\"vc_btn3-icon icon-heart\" style=\"color:white;\"><\/i>\n                                        POMO\u0106 ZA \u0160KOLOVANJE DJECE U MISIJAMAA\n                                    <\/a>\n                                <\/li>\n                                <li id=\"menu-item-gladni\" class=\"menu-item menu-item-type-post_type menu-item-object-page menu-item-1071\">\n                                    <a href=\"\/en\/dar-za-gladne-bolesne-i-najpotrebnije\/\">\n                                        <i class=\"vc_btn3-icon icon-heart\" style=\"color:white;\"><\/i>\n                                        DAR ZA GLADNE, BOLESNE I NAJPOTREBNIJE\n                                    <\/a>\n                                <\/li>\n                                <li id=\"menu-item-kutijica\" class=\"menu-item menu-item-type-post_type menu-item-object-page menu-item-1071\">\n                                    <a href=\"\/en\/misijska-kasica\/\">\n                                        <i class=\"vc_btn3-icon icon-heart\" style=\"color:white;\"><\/i>\n                                        MISIJSKA KUTIJICA \u2013 KASICA\n                                    <\/a>\n                                <\/li>\n                                <li id=\"menu-item-miva-hrvatska\" class=\"menu-item menu-item-type-post_type menu-item-object-page menu-item-1071\">\n                                    <a href=\"\/en\/akcija-miva-hrvatska\/\">\n                                        <i class=\"vc_btn3-icon icon-heart\" style=\"color:white;\"><\/i>\n                                        AKCIJA MIVA HRVATSKA\n                                    <\/a>\n                                <\/li>\n                            <\/ul>\n                        <\/div>\n                    <\/div>\n                <\/div>\n            <\/div>\n        <\/div>\n    <\/div>\n<\/div>\n<div class=\"vc_row wpb_row vc_row-fluid\">\n    <div class=\"wpb_column vc_column_container vc_col-sm-12 sc_layouts_column_icons_position_left\">\n        <div class=\"vc_column-inner\">\n            <div class=\"wpb_wrapper\">\n                <div class=\"vc_separator wpb_content_element vc_separator_align_center vc_sep_width_100 vc_sep_pos_align_center vc_separator_no_text vc_sep_color_grey vc_custom_1634858895785  vc_custom_1634858895785\" style=\"margin-top:10px !important; margin-bottom: 0px !important;\">\n                    <span class=\"vc_sep_holder vc_sep_holder_l\">\n                        <span class=\"vc_sep_line\"><\/span>\n                    <\/span>\n                    <span class=\"vc_sep_holder vc_sep_holder_r\">\n                        <span class=\"vc_sep_line\"><\/span>\n                    <\/span>\n                <\/div>\n            <\/div>\n        <\/div>\n    <\/div>\n<\/div>\n\t\t<\/div>\n\t<\/div>\n<\/div><\/div><\/div><\/div><div class=\"vc_row wpb_row vc_row-fluid vc_custom_1634934669097\"><div class=\"wpb_column vc_column_container vc_col-sm-12 sc_layouts_column_icons_position_left\"><div class=\"vc_column-inner\"><div class=\"wpb_wrapper\">\n\t<div class=\"wpb_text_column wpb_content_element\" >\n\t\t<div class=\"wpb_wrapper\">\n\t\t\t<p><strong>Ne zaboravimo da Bog sve mo\u017ee, ali \u017eeli na\u0161u suradnju!<\/strong><\/p>\n<p>Neka Vas darivanje ispuni pravom duhovnom rado\u0161\u0107u i dubokim smislom rada i odricanja koje ugra\u0111ujete u dobrobit daleke bra\u0107e i sestara u istoj vjeri. Va\u0161im doprinosom mnogi ljudi i narodi primaju\u00a0dragocjeno blago Evan\u0111elja,\u00a0do\u017eivljavaju pravo ljudsko dostojanstvo, djeci omogu\u0107ujete radost sretnog odrastanja, ljudi postaju svjesni da su voljena bi\u0107a. Misijska podru\u010dja izlo\u017eena su mnogim nevoljama (glad, bolesti, nepismenost, izrabljivanje), ali velikodu\u0161no\u0161\u0107u misionara i njihovih dobro\u010dinitelja rastu u duhovnom pogledu i svekolikom napretku.<\/p>\n<div><strong>Uplatu mo\u017eete izvr\u0161iti i putem dolje prikazanog koda koriste\u0107i aplikaciju mobilnog bankarstva.<\/strong> <em>Skeniranjem ovog koda aplikacija \u0107e automatski u\u010ditati podatke potrebne za uplatu.<\/em><\/div>\n<div><em><br \/>\n<img loading=\"lazy\" decoding=\"async\" class=\"aligncenter wp-image-1962 size-full\" src=\"https:\/\/misije.hr\/wp-content\/uploads\/2022\/03\/pmd.png\" alt=\"\" width=\"706\" height=\"184\" srcset=\"https:\/\/misije.hr\/wp-content\/uploads\/2022\/03\/pmd.png 706w, https:\/\/misije.hr\/wp-content\/uploads\/2022\/03\/pmd-300x78.png 300w, https:\/\/misije.hr\/wp-content\/uploads\/2022\/03\/pmd-18x5.png 18w, https:\/\/misije.hr\/wp-content\/uploads\/2022\/03\/pmd-370x96.png 370w\" sizes=\"auto, (max-width: 706px) 100vw, 706px\" \/><br \/>\n<\/em><\/div>\n<div><\/div>\n<p>Darovi za potrebe misija mogu se poslati prema prilo\u017eenoj uplatnici (nalogu za pla\u0107anje) ili donijeti u na\u0161 ured.<\/p>\n<p>&nbsp;<\/p>\n<p><strong><img loading=\"lazy\" decoding=\"async\" class=\"osjencanaSlika aligncenter wp-image-2116 size-full\" src=\"https:\/\/misije.hr\/wp-content\/uploads\/2023\/02\/NOVO-Uplatnica-misije-.jpg\" alt=\"\" width=\"600\" height=\"404\" srcset=\"https:\/\/misije.hr\/wp-content\/uploads\/2023\/02\/NOVO-Uplatnica-misije-.jpg 600w, https:\/\/misije.hr\/wp-content\/uploads\/2023\/02\/NOVO-Uplatnica-misije--300x202.jpg 300w, https:\/\/misije.hr\/wp-content\/uploads\/2023\/02\/NOVO-Uplatnica-misije--18x12.jpg 18w, https:\/\/misije.hr\/wp-content\/uploads\/2023\/02\/NOVO-Uplatnica-misije--370x249.jpg 370w\" sizes=\"auto, (max-width: 600px) 100vw, 600px\" \/>\u00a0<\/strong><\/p>\n<p style=\"text-align: center;\"><span class=\"trx_addons_accent_bg\">\u017delite li pomo\u0107i misionarima, svoj prilog mo\u017eete uplatiti prema dolje navedenim podacima:<\/span><\/p>\n<ul style=\"margin-top: -15px; list-style-type: none;\">\n<li style=\"text-align: center;\"><strong>Nacionalna uprava Papinskih misijskih djela u RH<\/strong><\/li>\n<li style=\"text-align: center;\"><strong>Ksaverska cesta 12a, 10000 ZAGREB<\/strong><\/li>\n<li style=\"text-align: center;\"><strong>IBAN: HR6323600001101542876<\/strong><\/li>\n<li style=\"text-align: center;\"><strong>SWIFT: ZABAHR2XX<\/strong><\/li>\n<li style=\"text-align: center;\"><strong>Svrha: pomo\u0107 za misije<\/strong><\/li>\n<li style=\"text-align: center;\"><strong>Poziv na broj: 00 303001<\/strong><\/li>\n<\/ul>\n<p>Nacionalna uprava Papinskih misijskih djela u Republici Hrvatskoj u na\u0161im prilikama i prema na\u0161im mogu\u0107nostima pokre\u0107e mnoge misijske aktivnosti i projekte. Kao dijelu Papinskih misijskih djela op\u0107e Crkve prvenstvena joj je zada\u0107a da u suradnji sa sredi\u0161njom upravom Papinskih misijskih djela u Rimu dade doprinos rastu i napretku Crkve u svim dijelovima svijeta. Zajedni\u010dka i sustavna skrb za misijska podru\u010dja osigurava da se uzmu u obzir potrebe ba\u0161 svake biskupije, \u017eupe, sjemeni\u0161ta i redovni\u010dke zajednice i u najudaljenijim i najnepristupa\u010dnijim misijskim krajevima. Jer kad ne bi bilo sustavnog pra\u0107enja potreba svih crkvenih zajednica u misijama, doga\u0111alo bi se da neke zajednice budu nepoznate i od svih zaboravljene i moglo bi se re\u0107i \u010dak diskriminirane. Crkveno zajedni\u0161tvo nas poti\u010de da se zanimamo i brinemo najvi\u0161e upravo za one najmanje i najsiroma\u0161nije.<\/p>\n<p>Podru\u010dje rad misionara je vrlo \u0161iroko i raznoliko. U mnogome sli\u010dno kao i kod nas u Hrvatskoj kad promatramo pastoralni rad u \u017eupama, redovni\u010dkim zajednicama i drugim crkvenim ustanovama kao \u0161to je Caritas. Ipak uz specifi\u010dno crkveno djelovanje misionari su pokreta\u010di i brojnih dru\u0161tvenih razvojnih projekata, posebno u zdravstvenoj skrbi i \u0161kolstvu koje je u siroma\u0161nim misijskim podru\u010djima te\u0161ko zamisliti bez doprinosa misionara. U novoosnovanim misijama koje se teritorijalno prote\u017eu desecima i stotinama kilometara uz crkvu se odmah gotovo redovito grade \u0161kola i ambulanta. Uz sve to misionari podupiru izgradnju vodovoda kako bi ljudi imali zdravu pitku vodu \u0161to je posebno va\u017eno u tropskim krajevima gdje je voda \u010desto zara\u017eena bakterijama koje uzrokuju zarazne bolesti. Zatim se zala\u017eu za uvo\u0111enje el. struje gdje postoje uvjeti, kao i izgradnju cesta i mostova. Tako misionari vode cjelovitu brigu za sve ljudske potrebe, a po takvom pristupu ostvaruje se Isusovo obe\u0107anje kad je rekao: \u201eDo\u0111oh da \u017eivot imaju, u izobilju da ga imaju\u201c (Iv 10,10).<\/p>\n\n\t\t<\/div>\n\t<\/div>\n<\/div><\/div><\/div><\/div>","protected":false},"excerpt":{"rendered":"GRADIMO BUNARE U MISIJSKIM ZEMLJAMA POMO\u0106 ZA \u0160KOLOVANJE DJECE U MISIJAMAA DAR ZA GLADNE, BOLESNE I NAJPOTREBNIJE MISIJSKA KUTIJICA \u2013 KASICA AKCIJA MIVA HRVATSKA Ne zaboravimo da Bog sve mo\u017ee, ali \u017eeli na\u0161u suradnju! Neka Vas darivanje ispuni pravom duhovnom rado\u0161\u0107u i dubokim smislom rada i odricanja koje ugra\u0111ujete u dobrobit daleke bra\u0107e i sestara u istoj vjeri. Va\u0161im doprinosom&hellip;","protected":false},"author":1,"featured_media":0,"parent":0,"menu_order":0,"comment_status":"closed","ping_status":"closed","template":"","meta":{"_acf_changed":false,"footnotes":""},"class_list":["post-9","page","type-page","status-publish","hentry"],"acf":[],"yoast_head":"<!-- This site is optimized with the Yoast SEO plugin v27.3 - https:\/\/yoast.com\/product\/yoast-seo-wordpress\/ -->\n<title>DAR ZA MISIJE - Misije<\/title>\n<meta name=\"description\" content=\"DAR ZA MISIJE - stranica za razne tipove donacija u svrhu pomo\u0107i u misijama\" \/>\n<meta name=\"robots\" content=\"index, follow, max-snippet:-1, max-image-preview:large, max-video-preview:-1\" \/>\n<link rel=\"canonical\" href=\"https:\/\/misije.hr\/en\/dar-za-misije-doniraj\/\" \/>\n<meta property=\"og:locale\" content=\"en_US\" \/>\n<meta property=\"og:type\" content=\"article\" \/>\n<meta property=\"og:title\" content=\"DAR ZA MISIJE - Misije\" \/>\n<meta property=\"og:description\" content=\"DAR ZA MISIJE - stranica za razne tipove donacija u svrhu pomo\u0107i u misijama\" \/>\n<meta property=\"og:url\" content=\"https:\/\/misije.hr\/en\/dar-za-misije-doniraj\/\" \/>\n<meta property=\"og:site_name\" content=\"Misije\" \/>\n<meta property=\"article:publisher\" content=\"https:\/\/www.facebook.com\/missioHR\" \/>\n<meta property=\"article:modified_time\" content=\"2023-02-06T11:09:13+00:00\" \/>\n<meta property=\"og:image\" content=\"https:\/\/misije.hr\/wp-content\/uploads\/2022\/03\/pmd.png\" \/>\n<meta name=\"twitter:card\" content=\"summary_large_image\" \/>\n<meta name=\"twitter:label1\" content=\"Est. reading time\" \/>\n\t<meta name=\"twitter:data1\" content=\"3 minutes\" \/>\n<script type=\"application\/ld+json\" class=\"yoast-schema-graph\">{\"@context\":\"https:\\\/\\\/schema.org\",\"@graph\":[{\"@type\":\"WebPage\",\"@id\":\"https:\\\/\\\/misije.hr\\\/dar-za-misije-doniraj\\\/\",\"url\":\"https:\\\/\\\/misije.hr\\\/dar-za-misije-doniraj\\\/\",\"name\":\"DAR ZA MISIJE - Misije\",\"isPartOf\":{\"@id\":\"https:\\\/\\\/misije.hr\\\/#website\"},\"primaryImageOfPage\":{\"@id\":\"https:\\\/\\\/misije.hr\\\/dar-za-misije-doniraj\\\/#primaryimage\"},\"image\":{\"@id\":\"https:\\\/\\\/misije.hr\\\/dar-za-misije-doniraj\\\/#primaryimage\"},\"thumbnailUrl\":\"https:\\\/\\\/misije.hr\\\/wp-content\\\/uploads\\\/2022\\\/03\\\/pmd.png\",\"datePublished\":\"2021-09-27T01:19:56+00:00\",\"dateModified\":\"2023-02-06T11:09:13+00:00\",\"description\":\"DAR ZA MISIJE - stranica za razne tipove donacija u svrhu pomo\u0107i u misijama\",\"breadcrumb\":{\"@id\":\"https:\\\/\\\/misije.hr\\\/dar-za-misije-doniraj\\\/#breadcrumb\"},\"inLanguage\":\"en-US\",\"potentialAction\":[{\"@type\":\"ReadAction\",\"target\":[\"https:\\\/\\\/misije.hr\\\/dar-za-misije-doniraj\\\/\"]}]},{\"@type\":\"ImageObject\",\"inLanguage\":\"en-US\",\"@id\":\"https:\\\/\\\/misije.hr\\\/dar-za-misije-doniraj\\\/#primaryimage\",\"url\":\"https:\\\/\\\/misije.hr\\\/wp-content\\\/uploads\\\/2022\\\/03\\\/pmd.png\",\"contentUrl\":\"https:\\\/\\\/misije.hr\\\/wp-content\\\/uploads\\\/2022\\\/03\\\/pmd.png\"},{\"@type\":\"BreadcrumbList\",\"@id\":\"https:\\\/\\\/misije.hr\\\/dar-za-misije-doniraj\\\/#breadcrumb\",\"itemListElement\":[{\"@type\":\"ListItem\",\"position\":1,\"name\":\"Naslovnica\",\"item\":\"https:\\\/\\\/misije.hr\\\/\"},{\"@type\":\"ListItem\",\"position\":2,\"name\":\"DAR ZA MISIJE\"}]},{\"@type\":\"WebSite\",\"@id\":\"https:\\\/\\\/misije.hr\\\/#website\",\"url\":\"https:\\\/\\\/misije.hr\\\/\",\"name\":\"Misije\",\"description\":\"misije\",\"publisher\":{\"@id\":\"https:\\\/\\\/misije.hr\\\/#organization\"},\"potentialAction\":[{\"@type\":\"SearchAction\",\"target\":{\"@type\":\"EntryPoint\",\"urlTemplate\":\"https:\\\/\\\/misije.hr\\\/?s={search_term_string}\"},\"query-input\":{\"@type\":\"PropertyValueSpecification\",\"valueRequired\":true,\"valueName\":\"search_term_string\"}}],\"inLanguage\":\"en-US\"},{\"@type\":\"Organization\",\"@id\":\"https:\\\/\\\/misije.hr\\\/#organization\",\"name\":\"Papinska misijska djela u Republici Hrvatskoj\",\"url\":\"https:\\\/\\\/misije.hr\\\/\",\"logo\":{\"@type\":\"ImageObject\",\"inLanguage\":\"en-US\",\"@id\":\"https:\\\/\\\/misije.hr\\\/#\\\/schema\\\/logo\\\/image\\\/\",\"url\":\"https:\\\/\\\/misije.hr\\\/wp-content\\\/uploads\\\/2021\\\/10\\\/Logo_transparent_compressed-1.png\",\"contentUrl\":\"https:\\\/\\\/misije.hr\\\/wp-content\\\/uploads\\\/2021\\\/10\\\/Logo_transparent_compressed-1.png\",\"width\":871,\"height\":876,\"caption\":\"Papinska misijska djela u Republici Hrvatskoj\"},\"image\":{\"@id\":\"https:\\\/\\\/misije.hr\\\/#\\\/schema\\\/logo\\\/image\\\/\"},\"sameAs\":[\"https:\\\/\\\/www.facebook.com\\\/missioHR\"]}]}<\/script>\n<!-- \/ Yoast SEO plugin. -->","yoast_head_json":{"title":"DAR ZA MISIJE - Misije","description":"DAR ZA MISIJE - stranica za razne tipove donacija u svrhu pomo\u0107i u misijama","robots":{"index":"index","follow":"follow","max-snippet":"max-snippet:-1","max-image-preview":"max-image-preview:large","max-video-preview":"max-video-preview:-1"},"canonical":"https:\/\/misije.hr\/en\/dar-za-misije-doniraj\/","og_locale":"en_US","og_type":"article","og_title":"DAR ZA MISIJE - Misije","og_description":"DAR ZA MISIJE - stranica za razne tipove donacija u svrhu pomo\u0107i u misijama","og_url":"https:\/\/misije.hr\/en\/dar-za-misije-doniraj\/","og_site_name":"Misije","article_publisher":"https:\/\/www.facebook.com\/missioHR","article_modified_time":"2023-02-06T11:09:13+00:00","og_image":[{"url":"https:\/\/misije.hr\/wp-content\/uploads\/2022\/03\/pmd.png","type":"","width":"","height":""}],"twitter_card":"summary_large_image","twitter_misc":{"Est. reading time":"3 minutes"},"schema":{"@context":"https:\/\/schema.org","@graph":[{"@type":"WebPage","@id":"https:\/\/misije.hr\/dar-za-misije-doniraj\/","url":"https:\/\/misije.hr\/dar-za-misije-doniraj\/","name":"DAR ZA MISIJE - Misije","isPartOf":{"@id":"https:\/\/misije.hr\/#website"},"primaryImageOfPage":{"@id":"https:\/\/misije.hr\/dar-za-misije-doniraj\/#primaryimage"},"image":{"@id":"https:\/\/misije.hr\/dar-za-misije-doniraj\/#primaryimage"},"thumbnailUrl":"https:\/\/misije.hr\/wp-content\/uploads\/2022\/03\/pmd.png","datePublished":"2021-09-27T01:19:56+00:00","dateModified":"2023-02-06T11:09:13+00:00","description":"DAR ZA MISIJE - stranica za razne tipove donacija u svrhu pomo\u0107i u misijama","breadcrumb":{"@id":"https:\/\/misije.hr\/dar-za-misije-doniraj\/#breadcrumb"},"inLanguage":"en-US","potentialAction":[{"@type":"ReadAction","target":["https:\/\/misije.hr\/dar-za-misije-doniraj\/"]}]},{"@type":"ImageObject","inLanguage":"en-US","@id":"https:\/\/misije.hr\/dar-za-misije-doniraj\/#primaryimage","url":"https:\/\/misije.hr\/wp-content\/uploads\/2022\/03\/pmd.png","contentUrl":"https:\/\/misije.hr\/wp-content\/uploads\/2022\/03\/pmd.png"},{"@type":"BreadcrumbList","@id":"https:\/\/misije.hr\/dar-za-misije-doniraj\/#breadcrumb","itemListElement":[{"@type":"ListItem","position":1,"name":"Naslovnica","item":"https:\/\/misije.hr\/"},{"@type":"ListItem","position":2,"name":"DAR ZA MISIJE"}]},{"@type":"WebSite","@id":"https:\/\/misije.hr\/#website","url":"https:\/\/misije.hr\/","name":"Missions","description":"misije","publisher":{"@id":"https:\/\/misije.hr\/#organization"},"potentialAction":[{"@type":"SearchAction","target":{"@type":"EntryPoint","urlTemplate":"https:\/\/misije.hr\/?s={search_term_string}"},"query-input":{"@type":"PropertyValueSpecification","valueRequired":true,"valueName":"search_term_string"}}],"inLanguage":"en-US"},{"@type":"Organization","@id":"https:\/\/misije.hr\/#organization","name":"Papinska misijska djela u Republici Hrvatskoj","url":"https:\/\/misije.hr\/","logo":{"@type":"ImageObject","inLanguage":"en-US","@id":"https:\/\/misije.hr\/#\/schema\/logo\/image\/","url":"https:\/\/misije.hr\/wp-content\/uploads\/2021\/10\/Logo_transparent_compressed-1.png","contentUrl":"https:\/\/misije.hr\/wp-content\/uploads\/2021\/10\/Logo_transparent_compressed-1.png","width":871,"height":876,"caption":"Papinska misijska djela u Republici Hrvatskoj"},"image":{"@id":"https:\/\/misije.hr\/#\/schema\/logo\/image\/"},"sameAs":["https:\/\/www.facebook.com\/missioHR"]}]}},"_links":{"self":[{"href":"https:\/\/misije.hr\/en\/wp-json\/wp\/v2\/pages\/9","targetHints":{"allow":["GET"]}}],"collection":[{"href":"https:\/\/misije.hr\/en\/wp-json\/wp\/v2\/pages"}],"about":[{"href":"https:\/\/misije.hr\/en\/wp-json\/wp\/v2\/types\/page"}],"author":[{"embeddable":true,"href":"https:\/\/misije.hr\/en\/wp-json\/wp\/v2\/users\/1"}],"replies":[{"embeddable":true,"href":"https:\/\/misije.hr\/en\/wp-json\/wp\/v2\/comments?post=9"}],"version-history":[{"count":20,"href":"https:\/\/misije.hr\/en\/wp-json\/wp\/v2\/pages\/9\/revisions"}],"predecessor-version":[{"id":2117,"href":"https:\/\/misije.hr\/en\/wp-json\/wp\/v2\/pages\/9\/revisions\/2117"}],"wp:attachment":[{"href":"https:\/\/misije.hr\/en\/wp-json\/wp\/v2\/media?parent=9"}],"curies":[{"name":"wp","href":"https:\/\/api.w.org\/{rel}","templated":true}]}}